{"id":1277,"date":"2023-04-11T09:51:15","date_gmt":"2023-04-11T12:51:15","guid":{"rendered":"https:\/\/www.economicas.uba.ar\/graduados\/?page_id=1277"},"modified":"2023-04-11T10:11:57","modified_gmt":"2023-04-11T13:11:57","slug":"asesoramiento-al-graduado","status":"publish","type":"page","link":"https:\/\/economicas.uba.ar\/graduados\/asesoramiento-al-graduado\/","title":{"rendered":"Asesoramiento al Graduado"},"content":{"rendered":"\t\t<div data-elementor-type=\"wp-page\" data-elementor-id=\"1277\" class=\"elementor elementor-1277\" data-elementor-post-type=\"page\">\n\t\t\t\t<div data-marvy_enable_drop_animation=\"false\" data-marvy_enable_fancy_rotate=\"false\" data-marvy_enable_flying_object=\"false\" data-marvy_enable_ripples_animation=\"false\" data-marvy_enable_waves_animation=\"false\" data-marvy_enable_rings_animation=\"false\" data-marvy_enable_topology_animation=\"false\" data-marvy_enable_gradient_animation=\"false\" data-marvy_enable_snow_animation=\"false\" data-marvy_enable_firework_animation=\"false\" data-marvy_enable_cloud_animation=\"false\" class=\"elementor-element elementor-element-0d1f688 e-flex e-con-boxed e-con e-parent\" data-id=\"0d1f688\" data-element_type=\"container\" data-e-type=\"container\">\n\t\t\t\t\t<div class=\"e-con-inner\">\n\t\t\t\t<div class=\"elementor-element elementor-element-a154763 elementor-widget elementor-widget-spacer\" data-id=\"a154763\" data-element_type=\"widget\" data-e-type=\"widget\" data-widget_type=\"spacer.default\">\n\t\t\t\t<div class=\"elementor-widget-container\">\n\t\t\t\t\t\t\t<div class=\"elementor-spacer\">\n\t\t\t<div class=\"elementor-spacer-inner\"><\/div>\n\t\t<\/div>\n\t\t\t\t\t\t<\/div>\n\t\t\t\t<\/div>\n\t\t\t\t\t<\/div>\n\t\t\t\t<\/div>\n\t\t<div data-marvy_enable_drop_animation=\"false\" data-marvy_enable_fancy_rotate=\"false\" data-marvy_enable_flying_object=\"false\" data-marvy_enable_ripples_animation=\"false\" data-marvy_enable_waves_animation=\"false\" data-marvy_enable_rings_animation=\"false\" data-marvy_enable_topology_animation=\"false\" data-marvy_enable_gradient_animation=\"false\" data-marvy_enable_snow_animation=\"false\" data-marvy_enable_firework_animation=\"false\" data-marvy_enable_cloud_animation=\"false\" class=\"elementor-element elementor-element-3f5f478 e-con-full e-flex e-con e-parent\" data-id=\"3f5f478\" data-element_type=\"container\" data-e-type=\"container\">\n\t\t\t\t<div class=\"elementor-element elementor-element-062d2ca elementor-widget elementor-widget-heading\" data-id=\"062d2ca\" data-element_type=\"widget\" data-e-type=\"widget\" data-widget_type=\"heading.default\">\n\t\t\t\t<div class=\"elementor-widget-container\">\n\t\t\t\t\t<h1 class=\"elementor-heading-title elementor-size-default\">ASESORAMIENTO <BR>AL GRADUADO<\/h1>\t\t\t\t<\/div>\n\t\t\t\t<\/div>\n\t\t\t\t<\/div>\n\t\t<div data-marvy_enable_drop_animation=\"false\" data-marvy_enable_fancy_rotate=\"false\" data-marvy_enable_flying_object=\"false\" data-marvy_enable_ripples_animation=\"false\" data-marvy_enable_waves_animation=\"false\" data-marvy_enable_rings_animation=\"false\" data-marvy_enable_topology_animation=\"false\" data-marvy_enable_gradient_animation=\"false\" data-marvy_enable_snow_animation=\"false\" data-marvy_enable_firework_animation=\"false\" data-marvy_enable_cloud_animation=\"false\" class=\"elementor-element elementor-element-93eda4b e-flex e-con-boxed e-con e-parent\" data-id=\"93eda4b\" data-element_type=\"container\" data-e-type=\"container\">\n\t\t\t\t\t<div class=\"e-con-inner\">\n\t\t<div data-marvy_enable_drop_animation=\"false\" data-marvy_enable_fancy_rotate=\"false\" data-marvy_enable_flying_object=\"false\" data-marvy_enable_ripples_animation=\"false\" data-marvy_enable_waves_animation=\"false\" data-marvy_enable_rings_animation=\"false\" data-marvy_enable_topology_animation=\"false\" data-marvy_enable_gradient_animation=\"false\" data-marvy_enable_snow_animation=\"false\" data-marvy_enable_firework_animation=\"false\" data-marvy_enable_cloud_animation=\"false\" class=\"elementor-element elementor-element-015af3b e-flex e-con-boxed e-con e-parent\" data-id=\"015af3b\" data-element_type=\"container\" data-e-type=\"container\">\n\t\t\t\t\t<div class=\"e-con-inner\">\n\t\t\t\t<div class=\"elementor-element elementor-element-edcb129 elementor-widget elementor-widget-text-editor\" data-id=\"edcb129\" data-element_type=\"widget\" data-e-type=\"widget\" data-widget_type=\"text-editor.default\">\n\t\t\t\t<div class=\"elementor-widget-container\">\n\t\t\t\t\t\t\t\t\t<div class=\"container-fluid row\" style=\"\"><div style=\"background-color: #f0f0f1;\"><h2>Asesoramiento Profesional<\/h2><\/div><br>\nOrientamos a los graduados en la realizaci\u00f3n de su plan de carrera, su desarrollo profesional y acad\u00e9mico deriv\u00e1ndolos a cada una de las \u00e1reas de la Facultad seg\u00fan los requerimientos espec\u00edficos y la situaci\u00f3n personal y profesional de cada uno.<br><br>\n<div style=\"background-color: #f0f0f1;\"><h5 class=\"mt-30\">ASESORAMIENTO EN GESTI\u00d3N DE LOS TR\u00c1MITES DE T\u00cdTULOS<\/h5><\/div><br>\nLa Secretar\u00eda acompa\u00f1a a los j\u00f3venes graduados en la tramitaci\u00f3n de su t\u00edtulo de grado; asesor\u00e1ndolos y gui\u00e1ndolos durante todo el proceso de gesti\u00f3n del mismo. As\u00ed tambi\u00e9n, ante la detecci\u00f3n precoz de potenciales factores de atraso, ponemos a disposici\u00f3n los recursos de esta Secretar\u00eda para la soluci\u00f3n de estos casos en todo lo que est\u00e9 a nuestro alcance, tratando de minimizar los efectos de demora que se pudieran generar.\n\nPara este servicio env\u00edenos un correo electr\u00f3nico con sus datos a:\n<a href=\"mailto:seguimiento@econ.uba.ar\"><b>seguimiento@fce.uba.ar<\/b><\/a><br><br>\n<div style=\"background-color: #f0f0f1;\"><h5 class=\"mt-30\">RED SOLIDARIA DE INSERCI\u00d3N LABORAL<\/h5><\/div><br>\nDebido al alto \u00edndice de desempleo actual y a la crisis econ\u00f3mica por la que est\u00e1 atravesando nuestro pa\u00eds, es nuestra intenci\u00f3n, a trav\u00e9s de esta red, establecer un contacto entre empresas u otras organizaciones que necesiten profesionales en Ciencias Econ\u00f3micas y aquellos graduados que buscan empleo.\n\nPara ser parte de nuestra base de datos env\u00edenos su CV v\u00eda correo electr\u00f3nico a\u00a0<a href=\"mailto:trabajo.graduado@econ.uba.ar\"><b>trabajo.graduado@fce.uba.ar<\/b><\/a><br><br>\n<div style=\"background-color: #f0f0f1;\"><h5 class=\"mt-30\">DIRECCIONES \u00daTILES<\/h5><\/div><br>\n<div class=\"row\">\n<div class=\"col-sm-6\">\n<p class=\"mt-20\"><strong>Ministerio de Educaci\u00f3n<\/strong>\nMarcelo T. de Alvear 1650\nCiudad Aut\u00f3noma de Buenos Aires\nNo atiende al p\u00fablico.<\/p>\n<p class=\"mt-20\"><strong>Ministerio del Interior<\/strong>\n25 de Mayo 155\nCiudad Aut\u00f3noma de Buenos Aires\nHorario de atenci\u00f3n al p\u00fablico\nDe 9.30hs. a 13hs.<\/p>\n<p class=\"mt-20\"><strong>Ministerio de Relaciones Exteriores<\/strong>\nArenales 819\/21\nCiudad Aut\u00f3noma de Buenos Aires\nHorario de atenci\u00f3n al p\u00fablico\nDe 8.30hs. a 13.30hs.<\/p>\n\n<\/div>\n<div class=\"col-sm-6\">\n<p class=\"mt-20\"><strong>Sede Central Acad\u00e9mica (CBC)<\/strong>\nRamos Mejia 841\nCiudad Aut\u00f3noma de Buenos Aires\nLunes a Viernes de 10hs. a 17hs.<\/p>\n<p class=\"mt-20\"><strong>Direcci\u00f3n de T\u00edtulos y Planes<\/strong>\nUriburu 950\nCiudad Aut\u00f3noma de Buenos Aires<\/p>\nSe realizan los siguientes tr\u00e1mites:\n\n \t<li>Sector Legalizaciones\nLunes a Viernes de 11hs. a 16hs.\nSolicitar turno en\n<a href=\"http:\/\/www.legalizacionesturnos.rec.uba.ar\/\" target=\"_blank\" rel=\"noopener\">www.legalizacionesturnos.rec.uba.ar<\/a><\/li>\n \t<li>Registro de Firma de graduados\nLunes a Viernes de 10hs. a 15hs.<\/li>\n \t<li>Atenci\u00f3n Graduados\nLunes y Jueves 12hs. a 16hs.<\/li>\n \t<li>Rev\u00e1lidas de T\u00edtulos Extranjeros\nLunes a Viernes de 8hs. a 12hs.<\/li><br><br>\n\n<\/div>\n<\/div>\t\t\t\t\t\t\t\t<\/div>\n\t\t\t\t<\/div>\n\t\t\t\t\t<\/div>\n\t\t\t\t<\/div>\n\t\t\t\t\t<\/div>\n\t\t\t\t<\/div>\n\t\t<div data-marvy_enable_drop_animation=\"false\" data-marvy_enable_fancy_rotate=\"false\" data-marvy_enable_flying_object=\"false\" data-marvy_enable_ripples_animation=\"false\" data-marvy_enable_waves_animation=\"false\" data-marvy_enable_rings_animation=\"false\" data-marvy_enable_topology_animation=\"false\" data-marvy_enable_gradient_animation=\"false\" data-marvy_enable_snow_animation=\"false\" data-marvy_enable_firework_animation=\"false\" data-marvy_enable_cloud_animation=\"false\" class=\"elementor-element elementor-element-682104c e-flex e-con-boxed e-con e-parent\" data-id=\"682104c\" data-element_type=\"container\" data-e-type=\"container\">\n\t\t\t\t\t<div class=\"e-con-inner\">\n\t\t<div data-marvy_enable_drop_animation=\"false\" data-marvy_enable_fancy_rotate=\"false\" data-marvy_enable_flying_object=\"false\" data-marvy_enable_ripples_animation=\"false\" data-marvy_enable_waves_animation=\"false\" data-marvy_enable_rings_animation=\"false\" data-marvy_enable_topology_animation=\"false\" data-marvy_enable_gradient_animation=\"false\" data-marvy_enable_snow_animation=\"false\" data-marvy_enable_firework_animation=\"false\" data-marvy_enable_cloud_animation=\"false\" class=\"elementor-element elementor-element-668f490 e-con-full e-flex e-con e-parent\" data-id=\"668f490\" data-element_type=\"container\" data-e-type=\"container\">\n\t\t\t\t<\/div>\n\t\t<div data-marvy_enable_drop_animation=\"false\" data-marvy_enable_fancy_rotate=\"false\" data-marvy_enable_flying_object=\"false\" data-marvy_enable_ripples_animation=\"false\" data-marvy_enable_waves_animation=\"false\" data-marvy_enable_rings_animation=\"false\" data-marvy_enable_topology_animation=\"false\" data-marvy_enable_gradient_animation=\"false\" data-marvy_enable_snow_animation=\"false\" data-marvy_enable_firework_animation=\"false\" data-marvy_enable_cloud_animation=\"false\" class=\"elementor-element elementor-element-b501e23 e-con-full e-flex e-con e-parent\" data-id=\"b501e23\" data-element_type=\"container\" data-e-type=\"container\">\n\t\t\t\t<div class=\"elementor-element elementor-element-730ed69 elementor-widget elementor-widget-image\" data-id=\"730ed69\" data-element_type=\"widget\" data-e-type=\"widget\" data-widget_type=\"image.default\">\n\t\t\t\t<div class=\"elementor-widget-container\">\n\t\t\t\t\t\t\t\t\t\t\t\t\t\t\t\t<a href=\"https:\/\/biblioteca.economicas.uba.ar\" target=\"_blank\">\n\t\t\t\t\t\t\t<img fetchpriority=\"high\" decoding=\"async\" width=\"280\" height=\"284\" src=\"https:\/\/economicas.uba.ar\/graduados\/wp-content\/uploads\/biblio.png\" class=\"attachment-large size-large wp-image-1267\" alt=\"\" srcset=\"https:\/\/economicas.uba.ar\/graduados\/wp-content\/uploads\/biblio.png 280w, https:\/\/economicas.uba.ar\/graduados\/wp-content\/uploads\/biblio-100x100.png 100w\" sizes=\"(max-width: 280px) 100vw, 280px\" \/>\t\t\t\t\t\t\t\t<\/a>\n\t\t\t\t\t\t\t\t\t\t\t\t\t\t\t<\/div>\n\t\t\t\t<\/div>\n\t\t\t\t<\/div>\n\t\t<div data-marvy_enable_drop_animation=\"false\" data-marvy_enable_fancy_rotate=\"false\" data-marvy_enable_flying_object=\"false\" data-marvy_enable_ripples_animation=\"false\" data-marvy_enable_waves_animation=\"false\" data-marvy_enable_rings_animation=\"false\" data-marvy_enable_topology_animation=\"false\" data-marvy_enable_gradient_animation=\"false\" data-marvy_enable_snow_animation=\"false\" data-marvy_enable_firework_animation=\"false\" data-marvy_enable_cloud_animation=\"false\" class=\"elementor-element elementor-element-d11baf9 e-con-full e-flex e-con e-parent\" data-id=\"d11baf9\" data-element_type=\"container\" data-e-type=\"container\">\n\t\t\t\t<div class=\"elementor-element elementor-element-2400b42 elementor-widget elementor-widget-image\" data-id=\"2400b42\" data-element_type=\"widget\" data-e-type=\"widget\" data-widget_type=\"image.default\">\n\t\t\t\t<div class=\"elementor-widget-container\">\n\t\t\t\t\t\t\t\t\t\t\t\t\t\t\t\t<a href=\"http:\/\/www.cece.org\/\" target=\"_blank\">\n\t\t\t\t\t\t\t<img decoding=\"async\" width=\"280\" height=\"284\" src=\"https:\/\/economicas.uba.ar\/graduados\/wp-content\/uploads\/cece.png\" class=\"attachment-large size-large wp-image-1266\" alt=\"\" srcset=\"https:\/\/economicas.uba.ar\/graduados\/wp-content\/uploads\/cece.png 280w, https:\/\/economicas.uba.ar\/graduados\/wp-content\/uploads\/cece-100x100.png 100w\" sizes=\"(max-width: 280px) 100vw, 280px\" \/>\t\t\t\t\t\t\t\t<\/a>\n\t\t\t\t\t\t\t\t\t\t\t\t\t\t\t<\/div>\n\t\t\t\t<\/div>\n\t\t\t\t<\/div>\n\t\t<div data-marvy_enable_drop_animation=\"false\" data-marvy_enable_fancy_rotate=\"false\" data-marvy_enable_flying_object=\"false\" data-marvy_enable_ripples_animation=\"false\" data-marvy_enable_waves_animation=\"false\" data-marvy_enable_rings_animation=\"false\" data-marvy_enable_topology_animation=\"false\" data-marvy_enable_gradient_animation=\"false\" data-marvy_enable_snow_animation=\"false\" data-marvy_enable_firework_animation=\"false\" data-marvy_enable_cloud_animation=\"false\" class=\"elementor-element elementor-element-4404209 e-con-full e-flex e-con e-parent\" data-id=\"4404209\" data-element_type=\"container\" data-e-type=\"container\">\n\t\t\t\t<\/div>\n\t\t\t\t\t<\/div>\n\t\t\t\t<\/div>\n\t\t\t\t<\/div>\n\t\t","protected":false},"excerpt":{"rendered":"<p>ASESORAMIENTO AL GRADUADO Asesoramiento Profesional Orientamos a los graduados en la realizaci\u00f3n de su plan de carrera, su desarrollo profesional y acad\u00e9mico deriv\u00e1ndolos a cada una de las \u00e1reas de<\/p>\n","protected":false},"author":2,"featured_media":0,"parent":0,"menu_order":0,"comment_status":"closed","ping_status":"closed","template":"elementor_header_footer","meta":{"_joinchat":[],"footnotes":""},"class_list":["post-1277","page","type-page","status-publish","hentry"],"yoast_head":"<!-- This site is optimized with the Yoast SEO plugin v27.3 - https:\/\/yoast.com\/product\/yoast-seo-wordpress\/ -->\n<title>Asesoramiento al Graduado - Graduados FCE<\/title>\n<meta name=\"robots\" content=\"index, follow, max-snippet:-1, max-image-preview:large, max-video-preview:-1\" \/>\n<link rel=\"canonical\" href=\"https:\/\/economicas.uba.ar\/graduados\/asesoramiento-al-graduado\/\" \/>\n<meta property=\"og:locale\" content=\"es_ES\" \/>\n<meta property=\"og:type\" content=\"article\" \/>\n<meta property=\"og:title\" content=\"Asesoramiento al Graduado - Graduados FCE\" \/>\n<meta property=\"og:description\" content=\"ASESORAMIENTO AL GRADUADO Asesoramiento Profesional Orientamos a los graduados en la realizaci\u00f3n de su plan de carrera, su desarrollo profesional y acad\u00e9mico deriv\u00e1ndolos a cada una de las \u00e1reas de\" \/>\n<meta property=\"og:url\" content=\"https:\/\/economicas.uba.ar\/graduados\/asesoramiento-al-graduado\/\" \/>\n<meta property=\"og:site_name\" content=\"Graduados FCE\" \/>\n<meta property=\"article:publisher\" content=\"https:\/\/www.facebook.com\/graduadoseconomicas.org\/\" \/>\n<meta property=\"article:modified_time\" content=\"2023-04-11T13:11:57+00:00\" \/>\n<meta property=\"og:image\" content=\"https:\/\/www.economicas.uba.ar\/graduados\/wp-content\/uploads\/biblio.png\" \/>\n<meta name=\"twitter:card\" content=\"summary_large_image\" \/>\n<meta name=\"twitter:label1\" content=\"Tiempo de lectura\" \/>\n\t<meta name=\"twitter:data1\" content=\"2 minutos\" \/>\n<script type=\"application\/ld+json\" class=\"yoast-schema-graph\">{\"@context\":\"https:\\\/\\\/schema.org\",\"@graph\":[{\"@type\":\"WebPage\",\"@id\":\"https:\\\/\\\/economicas.uba.ar\\\/graduados\\\/asesoramiento-al-graduado\\\/\",\"url\":\"https:\\\/\\\/economicas.uba.ar\\\/graduados\\\/asesoramiento-al-graduado\\\/\",\"name\":\"Asesoramiento al Graduado - Graduados FCE\",\"isPartOf\":{\"@id\":\"https:\\\/\\\/economicas.uba.ar\\\/graduados\\\/#website\"},\"primaryImageOfPage\":{\"@id\":\"https:\\\/\\\/economicas.uba.ar\\\/graduados\\\/asesoramiento-al-graduado\\\/#primaryimage\"},\"image\":{\"@id\":\"https:\\\/\\\/economicas.uba.ar\\\/graduados\\\/asesoramiento-al-graduado\\\/#primaryimage\"},\"thumbnailUrl\":\"https:\\\/\\\/www.economicas.uba.ar\\\/graduados\\\/wp-content\\\/uploads\\\/biblio.png\",\"datePublished\":\"2023-04-11T12:51:15+00:00\",\"dateModified\":\"2023-04-11T13:11:57+00:00\",\"breadcrumb\":{\"@id\":\"https:\\\/\\\/economicas.uba.ar\\\/graduados\\\/asesoramiento-al-graduado\\\/#breadcrumb\"},\"inLanguage\":\"es-AR\",\"potentialAction\":[{\"@type\":\"ReadAction\",\"target\":[\"https:\\\/\\\/economicas.uba.ar\\\/graduados\\\/asesoramiento-al-graduado\\\/\"]}]},{\"@type\":\"ImageObject\",\"inLanguage\":\"es-AR\",\"@id\":\"https:\\\/\\\/economicas.uba.ar\\\/graduados\\\/asesoramiento-al-graduado\\\/#primaryimage\",\"url\":\"https:\\\/\\\/www.economicas.uba.ar\\\/graduados\\\/wp-content\\\/uploads\\\/biblio.png\",\"contentUrl\":\"https:\\\/\\\/www.economicas.uba.ar\\\/graduados\\\/wp-content\\\/uploads\\\/biblio.png\"},{\"@type\":\"BreadcrumbList\",\"@id\":\"https:\\\/\\\/economicas.uba.ar\\\/graduados\\\/asesoramiento-al-graduado\\\/#breadcrumb\",\"itemListElement\":[{\"@type\":\"ListItem\",\"position\":1,\"name\":\"Inicio\",\"item\":\"https:\\\/\\\/economicas.uba.ar\\\/graduados\\\/\"},{\"@type\":\"ListItem\",\"position\":2,\"name\":\"Asesoramiento al Graduado\"}]},{\"@type\":\"WebSite\",\"@id\":\"https:\\\/\\\/economicas.uba.ar\\\/graduados\\\/#website\",\"url\":\"https:\\\/\\\/economicas.uba.ar\\\/graduados\\\/\",\"name\":\"Graduados FCE\",\"description\":\"\",\"publisher\":{\"@id\":\"https:\\\/\\\/economicas.uba.ar\\\/graduados\\\/#organization\"},\"potentialAction\":[{\"@type\":\"SearchAction\",\"target\":{\"@type\":\"EntryPoint\",\"urlTemplate\":\"https:\\\/\\\/economicas.uba.ar\\\/graduados\\\/?s={search_term_string}\"},\"query-input\":{\"@type\":\"PropertyValueSpecification\",\"valueRequired\":true,\"valueName\":\"search_term_string\"}}],\"inLanguage\":\"es-AR\"},{\"@type\":\"Organization\",\"@id\":\"https:\\\/\\\/economicas.uba.ar\\\/graduados\\\/#organization\",\"name\":\"Graduados FCE\",\"url\":\"https:\\\/\\\/economicas.uba.ar\\\/graduados\\\/\",\"logo\":{\"@type\":\"ImageObject\",\"inLanguage\":\"es-AR\",\"@id\":\"https:\\\/\\\/economicas.uba.ar\\\/graduados\\\/#\\\/schema\\\/logo\\\/image\\\/\",\"url\":\"https:\\\/\\\/economicas.uba.ar\\\/graduados\\\/wp-content\\\/uploads\\\/cropped-logo_graduados2-01.png\",\"contentUrl\":\"https:\\\/\\\/economicas.uba.ar\\\/graduados\\\/wp-content\\\/uploads\\\/cropped-logo_graduados2-01.png\",\"width\":232,\"height\":75,\"caption\":\"Graduados FCE\"},\"image\":{\"@id\":\"https:\\\/\\\/economicas.uba.ar\\\/graduados\\\/#\\\/schema\\\/logo\\\/image\\\/\"},\"sameAs\":[\"https:\\\/\\\/www.facebook.com\\\/graduadoseconomicas.org\\\/\",\"https:\\\/\\\/www.youtube.com\\\/channel\\\/UCOPub_RS50NaJXWt2lcOGMQ\"]}]}<\/script>\n<!-- \/ Yoast SEO plugin. -->","yoast_head_json":{"title":"Asesoramiento al Graduado - Graduados FCE","robots":{"index":"index","follow":"follow","max-snippet":"max-snippet:-1","max-image-preview":"max-image-preview:large","max-video-preview":"max-video-preview:-1"},"canonical":"https:\/\/economicas.uba.ar\/graduados\/asesoramiento-al-graduado\/","og_locale":"es_ES","og_type":"article","og_title":"Asesoramiento al Graduado - Graduados FCE","og_description":"ASESORAMIENTO AL GRADUADO Asesoramiento Profesional Orientamos a los graduados en la realizaci\u00f3n de su plan de carrera, su desarrollo profesional y acad\u00e9mico deriv\u00e1ndolos a cada una de las \u00e1reas de","og_url":"https:\/\/economicas.uba.ar\/graduados\/asesoramiento-al-graduado\/","og_site_name":"Graduados FCE","article_publisher":"https:\/\/www.facebook.com\/graduadoseconomicas.org\/","article_modified_time":"2023-04-11T13:11:57+00:00","og_image":[{"url":"https:\/\/www.economicas.uba.ar\/graduados\/wp-content\/uploads\/biblio.png","type":"","width":"","height":""}],"twitter_card":"summary_large_image","twitter_misc":{"Tiempo de lectura":"2 minutos"},"schema":{"@context":"https:\/\/schema.org","@graph":[{"@type":"WebPage","@id":"https:\/\/economicas.uba.ar\/graduados\/asesoramiento-al-graduado\/","url":"https:\/\/economicas.uba.ar\/graduados\/asesoramiento-al-graduado\/","name":"Asesoramiento al Graduado - Graduados FCE","isPartOf":{"@id":"https:\/\/economicas.uba.ar\/graduados\/#website"},"primaryImageOfPage":{"@id":"https:\/\/economicas.uba.ar\/graduados\/asesoramiento-al-graduado\/#primaryimage"},"image":{"@id":"https:\/\/economicas.uba.ar\/graduados\/asesoramiento-al-graduado\/#primaryimage"},"thumbnailUrl":"https:\/\/www.economicas.uba.ar\/graduados\/wp-content\/uploads\/biblio.png","datePublished":"2023-04-11T12:51:15+00:00","dateModified":"2023-04-11T13:11:57+00:00","breadcrumb":{"@id":"https:\/\/economicas.uba.ar\/graduados\/asesoramiento-al-graduado\/#breadcrumb"},"inLanguage":"es-AR","potentialAction":[{"@type":"ReadAction","target":["https:\/\/economicas.uba.ar\/graduados\/asesoramiento-al-graduado\/"]}]},{"@type":"ImageObject","inLanguage":"es-AR","@id":"https:\/\/economicas.uba.ar\/graduados\/asesoramiento-al-graduado\/#primaryimage","url":"https:\/\/www.economicas.uba.ar\/graduados\/wp-content\/uploads\/biblio.png","contentUrl":"https:\/\/www.economicas.uba.ar\/graduados\/wp-content\/uploads\/biblio.png"},{"@type":"BreadcrumbList","@id":"https:\/\/economicas.uba.ar\/graduados\/asesoramiento-al-graduado\/#breadcrumb","itemListElement":[{"@type":"ListItem","position":1,"name":"Inicio","item":"https:\/\/economicas.uba.ar\/graduados\/"},{"@type":"ListItem","position":2,"name":"Asesoramiento al Graduado"}]},{"@type":"WebSite","@id":"https:\/\/economicas.uba.ar\/graduados\/#website","url":"https:\/\/economicas.uba.ar\/graduados\/","name":"Graduados FCE","description":"","publisher":{"@id":"https:\/\/economicas.uba.ar\/graduados\/#organization"},"potentialAction":[{"@type":"SearchAction","target":{"@type":"EntryPoint","urlTemplate":"https:\/\/economicas.uba.ar\/graduados\/?s={search_term_string}"},"query-input":{"@type":"PropertyValueSpecification","valueRequired":true,"valueName":"search_term_string"}}],"inLanguage":"es-AR"},{"@type":"Organization","@id":"https:\/\/economicas.uba.ar\/graduados\/#organization","name":"Graduados FCE","url":"https:\/\/economicas.uba.ar\/graduados\/","logo":{"@type":"ImageObject","inLanguage":"es-AR","@id":"https:\/\/economicas.uba.ar\/graduados\/#\/schema\/logo\/image\/","url":"https:\/\/economicas.uba.ar\/graduados\/wp-content\/uploads\/cropped-logo_graduados2-01.png","contentUrl":"https:\/\/economicas.uba.ar\/graduados\/wp-content\/uploads\/cropped-logo_graduados2-01.png","width":232,"height":75,"caption":"Graduados FCE"},"image":{"@id":"https:\/\/economicas.uba.ar\/graduados\/#\/schema\/logo\/image\/"},"sameAs":["https:\/\/www.facebook.com\/graduadoseconomicas.org\/","https:\/\/www.youtube.com\/channel\/UCOPub_RS50NaJXWt2lcOGMQ"]}]}},"_links":{"self":[{"href":"https:\/\/economicas.uba.ar\/graduados\/wp-json\/wp\/v2\/pages\/1277","targetHints":{"allow":["GET"]}}],"collection":[{"href":"https:\/\/economicas.uba.ar\/graduados\/wp-json\/wp\/v2\/pages"}],"about":[{"href":"https:\/\/economicas.uba.ar\/graduados\/wp-json\/wp\/v2\/types\/page"}],"author":[{"embeddable":true,"href":"https:\/\/economicas.uba.ar\/graduados\/wp-json\/wp\/v2\/users\/2"}],"replies":[{"embeddable":true,"href":"https:\/\/economicas.uba.ar\/graduados\/wp-json\/wp\/v2\/comments?post=1277"}],"version-history":[{"count":8,"href":"https:\/\/economicas.uba.ar\/graduados\/wp-json\/wp\/v2\/pages\/1277\/revisions"}],"predecessor-version":[{"id":1287,"href":"https:\/\/economicas.uba.ar\/graduados\/wp-json\/wp\/v2\/pages\/1277\/revisions\/1287"}],"wp:attachment":[{"href":"https:\/\/economicas.uba.ar\/graduados\/wp-json\/wp\/v2\/media?parent=1277"}],"curies":[{"name":"wp","href":"https:\/\/api.w.org\/{rel}","templated":true}]}}