{"id":1686,"date":"2024-04-25T15:47:53","date_gmt":"2024-04-25T18:47:53","guid":{"rendered":"https:\/\/www.economicas.uba.ar\/graduados\/?page_id=1686"},"modified":"2024-08-08T15:13:01","modified_gmt":"2024-08-08T18:13:01","slug":"red-laboral","status":"publish","type":"page","link":"https:\/\/economicas.uba.ar\/graduados\/red-laboral\/","title":{"rendered":"Red Laboral"},"content":{"rendered":"\t\t<div data-elementor-type=\"wp-page\" data-elementor-id=\"1686\" class=\"elementor elementor-1686\" data-elementor-post-type=\"page\">\n\t\t\t\t<div data-marvy_enable_drop_animation=\"false\" data-marvy_enable_fancy_rotate=\"false\" data-marvy_enable_flying_object=\"false\" data-marvy_enable_ripples_animation=\"false\" data-marvy_enable_waves_animation=\"false\" data-marvy_enable_rings_animation=\"false\" data-marvy_enable_topology_animation=\"false\" data-marvy_enable_gradient_animation=\"false\" data-marvy_enable_snow_animation=\"false\" data-marvy_enable_firework_animation=\"false\" data-marvy_enable_cloud_animation=\"false\" class=\"elementor-element elementor-element-5aa89de8 e-con-full e-flex e-con e-parent\" data-id=\"5aa89de8\" data-element_type=\"container\" data-e-type=\"container\" data-settings=\"{&quot;background_background&quot;:&quot;classic&quot;}\">\n\t\t<div data-marvy_enable_drop_animation=\"false\" data-marvy_enable_fancy_rotate=\"false\" data-marvy_enable_flying_object=\"false\" data-marvy_enable_ripples_animation=\"false\" data-marvy_enable_waves_animation=\"false\" data-marvy_enable_rings_animation=\"false\" data-marvy_enable_topology_animation=\"false\" data-marvy_enable_gradient_animation=\"false\" data-marvy_enable_snow_animation=\"false\" data-marvy_enable_firework_animation=\"false\" data-marvy_enable_cloud_animation=\"false\" class=\"elementor-element elementor-element-ea1c5b5 e-flex e-con-boxed e-con e-child\" data-id=\"ea1c5b5\" data-element_type=\"container\" data-e-type=\"container\">\n\t\t\t\t\t<div class=\"e-con-inner\">\n\t\t\t\t<div class=\"elementor-element elementor-element-7d7da338 elementor-widget elementor-widget-heading\" data-id=\"7d7da338\" data-element_type=\"widget\" data-e-type=\"widget\" data-widget_type=\"heading.default\">\n\t\t\t\t<div class=\"elementor-widget-container\">\n\t\t\t\t\t<h1 class=\"elementor-heading-title elementor-size-default\">RED LABORAL<\/h1>\t\t\t\t<\/div>\n\t\t\t\t<\/div>\n\t\t\t\t\t<\/div>\n\t\t\t\t<\/div>\n\t\t\t\t<\/div>\n\t\t<div data-marvy_enable_drop_animation=\"false\" data-marvy_enable_fancy_rotate=\"false\" data-marvy_enable_flying_object=\"false\" data-marvy_enable_ripples_animation=\"false\" data-marvy_enable_waves_animation=\"false\" data-marvy_enable_rings_animation=\"false\" data-marvy_enable_topology_animation=\"false\" data-marvy_enable_gradient_animation=\"false\" data-marvy_enable_snow_animation=\"false\" data-marvy_enable_firework_animation=\"false\" data-marvy_enable_cloud_animation=\"false\" class=\"elementor-element elementor-element-5f4297b e-flex e-con-boxed e-con e-parent\" data-id=\"5f4297b\" data-element_type=\"container\" data-e-type=\"container\">\n\t\t\t\t\t<div class=\"e-con-inner\">\n\t\t\t\t<div class=\"elementor-element elementor-element-71686a66 elementor-widget elementor-widget-text-editor\" data-id=\"71686a66\" data-element_type=\"widget\" data-e-type=\"widget\" data-widget_type=\"text-editor.default\">\n\t\t\t\t<div class=\"elementor-widget-container\">\n\t\t\t\t\t\t\t\t\t\n<p class=\"has-medium-font-size\">\u00bfEst\u00e1s buscando trabajo? \u00a1Sabemos c\u00f3mo ayudarte!<\/p>\n\n\n\n<p class=\"has-medium-font-size\">A trav\u00e9s del servicio gratuito de la Red Laboral establecemos v\u00ednculos entre reconocidas empresas y los graduados, que se encuentran en b\u00fasqueda de empleo.<\/p>\n\n\n\n<p class=\"has-medium-font-size\">Para ser parte de nuestra base de datos de graduados, deber\u00e1s ingresar a <em><strong><a href=\"https:\/\/mi.econ.uba.ar\/\">MiEcon<\/a><\/strong><\/em><\/p>\n\n\n\n<p class=\"has-medium-font-size\">Ante cualquier duda consulta, contactanos a trav\u00e9s de <strong>redlaboral@economicas.uba.ar<\/strong><\/p>\n\n\n\n<h2 class=\"wp-block-heading has-medium-font-size\"><\/h2>\n\t\t\t\t\t\t\t\t<\/div>\n\t\t\t\t<\/div>\n\t\t\t\t\t<\/div>\n\t\t\t\t<\/div>\n\t\t<div data-marvy_enable_drop_animation=\"false\" data-marvy_enable_fancy_rotate=\"false\" data-marvy_enable_flying_object=\"false\" data-marvy_enable_ripples_animation=\"false\" data-marvy_enable_waves_animation=\"false\" data-marvy_enable_rings_animation=\"false\" data-marvy_enable_topology_animation=\"false\" data-marvy_enable_gradient_animation=\"false\" data-marvy_enable_snow_animation=\"false\" data-marvy_enable_firework_animation=\"false\" data-marvy_enable_cloud_animation=\"false\" class=\"elementor-element elementor-element-5b5846a8 e-flex e-con-boxed e-con e-parent\" data-id=\"5b5846a8\" data-element_type=\"container\" data-e-type=\"container\">\n\t\t\t\t\t<div class=\"e-con-inner\">\n\t\t\t\t\t<\/div>\n\t\t\t\t<\/div>\n\t\t\t\t<\/div>\n\t\t","protected":false},"excerpt":{"rendered":"<p>RED LABORAL \u00bfEst\u00e1s buscando trabajo? \u00a1Sabemos c\u00f3mo ayudarte! A trav\u00e9s del servicio gratuito de la Red Laboral establecemos v\u00ednculos entre reconocidas empresas y los graduados, que se encuentran en b\u00fasqueda<\/p>\n","protected":false},"author":7,"featured_media":0,"parent":0,"menu_order":0,"comment_status":"closed","ping_status":"closed","template":"elementor_header_footer","meta":{"_joinchat":[],"footnotes":""},"class_list":["post-1686","page","type-page","status-publish","hentry"],"yoast_head":"<!-- This site is optimized with the Yoast SEO plugin v27.3 - https:\/\/yoast.com\/product\/yoast-seo-wordpress\/ -->\n<title>Red Laboral - Graduados FCE<\/title>\n<meta name=\"robots\" content=\"index, follow, max-snippet:-1, max-image-preview:large, max-video-preview:-1\" \/>\n<link rel=\"canonical\" href=\"https:\/\/economicas.uba.ar\/graduados\/red-laboral\/\" \/>\n<meta property=\"og:locale\" content=\"es_ES\" \/>\n<meta property=\"og:type\" content=\"article\" \/>\n<meta property=\"og:title\" content=\"Red Laboral - Graduados FCE\" \/>\n<meta property=\"og:description\" content=\"RED LABORAL \u00bfEst\u00e1s buscando trabajo? \u00a1Sabemos c\u00f3mo ayudarte! A trav\u00e9s del servicio gratuito de la Red Laboral establecemos v\u00ednculos entre reconocidas empresas y los graduados, que se encuentran en b\u00fasqueda\" \/>\n<meta property=\"og:url\" content=\"https:\/\/economicas.uba.ar\/graduados\/red-laboral\/\" \/>\n<meta property=\"og:site_name\" content=\"Graduados FCE\" \/>\n<meta property=\"article:publisher\" content=\"https:\/\/www.facebook.com\/graduadoseconomicas.org\/\" \/>\n<meta property=\"article:modified_time\" content=\"2024-08-08T18:13:01+00:00\" \/>\n<meta name=\"twitter:card\" content=\"summary_large_image\" \/>\n<meta name=\"twitter:label1\" content=\"Tiempo de lectura\" \/>\n\t<meta name=\"twitter:data1\" content=\"1 minuto\" \/>\n<script type=\"application\/ld+json\" class=\"yoast-schema-graph\">{\"@context\":\"https:\\\/\\\/schema.org\",\"@graph\":[{\"@type\":\"WebPage\",\"@id\":\"https:\\\/\\\/economicas.uba.ar\\\/graduados\\\/red-laboral\\\/\",\"url\":\"https:\\\/\\\/economicas.uba.ar\\\/graduados\\\/red-laboral\\\/\",\"name\":\"Red Laboral - Graduados FCE\",\"isPartOf\":{\"@id\":\"https:\\\/\\\/economicas.uba.ar\\\/graduados\\\/#website\"},\"datePublished\":\"2024-04-25T18:47:53+00:00\",\"dateModified\":\"2024-08-08T18:13:01+00:00\",\"breadcrumb\":{\"@id\":\"https:\\\/\\\/economicas.uba.ar\\\/graduados\\\/red-laboral\\\/#breadcrumb\"},\"inLanguage\":\"es-AR\",\"potentialAction\":[{\"@type\":\"ReadAction\",\"target\":[\"https:\\\/\\\/economicas.uba.ar\\\/graduados\\\/red-laboral\\\/\"]}]},{\"@type\":\"BreadcrumbList\",\"@id\":\"https:\\\/\\\/economicas.uba.ar\\\/graduados\\\/red-laboral\\\/#breadcrumb\",\"itemListElement\":[{\"@type\":\"ListItem\",\"position\":1,\"name\":\"Inicio\",\"item\":\"https:\\\/\\\/economicas.uba.ar\\\/graduados\\\/\"},{\"@type\":\"ListItem\",\"position\":2,\"name\":\"Red Laboral\"}]},{\"@type\":\"WebSite\",\"@id\":\"https:\\\/\\\/economicas.uba.ar\\\/graduados\\\/#website\",\"url\":\"https:\\\/\\\/economicas.uba.ar\\\/graduados\\\/\",\"name\":\"Graduados FCE\",\"description\":\"\",\"publisher\":{\"@id\":\"https:\\\/\\\/economicas.uba.ar\\\/graduados\\\/#organization\"},\"potentialAction\":[{\"@type\":\"SearchAction\",\"target\":{\"@type\":\"EntryPoint\",\"urlTemplate\":\"https:\\\/\\\/economicas.uba.ar\\\/graduados\\\/?s={search_term_string}\"},\"query-input\":{\"@type\":\"PropertyValueSpecification\",\"valueRequired\":true,\"valueName\":\"search_term_string\"}}],\"inLanguage\":\"es-AR\"},{\"@type\":\"Organization\",\"@id\":\"https:\\\/\\\/economicas.uba.ar\\\/graduados\\\/#organization\",\"name\":\"Graduados FCE\",\"url\":\"https:\\\/\\\/economicas.uba.ar\\\/graduados\\\/\",\"logo\":{\"@type\":\"ImageObject\",\"inLanguage\":\"es-AR\",\"@id\":\"https:\\\/\\\/economicas.uba.ar\\\/graduados\\\/#\\\/schema\\\/logo\\\/image\\\/\",\"url\":\"https:\\\/\\\/economicas.uba.ar\\\/graduados\\\/wp-content\\\/uploads\\\/cropped-logo_graduados2-01.png\",\"contentUrl\":\"https:\\\/\\\/economicas.uba.ar\\\/graduados\\\/wp-content\\\/uploads\\\/cropped-logo_graduados2-01.png\",\"width\":232,\"height\":75,\"caption\":\"Graduados FCE\"},\"image\":{\"@id\":\"https:\\\/\\\/economicas.uba.ar\\\/graduados\\\/#\\\/schema\\\/logo\\\/image\\\/\"},\"sameAs\":[\"https:\\\/\\\/www.facebook.com\\\/graduadoseconomicas.org\\\/\",\"https:\\\/\\\/www.youtube.com\\\/channel\\\/UCOPub_RS50NaJXWt2lcOGMQ\"]}]}<\/script>\n<!-- \/ Yoast SEO plugin. -->","yoast_head_json":{"title":"Red Laboral - Graduados FCE","robots":{"index":"index","follow":"follow","max-snippet":"max-snippet:-1","max-image-preview":"max-image-preview:large","max-video-preview":"max-video-preview:-1"},"canonical":"https:\/\/economicas.uba.ar\/graduados\/red-laboral\/","og_locale":"es_ES","og_type":"article","og_title":"Red Laboral - Graduados FCE","og_description":"RED LABORAL \u00bfEst\u00e1s buscando trabajo? \u00a1Sabemos c\u00f3mo ayudarte! A trav\u00e9s del servicio gratuito de la Red Laboral establecemos v\u00ednculos entre reconocidas empresas y los graduados, que se encuentran en b\u00fasqueda","og_url":"https:\/\/economicas.uba.ar\/graduados\/red-laboral\/","og_site_name":"Graduados FCE","article_publisher":"https:\/\/www.facebook.com\/graduadoseconomicas.org\/","article_modified_time":"2024-08-08T18:13:01+00:00","twitter_card":"summary_large_image","twitter_misc":{"Tiempo de lectura":"1 minuto"},"schema":{"@context":"https:\/\/schema.org","@graph":[{"@type":"WebPage","@id":"https:\/\/economicas.uba.ar\/graduados\/red-laboral\/","url":"https:\/\/economicas.uba.ar\/graduados\/red-laboral\/","name":"Red Laboral - Graduados FCE","isPartOf":{"@id":"https:\/\/economicas.uba.ar\/graduados\/#website"},"datePublished":"2024-04-25T18:47:53+00:00","dateModified":"2024-08-08T18:13:01+00:00","breadcrumb":{"@id":"https:\/\/economicas.uba.ar\/graduados\/red-laboral\/#breadcrumb"},"inLanguage":"es-AR","potentialAction":[{"@type":"ReadAction","target":["https:\/\/economicas.uba.ar\/graduados\/red-laboral\/"]}]},{"@type":"BreadcrumbList","@id":"https:\/\/economicas.uba.ar\/graduados\/red-laboral\/#breadcrumb","itemListElement":[{"@type":"ListItem","position":1,"name":"Inicio","item":"https:\/\/economicas.uba.ar\/graduados\/"},{"@type":"ListItem","position":2,"name":"Red Laboral"}]},{"@type":"WebSite","@id":"https:\/\/economicas.uba.ar\/graduados\/#website","url":"https:\/\/economicas.uba.ar\/graduados\/","name":"Graduados FCE","description":"","publisher":{"@id":"https:\/\/economicas.uba.ar\/graduados\/#organization"},"potentialAction":[{"@type":"SearchAction","target":{"@type":"EntryPoint","urlTemplate":"https:\/\/economicas.uba.ar\/graduados\/?s={search_term_string}"},"query-input":{"@type":"PropertyValueSpecification","valueRequired":true,"valueName":"search_term_string"}}],"inLanguage":"es-AR"},{"@type":"Organization","@id":"https:\/\/economicas.uba.ar\/graduados\/#organization","name":"Graduados FCE","url":"https:\/\/economicas.uba.ar\/graduados\/","logo":{"@type":"ImageObject","inLanguage":"es-AR","@id":"https:\/\/economicas.uba.ar\/graduados\/#\/schema\/logo\/image\/","url":"https:\/\/economicas.uba.ar\/graduados\/wp-content\/uploads\/cropped-logo_graduados2-01.png","contentUrl":"https:\/\/economicas.uba.ar\/graduados\/wp-content\/uploads\/cropped-logo_graduados2-01.png","width":232,"height":75,"caption":"Graduados FCE"},"image":{"@id":"https:\/\/economicas.uba.ar\/graduados\/#\/schema\/logo\/image\/"},"sameAs":["https:\/\/www.facebook.com\/graduadoseconomicas.org\/","https:\/\/www.youtube.com\/channel\/UCOPub_RS50NaJXWt2lcOGMQ"]}]}},"_links":{"self":[{"href":"https:\/\/economicas.uba.ar\/graduados\/wp-json\/wp\/v2\/pages\/1686","targetHints":{"allow":["GET"]}}],"collection":[{"href":"https:\/\/economicas.uba.ar\/graduados\/wp-json\/wp\/v2\/pages"}],"about":[{"href":"https:\/\/economicas.uba.ar\/graduados\/wp-json\/wp\/v2\/types\/page"}],"author":[{"embeddable":true,"href":"https:\/\/economicas.uba.ar\/graduados\/wp-json\/wp\/v2\/users\/7"}],"replies":[{"embeddable":true,"href":"https:\/\/economicas.uba.ar\/graduados\/wp-json\/wp\/v2\/comments?post=1686"}],"version-history":[{"count":13,"href":"https:\/\/economicas.uba.ar\/graduados\/wp-json\/wp\/v2\/pages\/1686\/revisions"}],"predecessor-version":[{"id":2250,"href":"https:\/\/economicas.uba.ar\/graduados\/wp-json\/wp\/v2\/pages\/1686\/revisions\/2250"}],"wp:attachment":[{"href":"https:\/\/economicas.uba.ar\/graduados\/wp-json\/wp\/v2\/media?parent=1686"}],"curies":[{"name":"wp","href":"https:\/\/api.w.org\/{rel}","templated":true}]}}