{"id":1712,"date":"2024-04-30T16:07:46","date_gmt":"2024-04-30T19:07:46","guid":{"rendered":"https:\/\/www.economicas.uba.ar\/graduados\/?page_id=1712"},"modified":"2026-03-02T17:11:13","modified_gmt":"2026-03-02T20:11:13","slug":"programa-de-becas","status":"publish","type":"page","link":"https:\/\/economicas.uba.ar\/graduados\/programa-de-becas\/","title":{"rendered":"Programa de Becas"},"content":{"rendered":"\t\t<div data-elementor-type=\"wp-page\" data-elementor-id=\"1712\" class=\"elementor elementor-1712\" data-elementor-post-type=\"page\">\n\t\t\t\t<div data-marvy_enable_drop_animation=\"false\" data-marvy_enable_fancy_rotate=\"false\" data-marvy_enable_flying_object=\"false\" data-marvy_enable_ripples_animation=\"false\" data-marvy_enable_waves_animation=\"false\" data-marvy_enable_rings_animation=\"false\" data-marvy_enable_topology_animation=\"false\" data-marvy_enable_gradient_animation=\"false\" data-marvy_enable_snow_animation=\"false\" data-marvy_enable_firework_animation=\"false\" data-marvy_enable_cloud_animation=\"false\" class=\"elementor-element elementor-element-7c0b7449 e-con-full e-flex e-con e-parent\" data-id=\"7c0b7449\" data-element_type=\"container\" data-e-type=\"container\" data-settings=\"{&quot;background_background&quot;:&quot;classic&quot;}\">\n\t\t<div data-marvy_enable_drop_animation=\"false\" data-marvy_enable_fancy_rotate=\"false\" data-marvy_enable_flying_object=\"false\" data-marvy_enable_ripples_animation=\"false\" data-marvy_enable_waves_animation=\"false\" data-marvy_enable_rings_animation=\"false\" data-marvy_enable_topology_animation=\"false\" data-marvy_enable_gradient_animation=\"false\" data-marvy_enable_snow_animation=\"false\" data-marvy_enable_firework_animation=\"false\" data-marvy_enable_cloud_animation=\"false\" class=\"elementor-element elementor-element-34ea9477 e-flex e-con-boxed e-con e-child\" data-id=\"34ea9477\" data-element_type=\"container\" data-e-type=\"container\">\n\t\t\t\t\t<div class=\"e-con-inner\">\n\t\t\t\t<div class=\"elementor-element elementor-element-18b934fc elementor-widget elementor-widget-heading\" data-id=\"18b934fc\" data-element_type=\"widget\" data-e-type=\"widget\" data-widget_type=\"heading.default\">\n\t\t\t\t<div class=\"elementor-widget-container\">\n\t\t\t\t\t<h1 class=\"elementor-heading-title elementor-size-default\">Programa de Becas<\/h1>\t\t\t\t<\/div>\n\t\t\t\t<\/div>\n\t\t\t\t\t<\/div>\n\t\t\t\t<\/div>\n\t\t\t\t<\/div>\n\t\t<div data-marvy_enable_drop_animation=\"false\" data-marvy_enable_fancy_rotate=\"false\" data-marvy_enable_flying_object=\"false\" data-marvy_enable_ripples_animation=\"false\" data-marvy_enable_waves_animation=\"false\" data-marvy_enable_rings_animation=\"false\" data-marvy_enable_topology_animation=\"false\" data-marvy_enable_gradient_animation=\"false\" data-marvy_enable_snow_animation=\"false\" data-marvy_enable_firework_animation=\"false\" data-marvy_enable_cloud_animation=\"false\" class=\"elementor-element elementor-element-65fde7d5 e-flex e-con-boxed e-con e-parent\" data-id=\"65fde7d5\" data-element_type=\"container\" data-e-type=\"container\">\n\t\t\t\t\t<div class=\"e-con-inner\">\n\t\t\t\t<div class=\"elementor-element elementor-element-6364c1e5 elementor-widget elementor-widget-text-editor\" data-id=\"6364c1e5\" data-element_type=\"widget\" data-e-type=\"widget\" data-widget_type=\"text-editor.default\">\n\t\t\t\t<div class=\"elementor-widget-container\">\n\t\t\t\t\t\t\t\t\t\n<p class=\"has-medium-font-size\"><strong>A trav\u00e9s de estas becas, los graduados podr\u00e1n acceder a cursos de idiomas en el Centro Universitario de Idiomas (CUI) <\/strong>a un precio diferencial, significativamente m\u00e1s bajo que el precio regular. Esto les permitir\u00e1 ampliar sus horizontes profesionales, mejorar sus oportunidades laborales y comunicarse de manera efectiva en diferentes contextos.<\/p>\n\n<p>\u00a0<\/p>\n\t\t\t\t\t\t\t\t<\/div>\n\t\t\t\t<\/div>\n\t\t\t\t\t<\/div>\n\t\t\t\t<\/div>\n\t\t\t\t<\/div>\n\t\t","protected":false},"excerpt":{"rendered":"<p>Programa de Becas A trav\u00e9s de estas becas, los graduados podr\u00e1n acceder a cursos de idiomas en el Centro Universitario de Idiomas (CUI) a un precio diferencial, significativamente m\u00e1s bajo<\/p>\n","protected":false},"author":7,"featured_media":0,"parent":0,"menu_order":0,"comment_status":"closed","ping_status":"closed","template":"elementor_header_footer","meta":{"_joinchat":[],"footnotes":""},"class_list":["post-1712","page","type-page","status-publish","hentry"],"yoast_head":"<!-- This site is optimized with the Yoast SEO plugin v27.4 - https:\/\/yoast.com\/product\/yoast-seo-wordpress\/ -->\n<title>Programa de Becas - Graduados FCE<\/title>\n<meta name=\"robots\" content=\"index, follow, max-snippet:-1, max-image-preview:large, max-video-preview:-1\" \/>\n<link rel=\"canonical\" href=\"https:\/\/economicas.uba.ar\/graduados\/programa-de-becas\/\" \/>\n<meta property=\"og:locale\" content=\"es_ES\" \/>\n<meta property=\"og:type\" content=\"article\" \/>\n<meta property=\"og:title\" content=\"Programa de Becas - Graduados FCE\" \/>\n<meta property=\"og:description\" content=\"Programa de Becas A trav\u00e9s de estas becas, los graduados podr\u00e1n acceder a cursos de idiomas en el Centro Universitario de Idiomas (CUI) a un precio diferencial, significativamente m\u00e1s bajo\" \/>\n<meta property=\"og:url\" content=\"https:\/\/economicas.uba.ar\/graduados\/programa-de-becas\/\" \/>\n<meta property=\"og:site_name\" content=\"Graduados FCE\" \/>\n<meta property=\"article:publisher\" content=\"https:\/\/www.facebook.com\/graduadoseconomicas.org\/\" \/>\n<meta property=\"article:modified_time\" content=\"2026-03-02T20:11:13+00:00\" \/>\n<meta name=\"twitter:card\" content=\"summary_large_image\" \/>\n<meta name=\"twitter:label1\" content=\"Tiempo de lectura\" \/>\n\t<meta name=\"twitter:data1\" content=\"1 minuto\" \/>\n<script type=\"application\/ld+json\" class=\"yoast-schema-graph\">{\"@context\":\"https:\\\/\\\/schema.org\",\"@graph\":[{\"@type\":\"WebPage\",\"@id\":\"https:\\\/\\\/economicas.uba.ar\\\/graduados\\\/programa-de-becas\\\/\",\"url\":\"https:\\\/\\\/economicas.uba.ar\\\/graduados\\\/programa-de-becas\\\/\",\"name\":\"Programa de Becas - Graduados FCE\",\"isPartOf\":{\"@id\":\"https:\\\/\\\/economicas.uba.ar\\\/graduados\\\/#website\"},\"datePublished\":\"2024-04-30T19:07:46+00:00\",\"dateModified\":\"2026-03-02T20:11:13+00:00\",\"breadcrumb\":{\"@id\":\"https:\\\/\\\/economicas.uba.ar\\\/graduados\\\/programa-de-becas\\\/#breadcrumb\"},\"inLanguage\":\"es-AR\",\"potentialAction\":[{\"@type\":\"ReadAction\",\"target\":[\"https:\\\/\\\/economicas.uba.ar\\\/graduados\\\/programa-de-becas\\\/\"]}]},{\"@type\":\"BreadcrumbList\",\"@id\":\"https:\\\/\\\/economicas.uba.ar\\\/graduados\\\/programa-de-becas\\\/#breadcrumb\",\"itemListElement\":[{\"@type\":\"ListItem\",\"position\":1,\"name\":\"Inicio\",\"item\":\"https:\\\/\\\/economicas.uba.ar\\\/graduados\\\/\"},{\"@type\":\"ListItem\",\"position\":2,\"name\":\"Programa de Becas\"}]},{\"@type\":\"WebSite\",\"@id\":\"https:\\\/\\\/economicas.uba.ar\\\/graduados\\\/#website\",\"url\":\"https:\\\/\\\/economicas.uba.ar\\\/graduados\\\/\",\"name\":\"Graduados FCE\",\"description\":\"\",\"publisher\":{\"@id\":\"https:\\\/\\\/economicas.uba.ar\\\/graduados\\\/#organization\"},\"potentialAction\":[{\"@type\":\"SearchAction\",\"target\":{\"@type\":\"EntryPoint\",\"urlTemplate\":\"https:\\\/\\\/economicas.uba.ar\\\/graduados\\\/?s={search_term_string}\"},\"query-input\":{\"@type\":\"PropertyValueSpecification\",\"valueRequired\":true,\"valueName\":\"search_term_string\"}}],\"inLanguage\":\"es-AR\"},{\"@type\":\"Organization\",\"@id\":\"https:\\\/\\\/economicas.uba.ar\\\/graduados\\\/#organization\",\"name\":\"Graduados FCE\",\"url\":\"https:\\\/\\\/economicas.uba.ar\\\/graduados\\\/\",\"logo\":{\"@type\":\"ImageObject\",\"inLanguage\":\"es-AR\",\"@id\":\"https:\\\/\\\/economicas.uba.ar\\\/graduados\\\/#\\\/schema\\\/logo\\\/image\\\/\",\"url\":\"https:\\\/\\\/economicas.uba.ar\\\/graduados\\\/wp-content\\\/uploads\\\/cropped-logo_graduados2-01.png\",\"contentUrl\":\"https:\\\/\\\/economicas.uba.ar\\\/graduados\\\/wp-content\\\/uploads\\\/cropped-logo_graduados2-01.png\",\"width\":232,\"height\":75,\"caption\":\"Graduados FCE\"},\"image\":{\"@id\":\"https:\\\/\\\/economicas.uba.ar\\\/graduados\\\/#\\\/schema\\\/logo\\\/image\\\/\"},\"sameAs\":[\"https:\\\/\\\/www.facebook.com\\\/graduadoseconomicas.org\\\/\",\"https:\\\/\\\/www.youtube.com\\\/channel\\\/UCOPub_RS50NaJXWt2lcOGMQ\"]}]}<\/script>\n<!-- \/ Yoast SEO plugin. -->","yoast_head_json":{"title":"Programa de Becas - Graduados FCE","robots":{"index":"index","follow":"follow","max-snippet":"max-snippet:-1","max-image-preview":"max-image-preview:large","max-video-preview":"max-video-preview:-1"},"canonical":"https:\/\/economicas.uba.ar\/graduados\/programa-de-becas\/","og_locale":"es_ES","og_type":"article","og_title":"Programa de Becas - Graduados FCE","og_description":"Programa de Becas A trav\u00e9s de estas becas, los graduados podr\u00e1n acceder a cursos de idiomas en el Centro Universitario de Idiomas (CUI) a un precio diferencial, significativamente m\u00e1s bajo","og_url":"https:\/\/economicas.uba.ar\/graduados\/programa-de-becas\/","og_site_name":"Graduados FCE","article_publisher":"https:\/\/www.facebook.com\/graduadoseconomicas.org\/","article_modified_time":"2026-03-02T20:11:13+00:00","twitter_card":"summary_large_image","twitter_misc":{"Tiempo de lectura":"1 minuto"},"schema":{"@context":"https:\/\/schema.org","@graph":[{"@type":"WebPage","@id":"https:\/\/economicas.uba.ar\/graduados\/programa-de-becas\/","url":"https:\/\/economicas.uba.ar\/graduados\/programa-de-becas\/","name":"Programa de Becas - Graduados FCE","isPartOf":{"@id":"https:\/\/economicas.uba.ar\/graduados\/#website"},"datePublished":"2024-04-30T19:07:46+00:00","dateModified":"2026-03-02T20:11:13+00:00","breadcrumb":{"@id":"https:\/\/economicas.uba.ar\/graduados\/programa-de-becas\/#breadcrumb"},"inLanguage":"es-AR","potentialAction":[{"@type":"ReadAction","target":["https:\/\/economicas.uba.ar\/graduados\/programa-de-becas\/"]}]},{"@type":"BreadcrumbList","@id":"https:\/\/economicas.uba.ar\/graduados\/programa-de-becas\/#breadcrumb","itemListElement":[{"@type":"ListItem","position":1,"name":"Inicio","item":"https:\/\/economicas.uba.ar\/graduados\/"},{"@type":"ListItem","position":2,"name":"Programa de Becas"}]},{"@type":"WebSite","@id":"https:\/\/economicas.uba.ar\/graduados\/#website","url":"https:\/\/economicas.uba.ar\/graduados\/","name":"Graduados FCE","description":"","publisher":{"@id":"https:\/\/economicas.uba.ar\/graduados\/#organization"},"potentialAction":[{"@type":"SearchAction","target":{"@type":"EntryPoint","urlTemplate":"https:\/\/economicas.uba.ar\/graduados\/?s={search_term_string}"},"query-input":{"@type":"PropertyValueSpecification","valueRequired":true,"valueName":"search_term_string"}}],"inLanguage":"es-AR"},{"@type":"Organization","@id":"https:\/\/economicas.uba.ar\/graduados\/#organization","name":"Graduados FCE","url":"https:\/\/economicas.uba.ar\/graduados\/","logo":{"@type":"ImageObject","inLanguage":"es-AR","@id":"https:\/\/economicas.uba.ar\/graduados\/#\/schema\/logo\/image\/","url":"https:\/\/economicas.uba.ar\/graduados\/wp-content\/uploads\/cropped-logo_graduados2-01.png","contentUrl":"https:\/\/economicas.uba.ar\/graduados\/wp-content\/uploads\/cropped-logo_graduados2-01.png","width":232,"height":75,"caption":"Graduados FCE"},"image":{"@id":"https:\/\/economicas.uba.ar\/graduados\/#\/schema\/logo\/image\/"},"sameAs":["https:\/\/www.facebook.com\/graduadoseconomicas.org\/","https:\/\/www.youtube.com\/channel\/UCOPub_RS50NaJXWt2lcOGMQ"]}]}},"_links":{"self":[{"href":"https:\/\/economicas.uba.ar\/graduados\/wp-json\/wp\/v2\/pages\/1712","targetHints":{"allow":["GET"]}}],"collection":[{"href":"https:\/\/economicas.uba.ar\/graduados\/wp-json\/wp\/v2\/pages"}],"about":[{"href":"https:\/\/economicas.uba.ar\/graduados\/wp-json\/wp\/v2\/types\/page"}],"author":[{"embeddable":true,"href":"https:\/\/economicas.uba.ar\/graduados\/wp-json\/wp\/v2\/users\/7"}],"replies":[{"embeddable":true,"href":"https:\/\/economicas.uba.ar\/graduados\/wp-json\/wp\/v2\/comments?post=1712"}],"version-history":[{"count":15,"href":"https:\/\/economicas.uba.ar\/graduados\/wp-json\/wp\/v2\/pages\/1712\/revisions"}],"predecessor-version":[{"id":4971,"href":"https:\/\/economicas.uba.ar\/graduados\/wp-json\/wp\/v2\/pages\/1712\/revisions\/4971"}],"wp:attachment":[{"href":"https:\/\/economicas.uba.ar\/graduados\/wp-json\/wp\/v2\/media?parent=1712"}],"curies":[{"name":"wp","href":"https:\/\/api.w.org\/{rel}","templated":true}]}}