{"id":2550,"date":"2024-09-11T12:13:13","date_gmt":"2024-09-11T15:13:13","guid":{"rendered":"https:\/\/www.economicas.uba.ar\/graduados\/?page_id=2550"},"modified":"2026-04-01T16:03:46","modified_gmt":"2026-04-01T19:03:46","slug":"juras","status":"publish","type":"page","link":"https:\/\/economicas.uba.ar\/graduados\/juras\/","title":{"rendered":"Juras"},"content":{"rendered":"\t\t<div data-elementor-type=\"wp-page\" data-elementor-id=\"2550\" class=\"elementor elementor-2550\" data-elementor-post-type=\"page\">\n\t\t\t\t<div data-marvy_enable_drop_animation=\"false\" data-marvy_enable_fancy_rotate=\"false\" data-marvy_enable_flying_object=\"false\" data-marvy_enable_ripples_animation=\"false\" data-marvy_enable_waves_animation=\"false\" data-marvy_enable_rings_animation=\"false\" data-marvy_enable_topology_animation=\"false\" data-marvy_enable_gradient_animation=\"false\" data-marvy_enable_snow_animation=\"false\" data-marvy_enable_firework_animation=\"false\" data-marvy_enable_cloud_animation=\"false\" class=\"elementor-element elementor-element-1a53586e e-flex e-con-boxed e-con e-parent\" data-id=\"1a53586e\" data-element_type=\"container\" data-e-type=\"container\" data-settings=\"{&quot;background_background&quot;:&quot;classic&quot;}\">\n\t\t\t\t\t<div class=\"e-con-inner\">\n\t\t\t\t<div class=\"elementor-element elementor-element-46514201 elementor-widget__width-initial elementor-widget elementor-widget-heading\" data-id=\"46514201\" data-element_type=\"widget\" data-e-type=\"widget\" data-widget_type=\"heading.default\">\n\t\t\t\t<div class=\"elementor-widget-container\">\n\t\t\t\t\t<h1 class=\"elementor-heading-title elementor-size-default\">\u00a1Felicitaciones Colegas!<\/h1>\t\t\t\t<\/div>\n\t\t\t\t<\/div>\n\t\t\t\t\t<\/div>\n\t\t\t\t<\/div>\n\t\t<div data-marvy_enable_drop_animation=\"false\" data-marvy_enable_fancy_rotate=\"false\" data-marvy_enable_flying_object=\"false\" data-marvy_enable_ripples_animation=\"false\" data-marvy_enable_waves_animation=\"false\" data-marvy_enable_rings_animation=\"false\" data-marvy_enable_topology_animation=\"false\" data-marvy_enable_gradient_animation=\"false\" data-marvy_enable_snow_animation=\"false\" data-marvy_enable_firework_animation=\"false\" data-marvy_enable_cloud_animation=\"false\" class=\"elementor-element elementor-element-e6d66e9 e-flex e-con-boxed e-con e-parent\" data-id=\"e6d66e9\" data-element_type=\"container\" data-e-type=\"container\">\n\t\t\t\t\t<div class=\"e-con-inner\">\n\t\t\t\t<div class=\"elementor-element elementor-element-d17c031 elementor-widget elementor-widget-text-editor\" data-id=\"d17c031\" data-element_type=\"widget\" data-e-type=\"widget\" data-widget_type=\"text-editor.default\">\n\t\t\t\t<div class=\"elementor-widget-container\">\n\t\t\t\t\t\t\t\t\t<h4 style=\"text-align: center;\"><span style=\"font-weight: 400;\">Despu\u00e9s de a\u00f1os de esfuerzo y dedicaci\u00f3n, ha llegado el momento que todos sue\u00f1an, el acto de colaci\u00f3n. Este logro marca el cierre de una etapa y abre las puertas a nuevos desaf\u00edos y oportunidades.<\/span><\/h4><h4 style=\"text-align: center;\"><span style=\"font-weight: 400;\">Cada uno de ellos es un orgullo para nuestra comunidad de la FCE. Que el futuro est\u00e9 lleno de \u00e9xitos profesionales y personales.<\/span><\/h4><h4 style=\"text-align: center;\"><em><span style=\"font-weight: 400;\">Si sos parte de esta celebraci\u00f3n, encontr\u00e1 tu foto de la ceremonia.<\/span><\/em><\/h4>\t\t\t\t\t\t\t\t<\/div>\n\t\t\t\t<\/div>\n\t\t\t\t\t<\/div>\n\t\t\t\t<\/div>\n\t\t<div data-marvy_enable_drop_animation=\"false\" data-marvy_enable_fancy_rotate=\"false\" data-marvy_enable_flying_object=\"false\" data-marvy_enable_ripples_animation=\"false\" data-marvy_enable_waves_animation=\"false\" data-marvy_enable_rings_animation=\"false\" data-marvy_enable_topology_animation=\"false\" data-marvy_enable_gradient_animation=\"false\" data-marvy_enable_snow_animation=\"false\" data-marvy_enable_firework_animation=\"false\" data-marvy_enable_cloud_animation=\"false\" class=\"elementor-element elementor-element-6cc2913 e-con-full e-flex e-con e-parent\" data-id=\"6cc2913\" data-element_type=\"container\" data-e-type=\"container\">\n\t\t\t\t<div class=\"elementor-element elementor-element-76e62eb elementor-tabs-view-horizontal elementor-widget elementor-widget-tabs\" data-id=\"76e62eb\" data-element_type=\"widget\" data-e-type=\"widget\" data-widget_type=\"tabs.default\">\n\t\t\t\t<div class=\"elementor-widget-container\">\n\t\t\t\t\t\t\t<div class=\"elementor-tabs\">\n\t\t\t<div class=\"elementor-tabs-wrapper\" role=\"tablist\" >\n\t\t\t\t\t\t\t\t\t<div id=\"elementor-tab-title-1241\" class=\"elementor-tab-title elementor-tab-desktop-title\" aria-selected=\"true\" data-tab=\"1\" role=\"tab\" tabindex=\"0\" aria-controls=\"elementor-tab-content-1241\" aria-expanded=\"false\">Fotos 2026<\/div>\n\t\t\t\t\t\t\t\t\t<div id=\"elementor-tab-title-1242\" class=\"elementor-tab-title elementor-tab-desktop-title\" aria-selected=\"false\" data-tab=\"2\" role=\"tab\" tabindex=\"-1\" aria-controls=\"elementor-tab-content-1242\" aria-expanded=\"false\">Fotos 2025<\/div>\n\t\t\t\t\t\t\t\t\t<div id=\"elementor-tab-title-1243\" class=\"elementor-tab-title elementor-tab-desktop-title\" aria-selected=\"false\" data-tab=\"3\" role=\"tab\" tabindex=\"-1\" aria-controls=\"elementor-tab-content-1243\" aria-expanded=\"false\">Fotos 2024<\/div>\n\t\t\t\t\t\t\t<\/div>\n\t\t\t<div class=\"elementor-tabs-content-wrapper\" role=\"tablist\" aria-orientation=\"vertical\">\n\t\t\t\t\t\t\t\t\t<div class=\"elementor-tab-title elementor-tab-mobile-title\" aria-selected=\"true\" data-tab=\"1\" role=\"tab\" tabindex=\"0\" aria-controls=\"elementor-tab-content-1241\" aria-expanded=\"false\">Fotos 2026<\/div>\n\t\t\t\t\t<div id=\"elementor-tab-content-1241\" class=\"elementor-tab-content elementor-clearfix\" data-tab=\"1\" role=\"tabpanel\" aria-labelledby=\"elementor-tab-title-1241\" tabindex=\"0\" hidden=\"false\"><h4><a href=\"https:\/\/drive.google.com\/drive\/folders\/17g4YxtZrkif7lWedkq8Hpwsachbnzpf6?usp=sharing\"><em><strong><span style=\"color: #000000;\">&gt;30 de Marzo<\/span><\/strong><\/em><\/a><\/h4><\/div>\n\t\t\t\t\t\t\t\t\t<div class=\"elementor-tab-title elementor-tab-mobile-title\" aria-selected=\"false\" data-tab=\"2\" role=\"tab\" tabindex=\"-1\" aria-controls=\"elementor-tab-content-1242\" aria-expanded=\"false\">Fotos 2025<\/div>\n\t\t\t\t\t<div id=\"elementor-tab-content-1242\" class=\"elementor-tab-content elementor-clearfix\" data-tab=\"2\" role=\"tabpanel\" aria-labelledby=\"elementor-tab-title-1242\" tabindex=\"0\" hidden=\"hidden\"><h3><span style=\"color: #ff9900;\">DICIEMBRE<\/span><\/h3><h4><a href=\"https:\/\/drive.google.com\/drive\/folders\/17iHtMvjRYfZixWjng3uKCNoo4Mgd4kaq\"><strong><em><span style=\"color: #000000;\">1 de Diciembre<\/span><\/em><\/strong><\/a><\/h4><h4><a href=\"https:\/\/drive.google.com\/drive\/folders\/18ZvmNZ3MMJ7rO0j1gdvqjVECL7Jkel0e?usp=sharing\"><span style=\"color: #000000;\"><em><strong>15 de Diciembre<\/strong><\/em><\/span><\/a><\/h4><h3>\u00a0<\/h3><h3><span style=\"color: #ff9900;\">NOVIEMBRE<\/span><\/h3><h4><a href=\"https:\/\/drive.google.com\/drive\/folders\/1Pv2Wr2TX-J-yvQf4e-jQTnxxsACAWzyf?usp=sharing\"><em><strong><span style=\"color: #000000;\">3 de Noviembre<\/span><\/strong><\/em><\/a><\/h4><h4><a href=\"https:\/\/drive.google.com\/drive\/folders\/1OrKJODhWPHSFukSMVd9fr6YbnNv4-ulx?usp=sharing\"><em><strong><span style=\"color: #000000;\">10 de\u00a0Noviembre<\/span><\/strong><\/em><\/a><\/h4><h4><a href=\"https:\/\/drive.google.com\/drive\/folders\/1KOZgVKi3SHD6CAyj7hPsajZYiJShKlPY?usp=sharing\"><em><strong><span style=\"color: #000000;\">17 de Noviembre<\/span><\/strong><\/em><\/a><\/h4><h3><span style=\"color: #ff9900;\">\u00a0<\/span><\/h3><h3><span style=\"color: #ff9900;\">OCTUBRE<\/span><\/h3><h4><a href=\"https:\/\/drive.google.com\/drive\/folders\/1mU4nwRX1yPltLgqA_EVOKF1wISehTaqB?usp=sharing\"><strong><em><span style=\"color: #000000;\">2 de Octubre<\/span><\/em><\/strong><\/a><\/h4><h4><a href=\"https:\/\/drive.google.com\/drive\/folders\/1lJKEMl6oNGgujaW9MrLOVIe9AQP0L-41?usp=share_link\"><em><span style=\"color: #000000;\"><strong>30 de Octubre<\/strong><\/span><\/em><\/a><\/h4><h3><span style=\"color: #ff9900;\">\u00a0<\/span><\/h3><h3><span style=\"color: #ff9900;\">SEPTIEMBRE<\/span><\/h3><h4><a href=\"https:\/\/drive.google.com\/drive\/folders\/1YegQCADf9rDsLqxZwOZefQYtWAI8tJkn?usp=sharing\"><span style=\"color: #000000;\"><em>8 de Septiembre<\/em><\/span><\/a><\/h4><h4><a href=\"https:\/\/drive.google.com\/drive\/folders\/1hdMNeJEq0opIlc-xjuZdLm_a9W6FygTg?usp=sharing\"><em>15 de Septiembre<\/em><\/a><\/h4><h4><a href=\"https:\/\/drive.google.com\/drive\/folders\/1KGPh_XpFhT_nbzOCwiZ6lrxHY2kCk2bS?usp=sharing\"><span style=\"color: #000000;\"><em>29 de Septiembre<\/em><\/span><\/a><\/h4><h3><span style=\"color: #ff9900;\">\u00a0<\/span><\/h3><h3><span style=\"color: #ff9900;\">AGOSTO<\/span><\/h3><h4><em><a href=\"https:\/\/drive.google.com\/drive\/folders\/1klExCD9jlfGikf5rXMf2GQRQdXB1_W9A?usp=sharing\">25 de Agosto<\/a><\/em><\/h4><div>\u00a0<\/div><h3><span style=\"color: #ff9900;\">\u00a0<\/span><\/h3><h3><span style=\"color: #ff9900;\">JULIO<\/span><\/h3><ul><li><h4><em><a href=\"https:\/\/drive.google.com\/drive\/folders\/14BwQ6U6Ctlk6BPT3oImrAFf3tsAOnGYG?usp=sharing\">7 de Julio<\/a><\/em><\/h4><\/li><li><h4><a href=\"https:\/\/drive.google.com\/drive\/folders\/17ZtRorxgzCwRA-uzEPdSyTLcTrXgTfyq?usp=sharing\"><span style=\"color: #000000;\"><em>14 de Julio<\/em><\/span><\/a><\/h4><\/li><\/ul><h3>\u00a0<\/h3><h3><span style=\"color: #ff9900;\">JUNIO<\/span><\/h3><ul><li><h4><span style=\"color: #000000;\"><strong><em><a style=\"color: #000000;\" href=\"https:\/\/drive.google.com\/drive\/folders\/1fijdAL4i96OSw2OvbTIqwZ4BK3kVmmM8?usp=sharing\">9 de Junio<\/a><\/em><\/strong><\/span><\/h4><\/li><li><h4><span style=\"color: #000000;\"><em><strong><a style=\"color: #000000;\" href=\"https:\/\/drive.google.com\/drive\/folders\/1pFWLxHQZeaP_VVX1v2unbniklk00l-MV?usp=sharing\">23 de Junio<\/a><\/strong><\/em><\/span><\/h4><\/li><\/ul><h3>\u00a0<\/h3><h3><span style=\"color: #ff9900;\">MAYO<\/span><\/h3><ul><li><h4><span style=\"color: #000000;\"><em><a style=\"color: #000000;\" href=\"https:\/\/drive.google.com\/drive\/folders\/1Nm9Ogm1kX3_TwqRLQIhEyVERnghLRoHA?usp=sharing\">5 de Mayo<\/a><\/em><\/span><\/h4><\/li><li><h4><span style=\"color: #000000;\"><em><a style=\"color: #000000;\" href=\"https:\/\/drive.google.com\/drive\/folders\/1UMK53mv0KTSXsoruCF2padgsYVOTPTmS?usp=sharing\">26 de Mayo<\/a><\/em><\/span><\/h4><\/li><\/ul><h3>\u00a0<\/h3><h3><span style=\"color: #ff9900;\">ABRIL<\/span><\/h3><ul><li><h4><em><a href=\"https:\/\/drive.google.com\/drive\/folders\/1Q824IsHQnyLe2Ujjxt4P69Qz8CpPQQ4j?usp=sharing\">7\u00a0de Abril<\/a><\/em><\/h4><\/li><li><h4><em><a href=\"https:\/\/drive.google.com\/drive\/folders\/1CPmsu_-Y1ou7TZeTv_VjMGi57we4G4I2?usp=sharing\">21 de Abril<\/a><\/em><\/h4><\/li><li><h4><em><a href=\"https:\/\/drive.google.com\/drive\/folders\/1stFoV7Oc8A-LJwcN9KNedy9fwCg1HPaa?usp=sharing\">28 de Abril<\/a><\/em><\/h4><\/li><\/ul><h3>\u00a0<\/h3><h3><span style=\"color: #ff9900;\">MARZO<\/span><\/h3><ul><li><h4><em><a href=\"https:\/\/drive.google.com\/drive\/folders\/1xBzg9mRlXZgswU7V6nIGi7wcso7_jlfC?usp=sharing\">20 de Marzo<\/a><\/em><\/h4><\/li><li><h4><em><a href=\"https:\/\/drive.google.com\/drive\/folders\/1PcjN-6BAOznz5cgHMUn4RGlmNQAAAOW1?usp=sharing\">31 de Marzo<\/a><\/em><\/h4><\/li><\/ul><h3>\u00a0<\/h3><\/div>\n\t\t\t\t\t\t\t\t\t<div class=\"elementor-tab-title elementor-tab-mobile-title\" aria-selected=\"false\" data-tab=\"3\" role=\"tab\" tabindex=\"-1\" aria-controls=\"elementor-tab-content-1243\" aria-expanded=\"false\">Fotos 2024<\/div>\n\t\t\t\t\t<div id=\"elementor-tab-content-1243\" class=\"elementor-tab-content elementor-clearfix\" data-tab=\"3\" role=\"tabpanel\" aria-labelledby=\"elementor-tab-title-1243\" tabindex=\"0\" hidden=\"hidden\"><h3><a href=\"https:\/\/www.economicas.uba.ar\/graduados\/juras-de-agosto\/\">&gt;&gt;JURAS 2024<\/a><\/h3><\/div>\n\t\t\t\t\t\t\t<\/div>\n\t\t<\/div>\n\t\t\t\t\t\t<\/div>\n\t\t\t\t<\/div>\n\t\t\t\t<\/div>\n\t\t<div data-marvy_enable_drop_animation=\"false\" data-marvy_enable_fancy_rotate=\"false\" data-marvy_enable_flying_object=\"false\" data-marvy_enable_ripples_animation=\"false\" data-marvy_enable_waves_animation=\"false\" data-marvy_enable_rings_animation=\"false\" data-marvy_enable_topology_animation=\"false\" data-marvy_enable_gradient_animation=\"false\" data-marvy_enable_snow_animation=\"false\" data-marvy_enable_firework_animation=\"false\" data-marvy_enable_cloud_animation=\"false\" class=\"elementor-element elementor-element-114e12d e-flex e-con-boxed e-con e-parent\" data-id=\"114e12d\" data-element_type=\"container\" data-e-type=\"container\">\n\t\t\t\t\t<div class=\"e-con-inner\">\n\t\t\t\t\t<\/div>\n\t\t\t\t<\/div>\n\t\t\t\t<\/div>\n\t\t","protected":false},"excerpt":{"rendered":"<p>\u00a1Felicitaciones Colegas! Despu\u00e9s de a\u00f1os de esfuerzo y dedicaci\u00f3n, ha llegado el momento que todos sue\u00f1an, el acto de colaci\u00f3n. Este logro marca el cierre de una etapa y abre<\/p>\n","protected":false},"author":2,"featured_media":0,"parent":0,"menu_order":0,"comment_status":"closed","ping_status":"closed","template":"elementor_header_footer","meta":{"_joinchat":[],"footnotes":""},"class_list":["post-2550","page","type-page","status-publish","hentry"],"yoast_head":"<!-- This site is optimized with the Yoast SEO plugin v27.4 - https:\/\/yoast.com\/product\/yoast-seo-wordpress\/ -->\n<title>Juras - Graduados FCE<\/title>\n<meta name=\"robots\" content=\"index, follow, max-snippet:-1, max-image-preview:large, max-video-preview:-1\" \/>\n<link rel=\"canonical\" href=\"https:\/\/economicas.uba.ar\/graduados\/juras\/\" \/>\n<meta property=\"og:locale\" content=\"es_ES\" \/>\n<meta property=\"og:type\" content=\"article\" \/>\n<meta property=\"og:title\" content=\"Juras - Graduados FCE\" \/>\n<meta property=\"og:description\" content=\"\u00a1Felicitaciones Colegas! Despu\u00e9s de a\u00f1os de esfuerzo y dedicaci\u00f3n, ha llegado el momento que todos sue\u00f1an, el acto de colaci\u00f3n. Este logro marca el cierre de una etapa y abre\" \/>\n<meta property=\"og:url\" content=\"https:\/\/economicas.uba.ar\/graduados\/juras\/\" \/>\n<meta property=\"og:site_name\" content=\"Graduados FCE\" \/>\n<meta property=\"article:publisher\" content=\"https:\/\/www.facebook.com\/graduadoseconomicas.org\/\" \/>\n<meta property=\"article:modified_time\" content=\"2026-04-01T19:03:46+00:00\" \/>\n<meta name=\"twitter:card\" content=\"summary_large_image\" \/>\n<meta name=\"twitter:label1\" content=\"Tiempo de lectura\" \/>\n\t<meta name=\"twitter:data1\" content=\"1 minuto\" \/>\n<script type=\"application\/ld+json\" class=\"yoast-schema-graph\">{\"@context\":\"https:\\\/\\\/schema.org\",\"@graph\":[{\"@type\":\"WebPage\",\"@id\":\"https:\\\/\\\/economicas.uba.ar\\\/graduados\\\/juras\\\/\",\"url\":\"https:\\\/\\\/economicas.uba.ar\\\/graduados\\\/juras\\\/\",\"name\":\"Juras - Graduados FCE\",\"isPartOf\":{\"@id\":\"https:\\\/\\\/economicas.uba.ar\\\/graduados\\\/#website\"},\"datePublished\":\"2024-09-11T15:13:13+00:00\",\"dateModified\":\"2026-04-01T19:03:46+00:00\",\"breadcrumb\":{\"@id\":\"https:\\\/\\\/economicas.uba.ar\\\/graduados\\\/juras\\\/#breadcrumb\"},\"inLanguage\":\"es-AR\",\"potentialAction\":[{\"@type\":\"ReadAction\",\"target\":[\"https:\\\/\\\/economicas.uba.ar\\\/graduados\\\/juras\\\/\"]}]},{\"@type\":\"BreadcrumbList\",\"@id\":\"https:\\\/\\\/economicas.uba.ar\\\/graduados\\\/juras\\\/#breadcrumb\",\"itemListElement\":[{\"@type\":\"ListItem\",\"position\":1,\"name\":\"Inicio\",\"item\":\"https:\\\/\\\/economicas.uba.ar\\\/graduados\\\/\"},{\"@type\":\"ListItem\",\"position\":2,\"name\":\"Juras\"}]},{\"@type\":\"WebSite\",\"@id\":\"https:\\\/\\\/economicas.uba.ar\\\/graduados\\\/#website\",\"url\":\"https:\\\/\\\/economicas.uba.ar\\\/graduados\\\/\",\"name\":\"Graduados FCE\",\"description\":\"\",\"publisher\":{\"@id\":\"https:\\\/\\\/economicas.uba.ar\\\/graduados\\\/#organization\"},\"potentialAction\":[{\"@type\":\"SearchAction\",\"target\":{\"@type\":\"EntryPoint\",\"urlTemplate\":\"https:\\\/\\\/economicas.uba.ar\\\/graduados\\\/?s={search_term_string}\"},\"query-input\":{\"@type\":\"PropertyValueSpecification\",\"valueRequired\":true,\"valueName\":\"search_term_string\"}}],\"inLanguage\":\"es-AR\"},{\"@type\":\"Organization\",\"@id\":\"https:\\\/\\\/economicas.uba.ar\\\/graduados\\\/#organization\",\"name\":\"Graduados FCE\",\"url\":\"https:\\\/\\\/economicas.uba.ar\\\/graduados\\\/\",\"logo\":{\"@type\":\"ImageObject\",\"inLanguage\":\"es-AR\",\"@id\":\"https:\\\/\\\/economicas.uba.ar\\\/graduados\\\/#\\\/schema\\\/logo\\\/image\\\/\",\"url\":\"https:\\\/\\\/economicas.uba.ar\\\/graduados\\\/wp-content\\\/uploads\\\/cropped-logo_graduados2-01.png\",\"contentUrl\":\"https:\\\/\\\/economicas.uba.ar\\\/graduados\\\/wp-content\\\/uploads\\\/cropped-logo_graduados2-01.png\",\"width\":232,\"height\":75,\"caption\":\"Graduados FCE\"},\"image\":{\"@id\":\"https:\\\/\\\/economicas.uba.ar\\\/graduados\\\/#\\\/schema\\\/logo\\\/image\\\/\"},\"sameAs\":[\"https:\\\/\\\/www.facebook.com\\\/graduadoseconomicas.org\\\/\",\"https:\\\/\\\/www.youtube.com\\\/channel\\\/UCOPub_RS50NaJXWt2lcOGMQ\"]}]}<\/script>\n<!-- \/ Yoast SEO plugin. -->","yoast_head_json":{"title":"Juras - Graduados FCE","robots":{"index":"index","follow":"follow","max-snippet":"max-snippet:-1","max-image-preview":"max-image-preview:large","max-video-preview":"max-video-preview:-1"},"canonical":"https:\/\/economicas.uba.ar\/graduados\/juras\/","og_locale":"es_ES","og_type":"article","og_title":"Juras - Graduados FCE","og_description":"\u00a1Felicitaciones Colegas! Despu\u00e9s de a\u00f1os de esfuerzo y dedicaci\u00f3n, ha llegado el momento que todos sue\u00f1an, el acto de colaci\u00f3n. Este logro marca el cierre de una etapa y abre","og_url":"https:\/\/economicas.uba.ar\/graduados\/juras\/","og_site_name":"Graduados FCE","article_publisher":"https:\/\/www.facebook.com\/graduadoseconomicas.org\/","article_modified_time":"2026-04-01T19:03:46+00:00","twitter_card":"summary_large_image","twitter_misc":{"Tiempo de lectura":"1 minuto"},"schema":{"@context":"https:\/\/schema.org","@graph":[{"@type":"WebPage","@id":"https:\/\/economicas.uba.ar\/graduados\/juras\/","url":"https:\/\/economicas.uba.ar\/graduados\/juras\/","name":"Juras - Graduados FCE","isPartOf":{"@id":"https:\/\/economicas.uba.ar\/graduados\/#website"},"datePublished":"2024-09-11T15:13:13+00:00","dateModified":"2026-04-01T19:03:46+00:00","breadcrumb":{"@id":"https:\/\/economicas.uba.ar\/graduados\/juras\/#breadcrumb"},"inLanguage":"es-AR","potentialAction":[{"@type":"ReadAction","target":["https:\/\/economicas.uba.ar\/graduados\/juras\/"]}]},{"@type":"BreadcrumbList","@id":"https:\/\/economicas.uba.ar\/graduados\/juras\/#breadcrumb","itemListElement":[{"@type":"ListItem","position":1,"name":"Inicio","item":"https:\/\/economicas.uba.ar\/graduados\/"},{"@type":"ListItem","position":2,"name":"Juras"}]},{"@type":"WebSite","@id":"https:\/\/economicas.uba.ar\/graduados\/#website","url":"https:\/\/economicas.uba.ar\/graduados\/","name":"Graduados FCE","description":"","publisher":{"@id":"https:\/\/economicas.uba.ar\/graduados\/#organization"},"potentialAction":[{"@type":"SearchAction","target":{"@type":"EntryPoint","urlTemplate":"https:\/\/economicas.uba.ar\/graduados\/?s={search_term_string}"},"query-input":{"@type":"PropertyValueSpecification","valueRequired":true,"valueName":"search_term_string"}}],"inLanguage":"es-AR"},{"@type":"Organization","@id":"https:\/\/economicas.uba.ar\/graduados\/#organization","name":"Graduados FCE","url":"https:\/\/economicas.uba.ar\/graduados\/","logo":{"@type":"ImageObject","inLanguage":"es-AR","@id":"https:\/\/economicas.uba.ar\/graduados\/#\/schema\/logo\/image\/","url":"https:\/\/economicas.uba.ar\/graduados\/wp-content\/uploads\/cropped-logo_graduados2-01.png","contentUrl":"https:\/\/economicas.uba.ar\/graduados\/wp-content\/uploads\/cropped-logo_graduados2-01.png","width":232,"height":75,"caption":"Graduados FCE"},"image":{"@id":"https:\/\/economicas.uba.ar\/graduados\/#\/schema\/logo\/image\/"},"sameAs":["https:\/\/www.facebook.com\/graduadoseconomicas.org\/","https:\/\/www.youtube.com\/channel\/UCOPub_RS50NaJXWt2lcOGMQ"]}]}},"_links":{"self":[{"href":"https:\/\/economicas.uba.ar\/graduados\/wp-json\/wp\/v2\/pages\/2550","targetHints":{"allow":["GET"]}}],"collection":[{"href":"https:\/\/economicas.uba.ar\/graduados\/wp-json\/wp\/v2\/pages"}],"about":[{"href":"https:\/\/economicas.uba.ar\/graduados\/wp-json\/wp\/v2\/types\/page"}],"author":[{"embeddable":true,"href":"https:\/\/economicas.uba.ar\/graduados\/wp-json\/wp\/v2\/users\/2"}],"replies":[{"embeddable":true,"href":"https:\/\/economicas.uba.ar\/graduados\/wp-json\/wp\/v2\/comments?post=2550"}],"version-history":[{"count":157,"href":"https:\/\/economicas.uba.ar\/graduados\/wp-json\/wp\/v2\/pages\/2550\/revisions"}],"predecessor-version":[{"id":5244,"href":"https:\/\/economicas.uba.ar\/graduados\/wp-json\/wp\/v2\/pages\/2550\/revisions\/5244"}],"wp:attachment":[{"href":"https:\/\/economicas.uba.ar\/graduados\/wp-json\/wp\/v2\/media?parent=2550"}],"curies":[{"name":"wp","href":"https:\/\/api.w.org\/{rel}","templated":true}]}}