{"id":6182,"date":"2024-09-18T12:57:23","date_gmt":"2024-09-18T15:57:23","guid":{"rendered":"https:\/\/economicas.uba.ar\/iiep\/aphym\/?page_id=6182"},"modified":"2024-12-19T13:26:35","modified_gmt":"2024-12-19T16:26:35","slug":"sobreaphym","status":"publish","type":"page","link":"https:\/\/economicas.uba.ar\/iiep\/aphym\/sobreaphym\/","title":{"rendered":"sobreaphym"},"content":{"rendered":"\t\t<div data-elementor-type=\"wp-page\" data-elementor-id=\"6182\" class=\"elementor elementor-6182\">\n\t\t\t\t<div class=\"elementor-element elementor-element-2136c078 e-grid e-con-full e-con e-parent\" data-id=\"2136c078\" data-element_type=\"container\" data-e-type=\"container\" data-settings=\"{&quot;background_background&quot;:&quot;classic&quot;}\">\n\t\t<div class=\"elementor-element elementor-element-65eaafa1 e-flex e-con-boxed e-con e-child\" data-id=\"65eaafa1\" data-element_type=\"container\" data-e-type=\"container\" data-settings=\"{&quot;background_background&quot;:&quot;classic&quot;}\">\n\t\t\t\t\t<div class=\"e-con-inner\">\n\t\t\t\t<div class=\"elementor-element elementor-element-50197f6d elementor-widget__width-inherit elementor-widget elementor-widget-heading\" data-id=\"50197f6d\" data-element_type=\"widget\" data-e-type=\"widget\" data-widget_type=\"heading.default\">\n\t\t\t\t<div class=\"elementor-widget-container\">\n\t\t\t\t\t<p class=\"elementor-heading-title elementor-size-default\"><a href=\"https:\/\/economicas.uba.ar\/iiep\/aphym\">\u00c1rea sobre  <br>Patrimonio Hist\u00f3rico <br>\ny Memoria  <br>de la FCE\n<\/a><\/p>\t\t\t\t<\/div>\n\t\t\t\t<\/div>\n\t\t\t\t\t<\/div>\n\t\t\t\t<\/div>\n\t\t\t\t<div class=\"elementor-element elementor-element-35460368 elementor-widget elementor-widget-ucaddon_uc_simple_overlay_product\" data-id=\"35460368\" data-element_type=\"widget\" data-e-type=\"widget\" data-widget_type=\"ucaddon_uc_simple_overlay_product.default\">\n\t\t\t\t<div class=\"elementor-widget-container\">\n\t\t\t\t\t\n<!-- start Overlay Product Box -->\n\t\t<link id='font-awesome-css' href='https:\/\/economicas.uba.ar\/iiep\/aphym\/wp-content\/plugins\/unlimited-elements-for-elementor\/assets_libraries\/font-awesome6\/fontawesome-all.min.css' type='text\/css' rel='stylesheet' >\n\t\t<link id='font-awesome-4-shim-css' href='https:\/\/economicas.uba.ar\/iiep\/aphym\/wp-content\/plugins\/unlimited-elements-for-elementor\/assets_libraries\/font-awesome6\/fontawesome-v4-shims.min.css' type='text\/css' rel='stylesheet' >\n\n<style>\/* widget: Overlay Product Box *\/\n\n#uc_uc_simple_overlay_product_elementor_35460368 {\n\n     text-align:center;\n     position:relative;\n     overflow:hidden;\n}\n#uc_uc_simple_overlay_product_elementor_35460368 img{\n     width:100%;\n     object-fit: cover;\n     display:block;\n}\n#uc_uc_simple_overlay_product_elementor_35460368 .us_hover_box{\n     width:100%;\n     height:100%;\n     opacity:0;\n     transition: all 0.3s ease-in-out 0s;\n     height:100%;\n     position: absolute;\n     top:0px;\n     left:0px;\n}\n .uc_simple_overlay_product_box .us_hover_box .us_hover_inner_box{\n     position:absolute;\n     left:0px;\n     width:100%;\n     top: 50%;\n     transform: translatey(-50%);\n     transition: all 0.3s ease-in-out 0s;\n}\n.product-name {\n     font-size: 21px;\n\n}\n .uc_simple_overlay_product_box .us_hover_box .us_hover_inner_box .price-box {\n   font-size:14px;\n}\n#uc_uc_simple_overlay_product_elementor_35460368 .uc_more_btn{\n\n  display:inline-block;\n  text-align:center;\n  text-decoration:none;\n}\n\n#uc_uc_simple_overlay_product_elementor_35460368:hover .us_hover_box{\n     display:block;\n     opacity:1;\n}\n .uc_simple_overlay_product_box:hover .us_hover_inner_box{\n     top:50%;\n}\n\n<\/style>\n\n<div class=\"uc_simple_overlay_product_box\" id=\"uc_uc_simple_overlay_product_elementor_35460368\">\n    \t  <img decoding=\"async\" src=\"https:\/\/economicas.uba.ar\/iiep\/aphym\/wp-content\/uploads\/aphym_1.jpg\"  alt=\"\"\/>\n          <a href=\"#\" >\n          <div class=\"us_hover_box\">\n        \t<div class=\"us_hover_inner_box\">\n                <p class=\"product-name\">Facultad de Ciencias M\u00e9dicas <br> Actual Sede FCE<\/p>\t\n                                <p class=\"price-box\">1905<\/p>                            <\/div>\n        <\/div> \n        <\/a>\n<\/div>\n<!-- end Overlay Product Box -->\t\t\t\t<\/div>\n\t\t\t\t<\/div>\n\t\t\t\t<div class=\"elementor-element elementor-element-1661a0a6 elementor-widget elementor-widget-ucaddon_uc_simple_overlay_product\" data-id=\"1661a0a6\" data-element_type=\"widget\" data-e-type=\"widget\" data-widget_type=\"ucaddon_uc_simple_overlay_product.default\">\n\t\t\t\t<div class=\"elementor-widget-container\">\n\t\t\t\t\t\n<!-- start Overlay Product Box -->\n\n<style>\/* widget: Overlay Product Box *\/\n\n#uc_uc_simple_overlay_product_elementor_1661a0a6 {\n\n     text-align:center;\n     position:relative;\n     overflow:hidden;\n}\n#uc_uc_simple_overlay_product_elementor_1661a0a6 img{\n     width:100%;\n     object-fit: cover;\n     display:block;\n}\n#uc_uc_simple_overlay_product_elementor_1661a0a6 .us_hover_box{\n     width:100%;\n     height:100%;\n     opacity:0;\n     transition: all 0.3s ease-in-out 0s;\n     height:100%;\n     position: absolute;\n     top:0px;\n     left:0px;\n}\n .uc_simple_overlay_product_box .us_hover_box .us_hover_inner_box{\n     position:absolute;\n     left:0px;\n     width:100%;\n     top: 50%;\n     transform: translatey(-50%);\n     transition: all 0.3s ease-in-out 0s;\n}\n.product-name {\n     font-size: 21px;\n\n}\n .uc_simple_overlay_product_box .us_hover_box .us_hover_inner_box .price-box {\n   font-size:14px;\n}\n#uc_uc_simple_overlay_product_elementor_1661a0a6 .uc_more_btn{\n\n  display:inline-block;\n  text-align:center;\n  text-decoration:none;\n}\n\n#uc_uc_simple_overlay_product_elementor_1661a0a6:hover .us_hover_box{\n     display:block;\n     opacity:1;\n}\n .uc_simple_overlay_product_box:hover .us_hover_inner_box{\n     top:50%;\n}\n\n<\/style>\n\n<div class=\"uc_simple_overlay_product_box\" id=\"uc_uc_simple_overlay_product_elementor_1661a0a6\">\n    \t  <img decoding=\"async\" src=\"https:\/\/economicas.uba.ar\/iiep\/aphym\/wp-content\/uploads\/fachada-actual.jpg\"  alt=\"\"\/>\n          <a href=\"#\" >\n          <div class=\"us_hover_box\">\n        \t<div class=\"us_hover_inner_box\">\n                <p class=\"product-name\"> Facultad de Ciencias Econ\u00f3micas<\/p>\t\n                                <p class=\"price-box\">2024<\/p>                            <\/div>\n        <\/div> \n        <\/a>\n<\/div>\n<!-- end Overlay Product Box -->\t\t\t\t<\/div>\n\t\t\t\t<\/div>\n\t\t\t\t<\/div>\n\t\t<div class=\"elementor-element elementor-element-f1cae41 e-grid e-con-full e-con e-parent\" data-id=\"f1cae41\" data-element_type=\"container\" data-e-type=\"container\" data-settings=\"{&quot;background_background&quot;:&quot;classic&quot;}\">\n\t\t\t\t<div class=\"elementor-element elementor-element-1950e2e elementor-widget elementor-widget-button\" data-id=\"1950e2e\" data-element_type=\"widget\" data-e-type=\"widget\" data-widget_type=\"button.default\">\n\t\t\t\t<div class=\"elementor-widget-container\">\n\t\t\t\t\t\t\t\t\t<div class=\"elementor-button-wrapper\">\n\t\t\t\t\t<a class=\"elementor-button elementor-button-link elementor-size-sm\" href=\"https:\/\/economicas.uba.ar\/iiep\/aphym\/sobreaphym\/\">\n\t\t\t\t\t\t<span class=\"elementor-button-content-wrapper\">\n\t\t\t\t\t\t\t\t\t<span class=\"elementor-button-text\">Sobre el \u00c1rea<\/span>\n\t\t\t\t\t<\/span>\n\t\t\t\t\t<\/a>\n\t\t\t\t<\/div>\n\t\t\t\t\t\t\t\t<\/div>\n\t\t\t\t<\/div>\n\t\t\t\t<div class=\"elementor-element elementor-element-ff9aae2 elementor-widget elementor-widget-button\" data-id=\"ff9aae2\" data-element_type=\"widget\" data-e-type=\"widget\" data-widget_type=\"button.default\">\n\t\t\t\t<div class=\"elementor-widget-container\">\n\t\t\t\t\t\t\t\t\t<div class=\"elementor-button-wrapper\">\n\t\t\t\t\t<a class=\"elementor-button elementor-button-link elementor-size-sm\" href=\"https:\/\/economicas.uba.ar\/iiep\/aphym\/integrantes\/\">\n\t\t\t\t\t\t<span class=\"elementor-button-content-wrapper\">\n\t\t\t\t\t\t\t\t\t<span class=\"elementor-button-text\">Integrantes<\/span>\n\t\t\t\t\t<\/span>\n\t\t\t\t\t<\/a>\n\t\t\t\t<\/div>\n\t\t\t\t\t\t\t\t<\/div>\n\t\t\t\t<\/div>\n\t\t\t\t<div class=\"elementor-element elementor-element-3b8803b elementor-widget elementor-widget-button\" data-id=\"3b8803b\" data-element_type=\"widget\" data-e-type=\"widget\" data-widget_type=\"button.default\">\n\t\t\t\t<div class=\"elementor-widget-container\">\n\t\t\t\t\t\t\t\t\t<div class=\"elementor-button-wrapper\">\n\t\t\t\t\t<a class=\"elementor-button elementor-button-link elementor-size-sm\" href=\"https:\/\/economicas.uba.ar\/iiep\/aphym\/proyecto\">\n\t\t\t\t\t\t<span class=\"elementor-button-content-wrapper\">\n\t\t\t\t\t\t\t\t\t<span class=\"elementor-button-text\">Proyecto de investigaci\u00f3n<\/span>\n\t\t\t\t\t<\/span>\n\t\t\t\t\t<\/a>\n\t\t\t\t<\/div>\n\t\t\t\t\t\t\t\t<\/div>\n\t\t\t\t<\/div>\n\t\t\t\t<\/div>\n\t\t<div class=\"elementor-element elementor-element-d0dc9e3 e-con-full e-grid e-con e-parent\" data-id=\"d0dc9e3\" data-element_type=\"container\" data-e-type=\"container\" data-settings=\"{&quot;background_background&quot;:&quot;classic&quot;}\">\n\t\t<div class=\"elementor-element elementor-element-eaecba3 e-flex e-con-boxed e-con e-child\" data-id=\"eaecba3\" data-element_type=\"container\" data-e-type=\"container\" data-settings=\"{&quot;background_background&quot;:&quot;classic&quot;}\">\n\t\t\t\t\t<div class=\"e-con-inner\">\n\t\t\t\t<div class=\"elementor-element elementor-element-d830147 elementor-widget elementor-widget-heading\" data-id=\"d830147\" data-element_type=\"widget\" data-e-type=\"widget\" data-widget_type=\"heading.default\">\n\t\t\t\t<div class=\"elementor-widget-container\">\n\t\t\t\t\t<p class=\"elementor-heading-title elementor-size-default\">Sobre APHyM\n <br>\n_<\/p>\t\t\t\t<\/div>\n\t\t\t\t<\/div>\n\t\t\t\t\t<\/div>\n\t\t\t\t<\/div>\n\t\t\t\t<\/div>\n\t\t<div class=\"elementor-element elementor-element-1a979b5 e-con-full e-grid e-con e-parent\" data-id=\"1a979b5\" data-element_type=\"container\" data-e-type=\"container\" data-settings=\"{&quot;background_background&quot;:&quot;classic&quot;}\">\n\t\t\t\t<div class=\"elementor-element elementor-element-6919934 elementor-widget elementor-widget-text-editor\" data-id=\"6919934\" data-element_type=\"widget\" data-e-type=\"widget\" data-widget_type=\"text-editor.default\">\n\t\t\t\t<div class=\"elementor-widget-container\">\n\t\t\t\t\t\t\t\t\t<p><span style=\"font-weight: 400;\">Los objetivos del \u00c1rea son investigar, recopilar, conservar, digitalizar, poner en <\/span><span style=\"font-weight: 400;\">valor y generar accesibilidad al patrimonio expresado principalmente a trav\u00e9s <\/span><span style=\"font-weight: 400;\">del acervo documental de las resoluciones Decano, Consejo Directivo, de su <\/span><span style=\"font-weight: 400;\">biblioteca y de los legajos personales de sus integrantes, fichas de personal y <\/span><span style=\"font-weight: 400;\">archivos de alumnos. Adem\u00e1s, recuperar la memoria hist\u00f3rica de la Facultad a <\/span><span style=\"font-weight: 400;\">trav\u00e9s de la realizaci\u00f3n de entrevistas en profundidad a diversos integrantes de <\/span><span style=\"font-weight: 400;\">la Facultad.<\/span><\/p><p><span style=\"font-weight: 400;\">En consonancia con estos objetivos est\u00e1 en desarrollo el Proyecto <\/span><strong>\u201cRecuperaci\u00f3n, preservaci\u00f3n y estudio del patrimonio hist\u00f3rico oral y escrito de la <\/strong><strong>Facultad de Ciencias Econ\u00f3micas\u201d.<\/strong><\/p><p><span style=\"font-weight: 400;\">En este marco se est\u00e1 trabajando en la digitalizaci\u00f3n de algunos documentos <\/span><span style=\"font-weight: 400;\">en el Archivo General de la Facultad y, adem\u00e1s, se ha creado un Archivo Oral, las<\/span><span style=\"font-weight: 400;\"> entrevistas realizadas pueden verse en el canal de <strong>YouTube <a href=\"https:\/\/www.youtube.com\/playlist?list=PLWyejP97D_kDT0tkaraeSBB94YISlMJ6y\" target=\"_blank\" rel=\"noopener\">+<\/a><\/strong><\/span><\/p><p><span style=\"font-weight: 400;\">Tanto las entrevistas del Archivo Oral como los documentos estar\u00e1n disponibles tambi\u00e9n en Biblioteca Digital.<\/span><\/p>\t\t\t\t\t\t\t\t<\/div>\n\t\t\t\t<\/div>\n\t\t\t\t<\/div>\n\t\t\t\t<section class=\"elementor-section elementor-top-section elementor-element elementor-element-f0a0eb8 elementor-section-full_width elementor-section-stretched elementor-section-height-default elementor-section-height-default\" data-id=\"f0a0eb8\" data-element_type=\"section\" data-e-type=\"section\" data-settings=\"{&quot;background_background&quot;:&quot;classic&quot;,&quot;stretch_section&quot;:&quot;section-stretched&quot;}\">\n\t\t\t\t\t\t<div class=\"elementor-container elementor-column-gap-default\">\n\t\t\t\t\t<div class=\"elementor-column elementor-col-100 elementor-top-column elementor-element elementor-element-3868d98\" data-id=\"3868d98\" data-element_type=\"column\" data-e-type=\"column\" data-settings=\"{&quot;background_background&quot;:&quot;classic&quot;}\">\n\t\t\t<div class=\"elementor-widget-wrap elementor-element-populated\">\n\t\t\t\t\t\t<section class=\"elementor-section elementor-inner-section elementor-element elementor-element-0a5f7a7 elementor-section-boxed elementor-section-height-default elementor-section-height-default\" data-id=\"0a5f7a7\" data-element_type=\"section\" data-e-type=\"section\" data-settings=\"{&quot;background_background&quot;:&quot;classic&quot;}\">\n\t\t\t\t\t\t<div class=\"elementor-container elementor-column-gap-default\">\n\t\t\t\t\t<div class=\"elementor-column elementor-col-100 elementor-inner-column elementor-element elementor-element-43efb7f\" data-id=\"43efb7f\" data-element_type=\"column\" data-e-type=\"column\">\n\t\t\t<div class=\"elementor-widget-wrap elementor-element-populated\">\n\t\t\t\t\t\t<div class=\"elementor-element elementor-element-b8b6b63 elementor-widget elementor-widget-heading\" data-id=\"b8b6b63\" data-element_type=\"widget\" data-e-type=\"widget\" data-widget_type=\"heading.default\">\n\t\t\t\t<div class=\"elementor-widget-container\">\n\t\t\t\t\t<h2 class=\"elementor-heading-title elementor-size-default\">Los materiales constituyen fuentes de an\u00e1lisis para las investigaciones realizadas por APHyM. <\/h2>\t\t\t\t<\/div>\n\t\t\t\t<\/div>\n\t\t\t\t\t<\/div>\n\t\t<\/div>\n\t\t\t\t\t<\/div>\n\t\t<\/section>\n\t\t\t\t\t<\/div>\n\t\t<\/div>\n\t\t\t\t\t<\/div>\n\t\t<\/section>\n\t\t\t\t<section class=\"elementor-section elementor-top-section elementor-element elementor-element-150db8e elementor-section-full_width elementor-section-stretched elementor-section-height-default elementor-section-height-default\" data-id=\"150db8e\" data-element_type=\"section\" data-e-type=\"section\" data-settings=\"{&quot;stretch_section&quot;:&quot;section-stretched&quot;,&quot;background_background&quot;:&quot;classic&quot;}\">\n\t\t\t\t\t\t\t<div class=\"elementor-background-overlay\"><\/div>\n\t\t\t\t\t\t\t<div class=\"elementor-container elementor-column-gap-default\">\n\t\t\t\t\t<div class=\"elementor-column elementor-col-100 elementor-top-column elementor-element elementor-element-512ae13\" data-id=\"512ae13\" data-element_type=\"column\" data-e-type=\"column\">\n\t\t\t<div class=\"elementor-widget-wrap elementor-element-populated\">\n\t\t\t\t\t\t<section class=\"elementor-section elementor-inner-section elementor-element elementor-element-fcbd3c3 elementor-section-boxed elementor-section-height-default elementor-section-height-default\" data-id=\"fcbd3c3\" data-element_type=\"section\" data-e-type=\"section\">\n\t\t\t\t\t\t\t<div class=\"elementor-background-overlay\"><\/div>\n\t\t\t\t\t\t\t<div class=\"elementor-container elementor-column-gap-default\">\n\t\t\t\t\t<div class=\"elementor-column elementor-col-33 elementor-inner-column elementor-element elementor-element-db27cb3\" data-id=\"db27cb3\" data-element_type=\"column\" data-e-type=\"column\">\n\t\t\t<div class=\"elementor-widget-wrap elementor-element-populated\">\n\t\t\t\t<div class=\"elementor-element elementor-element-780adcd e-grid e-con-boxed e-con e-parent\" data-id=\"780adcd\" data-element_type=\"container\" data-e-type=\"container\">\n\t\t\t\t\t<div class=\"e-con-inner\">\n\t\t\t\t<div class=\"elementor-element elementor-element-3bcee5d elementor-view-framed elementor-shape-circle elementor-widget elementor-widget-icon\" data-id=\"3bcee5d\" data-element_type=\"widget\" data-e-type=\"widget\" data-widget_type=\"icon.default\">\n\t\t\t\t<div class=\"elementor-widget-container\">\n\t\t\t\t\t\t\t<div class=\"elementor-icon-wrapper\">\n\t\t\t<a class=\"elementor-icon\" href=\"\">\n\t\t\t<i aria-hidden=\"true\" class=\"far fa-envelope\"><\/i>\t\t\t<\/a>\n\t\t<\/div>\n\t\t\t\t\t\t<\/div>\n\t\t\t\t<\/div>\n\t\t\t\t\t<\/div>\n\t\t\t\t<\/div>\n\t\t\t\t\t<\/div>\n\t\t<\/div>\n\t\t\t\t<div class=\"elementor-column elementor-col-33 elementor-inner-column elementor-element elementor-element-f14ab59\" data-id=\"f14ab59\" data-element_type=\"column\" data-e-type=\"column\">\n\t\t\t<div class=\"elementor-widget-wrap elementor-element-populated\">\n\t\t\t\t\t\t<div class=\"elementor-element elementor-element-b2c1fe0 elementor-view-framed elementor-shape-circle elementor-widget elementor-widget-icon\" data-id=\"b2c1fe0\" data-element_type=\"widget\" data-e-type=\"widget\" data-widget_type=\"icon.default\">\n\t\t\t\t<div class=\"elementor-widget-container\">\n\t\t\t\t\t\t\t<div class=\"elementor-icon-wrapper\">\n\t\t\t<a class=\"elementor-icon\" href=\"https:\/\/x.com\/iiep_oficial\" target=\"_blank\">\n\t\t\t<i aria-hidden=\"true\" class=\"fab fa-x-twitter\"><\/i>\t\t\t<\/a>\n\t\t<\/div>\n\t\t\t\t\t\t<\/div>\n\t\t\t\t<\/div>\n\t\t\t\t\t<\/div>\n\t\t<\/div>\n\t\t\t\t<div class=\"elementor-column elementor-col-33 elementor-inner-column elementor-element elementor-element-715975b\" data-id=\"715975b\" data-element_type=\"column\" data-e-type=\"column\">\n\t\t\t<div class=\"elementor-widget-wrap elementor-element-populated\">\n\t\t\t\t\t\t<div class=\"elementor-element elementor-element-339ea4a elementor-view-framed elementor-shape-circle elementor-widget elementor-widget-icon\" data-id=\"339ea4a\" data-element_type=\"widget\" data-e-type=\"widget\" data-widget_type=\"icon.default\">\n\t\t\t\t<div class=\"elementor-widget-container\">\n\t\t\t\t\t\t\t<div class=\"elementor-icon-wrapper\">\n\t\t\t<a class=\"elementor-icon\" href=\"https:\/\/www.youtube.com\/playlist?list=PLWyejP97D_kDT0tkaraeSBB94YISlMJ6y\" target=\"_blank\">\n\t\t\t<i aria-hidden=\"true\" class=\"fab fa-youtube\"><\/i>\t\t\t<\/a>\n\t\t<\/div>\n\t\t\t\t\t\t<\/div>\n\t\t\t\t<\/div>\n\t\t\t\t\t<\/div>\n\t\t<\/div>\n\t\t\t\t\t<\/div>\n\t\t<\/section>\n\t\t\t\t\t<\/div>\n\t\t<\/div>\n\t\t\t\t\t<\/div>\n\t\t<\/section>\n\t\t<div class=\"elementor-element elementor-element-78641bcc e-flex e-con-boxed e-con e-parent\" data-id=\"78641bcc\" data-element_type=\"container\" data-e-type=\"container\" data-settings=\"{&quot;background_background&quot;:&quot;classic&quot;}\">\n\t\t\t\t\t<div class=\"e-con-inner\">\n\t\t<div class=\"elementor-element elementor-element-59baceb8 e-grid e-con-boxed e-con e-child\" data-id=\"59baceb8\" data-element_type=\"container\" data-e-type=\"container\">\n\t\t\t\t\t<div class=\"e-con-inner\">\n\t\t\t\t<div class=\"elementor-element elementor-element-79832c7b elementor-widget elementor-widget-image\" data-id=\"79832c7b\" data-element_type=\"widget\" data-e-type=\"widget\" data-widget_type=\"image.default\">\n\t\t\t\t<div class=\"elementor-widget-container\">\n\t\t\t\t\t\t\t\t\t\t\t\t\t\t\t\t<a href=\"https:\/\/iiep.economicas.uba.ar\/\" target=\"_blank\">\n\t\t\t\t\t\t\t<img fetchpriority=\"high\" decoding=\"async\" width=\"300\" height=\"177\" src=\"https:\/\/economicas.uba.ar\/iiep\/aphym\/wp-content\/uploads\/IIEP_sinfondo-300x177.png\" class=\"attachment-medium size-medium wp-image-6029\" alt=\"\" srcset=\"https:\/\/economicas.uba.ar\/iiep\/aphym\/wp-content\/uploads\/IIEP_sinfondo-300x177.png 300w, https:\/\/economicas.uba.ar\/iiep\/aphym\/wp-content\/uploads\/IIEP_sinfondo.png 606w\" sizes=\"(max-width: 300px) 100vw, 300px\" \/>\t\t\t\t\t\t\t\t<\/a>\n\t\t\t\t\t\t\t\t\t\t\t\t\t\t\t<\/div>\n\t\t\t\t<\/div>\n\t\t<div class=\"elementor-element elementor-element-55ae1278 e-grid e-con-full e-con e-child\" data-id=\"55ae1278\" data-element_type=\"container\" data-e-type=\"container\">\n\t\t\t\t<div class=\"elementor-element elementor-element-168e0a25 elementor-widget elementor-widget-image\" data-id=\"168e0a25\" data-element_type=\"widget\" data-e-type=\"widget\" data-widget_type=\"image.default\">\n\t\t\t\t<div class=\"elementor-widget-container\">\n\t\t\t\t\t\t\t\t\t\t\t\t\t\t\t\t<a href=\"https:\/\/iiep.economicas.uba.ar\/\" target=\"_blank\">\n\t\t\t\t\t\t\t<img decoding=\"async\" width=\"300\" height=\"118\" src=\"https:\/\/economicas.uba.ar\/iiep\/aphym\/wp-content\/uploads\/FCE-300x118.png\" class=\"attachment-medium size-medium wp-image-6457\" alt=\"\" srcset=\"https:\/\/economicas.uba.ar\/iiep\/aphym\/wp-content\/uploads\/FCE-300x118.png 300w, https:\/\/economicas.uba.ar\/iiep\/aphym\/wp-content\/uploads\/FCE.png 634w\" sizes=\"(max-width: 300px) 100vw, 300px\" \/>\t\t\t\t\t\t\t\t<\/a>\n\t\t\t\t\t\t\t\t\t\t\t\t\t\t\t<\/div>\n\t\t\t\t<\/div>\n\t\t\t\t<\/div>\n\t\t\t\t<div class=\"elementor-element elementor-element-fcb601b elementor-widget elementor-widget-text-editor\" data-id=\"fcb601b\" data-element_type=\"widget\" data-e-type=\"widget\" data-widget_type=\"text-editor.default\">\n\t\t\t\t<div class=\"elementor-widget-container\">\n\t\t\t\t\t\t\t\t\t<p>Av. C\u00f3rdoba 2122 &#8211; 1\u00b0 piso (C1120 AAQ)<br \/>Ciudad Aut\u00f3noma de Buenos Aires |\u00a0 Argentina<br \/>Tel\/fax: +54 11 5285-6578\u00a0<\/p>\t\t\t\t\t\t\t\t<\/div>\n\t\t\t\t<\/div>\n\t\t\t\t\t<\/div>\n\t\t\t\t<\/div>\n\t\t\t\t\t<\/div>\n\t\t\t\t<\/div>\n\t\t\t\t<\/div>\n\t\t","protected":false},"excerpt":{"rendered":"<p>\u00c1rea sobre Patrimonio Hist\u00f3rico y Memoria de la FCE Facultad de Ciencias M\u00e9dicas Actual Sede FCE 1905 Facultad de Ciencias Econ\u00f3micas 2024 Sobre el \u00c1rea Integrantes Proyecto de investigaci\u00f3n Sobre<\/p>\n","protected":false},"author":8,"featured_media":0,"parent":0,"menu_order":0,"comment_status":"closed","ping_status":"closed","template":"elementor_canvas","meta":{"footnotes":""},"class_list":["post-6182","page","type-page","status-publish","hentry"],"_links":{"self":[{"href":"https:\/\/economicas.uba.ar\/iiep\/aphym\/wp-json\/wp\/v2\/pages\/6182","targetHints":{"allow":["GET"]}}],"collection":[{"href":"https:\/\/economicas.uba.ar\/iiep\/aphym\/wp-json\/wp\/v2\/pages"}],"about":[{"href":"https:\/\/economicas.uba.ar\/iiep\/aphym\/wp-json\/wp\/v2\/types\/page"}],"author":[{"embeddable":true,"href":"https:\/\/economicas.uba.ar\/iiep\/aphym\/wp-json\/wp\/v2\/users\/8"}],"replies":[{"embeddable":true,"href":"https:\/\/economicas.uba.ar\/iiep\/aphym\/wp-json\/wp\/v2\/comments?post=6182"}],"version-history":[{"count":47,"href":"https:\/\/economicas.uba.ar\/iiep\/aphym\/wp-json\/wp\/v2\/pages\/6182\/revisions"}],"predecessor-version":[{"id":6691,"href":"https:\/\/economicas.uba.ar\/iiep\/aphym\/wp-json\/wp\/v2\/pages\/6182\/revisions\/6691"}],"wp:attachment":[{"href":"https:\/\/economicas.uba.ar\/iiep\/aphym\/wp-json\/wp\/v2\/media?parent=6182"}],"curies":[{"name":"wp","href":"https:\/\/api.w.org\/{rel}","templated":true}]}}