{"id":5167,"date":"2024-04-20T20:56:10","date_gmt":"2024-04-20T23:56:10","guid":{"rendered":"https:\/\/economicas.uba.ar\/iiep\/mesi\/?page_id=5167"},"modified":"2026-03-05T12:25:15","modified_gmt":"2026-03-05T15:25:15","slug":"que-hacemos","status":"publish","type":"page","link":"https:\/\/economicas.uba.ar\/iiep\/mesi\/que-hacemos\/","title":{"rendered":"Que hacemos"},"content":{"rendered":"\t\t<div data-elementor-type=\"wp-page\" data-elementor-id=\"5167\" class=\"elementor elementor-5167\" data-elementor-post-type=\"page\">\n\t\t\t\t<div class=\"elementor-element elementor-element-8b66412 e-flex e-con-boxed e-con e-parent\" data-id=\"8b66412\" data-element_type=\"container\" data-e-type=\"container\">\n\t\t\t\t\t<div class=\"e-con-inner\">\n\t\t\t\t\t<\/div>\n\t\t\t\t<\/div>\n\t\t<div class=\"elementor-element elementor-element-1d7d8c48 e-flex e-con-boxed e-con e-parent\" data-id=\"1d7d8c48\" data-element_type=\"container\" data-e-type=\"container\">\n\t\t\t\t\t<div class=\"e-con-inner\">\n\t\t\t\t<div class=\"elementor-element elementor-element-620fea7 elementor-widget elementor-widget-text-editor\" data-id=\"620fea7\" data-element_type=\"widget\" data-e-type=\"widget\" data-widget_type=\"text-editor.default\">\n\t\t\t\t<div class=\"elementor-widget-container\">\n\t\t\t\t\t\t\t\t\t<h6>El \u00c1rea de Modelos Econ\u00f3micos de Simulaci\u00f3n (MESi) se ha consolidado dentro del IIEP con el objetivo de trabajar en el desarrollo de modelos econ\u00f3micos de simulaci\u00f3n, tales como modelos multisectoriales de insumo-producto y de equilibrio general computado (nacionales y regionales), modelos sectoriales de equilibrio parcial, modelos de redes de energ\u00eda y modelos de fronteras de eficiencia, entre otros.\u00a0<\/h6><h6>\u00a0<\/h6><h6>Adicionalmente, el equipo investiga metodolog\u00edas de estimaci\u00f3n de datos necesarios para dichos modelos, en particular bajo condiciones de informaci\u00f3n incompleta o faltante. Estas metodolog\u00edas se aplican para la construcci\u00f3n de Matrices Insumo-Producto y Matrices de Contabilidad Social, as\u00ed como a datos anexos necesarios para la calibraci\u00f3n de los modelos computados. Estas metodolog\u00edas se tornan indispensables cuando los modelos requieren un nivel detallado de desagregaci\u00f3n regional y sectorial, permitiendo trabajar con modelos aplicados a pa\u00edses, regiones (provincias o pa\u00edses) y ciudades.<\/h6><h6>\u00a0<\/h6><h6>Entre otros objetivos, el desarrollo de estos modelos aplicados tiene por fin la evaluaci\u00f3n de pol\u00edticas p\u00fablicas (ej. aranceles, subsidios, etc.) o bien de shocks ex\u00f3genos que pueden impactar sobre alg\u00fan sector o regi\u00f3n en particular (ej. mejoras de productividad o eficiencia, cambio en precios internacionales de commodities agr\u00edcolas o energ\u00e9ticos, etc.).<\/h6><h6>\u00a0<\/h6><h6>Las aplicaciones que viene realizando este equipo de trabajo son variadas y se corresponden con las \u00e1reas tem\u00e1ticas de:<\/h6><p>\u00a0<\/p><ul><li><h6>&#8211; Comercio Internacional (Acuerdos de Comercio sobre Bienes Ambientales, Negociaciones entre la Uni\u00f3n Europea y el Mercosur)<\/h6><\/li><li><h6>&#8211; Energ\u00eda (Impacto econ\u00f3mico de Vaca Muerta sobre Neuqu\u00e9n y Argentina, evaluaci\u00f3n del desempe\u00f1o de redes el\u00e9ctricas inteligentes),<\/h6><\/li><li><h6>&#8211; Agricultura (Estimaci\u00f3n de Demanda de Biomasa en Argentina, Seguridad alimentaria y nutrici\u00f3n),<\/h6><\/li><li><h6>&#8211; Ambiente (Contaminaci\u00f3n del aire en CABA y el costo de salud, Pol\u00edticas de Mitigaci\u00f3n de Cambio Clim\u00e1tico en Argentina)<\/h6><\/li><li><h6>&#8211; Metodolog\u00eda (desarrollo de software de aplicaci\u00f3n para construir matrices regionales).<\/h6><\/li><\/ul>\t\t\t\t\t\t\t\t<\/div>\n\t\t\t\t<\/div>\n\t\t\t\t\t<\/div>\n\t\t\t\t<\/div>\n\t\t<div class=\"elementor-element elementor-element-ee7a105 e-flex e-con-boxed e-con e-parent\" data-id=\"ee7a105\" data-element_type=\"container\" data-e-type=\"container\">\n\t\t\t\t\t<div class=\"e-con-inner\">\n\t\t\t\t<div class=\"elementor-element elementor-element-a76c8cf elementor-widget elementor-widget-spacer\" data-id=\"a76c8cf\" data-element_type=\"widget\" data-e-type=\"widget\" data-widget_type=\"spacer.default\">\n\t\t\t\t<div class=\"elementor-widget-container\">\n\t\t\t\t\t\t\t<div class=\"elementor-spacer\">\n\t\t\t<div class=\"elementor-spacer-inner\"><\/div>\n\t\t<\/div>\n\t\t\t\t\t\t<\/div>\n\t\t\t\t<\/div>\n\t\t\t\t\t<\/div>\n\t\t\t\t<\/div>\n\t\t<div class=\"elementor-element elementor-element-c2936e4 e-flex e-con-boxed e-con e-parent\" data-id=\"c2936e4\" data-element_type=\"container\" data-e-type=\"container\" data-settings=\"{&quot;background_background&quot;:&quot;classic&quot;}\">\n\t\t\t\t\t<div class=\"e-con-inner\">\n\t\t\t\t<div class=\"elementor-element elementor-element-43f3c7e elementor-widget elementor-widget-heading\" data-id=\"43f3c7e\" data-element_type=\"widget\" data-e-type=\"widget\" data-widget_type=\"heading.default\">\n\t\t\t\t<div class=\"elementor-widget-container\">\n\t\t\t\t\t<h4 class=\"elementor-heading-title elementor-size-default\"><a href=\"https:\/\/v3.envialosimple.com\/form\/renderwidget\/format\/html\/AdministratorID\/194210\/FormID\/4\/Lang\/es\">\u00bfQuer\u00e9s conocer \nnuestras novedades?\nSumate a nuestra \nlista de correo<\/a><\/h4>\t\t\t\t<\/div>\n\t\t\t\t<\/div>\n\t\t\t\t\t<\/div>\n\t\t\t\t<\/div>\n\t\t<div class=\"elementor-element elementor-element-101eb98 e-flex e-con-boxed e-con e-parent\" data-id=\"101eb98\" data-element_type=\"container\" data-e-type=\"container\" data-settings=\"{&quot;background_background&quot;:&quot;classic&quot;}\">\n\t\t\t\t\t<div class=\"e-con-inner\">\n\t\t<div class=\"elementor-element elementor-element-83c3460 e-con-full e-flex e-con e-child\" data-id=\"83c3460\" data-element_type=\"container\" data-e-type=\"container\">\n\t\t\t\t<div class=\"elementor-element elementor-element-0145892 elementor-view-framed elementor-shape-circle elementor-widget elementor-widget-icon\" data-id=\"0145892\" data-element_type=\"widget\" data-e-type=\"widget\" data-widget_type=\"icon.default\">\n\t\t\t\t<div class=\"elementor-widget-container\">\n\t\t\t\t\t\t\t<div class=\"elementor-icon-wrapper\">\n\t\t\t<a class=\"elementor-icon\" href=\"https:\/\/mail.google.com\/mail\/u\/0\/#inbox?compose=DmwnWtDrQxLwVbfdlbwXTzTlBfhzJprglzkJJLnpHPxDJCCRqtWRmHwgVMFgmMVfNcqGSvnxWpqB\" target=\"_blank\">\n\t\t\t<i aria-hidden=\"true\" class=\"far fa-envelope\"><\/i>\t\t\t<\/a>\n\t\t<\/div>\n\t\t\t\t\t\t<\/div>\n\t\t\t\t<\/div>\n\t\t\t\t<\/div>\n\t\t<div class=\"elementor-element elementor-element-e9c2fed e-con-full e-flex e-con e-child\" data-id=\"e9c2fed\" data-element_type=\"container\" data-e-type=\"container\">\n\t\t\t\t<div class=\"elementor-element elementor-element-67a0711 elementor-view-framed elementor-shape-circle elementor-widget elementor-widget-icon\" data-id=\"67a0711\" data-element_type=\"widget\" data-e-type=\"widget\" data-widget_type=\"icon.default\">\n\t\t\t\t<div class=\"elementor-widget-container\">\n\t\t\t\t\t\t\t<div class=\"elementor-icon-wrapper\">\n\t\t\t<a class=\"elementor-icon\" href=\"https:\/\/www.youtube.com\/@mesi_iiep\" target=\"_blank\">\n\t\t\t<i aria-hidden=\"true\" class=\"fab fa-youtube\"><\/i>\t\t\t<\/a>\n\t\t<\/div>\n\t\t\t\t\t\t<\/div>\n\t\t\t\t<\/div>\n\t\t\t\t<\/div>\n\t\t<div class=\"elementor-element elementor-element-f590bcf e-con-full e-flex e-con e-child\" data-id=\"f590bcf\" data-element_type=\"container\" data-e-type=\"container\">\n\t\t\t\t<div class=\"elementor-element elementor-element-eb54a6f elementor-view-framed elementor-shape-circle elementor-widget elementor-widget-icon\" data-id=\"eb54a6f\" data-element_type=\"widget\" data-e-type=\"widget\" data-widget_type=\"icon.default\">\n\t\t\t\t<div class=\"elementor-widget-container\">\n\t\t\t\t\t\t\t<div class=\"elementor-icon-wrapper\">\n\t\t\t<a class=\"elementor-icon\" href=\"https:\/\/x.com\/mesi_iiep\" target=\"_blank\">\n\t\t\t<i aria-hidden=\"true\" class=\"fab fa-x-twitter\"><\/i>\t\t\t<\/a>\n\t\t<\/div>\n\t\t\t\t\t\t<\/div>\n\t\t\t\t<\/div>\n\t\t\t\t<\/div>\n\t\t<div class=\"elementor-element elementor-element-758100d e-con-full e-flex e-con e-child\" data-id=\"758100d\" data-element_type=\"container\" data-e-type=\"container\">\n\t\t\t\t<div class=\"elementor-element elementor-element-9a186a0 elementor-view-framed elementor-shape-circle elementor-widget elementor-widget-icon\" data-id=\"9a186a0\" data-element_type=\"widget\" data-e-type=\"widget\" data-widget_type=\"icon.default\">\n\t\t\t\t<div class=\"elementor-widget-container\">\n\t\t\t\t\t\t\t<div class=\"elementor-icon-wrapper\">\n\t\t\t<a class=\"elementor-icon\" href=\"http:\/\/instagram.com\/mesi.iiep\/\">\n\t\t\t<i aria-hidden=\"true\" class=\"fab fa-instagram\"><\/i>\t\t\t<\/a>\n\t\t<\/div>\n\t\t\t\t\t\t<\/div>\n\t\t\t\t<\/div>\n\t\t\t\t<\/div>\n\t\t\t\t\t<\/div>\n\t\t\t\t<\/div>\n\t\t<div class=\"elementor-element elementor-element-30e79cb e-flex e-con-boxed e-con e-parent\" data-id=\"30e79cb\" data-element_type=\"container\" data-e-type=\"container\" data-settings=\"{&quot;background_background&quot;:&quot;classic&quot;}\">\n\t\t\t\t\t<div class=\"e-con-inner\">\n\t\t<div class=\"elementor-element elementor-element-df291ec e-grid e-con-boxed e-con e-child\" data-id=\"df291ec\" data-element_type=\"container\" data-e-type=\"container\" data-settings=\"{&quot;background_background&quot;:&quot;classic&quot;}\">\n\t\t\t\t\t<div class=\"e-con-inner\">\n\t\t\t\t<div class=\"elementor-element elementor-element-6f357b0 elementor-widget elementor-widget-image\" data-id=\"6f357b0\" data-element_type=\"widget\" data-e-type=\"widget\" data-widget_type=\"image.default\">\n\t\t\t\t<div class=\"elementor-widget-container\">\n\t\t\t\t\t\t\t\t\t\t\t\t\t\t\t\t<a href=\"https:\/\/iiep.economicas.uba.ar\/\" target=\"_blank\">\n\t\t\t\t\t\t\t<img fetchpriority=\"high\" decoding=\"async\" width=\"300\" height=\"177\" src=\"https:\/\/economicas.uba.ar\/iiep\/mesi\/wp-content\/uploads\/IIEP_sinfondo-300x177.png\" class=\"attachment-medium size-medium wp-image-4183\" alt=\"\" srcset=\"https:\/\/economicas.uba.ar\/iiep\/mesi\/wp-content\/uploads\/IIEP_sinfondo-300x177.png 300w, https:\/\/economicas.uba.ar\/iiep\/mesi\/wp-content\/uploads\/IIEP_sinfondo.png 606w\" sizes=\"(max-width: 300px) 100vw, 300px\" \/>\t\t\t\t\t\t\t\t<\/a>\n\t\t\t\t\t\t\t\t\t\t\t\t\t\t\t<\/div>\n\t\t\t\t<\/div>\n\t\t\t\t<div class=\"elementor-element elementor-element-d28856c elementor-widget elementor-widget-image\" data-id=\"d28856c\" data-element_type=\"widget\" data-e-type=\"widget\" data-widget_type=\"image.default\">\n\t\t\t\t<div class=\"elementor-widget-container\">\n\t\t\t\t\t\t\t\t\t\t\t\t\t\t\t\t<a href=\"https:\/\/iiep.economicas.uba.ar\/\" target=\"_blank\">\n\t\t\t\t\t\t\t<img decoding=\"async\" width=\"300\" height=\"81\" src=\"https:\/\/economicas.uba.ar\/iiep\/mesi\/wp-content\/uploads\/FCE-UBA-300x81.png\" class=\"attachment-medium size-medium wp-image-7764\" alt=\"\" srcset=\"https:\/\/economicas.uba.ar\/iiep\/mesi\/wp-content\/uploads\/FCE-UBA-300x81.png 300w, https:\/\/economicas.uba.ar\/iiep\/mesi\/wp-content\/uploads\/FCE-UBA.png 409w\" sizes=\"(max-width: 300px) 100vw, 300px\" \/>\t\t\t\t\t\t\t\t<\/a>\n\t\t\t\t\t\t\t\t\t\t\t\t\t\t\t<\/div>\n\t\t\t\t<\/div>\n\t\t\t\t<div class=\"elementor-element elementor-element-43e457f elementor-widget elementor-widget-text-editor\" data-id=\"43e457f\" data-element_type=\"widget\" data-e-type=\"widget\" data-widget_type=\"text-editor.default\">\n\t\t\t\t<div class=\"elementor-widget-container\">\n\t\t\t\t\t\t\t\t\tAv. C\u00f3rdoba 2122 &#8211; 1\u00b0 piso (C1120 AAQ)\nCiudad Aut\u00f3noma de Buenos Aires |  Argentina\nTel\/fax: +54 11 5285-6578 \t\t\t\t\t\t\t\t<\/div>\n\t\t\t\t<\/div>\n\t\t\t\t\t<\/div>\n\t\t\t\t<\/div>\n\t\t\t\t\t<\/div>\n\t\t\t\t<\/div>\n\t\t\t\t<\/div>\n\t\t","protected":false},"excerpt":{"rendered":"<p>El \u00c1rea de Modelos Econ\u00f3micos de Simulaci\u00f3n (MESi) se ha consolidado dentro del IIEP con el objetivo de trabajar en el desarrollo de modelos econ\u00f3micos de simulaci\u00f3n, tales como modelos<\/p>\n","protected":false},"author":7,"featured_media":0,"parent":0,"menu_order":0,"comment_status":"closed","ping_status":"closed","template":"","meta":{"footnotes":""},"class_list":["post-5167","page","type-page","status-publish","hentry"],"_links":{"self":[{"href":"https:\/\/economicas.uba.ar\/iiep\/mesi\/wp-json\/wp\/v2\/pages\/5167","targetHints":{"allow":["GET"]}}],"collection":[{"href":"https:\/\/economicas.uba.ar\/iiep\/mesi\/wp-json\/wp\/v2\/pages"}],"about":[{"href":"https:\/\/economicas.uba.ar\/iiep\/mesi\/wp-json\/wp\/v2\/types\/page"}],"author":[{"embeddable":true,"href":"https:\/\/economicas.uba.ar\/iiep\/mesi\/wp-json\/wp\/v2\/users\/7"}],"replies":[{"embeddable":true,"href":"https:\/\/economicas.uba.ar\/iiep\/mesi\/wp-json\/wp\/v2\/comments?post=5167"}],"version-history":[{"count":65,"href":"https:\/\/economicas.uba.ar\/iiep\/mesi\/wp-json\/wp\/v2\/pages\/5167\/revisions"}],"predecessor-version":[{"id":8891,"href":"https:\/\/economicas.uba.ar\/iiep\/mesi\/wp-json\/wp\/v2\/pages\/5167\/revisions\/8891"}],"wp:attachment":[{"href":"https:\/\/economicas.uba.ar\/iiep\/mesi\/wp-json\/wp\/v2\/media?parent=5167"}],"curies":[{"name":"wp","href":"https:\/\/api.w.org\/{rel}","templated":true}]}}