{"id":8065,"date":"2025-04-08T20:23:47","date_gmt":"2025-04-08T23:23:47","guid":{"rendered":"https:\/\/economicas.uba.ar\/iiep\/mesi\/?page_id=8065"},"modified":"2025-04-08T20:25:18","modified_gmt":"2025-04-08T23:25:18","slug":"cambio-climatico","status":"publish","type":"page","link":"https:\/\/economicas.uba.ar\/iiep\/mesi\/cambio-climatico\/","title":{"rendered":"Cambio Climatico"},"content":{"rendered":"\t\t<div data-elementor-type=\"wp-page\" data-elementor-id=\"8065\" class=\"elementor elementor-8065\" data-elementor-post-type=\"page\">\n\t\t\t\t<div class=\"elementor-element elementor-element-38f04feb e-flex e-con-boxed e-con e-parent\" data-id=\"38f04feb\" data-element_type=\"container\" data-e-type=\"container\">\n\t\t\t\t\t<div class=\"e-con-inner\">\n\t\t\t\t\t<\/div>\n\t\t\t\t<\/div>\n\t\t<div class=\"elementor-element elementor-element-3783c980 e-flex e-con-boxed e-con e-parent\" data-id=\"3783c980\" data-element_type=\"container\" data-e-type=\"container\">\n\t\t\t\t\t<div class=\"e-con-inner\">\n\t\t<div class=\"elementor-element elementor-element-1393116a e-con-full e-flex e-con e-child\" data-id=\"1393116a\" data-element_type=\"container\" data-e-type=\"container\">\n\t\t\t\t<\/div>\n\t\t\t\t\t<\/div>\n\t\t\t\t<\/div>\n\t\t<div class=\"elementor-element elementor-element-4e400beb e-flex e-con-boxed e-con e-parent\" data-id=\"4e400beb\" data-element_type=\"container\" data-e-type=\"container\">\n\t\t\t\t\t<div class=\"e-con-inner\">\n\t\t\t\t<div class=\"elementor-element elementor-element-399e94ae elementor-widget elementor-widget-heading\" data-id=\"399e94ae\" data-element_type=\"widget\" data-e-type=\"widget\" data-widget_type=\"heading.default\">\n\t\t\t\t<div class=\"elementor-widget-container\">\n\t\t\t\t\t<h2 class=\"elementor-heading-title elementor-size-default\">Cambio Clim\u00e1tico<\/h2>\t\t\t\t<\/div>\n\t\t\t\t<\/div>\n\t\t\t\t\t<\/div>\n\t\t\t\t<\/div>\n\t\t\t\t<section class=\"elementor-section elementor-top-section elementor-element elementor-element-1727dcb2 elementor-section-boxed elementor-section-height-default elementor-section-height-default elementor-invisible\" data-id=\"1727dcb2\" data-element_type=\"section\" data-e-type=\"section\" data-settings=\"{&quot;animation&quot;:&quot;fadeIn&quot;,&quot;background_background&quot;:&quot;classic&quot;}\">\n\t\t\t\t\t\t<div class=\"elementor-container elementor-column-gap-default\">\n\t\t\t\t\t<div class=\"elementor-column elementor-col-100 elementor-top-column elementor-element elementor-element-325f8744\" data-id=\"325f8744\" data-element_type=\"column\" data-e-type=\"column\">\n\t\t\t<div class=\"elementor-widget-wrap elementor-element-populated\">\n\t\t\t\t\t\t<div class=\"elementor-element elementor-element-226dedfd animated-fast elementor-invisible elementor-widget elementor-widget-ucaddon_post_blocks\" data-id=\"226dedfd\" data-element_type=\"widget\" data-e-type=\"widget\" data-settings=\"{&quot;_animation&quot;:&quot;fadeIn&quot;}\" data-widget_type=\"ucaddon_post_blocks.default\">\n\t\t\t\t<div class=\"elementor-widget-container\">\n\t\t\t\t\t\n<!-- start Post Blocks -->\n\t\t<link id='font-awesome-css' href='https:\/\/economicas.uba.ar\/iiep\/mesi\/wp-content\/plugins\/unlimited-elements-for-elementor\/assets_libraries\/font-awesome6\/fontawesome-all.min.css' type='text\/css' rel='stylesheet' >\n\t\t<link id='font-awesome-4-shim-css' href='https:\/\/economicas.uba.ar\/iiep\/mesi\/wp-content\/plugins\/unlimited-elements-for-elementor\/assets_libraries\/font-awesome6\/fontawesome-v4-shims.min.css' type='text\/css' rel='stylesheet' >\n\n<style>\/* widget: Post Blocks *\/\n\n#uc_post_blocks_elementor_226dedfd {\n    display:grid;\n}\n#uc_post_blocks_elementor_226dedfd .ue_post_blocks_box\n{\n  overflow:hidden;\n}\n\n#uc_post_blocks_elementor_226dedfd .ue_post_blocks_image\n{\n  overflow:hidden;\n}\n#uc_post_blocks_elementor_226dedfd .ue_post_blocks_image img\n{\n  object-fit: cover;\n  object-position:center center;\n  width:100%;\n  display:block;\n}\n#uc_post_blocks_elementor_226dedfd .ue_post_blocks_link a\n{\n  display:inline-block;\n  text-decoration:none;\n  text-align:center;\n}\n\n #uc_post_blocks_elementor_226dedfd .ue_post_blocks_box img\n{\n  transition:0.5s;\n}\n #uc_post_blocks_elementor_226dedfd .ue_post_blocks_box:hover img\n{\n  transform:scale(1.1,1.1);\n}\n\n\n\n\n#uc_post_blocks_elementor_226dedfd .ue-grid-item-meta-data\n{\n  display:inlin-flex;\n  flex-wrap: wrap;\n}\n\n.ue-grid-item-meta-data\n{\n  font-size:12px;\n}\n\n#uc_post_blocks_elementor_226dedfd .ue-grid-item-meta-data-icon\n{\n  line-height:1em;\n}\n\n#uc_post_blocks_elementor_226dedfd .ue-grid-item-meta-data-icon svg\n{\n  width:1em;\n  height:1em;\n}\n\n\n.ue-grid-item-category a\n{\n  display:inline-block;\n  font-size:10px;\n  text-transform:uppercase;\n}\n\n<\/style>\n\n<div id=\"uc_post_blocks_elementor_226dedfd\" class=\"ue_post_blocks uc-items-wrapper\" >\n    <div class=\"ue_post_blocks_box\">\n    <div class=\"ue_post_blocks_content\">\n      \n     \n         \n    <div class=\"ue_post_blocks_title\"><a href=\"https:\/\/economicas.uba.ar\/iiep\/mesi\/evaluacion-del-impacto-social-ambiental-y-economico-sobre-la-argentina-de-medidas-de-mitigacion-y-adaptacion-al-cambio-climatico\/\">Evaluaci\u00f3n del impacto social, ambiental y econ\u00f3mico sobre la Argentina de medidas de mitigaci\u00f3n y adaptaci\u00f3n al cambio clim\u00e1tico<\/a><\/div>    \n              <div class=\"ue-grid-item-meta-data\">\n            <div class=\"ue-grid-item-meta-data-date\"><span class=\"ue-grid-item-meta-data-icon\"><i class='fas fa-calendar-week'><\/i><\/span> 31 marzo, 2025<\/div>                      <\/div>\n         \n    \n    <div class=\"ue_post_blocks_text\">\u00a02024-2025\nEvaluaci\u00f3n del impacto social, ambiental y econ\u00f3mico sobre la Argentina de medidas de mitigaci\u00f3n...<\/div>      <\/div>\n<\/div>\n<div class=\"ue_post_blocks_box\">\n    <div class=\"ue_post_blocks_content\">\n      \n     \n         \n    <div class=\"ue_post_blocks_title\"><a href=\"https:\/\/economicas.uba.ar\/iiep\/mesi\/afrontando-desafios-climaticos-modelos-para-la-seguridad-alimentaria-y-el-uso-sostenible-del-agua-en-argentina\/\">Afrontando Desaf\u00edos Clim\u00e1ticos: Modelos para la Seguridad Alimentaria y el Uso Sostenible del Agua en Argentina<\/a><\/div>    \n              <div class=\"ue-grid-item-meta-data\">\n            <div class=\"ue-grid-item-meta-data-date\"><span class=\"ue-grid-item-meta-data-icon\"><i class='fas fa-calendar-week'><\/i><\/span> 15 febrero, 2025<\/div>                      <\/div>\n         \n    \n    <div class=\"ue_post_blocks_text\">\u00a02025-2026\nAfrontando Desaf\u00edos Clim\u00e1ticos: Modelos para la Seguridad Alimentaria y el Uso Sostenible...<\/div>      <\/div>\n<\/div>\n<div class=\"ue_post_blocks_box\">\n    <div class=\"ue_post_blocks_content\">\n      \n     \n         \n    <div class=\"ue_post_blocks_title\"><a href=\"https:\/\/economicas.uba.ar\/iiep\/mesi\/hacia-un-sistema-de-cuentas-ambientales-y-economicas-en-argentina\/\">Hacia un sistema de cuentas ambientales y econ\u00f3micas en Argentina<\/a><\/div>    \n              <div class=\"ue-grid-item-meta-data\">\n            <div class=\"ue-grid-item-meta-data-date\"><span class=\"ue-grid-item-meta-data-icon\"><i class='fas fa-calendar-week'><\/i><\/span> 04 junio, 2024<\/div>                      <\/div>\n         \n    \n    <div class=\"ue_post_blocks_text\">\u00a02024-2025\nHacia un sistema de cuentas ambientales y econ\u00f3micas en Argentina\nDesarrollo y construcci\u00f3n...<\/div>      <\/div>\n<\/div>\n<div class=\"ue_post_blocks_box\">\n    <div class=\"ue_post_blocks_content\">\n      \n     \n         \n    <div class=\"ue_post_blocks_title\"><a href=\"https:\/\/economicas.uba.ar\/iiep\/mesi\/fortalecimiento-del-marco-de-transparencia-de-argentina-sobre-inventarios-de-gei-y-mitigacion\/\">Fortalecimiento del marco de transparencia de Argentina sobre inventarios de GEI y mitigaci\u00f3n<\/a><\/div>    \n              <div class=\"ue-grid-item-meta-data\">\n            <div class=\"ue-grid-item-meta-data-date\"><span class=\"ue-grid-item-meta-data-icon\"><i class='fas fa-calendar-week'><\/i><\/span> 06 noviembre, 2023<\/div>                      <\/div>\n         \n    \n    <div class=\"ue_post_blocks_text\">\u00a02023-2024\nFortalecimiento del marco de transparencia de Argentina sobre inventarios de GEI y mitigaci\u00f3n\nIdentificaci\u00f3n,...<\/div>      <\/div>\n<\/div>\n<div class=\"ue_post_blocks_box\">\n    <div class=\"ue_post_blocks_content\">\n      \n     \n         \n    <div class=\"ue_post_blocks_title\"><a href=\"https:\/\/economicas.uba.ar\/iiep\/mesi\/contribuciones-determinadas-a-nivel-nacional-ndc-y-empleo-analisis-de-escenarios-futuros-posibles-y-su-impacto-sobre-el-mercado-de-trabajo-en-argentina\/\">Contribuciones determinadas a nivel nacional (NDC) y empleo: an\u00e1lisis de escenarios futuros posibles y su impacto sobre el mercado de trabajo en Argentina.<\/a><\/div>    \n              <div class=\"ue-grid-item-meta-data\">\n            <div class=\"ue-grid-item-meta-data-date\"><span class=\"ue-grid-item-meta-data-icon\"><i class='fas fa-calendar-week'><\/i><\/span> 31 agosto, 2021<\/div>                      <\/div>\n         \n    \n    <div class=\"ue_post_blocks_text\">\u00a02021-2022\nContribuciones determinadas a nivel nacional (NDC) y empleo: an\u00e1lisis de escenarios futuros...<\/div>      <\/div>\n<\/div>\n<div class=\"ue_post_blocks_box\">\n    <div class=\"ue_post_blocks_content\">\n      \n     \n         \n    <div class=\"ue_post_blocks_title\"><a href=\"https:\/\/economicas.uba.ar\/iiep\/mesi\/analyse-et-proposition-relative-a-une-taxe-carbone-au-mexique\/\">Analyse et proposition relative \u00e0 une taxe carbone au Mexique<\/a><\/div>    \n              <div class=\"ue-grid-item-meta-data\">\n            <div class=\"ue-grid-item-meta-data-date\"><span class=\"ue-grid-item-meta-data-icon\"><i class='fas fa-calendar-week'><\/i><\/span> 04 junio, 2021<\/div>                      <\/div>\n         \n    \n    <div class=\"ue_post_blocks_text\">2021\nAnalyse et proposition relative \u00e0 une taxe carbone au Mexique\nEvaluaci\u00f3n de la implementaci\u00f3n y...<\/div>      <\/div>\n<\/div>\n<div class=\"ue_post_blocks_box\">\n    <div class=\"ue_post_blocks_content\">\n      \n     \n         \n    <div class=\"ue_post_blocks_title\"><a href=\"https:\/\/economicas.uba.ar\/iiep\/mesi\/modeling-potential-impacts-of-argentinas-current-carbon-tax-in-a-cge-framework\/\">Modeling potential impacts of Argentina\u00b4s current carbon tax in a CGE framework<\/a><\/div>    \n              <div class=\"ue-grid-item-meta-data\">\n            <div class=\"ue-grid-item-meta-data-date\"><span class=\"ue-grid-item-meta-data-icon\"><i class='fas fa-calendar-week'><\/i><\/span> 08 octubre, 2019<\/div>                      <\/div>\n         \n    \n    <div class=\"ue_post_blocks_text\">\u00a02019-2020\nModeling potential impacts of Argentina\u00b4s current carbon tax in a CGE framework\nimplementaci\u00f3n...<\/div>      <\/div>\n<\/div>\n\n<\/div>\n<!-- end Post Blocks -->\t\t\t\t<\/div>\n\t\t\t\t<\/div>\n\t\t\t\t\t<\/div>\n\t\t<\/div>\n\t\t\t\t\t<\/div>\n\t\t<\/section>\n\t\t<div class=\"elementor-element elementor-element-1e5bdc5d e-flex e-con-boxed e-con e-parent\" data-id=\"1e5bdc5d\" data-element_type=\"container\" data-e-type=\"container\" data-settings=\"{&quot;background_background&quot;:&quot;classic&quot;}\">\n\t\t\t\t\t<div class=\"e-con-inner\">\n\t\t<div class=\"elementor-element elementor-element-209c1fea e-con-full e-flex e-con e-child\" data-id=\"209c1fea\" data-element_type=\"container\" data-e-type=\"container\">\n\t\t\t\t<div class=\"elementor-element elementor-element-7b70a10f elementor-view-framed elementor-shape-circle elementor-widget elementor-widget-icon\" data-id=\"7b70a10f\" data-element_type=\"widget\" data-e-type=\"widget\" data-widget_type=\"icon.default\">\n\t\t\t\t<div class=\"elementor-widget-container\">\n\t\t\t\t\t\t\t<div class=\"elementor-icon-wrapper\">\n\t\t\t<a class=\"elementor-icon\" href=\"https:\/\/mail.google.com\/mail\/u\/0\/#inbox?compose=DmwnWtDrQxLwVbfdlbwXTzTlBfhzJprglzkJJLnpHPxDJCCRqtWRmHwgVMFgmMVfNcqGSvnxWpqB\" target=\"_blank\">\n\t\t\t<i aria-hidden=\"true\" class=\"far fa-envelope\"><\/i>\t\t\t<\/a>\n\t\t<\/div>\n\t\t\t\t\t\t<\/div>\n\t\t\t\t<\/div>\n\t\t\t\t<\/div>\n\t\t<div class=\"elementor-element elementor-element-45086991 e-con-full e-flex e-con e-child\" data-id=\"45086991\" data-element_type=\"container\" data-e-type=\"container\">\n\t\t\t\t<div class=\"elementor-element elementor-element-7c3faa4b elementor-view-framed elementor-shape-circle elementor-widget elementor-widget-icon\" data-id=\"7c3faa4b\" data-element_type=\"widget\" data-e-type=\"widget\" data-widget_type=\"icon.default\">\n\t\t\t\t<div class=\"elementor-widget-container\">\n\t\t\t\t\t\t\t<div class=\"elementor-icon-wrapper\">\n\t\t\t<a class=\"elementor-icon\" href=\"https:\/\/www.youtube.com\/@mesi_iiep\" target=\"_blank\">\n\t\t\t<i aria-hidden=\"true\" class=\"fab fa-youtube\"><\/i>\t\t\t<\/a>\n\t\t<\/div>\n\t\t\t\t\t\t<\/div>\n\t\t\t\t<\/div>\n\t\t\t\t<\/div>\n\t\t<div class=\"elementor-element elementor-element-63c19b47 e-con-full e-flex e-con e-child\" data-id=\"63c19b47\" data-element_type=\"container\" data-e-type=\"container\">\n\t\t\t\t<div class=\"elementor-element elementor-element-5e48ff11 elementor-view-framed elementor-shape-circle elementor-widget elementor-widget-icon\" data-id=\"5e48ff11\" data-element_type=\"widget\" data-e-type=\"widget\" data-widget_type=\"icon.default\">\n\t\t\t\t<div class=\"elementor-widget-container\">\n\t\t\t\t\t\t\t<div class=\"elementor-icon-wrapper\">\n\t\t\t<a class=\"elementor-icon\" href=\"https:\/\/x.com\/mesi_iiep\" target=\"_blank\">\n\t\t\t<i aria-hidden=\"true\" class=\"fab fa-x-twitter\"><\/i>\t\t\t<\/a>\n\t\t<\/div>\n\t\t\t\t\t\t<\/div>\n\t\t\t\t<\/div>\n\t\t\t\t<\/div>\n\t\t<div class=\"elementor-element elementor-element-3f16be62 e-con-full e-flex e-con e-child\" data-id=\"3f16be62\" data-element_type=\"container\" data-e-type=\"container\">\n\t\t\t\t<div class=\"elementor-element elementor-element-18b1db4e elementor-view-framed elementor-shape-circle elementor-widget elementor-widget-icon\" data-id=\"18b1db4e\" data-element_type=\"widget\" data-e-type=\"widget\" data-widget_type=\"icon.default\">\n\t\t\t\t<div class=\"elementor-widget-container\">\n\t\t\t\t\t\t\t<div class=\"elementor-icon-wrapper\">\n\t\t\t<a class=\"elementor-icon\" href=\"http:\/\/instagram.com\/mesi.iiep\/\">\n\t\t\t<i aria-hidden=\"true\" class=\"fab fa-instagram\"><\/i>\t\t\t<\/a>\n\t\t<\/div>\n\t\t\t\t\t\t<\/div>\n\t\t\t\t<\/div>\n\t\t\t\t<\/div>\n\t\t\t\t\t<\/div>\n\t\t\t\t<\/div>\n\t\t<div class=\"elementor-element elementor-element-40d68d2a e-flex e-con-boxed e-con e-parent\" data-id=\"40d68d2a\" data-element_type=\"container\" data-e-type=\"container\">\n\t\t\t\t\t<div class=\"e-con-inner\">\n\t\t\t\t<div class=\"elementor-element elementor-element-6f394161 elementor-widget elementor-widget-heading\" data-id=\"6f394161\" data-element_type=\"widget\" data-e-type=\"widget\" data-widget_type=\"heading.default\">\n\t\t\t\t<div class=\"elementor-widget-container\">\n\t\t\t\t\t<h4 class=\"elementor-heading-title elementor-size-default\"><a href=\"https:\/\/uba.us20.list-manage.com\/subscribe?u=5c63620c6ef66cb1010a2f058&#038;id=dc368736de\">\u00bfQuer\u00e9s conocer \nnuestras novedades?\nSumate a nuestra \nlista de correo<\/a><\/h4>\t\t\t\t<\/div>\n\t\t\t\t<\/div>\n\t\t\t\t\t<\/div>\n\t\t\t\t<\/div>\n\t\t<div class=\"elementor-element elementor-element-e24565a e-flex e-con-boxed e-con e-parent\" data-id=\"e24565a\" data-element_type=\"container\" data-e-type=\"container\" data-settings=\"{&quot;background_background&quot;:&quot;classic&quot;}\">\n\t\t\t\t\t<div class=\"e-con-inner\">\n\t\t<div class=\"elementor-element elementor-element-133d96b3 e-grid e-con-boxed e-con e-child\" data-id=\"133d96b3\" data-element_type=\"container\" data-e-type=\"container\" data-settings=\"{&quot;background_background&quot;:&quot;classic&quot;}\">\n\t\t\t\t\t<div class=\"e-con-inner\">\n\t\t\t\t<div class=\"elementor-element elementor-element-733b8396 elementor-widget elementor-widget-image\" data-id=\"733b8396\" data-element_type=\"widget\" data-e-type=\"widget\" data-widget_type=\"image.default\">\n\t\t\t\t<div class=\"elementor-widget-container\">\n\t\t\t\t\t\t\t\t\t\t\t\t\t\t\t\t<a href=\"https:\/\/iiep.economicas.uba.ar\/\" target=\"_blank\">\n\t\t\t\t\t\t\t<img decoding=\"async\" width=\"300\" height=\"177\" src=\"https:\/\/economicas.uba.ar\/iiep\/mesi\/wp-content\/uploads\/IIEP_sinfondo-300x177.png\" class=\"attachment-medium size-medium wp-image-4183\" alt=\"\" srcset=\"https:\/\/economicas.uba.ar\/iiep\/mesi\/wp-content\/uploads\/IIEP_sinfondo-300x177.png 300w, https:\/\/economicas.uba.ar\/iiep\/mesi\/wp-content\/uploads\/IIEP_sinfondo.png 606w\" sizes=\"(max-width: 300px) 100vw, 300px\" \/>\t\t\t\t\t\t\t\t<\/a>\n\t\t\t\t\t\t\t\t\t\t\t\t\t\t\t<\/div>\n\t\t\t\t<\/div>\n\t\t\t\t<div class=\"elementor-element elementor-element-6948eb1 elementor-widget elementor-widget-image\" data-id=\"6948eb1\" data-element_type=\"widget\" data-e-type=\"widget\" data-widget_type=\"image.default\">\n\t\t\t\t<div class=\"elementor-widget-container\">\n\t\t\t\t\t\t\t\t\t\t\t\t\t\t\t\t<a href=\"https:\/\/iiep.economicas.uba.ar\/\" target=\"_blank\">\n\t\t\t\t\t\t\t<img loading=\"lazy\" decoding=\"async\" width=\"300\" height=\"81\" src=\"https:\/\/economicas.uba.ar\/iiep\/mesi\/wp-content\/uploads\/FCE-UBA-300x81.png\" class=\"attachment-medium size-medium wp-image-7764\" alt=\"\" srcset=\"https:\/\/economicas.uba.ar\/iiep\/mesi\/wp-content\/uploads\/FCE-UBA-300x81.png 300w, https:\/\/economicas.uba.ar\/iiep\/mesi\/wp-content\/uploads\/FCE-UBA.png 409w\" sizes=\"(max-width: 300px) 100vw, 300px\" \/>\t\t\t\t\t\t\t\t<\/a>\n\t\t\t\t\t\t\t\t\t\t\t\t\t\t\t<\/div>\n\t\t\t\t<\/div>\n\t\t\t\t<div class=\"elementor-element elementor-element-3337cb95 elementor-widget elementor-widget-text-editor\" data-id=\"3337cb95\" data-element_type=\"widget\" data-e-type=\"widget\" data-widget_type=\"text-editor.default\">\n\t\t\t\t<div class=\"elementor-widget-container\">\n\t\t\t\t\t\t\t\t\tAv. C\u00f3rdoba 2122 &#8211; 1\u00b0 piso (C1120 AAQ)\nCiudad Aut\u00f3noma de Buenos Aires |  Argentina\nTel\/fax: +54 11 5285-6578 \t\t\t\t\t\t\t\t<\/div>\n\t\t\t\t<\/div>\n\t\t\t\t\t<\/div>\n\t\t\t\t<\/div>\n\t\t\t\t\t<\/div>\n\t\t\t\t<\/div>\n\t\t<div class=\"elementor-element elementor-element-5e8018b3 e-flex e-con-boxed e-con e-parent\" data-id=\"5e8018b3\" data-element_type=\"container\" data-e-type=\"container\">\n\t\t\t\t\t<div class=\"e-con-inner\">\n\t\t\t\t\t<\/div>\n\t\t\t\t<\/div>\n\t\t\t\t<\/div>\n\t\t","protected":false},"excerpt":{"rendered":"<p>Cambio Clim\u00e1tico Fortalecimiento del marco de transparencia de Argentina sobre inventarios de GEI y mitigaci\u00f3n 06 abril, 2025 Custodio, E., Jim\u00e9nez, S., Ramos, M.P. et al. Diet quality rather than<\/p>\n","protected":false},"author":7,"featured_media":0,"parent":0,"menu_order":0,"comment_status":"closed","ping_status":"closed","template":"","meta":{"footnotes":""},"class_list":["post-8065","page","type-page","status-publish","hentry"],"_links":{"self":[{"href":"https:\/\/economicas.uba.ar\/iiep\/mesi\/wp-json\/wp\/v2\/pages\/8065","targetHints":{"allow":["GET"]}}],"collection":[{"href":"https:\/\/economicas.uba.ar\/iiep\/mesi\/wp-json\/wp\/v2\/pages"}],"about":[{"href":"https:\/\/economicas.uba.ar\/iiep\/mesi\/wp-json\/wp\/v2\/types\/page"}],"author":[{"embeddable":true,"href":"https:\/\/economicas.uba.ar\/iiep\/mesi\/wp-json\/wp\/v2\/users\/7"}],"replies":[{"embeddable":true,"href":"https:\/\/economicas.uba.ar\/iiep\/mesi\/wp-json\/wp\/v2\/comments?post=8065"}],"version-history":[{"count":4,"href":"https:\/\/economicas.uba.ar\/iiep\/mesi\/wp-json\/wp\/v2\/pages\/8065\/revisions"}],"predecessor-version":[{"id":8229,"href":"https:\/\/economicas.uba.ar\/iiep\/mesi\/wp-json\/wp\/v2\/pages\/8065\/revisions\/8229"}],"wp:attachment":[{"href":"https:\/\/economicas.uba.ar\/iiep\/mesi\/wp-json\/wp\/v2\/media?parent=8065"}],"curies":[{"name":"wp","href":"https:\/\/api.w.org\/{rel}","templated":true}]}}