{"id":6204,"date":"2024-07-08T14:59:05","date_gmt":"2024-07-08T17:59:05","guid":{"rendered":"https:\/\/economicas.uba.ar\/iiep\/netlab\/?page_id=6204"},"modified":"2024-12-04T15:16:59","modified_gmt":"2024-12-04T18:16:59","slug":"investigacion","status":"publish","type":"page","link":"https:\/\/economicas.uba.ar\/iiep\/netlab\/investigacion\/","title":{"rendered":"Investigaci\u00f3n"},"content":{"rendered":"\t\t<div data-elementor-type=\"wp-page\" data-elementor-id=\"6204\" class=\"elementor elementor-6204\" data-elementor-post-type=\"page\">\n\t\t\t\t<div class=\"elementor-element elementor-element-2c7075f e-flex e-con-boxed e-con e-parent\" data-id=\"2c7075f\" data-element_type=\"container\" data-e-type=\"container\">\n\t\t\t\t\t<div class=\"e-con-inner\">\n\t\t\t\t\t<\/div>\n\t\t\t\t<\/div>\n\t\t<div class=\"elementor-element elementor-element-3d69ded e-flex e-con-boxed e-con e-parent\" data-id=\"3d69ded\" data-element_type=\"container\" data-e-type=\"container\">\n\t\t\t\t\t<div class=\"e-con-inner\">\n\t\t<div class=\"elementor-element elementor-element-d15ba08 e-con-full e-flex e-con e-child\" data-id=\"d15ba08\" data-element_type=\"container\" data-e-type=\"container\">\n\t\t<div class=\"elementor-element elementor-element-8916d7e e-con-full e-flex e-con e-child\" data-id=\"8916d7e\" data-element_type=\"container\" data-e-type=\"container\">\n\t\t\t\t<div class=\"elementor-element elementor-element-6e8b400 elementor-widget elementor-widget-text-editor\" data-id=\"6e8b400\" data-element_type=\"widget\" data-e-type=\"widget\" data-widget_type=\"text-editor.default\">\n\t\t\t\t<div class=\"elementor-widget-container\">\n\t\t\t\t\t\t\t\t\t<h2><a href=\"https:\/\/economicas.uba.ar\/iiep\/netlab\/proyectos\/\">Proyectos<\/a><\/h2><p><span style=\"font-weight: 400;\">Generamos l\u00edneas de investigaci\u00f3n y desarrollamos proyectos de investigaci\u00f3n cient\u00edfica financiados por organismos p\u00fablicos del Sistema Cient\u00edfico Nacional y proyectos de vinculaci\u00f3n tecnol\u00f3gica con otras empresas y organismos.<\/span><\/p>\t\t\t\t\t\t\t\t<\/div>\n\t\t\t\t<\/div>\n\t\t\t\t<\/div>\n\t\t<div class=\"elementor-element elementor-element-bdc5ae8 e-con-full e-flex e-con e-child\" data-id=\"bdc5ae8\" data-element_type=\"container\" data-e-type=\"container\">\n\t\t\t\t<div class=\"elementor-element elementor-element-91de9a5 elementor-widget elementor-widget-text-editor\" data-id=\"91de9a5\" data-element_type=\"widget\" data-e-type=\"widget\" data-widget_type=\"text-editor.default\">\n\t\t\t\t<div class=\"elementor-widget-container\">\n\t\t\t\t\t\t\t\t\t<h2><a href=\"https:\/\/economicas.uba.ar\/iiep\/netlab\/datos\/\">Datos<\/a><\/h2><p><span style=\"font-weight: 400;\">Trabajamos con datos p\u00fablicos convencionales y con conjuntos de datos no tradicionales producidos por organismos p\u00fablicos, empresas privadas, redes sociales y otros medios de comunicaci\u00f3n.<\/span><\/p>\t\t\t\t\t\t\t\t<\/div>\n\t\t\t\t<\/div>\n\t\t\t\t<\/div>\n\t\t<div class=\"elementor-element elementor-element-4c251b5 e-con-full e-flex e-con e-child\" data-id=\"4c251b5\" data-element_type=\"container\" data-e-type=\"container\">\n\t\t\t\t<div class=\"elementor-element elementor-element-ad67a51 elementor-widget elementor-widget-text-editor\" data-id=\"ad67a51\" data-element_type=\"widget\" data-e-type=\"widget\" data-widget_type=\"text-editor.default\">\n\t\t\t\t<div class=\"elementor-widget-container\">\n\t\t\t\t\t\t\t\t\t<h2><a href=\"https:\/\/economicas.uba.ar\/iiep\/netlab\/metodologia\/\">Metodolog\u00eda<\/a><\/h2><p><span style=\"font-weight: 400;\">Utilizamos metodolog\u00edas que combinan t\u00e9cnicas tradicionales en econom\u00eda, estad\u00edstica, econometr\u00eda, junto con redes complejas y procesamiento de lenguaje natural.\u00a0<\/span><\/p>\t\t\t\t\t\t\t\t<\/div>\n\t\t\t\t<\/div>\n\t\t\t\t<\/div>\n\t\t<div class=\"elementor-element elementor-element-be991ab e-con-full e-flex e-con e-child\" data-id=\"be991ab\" data-element_type=\"container\" data-e-type=\"container\">\n\t\t\t\t<div class=\"elementor-element elementor-element-223df26 elementor-widget elementor-widget-text-editor\" data-id=\"223df26\" data-element_type=\"widget\" data-e-type=\"widget\" data-widget_type=\"text-editor.default\">\n\t\t\t\t<div class=\"elementor-widget-container\">\n\t\t\t\t\t\t\t\t\t<h2><a href=\"https:\/\/economicas.uba.ar\/iiep\/netlab\/modelos\/\">Modelos<\/a><\/h2><p>Desarrollamos y utilizamos modelos anal\u00edticos y de simulaci\u00f3n para abordar las problem\u00e1ticas de estudio.<\/p>\t\t\t\t\t\t\t\t<\/div>\n\t\t\t\t<\/div>\n\t\t\t\t<\/div>\n\t\t<div class=\"elementor-element elementor-element-1353e91 e-con-full e-flex e-con e-child\" data-id=\"1353e91\" data-element_type=\"container\" data-e-type=\"container\">\n\t\t\t\t<\/div>\n\t\t\t\t<\/div>\n\t\t\t\t\t<\/div>\n\t\t\t\t<\/div>\n\t\t\t\t<section class=\"elementor-section elementor-top-section elementor-element elementor-element-1be0ef2c elementor-section-full_width elementor-section-stretched elementor-section-height-default elementor-section-height-default\" data-id=\"1be0ef2c\" data-element_type=\"section\" data-e-type=\"section\" data-settings=\"{&quot;stretch_section&quot;:&quot;section-stretched&quot;,&quot;background_background&quot;:&quot;classic&quot;}\">\n\t\t\t\t\t\t\t<div class=\"elementor-background-overlay\"><\/div>\n\t\t\t\t\t\t\t<div class=\"elementor-container elementor-column-gap-default\">\n\t\t\t\t\t<div class=\"elementor-column elementor-col-100 elementor-top-column elementor-element elementor-element-39c327a9\" data-id=\"39c327a9\" data-element_type=\"column\" data-e-type=\"column\">\n\t\t\t<div class=\"elementor-widget-wrap elementor-element-populated\">\n\t\t\t\t\t\t<section class=\"elementor-section elementor-inner-section elementor-element elementor-element-24f93d68 elementor-section-boxed elementor-section-height-default elementor-section-height-default\" data-id=\"24f93d68\" data-element_type=\"section\" data-e-type=\"section\">\n\t\t\t\t\t\t\t<div class=\"elementor-background-overlay\"><\/div>\n\t\t\t\t\t\t\t<div class=\"elementor-container elementor-column-gap-default\">\n\t\t\t\t\t<div class=\"elementor-column elementor-col-33 elementor-inner-column elementor-element elementor-element-3b005bb3\" data-id=\"3b005bb3\" data-element_type=\"column\" data-e-type=\"column\">\n\t\t\t<div class=\"elementor-widget-wrap elementor-element-populated\">\n\t\t\t\t<div class=\"elementor-element elementor-element-5263111a e-grid e-con-boxed e-con e-parent\" data-id=\"5263111a\" data-element_type=\"container\" data-e-type=\"container\">\n\t\t\t\t\t<div class=\"e-con-inner\">\n\t\t\t\t<div class=\"elementor-element elementor-element-2cd51629 elementor-view-framed elementor-shape-circle elementor-widget elementor-widget-icon\" data-id=\"2cd51629\" data-element_type=\"widget\" data-e-type=\"widget\" data-widget_type=\"icon.default\">\n\t\t\t\t<div class=\"elementor-widget-container\">\n\t\t\t\t\t\t\t<div class=\"elementor-icon-wrapper\">\n\t\t\t<a class=\"elementor-icon\" href=\"\">\n\t\t\t<i aria-hidden=\"true\" class=\"far fa-envelope\"><\/i>\t\t\t<\/a>\n\t\t<\/div>\n\t\t\t\t\t\t<\/div>\n\t\t\t\t<\/div>\n\t\t\t\t\t<\/div>\n\t\t\t\t<\/div>\n\t\t\t\t\t<\/div>\n\t\t<\/div>\n\t\t\t\t<div class=\"elementor-column elementor-col-33 elementor-inner-column elementor-element elementor-element-11d6804\" data-id=\"11d6804\" data-element_type=\"column\" data-e-type=\"column\">\n\t\t\t<div class=\"elementor-widget-wrap elementor-element-populated\">\n\t\t\t\t\t\t<div class=\"elementor-element elementor-element-317d7027 elementor-view-framed elementor-shape-circle elementor-widget elementor-widget-icon\" data-id=\"317d7027\" data-element_type=\"widget\" data-e-type=\"widget\" data-widget_type=\"icon.default\">\n\t\t\t\t<div class=\"elementor-widget-container\">\n\t\t\t\t\t\t\t<div class=\"elementor-icon-wrapper\">\n\t\t\t<a class=\"elementor-icon\" href=\"https:\/\/x.com\/iiep_oficial\" target=\"_blank\">\n\t\t\t<i aria-hidden=\"true\" class=\"fab fa-x-twitter\"><\/i>\t\t\t<\/a>\n\t\t<\/div>\n\t\t\t\t\t\t<\/div>\n\t\t\t\t<\/div>\n\t\t\t\t\t<\/div>\n\t\t<\/div>\n\t\t\t\t<div class=\"elementor-column elementor-col-33 elementor-inner-column elementor-element elementor-element-34862d26\" data-id=\"34862d26\" data-element_type=\"column\" data-e-type=\"column\">\n\t\t\t<div class=\"elementor-widget-wrap elementor-element-populated\">\n\t\t\t\t\t\t<div class=\"elementor-element elementor-element-999e034 elementor-view-framed elementor-shape-circle elementor-widget elementor-widget-icon\" data-id=\"999e034\" data-element_type=\"widget\" data-e-type=\"widget\" data-widget_type=\"icon.default\">\n\t\t\t\t<div class=\"elementor-widget-container\">\n\t\t\t\t\t\t\t<div class=\"elementor-icon-wrapper\">\n\t\t\t<a class=\"elementor-icon\" href=\"https:\/\/www.youtube.com\/c\/IIEPUBACONICET\" target=\"_blank\">\n\t\t\t<i aria-hidden=\"true\" class=\"fab fa-youtube\"><\/i>\t\t\t<\/a>\n\t\t<\/div>\n\t\t\t\t\t\t<\/div>\n\t\t\t\t<\/div>\n\t\t\t\t\t<\/div>\n\t\t<\/div>\n\t\t\t\t\t<\/div>\n\t\t<\/section>\n\t\t\t\t\t<\/div>\n\t\t<\/div>\n\t\t\t\t\t<\/div>\n\t\t<\/section>\n\t\t<div class=\"elementor-element elementor-element-3e3938f1 e-flex e-con-boxed e-con e-parent\" data-id=\"3e3938f1\" data-element_type=\"container\" data-e-type=\"container\" data-settings=\"{&quot;background_background&quot;:&quot;classic&quot;}\">\n\t\t\t\t\t<div class=\"e-con-inner\">\n\t\t<div class=\"elementor-element elementor-element-418b6df4 e-grid e-con-boxed e-con e-child\" data-id=\"418b6df4\" data-element_type=\"container\" data-e-type=\"container\">\n\t\t\t\t\t<div class=\"e-con-inner\">\n\t\t\t\t<div class=\"elementor-element elementor-element-55f9246 elementor-widget elementor-widget-image\" data-id=\"55f9246\" data-element_type=\"widget\" data-e-type=\"widget\" data-widget_type=\"image.default\">\n\t\t\t\t<div class=\"elementor-widget-container\">\n\t\t\t\t\t\t\t\t\t\t\t\t\t\t\t<img decoding=\"async\" src=\"https:\/\/economicas.uba.ar\/iiep\/netlab\/wp-content\/uploads\/IIEP_sinfondo.png\" title=\"\" alt=\"\" loading=\"lazy\" \/>\t\t\t\t\t\t\t\t\t\t\t\t\t\t\t<\/div>\n\t\t\t\t<\/div>\n\t\t\t\t<div class=\"elementor-element elementor-element-380703f5 elementor-widget elementor-widget-text-editor\" data-id=\"380703f5\" data-element_type=\"widget\" data-e-type=\"widget\" data-widget_type=\"text-editor.default\">\n\t\t\t\t<div class=\"elementor-widget-container\">\n\t\t\t\t\t\t\t\t\t<p>Av. C\u00f3rdoba 2122 &#8211; 1\u00b0 piso (C1120 AAQ)<br \/>Ciudad Aut\u00f3noma de Buenos Aires |\u00a0 Argentina<br \/>Tel\/fax: +54 11 5285-6578\u00a0<\/p>\t\t\t\t\t\t\t\t<\/div>\n\t\t\t\t<\/div>\n\t\t<div class=\"elementor-element elementor-element-3497c495 e-grid e-con-boxed e-con e-child\" data-id=\"3497c495\" data-element_type=\"container\" data-e-type=\"container\">\n\t\t\t\t\t<div class=\"e-con-inner\">\n\t\t\t\t<div class=\"elementor-element elementor-element-83e3088 elementor-widget elementor-widget-heading\" data-id=\"83e3088\" data-element_type=\"widget\" data-e-type=\"widget\" data-widget_type=\"heading.default\">\n\t\t\t\t<div class=\"elementor-widget-container\">\n\t\t\t\t\t<h4 class=\"elementor-heading-title elementor-size-default\"><a href=\"http:\/\/eepurl.com\/gvhK2j\">\u00bfQuer\u00e9s conocer nuestras novedades?\nSumate a nuestra lista de correo<\/a><\/h4>\t\t\t\t<\/div>\n\t\t\t\t<\/div>\n\t\t\t\t\t<\/div>\n\t\t\t\t<\/div>\n\t\t\t\t\t<\/div>\n\t\t\t\t<\/div>\n\t\t\t\t\t<\/div>\n\t\t\t\t<\/div>\n\t\t\t\t<\/div>\n\t\t","protected":false},"excerpt":{"rendered":"<p>Proyectos Generamos l\u00edneas de investigaci\u00f3n y desarrollamos proyectos de investigaci\u00f3n cient\u00edfica financiados por organismos p\u00fablicos del Sistema Cient\u00edfico Nacional y proyectos de vinculaci\u00f3n tecnol\u00f3gica con otras empresas y organismos. Datos<\/p>\n","protected":false},"author":8,"featured_media":0,"parent":0,"menu_order":0,"comment_status":"closed","ping_status":"closed","template":"","meta":{"footnotes":""},"class_list":["post-6204","page","type-page","status-publish","hentry"],"_links":{"self":[{"href":"https:\/\/economicas.uba.ar\/iiep\/netlab\/wp-json\/wp\/v2\/pages\/6204","targetHints":{"allow":["GET"]}}],"collection":[{"href":"https:\/\/economicas.uba.ar\/iiep\/netlab\/wp-json\/wp\/v2\/pages"}],"about":[{"href":"https:\/\/economicas.uba.ar\/iiep\/netlab\/wp-json\/wp\/v2\/types\/page"}],"author":[{"embeddable":true,"href":"https:\/\/economicas.uba.ar\/iiep\/netlab\/wp-json\/wp\/v2\/users\/8"}],"replies":[{"embeddable":true,"href":"https:\/\/economicas.uba.ar\/iiep\/netlab\/wp-json\/wp\/v2\/comments?post=6204"}],"version-history":[{"count":49,"href":"https:\/\/economicas.uba.ar\/iiep\/netlab\/wp-json\/wp\/v2\/pages\/6204\/revisions"}],"predecessor-version":[{"id":8389,"href":"https:\/\/economicas.uba.ar\/iiep\/netlab\/wp-json\/wp\/v2\/pages\/6204\/revisions\/8389"}],"wp:attachment":[{"href":"https:\/\/economicas.uba.ar\/iiep\/netlab\/wp-json\/wp\/v2\/media?parent=6204"}],"curies":[{"name":"wp","href":"https:\/\/api.w.org\/{rel}","templated":true}]}}