{"id":6299,"date":"2024-07-12T12:51:32","date_gmt":"2024-07-12T15:51:32","guid":{"rendered":"https:\/\/economicas.uba.ar\/iiep\/netlab\/?page_id=6299"},"modified":"2024-12-04T15:16:43","modified_gmt":"2024-12-04T18:16:43","slug":"datos","status":"publish","type":"page","link":"https:\/\/economicas.uba.ar\/iiep\/netlab\/datos\/","title":{"rendered":"Datos"},"content":{"rendered":"\t\t<div data-elementor-type=\"wp-page\" data-elementor-id=\"6299\" class=\"elementor elementor-6299\" data-elementor-post-type=\"page\">\n\t\t\t\t<div class=\"elementor-element elementor-element-e52e570 e-flex e-con-boxed e-con e-parent\" data-id=\"e52e570\" data-element_type=\"container\" data-e-type=\"container\">\n\t\t\t\t\t<div class=\"e-con-inner\">\n\t\t\t\t\t<\/div>\n\t\t\t\t<\/div>\n\t\t<div class=\"elementor-element elementor-element-b534e7c e-flex e-con-boxed e-con e-parent\" data-id=\"b534e7c\" data-element_type=\"container\" data-e-type=\"container\">\n\t\t\t\t\t<div class=\"e-con-inner\">\n\t\t\t\t<div class=\"elementor-element elementor-element-17616ce6 elementor-widget elementor-widget-ucaddon_post_blocks\" data-id=\"17616ce6\" data-element_type=\"widget\" data-e-type=\"widget\" data-widget_type=\"ucaddon_post_blocks.default\">\n\t\t\t\t<div class=\"elementor-widget-container\">\n\t\t\t\t\t\n<!-- start Post Blocks -->\n\t\t<link id='font-awesome-css' href='https:\/\/economicas.uba.ar\/iiep\/netlab\/wp-content\/plugins\/unlimited-elements-for-elementor\/assets_libraries\/font-awesome6\/fontawesome-all.min.css' type='text\/css' rel='stylesheet' >\n\t\t<link id='font-awesome-4-shim-css' href='https:\/\/economicas.uba.ar\/iiep\/netlab\/wp-content\/plugins\/unlimited-elements-for-elementor\/assets_libraries\/font-awesome6\/fontawesome-v4-shims.min.css' type='text\/css' rel='stylesheet' >\n\n<style>\/* widget: Post Blocks *\/\n\n#uc_post_blocks_elementor_17616ce6 {\n    display:grid;\n}\n#uc_post_blocks_elementor_17616ce6 .ue_post_blocks_box\n{\n  overflow:hidden;\n}\n\n#uc_post_blocks_elementor_17616ce6 .ue_post_blocks_image\n{\n  overflow:hidden;\n}\n#uc_post_blocks_elementor_17616ce6 .ue_post_blocks_image img\n{\n  object-fit: cover;\n  object-position:center center;\n  width:100%;\n  display:block;\n}\n#uc_post_blocks_elementor_17616ce6 .ue_post_blocks_link a\n{\n  display:inline-block;\n  text-decoration:none;\n  text-align:center;\n}\n\n #uc_post_blocks_elementor_17616ce6 .ue_post_blocks_box img\n{\n  transition:0.5s;\n}\n #uc_post_blocks_elementor_17616ce6 .ue_post_blocks_box:hover img\n{\n  transform:scale(1.1,1.1);\n}\n\n\n\n\n#uc_post_blocks_elementor_17616ce6 .ue-grid-item-meta-data\n{\n  display:inlin-flex;\n  flex-wrap: wrap;\n}\n\n.ue-grid-item-meta-data\n{\n  font-size:12px;\n}\n\n#uc_post_blocks_elementor_17616ce6 .ue-grid-item-meta-data-icon\n{\n  line-height:1em;\n}\n\n#uc_post_blocks_elementor_17616ce6 .ue-grid-item-meta-data-icon svg\n{\n  width:1em;\n  height:1em;\n}\n\n\n.ue-grid-item-category a\n{\n  display:inline-block;\n  font-size:10px;\n  text-transform:uppercase;\n}\n\n<\/style>\n\n<div id=\"uc_post_blocks_elementor_17616ce6\" class=\"ue_post_blocks uc-items-wrapper\" >\n    <div class=\"ue_post_blocks_box\">\n    <div class=\"ue_post_blocks_content\">\n      \n     <div class=\"ue-grid-item-category\"><a href=\"https:\/\/economicas.uba.ar\/iiep\/netlab\/category\/datos\/\">Datos<\/a><\/div>\n               <div class=\"ue-grid-item-meta-data\">\n                                  <\/div>\n         \n    <div class=\"ue_post_blocks_title\"><a href=\"https:\/\/economicas.uba.ar\/iiep\/netlab\/transiciones-de-empleo-formal-privado-argentino\/\">Transiciones de empleo formal privado Argentino<\/a><\/div>    \n        \n    \n        <div class=\"ue_post_blocks_link\"><a href=\"https:\/\/economicas.uba.ar\/iiep\/netlab\/transiciones-de-empleo-formal-privado-argentino\/\" class=\"\">Ver m\u00e1s<\/a><\/div>  <\/div>\n<\/div>\n<div class=\"ue_post_blocks_box\">\n    <div class=\"ue_post_blocks_content\">\n      \n     <div class=\"ue-grid-item-category\"><a href=\"https:\/\/economicas.uba.ar\/iiep\/netlab\/category\/datos\/\">Datos<\/a><\/div>\n               <div class=\"ue-grid-item-meta-data\">\n                                  <\/div>\n         \n    <div class=\"ue_post_blocks_title\"><a href=\"https:\/\/economicas.uba.ar\/iiep\/netlab\/redes-de-seguidores-y-seguidos-de-cuentas-de-twitter-relativas-a-la-economia-argentina\/\">Redes de seguidores y seguidos de cuentas de Twitter relativas a la econom\u00eda argentina<\/a><\/div>    \n        \n    \n        <div class=\"ue_post_blocks_link\"><a href=\"https:\/\/economicas.uba.ar\/iiep\/netlab\/redes-de-seguidores-y-seguidos-de-cuentas-de-twitter-relativas-a-la-economia-argentina\/\" class=\"\">Ver m\u00e1s<\/a><\/div>  <\/div>\n<\/div>\n<div class=\"ue_post_blocks_box\">\n    <div class=\"ue_post_blocks_content\">\n      \n     <div class=\"ue-grid-item-category\"><a href=\"https:\/\/economicas.uba.ar\/iiep\/netlab\/category\/datos\/\">Datos<\/a><\/div>\n               <div class=\"ue-grid-item-meta-data\">\n                                  <\/div>\n         \n    <div class=\"ue_post_blocks_title\"><a href=\"https:\/\/economicas.uba.ar\/iiep\/netlab\/comercio-internacional\/\">Comercio Internacional<\/a><\/div>    \n        \n    \n        <div class=\"ue_post_blocks_link\"><a href=\"https:\/\/economicas.uba.ar\/iiep\/netlab\/comercio-internacional\/\" class=\"\">Ver m\u00e1s<\/a><\/div>  <\/div>\n<\/div>\n<div class=\"ue_post_blocks_box\">\n    <div class=\"ue_post_blocks_content\">\n      \n     <div class=\"ue-grid-item-category\"><a href=\"https:\/\/economicas.uba.ar\/iiep\/netlab\/category\/datos\/\">Datos<\/a><\/div>\n               <div class=\"ue-grid-item-meta-data\">\n                                  <\/div>\n         \n    <div class=\"ue_post_blocks_title\"><a href=\"https:\/\/economicas.uba.ar\/iiep\/netlab\/deudores-del-mercado-de-credito-bancario\/\">Deudores del mercado de cr\u00e9dito bancario<\/a><\/div>    \n        \n    \n        <div class=\"ue_post_blocks_link\"><a href=\"https:\/\/economicas.uba.ar\/iiep\/netlab\/deudores-del-mercado-de-credito-bancario\/\" class=\"\">Ver m\u00e1s<\/a><\/div>  <\/div>\n<\/div>\n<div class=\"ue_post_blocks_box\">\n    <div class=\"ue_post_blocks_content\">\n      \n     <div class=\"ue-grid-item-category\"><a href=\"https:\/\/economicas.uba.ar\/iiep\/netlab\/category\/datos\/\">Datos<\/a><\/div>\n               <div class=\"ue-grid-item-meta-data\">\n                                  <\/div>\n         \n    <div class=\"ue_post_blocks_title\"><a href=\"https:\/\/economicas.uba.ar\/iiep\/netlab\/actividad-y-produccion-cientifica\/\">Actividad y producci\u00f3n cient\u00edfica<\/a><\/div>    \n        \n    \n        <div class=\"ue_post_blocks_link\"><a href=\"https:\/\/economicas.uba.ar\/iiep\/netlab\/actividad-y-produccion-cientifica\/\" class=\"\">Ver m\u00e1s<\/a><\/div>  <\/div>\n<\/div>\n<div class=\"ue_post_blocks_box\">\n    <div class=\"ue_post_blocks_content\">\n      \n     <div class=\"ue-grid-item-category\"><a href=\"https:\/\/economicas.uba.ar\/iiep\/netlab\/category\/datos\/\">Datos<\/a><\/div>\n               <div class=\"ue-grid-item-meta-data\">\n                                  <\/div>\n         \n    <div class=\"ue_post_blocks_title\"><a href=\"https:\/\/economicas.uba.ar\/iiep\/netlab\/trayectorias-laborales\/\">Trayectorias laborales<\/a><\/div>    \n        \n    \n        <div class=\"ue_post_blocks_link\"><a href=\"https:\/\/economicas.uba.ar\/iiep\/netlab\/trayectorias-laborales\/\" class=\"\">Ver m\u00e1s<\/a><\/div>  <\/div>\n<\/div>\n<div class=\"ue_post_blocks_box\">\n    <div class=\"ue_post_blocks_content\">\n      \n     <div class=\"ue-grid-item-category\"><a href=\"https:\/\/economicas.uba.ar\/iiep\/netlab\/category\/datos\/\">Datos<\/a><\/div>\n               <div class=\"ue-grid-item-meta-data\">\n                                  <\/div>\n         \n    <div class=\"ue_post_blocks_title\"><a href=\"https:\/\/economicas.uba.ar\/iiep\/netlab\/discursos-presidenciales\/\">Discursos presidenciales<\/a><\/div>    \n        \n    \n        <div class=\"ue_post_blocks_link\"><a href=\"https:\/\/economicas.uba.ar\/iiep\/netlab\/discursos-presidenciales\/\" class=\"\">Ver m\u00e1s<\/a><\/div>  <\/div>\n<\/div>\n<div class=\"ue_post_blocks_box\">\n    <div class=\"ue_post_blocks_content\">\n      \n     <div class=\"ue-grid-item-category\"><a href=\"https:\/\/economicas.uba.ar\/iiep\/netlab\/category\/datos\/\">Datos<\/a><\/div>\n               <div class=\"ue-grid-item-meta-data\">\n                                  <\/div>\n         \n    <div class=\"ue_post_blocks_title\"><a href=\"https:\/\/economicas.uba.ar\/iiep\/netlab\/personas-juridicas-y-sociedades-constituidas\/\">Personas Jur\u00eddicas y Sociedades Constitu\u00eddas<\/a><\/div>    \n        \n    \n        <div class=\"ue_post_blocks_link\"><a href=\"https:\/\/economicas.uba.ar\/iiep\/netlab\/personas-juridicas-y-sociedades-constituidas\/\" class=\"\">Ver m\u00e1s<\/a><\/div>  <\/div>\n<\/div>\n\n<\/div>\n<!-- end Post Blocks -->\t\t\t\t<\/div>\n\t\t\t\t<\/div>\n\t\t\t\t\t<\/div>\n\t\t\t\t<\/div>\n\t\t<div class=\"elementor-element elementor-element-6f8e9347 e-con-full e-flex e-con e-child\" data-id=\"6f8e9347\" data-element_type=\"container\" data-e-type=\"container\">\n\t\t\t\t<\/div>\n\t\t\t\t<section class=\"elementor-section elementor-top-section elementor-element elementor-element-17bc69a2 elementor-section-full_width elementor-section-stretched elementor-section-height-default elementor-section-height-default\" data-id=\"17bc69a2\" data-element_type=\"section\" data-e-type=\"section\" data-settings=\"{&quot;stretch_section&quot;:&quot;section-stretched&quot;,&quot;background_background&quot;:&quot;classic&quot;}\">\n\t\t\t\t\t\t\t<div class=\"elementor-background-overlay\"><\/div>\n\t\t\t\t\t\t\t<div class=\"elementor-container elementor-column-gap-default\">\n\t\t\t\t\t<div class=\"elementor-column elementor-col-100 elementor-top-column elementor-element elementor-element-33a961ae\" data-id=\"33a961ae\" data-element_type=\"column\" data-e-type=\"column\">\n\t\t\t<div class=\"elementor-widget-wrap elementor-element-populated\">\n\t\t\t\t\t\t<section class=\"elementor-section elementor-inner-section elementor-element elementor-element-347ef39c elementor-section-boxed elementor-section-height-default elementor-section-height-default\" data-id=\"347ef39c\" data-element_type=\"section\" data-e-type=\"section\">\n\t\t\t\t\t\t\t<div class=\"elementor-background-overlay\"><\/div>\n\t\t\t\t\t\t\t<div class=\"elementor-container elementor-column-gap-default\">\n\t\t\t\t\t<div class=\"elementor-column elementor-col-33 elementor-inner-column elementor-element elementor-element-2d1b4b57\" data-id=\"2d1b4b57\" data-element_type=\"column\" data-e-type=\"column\">\n\t\t\t<div class=\"elementor-widget-wrap elementor-element-populated\">\n\t\t\t\t<div class=\"elementor-element elementor-element-e7a5d12 e-grid e-con-boxed e-con e-parent\" data-id=\"e7a5d12\" data-element_type=\"container\" data-e-type=\"container\">\n\t\t\t\t\t<div class=\"e-con-inner\">\n\t\t\t\t<div class=\"elementor-element elementor-element-7840ca61 elementor-view-framed elementor-shape-circle elementor-widget elementor-widget-icon\" data-id=\"7840ca61\" data-element_type=\"widget\" data-e-type=\"widget\" data-widget_type=\"icon.default\">\n\t\t\t\t<div class=\"elementor-widget-container\">\n\t\t\t\t\t\t\t<div class=\"elementor-icon-wrapper\">\n\t\t\t<a class=\"elementor-icon\" href=\"\" target=\"_blank\">\n\t\t\t<i aria-hidden=\"true\" class=\"far fa-envelope\"><\/i>\t\t\t<\/a>\n\t\t<\/div>\n\t\t\t\t\t\t<\/div>\n\t\t\t\t<\/div>\n\t\t\t\t\t<\/div>\n\t\t\t\t<\/div>\n\t\t\t\t\t<\/div>\n\t\t<\/div>\n\t\t\t\t<div class=\"elementor-column elementor-col-33 elementor-inner-column elementor-element elementor-element-33c20ee2\" data-id=\"33c20ee2\" data-element_type=\"column\" data-e-type=\"column\">\n\t\t\t<div class=\"elementor-widget-wrap elementor-element-populated\">\n\t\t\t\t\t\t<div class=\"elementor-element elementor-element-993f642 elementor-view-framed elementor-shape-circle elementor-widget elementor-widget-icon\" data-id=\"993f642\" data-element_type=\"widget\" data-e-type=\"widget\" data-widget_type=\"icon.default\">\n\t\t\t\t<div class=\"elementor-widget-container\">\n\t\t\t\t\t\t\t<div class=\"elementor-icon-wrapper\">\n\t\t\t<a class=\"elementor-icon\" href=\"https:\/\/x.com\/netlab_iiep\" target=\"_blank\">\n\t\t\t<i aria-hidden=\"true\" class=\"fab fa-x-twitter\"><\/i>\t\t\t<\/a>\n\t\t<\/div>\n\t\t\t\t\t\t<\/div>\n\t\t\t\t<\/div>\n\t\t\t\t\t<\/div>\n\t\t<\/div>\n\t\t\t\t<div class=\"elementor-column elementor-col-33 elementor-inner-column elementor-element elementor-element-6df6589f\" data-id=\"6df6589f\" data-element_type=\"column\" data-e-type=\"column\">\n\t\t\t<div class=\"elementor-widget-wrap elementor-element-populated\">\n\t\t\t\t\t\t<div class=\"elementor-element elementor-element-38b09a8c elementor-view-framed elementor-shape-circle elementor-widget elementor-widget-icon\" data-id=\"38b09a8c\" data-element_type=\"widget\" data-e-type=\"widget\" data-widget_type=\"icon.default\">\n\t\t\t\t<div class=\"elementor-widget-container\">\n\t\t\t\t\t\t\t<div class=\"elementor-icon-wrapper\">\n\t\t\t<a class=\"elementor-icon\" href=\"https:\/\/www.youtube.com\/watch?v=4Pd5t3n4zBo&#038;list=PLY_KNOl7a6ByVbIYnHlPgo8Af0FVSLDi6\" target=\"_blank\">\n\t\t\t<i aria-hidden=\"true\" class=\"fab fa-youtube\"><\/i>\t\t\t<\/a>\n\t\t<\/div>\n\t\t\t\t\t\t<\/div>\n\t\t\t\t<\/div>\n\t\t\t\t\t<\/div>\n\t\t<\/div>\n\t\t\t\t\t<\/div>\n\t\t<\/section>\n\t\t\t\t\t<\/div>\n\t\t<\/div>\n\t\t\t\t\t<\/div>\n\t\t<\/section>\n\t\t<div class=\"elementor-element elementor-element-5d6123fe e-flex e-con-boxed e-con e-parent\" data-id=\"5d6123fe\" data-element_type=\"container\" data-e-type=\"container\" data-settings=\"{&quot;background_background&quot;:&quot;classic&quot;}\">\n\t\t\t\t\t<div class=\"e-con-inner\">\n\t\t<div class=\"elementor-element elementor-element-6153e707 e-grid e-con-boxed e-con e-child\" data-id=\"6153e707\" data-element_type=\"container\" data-e-type=\"container\">\n\t\t\t\t\t<div class=\"e-con-inner\">\n\t\t\t\t<div class=\"elementor-element elementor-element-128dedb elementor-widget elementor-widget-image\" data-id=\"128dedb\" data-element_type=\"widget\" data-e-type=\"widget\" data-widget_type=\"image.default\">\n\t\t\t\t<div class=\"elementor-widget-container\">\n\t\t\t\t\t\t\t\t\t\t\t\t\t\t\t<img decoding=\"async\" src=\"https:\/\/economicas.uba.ar\/iiep\/netlab\/wp-content\/uploads\/IIEP_sinfondo.png\" title=\"\" alt=\"\" loading=\"lazy\" \/>\t\t\t\t\t\t\t\t\t\t\t\t\t\t\t<\/div>\n\t\t\t\t<\/div>\n\t\t\t\t<div class=\"elementor-element elementor-element-455e73ad elementor-widget elementor-widget-text-editor\" data-id=\"455e73ad\" data-element_type=\"widget\" data-e-type=\"widget\" data-widget_type=\"text-editor.default\">\n\t\t\t\t<div class=\"elementor-widget-container\">\n\t\t\t\t\t\t\t\t\t<p>Av. C\u00f3rdoba 2122 &#8211; 1\u00b0 piso (C1120 AAQ)<br \/>Ciudad Aut\u00f3noma de Buenos Aires |\u00a0 Argentina<br \/>Tel\/fax: +54 11 5285-6578\u00a0<\/p>\t\t\t\t\t\t\t\t<\/div>\n\t\t\t\t<\/div>\n\t\t<div class=\"elementor-element elementor-element-13d4d871 e-grid e-con-boxed e-con e-child\" data-id=\"13d4d871\" data-element_type=\"container\" data-e-type=\"container\">\n\t\t\t\t\t<div class=\"e-con-inner\">\n\t\t\t\t<div class=\"elementor-element elementor-element-7544053a elementor-widget elementor-widget-heading\" data-id=\"7544053a\" data-element_type=\"widget\" data-e-type=\"widget\" data-widget_type=\"heading.default\">\n\t\t\t\t<div class=\"elementor-widget-container\">\n\t\t\t\t\t<h4 class=\"elementor-heading-title elementor-size-default\"><a href=\"http:\/\/eepurl.com\/gvhK2j\">\u00bfQuer\u00e9s conocer nuestras novedades?\nSumate a nuestra lista de correo<\/a><\/h4>\t\t\t\t<\/div>\n\t\t\t\t<\/div>\n\t\t\t\t\t<\/div>\n\t\t\t\t<\/div>\n\t\t\t\t\t<\/div>\n\t\t\t\t<\/div>\n\t\t\t\t\t<\/div>\n\t\t\t\t<\/div>\n\t\t\t\t<\/div>\n\t\t","protected":false},"excerpt":{"rendered":"<p>Datos Transiciones de empleo formal privado Argentino Ver m\u00e1s Datos Redes de seguidores y seguidos de cuentas de Twitter relativas a la econom\u00eda argentina Ver m\u00e1s Datos Comercio Internacional Ver<\/p>\n","protected":false},"author":8,"featured_media":0,"parent":0,"menu_order":0,"comment_status":"closed","ping_status":"closed","template":"","meta":{"footnotes":""},"class_list":["post-6299","page","type-page","status-publish","hentry"],"_links":{"self":[{"href":"https:\/\/economicas.uba.ar\/iiep\/netlab\/wp-json\/wp\/v2\/pages\/6299","targetHints":{"allow":["GET"]}}],"collection":[{"href":"https:\/\/economicas.uba.ar\/iiep\/netlab\/wp-json\/wp\/v2\/pages"}],"about":[{"href":"https:\/\/economicas.uba.ar\/iiep\/netlab\/wp-json\/wp\/v2\/types\/page"}],"author":[{"embeddable":true,"href":"https:\/\/economicas.uba.ar\/iiep\/netlab\/wp-json\/wp\/v2\/users\/8"}],"replies":[{"embeddable":true,"href":"https:\/\/economicas.uba.ar\/iiep\/netlab\/wp-json\/wp\/v2\/comments?post=6299"}],"version-history":[{"count":37,"href":"https:\/\/economicas.uba.ar\/iiep\/netlab\/wp-json\/wp\/v2\/pages\/6299\/revisions"}],"predecessor-version":[{"id":8383,"href":"https:\/\/economicas.uba.ar\/iiep\/netlab\/wp-json\/wp\/v2\/pages\/6299\/revisions\/8383"}],"wp:attachment":[{"href":"https:\/\/economicas.uba.ar\/iiep\/netlab\/wp-json\/wp\/v2\/media?parent=6299"}],"curies":[{"name":"wp","href":"https:\/\/api.w.org\/{rel}","templated":true}]}}