{"id":6325,"date":"2024-07-12T13:00:52","date_gmt":"2024-07-12T16:00:52","guid":{"rendered":"https:\/\/economicas.uba.ar\/iiep\/netlab\/?page_id=6325"},"modified":"2024-12-04T15:15:36","modified_gmt":"2024-12-04T18:15:36","slug":"actividades","status":"publish","type":"page","link":"https:\/\/economicas.uba.ar\/iiep\/netlab\/actividades\/","title":{"rendered":"Actividades"},"content":{"rendered":"\t\t<div data-elementor-type=\"wp-page\" data-elementor-id=\"6325\" class=\"elementor elementor-6325\" data-elementor-post-type=\"page\">\n\t\t\t\t<div class=\"elementor-element elementor-element-2c7075f e-flex e-con-boxed e-con e-parent\" data-id=\"2c7075f\" data-element_type=\"container\" data-e-type=\"container\">\n\t\t\t\t\t<div class=\"e-con-inner\">\n\t\t\t\t\t<\/div>\n\t\t\t\t<\/div>\n\t\t<div class=\"elementor-element elementor-element-211ecd1 e-flex e-con-boxed e-con e-parent\" data-id=\"211ecd1\" data-element_type=\"container\" data-e-type=\"container\">\n\t\t\t\t\t<div class=\"e-con-inner\">\n\t\t\t\t<div class=\"elementor-element elementor-element-b133be8 elementor-widget elementor-widget-heading\" data-id=\"b133be8\" data-element_type=\"widget\" data-e-type=\"widget\" data-widget_type=\"heading.default\">\n\t\t\t\t<div class=\"elementor-widget-container\">\n\t\t\t\t\t<h2 class=\"elementor-heading-title elementor-size-default\">Planificamos, organizamos y llevamos a cabo actividades de formaci\u00f3n, de investigaci\u00f3n y de difusi\u00f3n en la comunidad universitaria, acad\u00e9mica y para el p\u00fablico en general.   <\/h2>\t\t\t\t<\/div>\n\t\t\t\t<\/div>\n\t\t\t\t\t<\/div>\n\t\t\t\t<\/div>\n\t\t<div class=\"elementor-element elementor-element-82f9f61 e-flex e-con-boxed e-con e-parent\" data-id=\"82f9f61\" data-element_type=\"container\" data-e-type=\"container\">\n\t\t\t\t\t<div class=\"e-con-inner\">\n\t\t<div class=\"elementor-element elementor-element-5c0af52 e-con-full e-flex e-con e-child\" data-id=\"5c0af52\" data-element_type=\"container\" data-e-type=\"container\">\n\t\t<div class=\"elementor-element elementor-element-6b16a76 e-con-full e-flex e-con e-child\" data-id=\"6b16a76\" data-element_type=\"container\" data-e-type=\"container\">\n\t\t\t\t<div class=\"elementor-element elementor-element-19ef465 elementor-drop-cap-yes elementor-drop-cap-view-default elementor-widget elementor-widget-text-editor\" data-id=\"19ef465\" data-element_type=\"widget\" data-e-type=\"widget\" data-settings=\"{&quot;drop_cap&quot;:&quot;yes&quot;}\" data-widget_type=\"text-editor.default\">\n\t\t\t\t<div class=\"elementor-widget-container\">\n\t\t\t\t\t\t\t\t\t<h2><a href=\"https:\/\/economicas.uba.ar\/iiep\/netlab\/cursos\/\"><strong>Cursos<\/strong><\/a><\/h2><p><span style=\"font-weight: 400;\">Actividades de docencia dictadas por miembros de CSNetLab en distintos niveles educativos.<\/span><span style=\"color: var( --e-global-color-text );\">\u00a0<\/span><\/p><p><span style=\"font-weight: 400;\">\u00a0<\/span><\/p>\t\t\t\t\t\t\t\t<\/div>\n\t\t\t\t<\/div>\n\t\t\t\t<div class=\"elementor-element elementor-element-e78f4ba elementor-align-center elementor-widget elementor-widget-button\" data-id=\"e78f4ba\" data-element_type=\"widget\" data-e-type=\"widget\" data-widget_type=\"button.default\">\n\t\t\t\t<div class=\"elementor-widget-container\">\n\t\t\t\t\t\t\t\t\t<div class=\"elementor-button-wrapper\">\n\t\t\t\t\t<a class=\"elementor-button elementor-button-link elementor-size-sm\" href=\"https:\/\/economicas.uba.ar\/iiep\/netlab\/cursos\/\" id=\"ver mas\">\n\t\t\t\t\t\t<span class=\"elementor-button-content-wrapper\">\n\t\t\t\t\t\t\t\t\t<span class=\"elementor-button-text\">Ver m\u00e1s<\/span>\n\t\t\t\t\t<\/span>\n\t\t\t\t\t<\/a>\n\t\t\t\t<\/div>\n\t\t\t\t\t\t\t\t<\/div>\n\t\t\t\t<\/div>\n\t\t\t\t<\/div>\n\t\t<div class=\"elementor-element elementor-element-f81d671 e-con-full e-flex e-con e-child\" data-id=\"f81d671\" data-element_type=\"container\" data-e-type=\"container\">\n\t\t\t\t<div class=\"elementor-element elementor-element-dcfeae7 elementor-widget elementor-widget-text-editor\" data-id=\"dcfeae7\" data-element_type=\"widget\" data-e-type=\"widget\" data-widget_type=\"text-editor.default\">\n\t\t\t\t<div class=\"elementor-widget-container\">\n\t\t\t\t\t\t\t\t\t<h2><a href=\"https:\/\/economicas.uba.ar\/iiep\/netlab\/seminarios\"><strong>Seminarios<\/strong><\/a><\/h2><p><span style=\"font-weight: 400;\">Eventos especiales y actividades peri\u00f3dicas organizados o co-organizados por miembros de CSNetLab.<\/span><\/p><p><span style=\"font-weight: 400;\">\u00a0<\/span><\/p>\t\t\t\t\t\t\t\t<\/div>\n\t\t\t\t<\/div>\n\t\t\t\t<div class=\"elementor-element elementor-element-06466e2 elementor-align-center elementor-widget elementor-widget-button\" data-id=\"06466e2\" data-element_type=\"widget\" data-e-type=\"widget\" data-widget_type=\"button.default\">\n\t\t\t\t<div class=\"elementor-widget-container\">\n\t\t\t\t\t\t\t\t\t<div class=\"elementor-button-wrapper\">\n\t\t\t\t\t<a class=\"elementor-button elementor-button-link elementor-size-sm\" href=\"https:\/\/economicas.uba.ar\/iiep\/netlab\/seminarios\" id=\"ver mas\">\n\t\t\t\t\t\t<span class=\"elementor-button-content-wrapper\">\n\t\t\t\t\t\t\t\t\t<span class=\"elementor-button-text\">Ver m\u00e1s<\/span>\n\t\t\t\t\t<\/span>\n\t\t\t\t\t<\/a>\n\t\t\t\t<\/div>\n\t\t\t\t\t\t\t\t<\/div>\n\t\t\t\t<\/div>\n\t\t\t\t<\/div>\n\t\t<div class=\"elementor-element elementor-element-21a1c40 e-con-full e-flex e-con e-child\" data-id=\"21a1c40\" data-element_type=\"container\" data-e-type=\"container\">\n\t\t\t\t<div class=\"elementor-element elementor-element-52fc395 elementor-widget__width-initial elementor-widget elementor-widget-text-editor\" data-id=\"52fc395\" data-element_type=\"widget\" data-e-type=\"widget\" data-widget_type=\"text-editor.default\">\n\t\t\t\t<div class=\"elementor-widget-container\">\n\t\t\t\t\t\t\t\t\t<h2><strong><a href=\"https:\/\/economicas.uba.ar\/iiep\/netlab\/workshops\">Workshops<\/a><\/strong><\/h2><p>Organizamos Workshops y hackathons tanto a nivel nacional como internacional, con diversas tem\u00e1ticas.\u00a0<\/p><p>\u00a0<\/p>\t\t\t\t\t\t\t\t<\/div>\n\t\t\t\t<\/div>\n\t\t\t\t<div class=\"elementor-element elementor-element-3871945 elementor-align-center elementor-widget elementor-widget-button\" data-id=\"3871945\" data-element_type=\"widget\" data-e-type=\"widget\" data-widget_type=\"button.default\">\n\t\t\t\t<div class=\"elementor-widget-container\">\n\t\t\t\t\t\t\t\t\t<div class=\"elementor-button-wrapper\">\n\t\t\t\t\t<a class=\"elementor-button elementor-button-link elementor-size-sm\" href=\"https:\/\/economicas.uba.ar\/iiep\/netlab\/workshops\" id=\"ver mas\">\n\t\t\t\t\t\t<span class=\"elementor-button-content-wrapper\">\n\t\t\t\t\t\t\t\t\t<span class=\"elementor-button-text\">Ver m\u00e1s<\/span>\n\t\t\t\t\t<\/span>\n\t\t\t\t\t<\/a>\n\t\t\t\t<\/div>\n\t\t\t\t\t\t\t\t<\/div>\n\t\t\t\t<\/div>\n\t\t\t\t<\/div>\n\t\t\t\t<div class=\"elementor-element elementor-element-67091b7 elementor-widget elementor-widget-read-more\" data-id=\"67091b7\" data-element_type=\"widget\" data-e-type=\"widget\" data-widget_type=\"read-more.default\">\n\t\t\t\t<div class=\"elementor-widget-container\">\n\t\t\t\t\t<\/div><\/div><\/div><\/div><\/div><\/div> <a href=\"https:\/\/economicas.uba.ar\/iiep\/netlab\/actividades\/#more-6325\" class=\"more-link elementor-more-link\"><span aria-label=\"Segu\u00ed leyendo Actividades\">Segu\u00ed leyendo<\/span><\/a>","protected":false},"excerpt":{"rendered":"<p>Planificamos, organizamos y llevamos a cabo actividades de formaci\u00f3n, de investigaci\u00f3n y de difusi\u00f3n en la comunidad universitaria, acad\u00e9mica y para el p\u00fablico en general. Cursos Actividades de docencia dictadas<\/p>\n","protected":false},"author":8,"featured_media":0,"parent":0,"menu_order":0,"comment_status":"closed","ping_status":"closed","template":"","meta":{"footnotes":""},"class_list":["post-6325","page","type-page","status-publish","hentry"],"_links":{"self":[{"href":"https:\/\/economicas.uba.ar\/iiep\/netlab\/wp-json\/wp\/v2\/pages\/6325","targetHints":{"allow":["GET"]}}],"collection":[{"href":"https:\/\/economicas.uba.ar\/iiep\/netlab\/wp-json\/wp\/v2\/pages"}],"about":[{"href":"https:\/\/economicas.uba.ar\/iiep\/netlab\/wp-json\/wp\/v2\/types\/page"}],"author":[{"embeddable":true,"href":"https:\/\/economicas.uba.ar\/iiep\/netlab\/wp-json\/wp\/v2\/users\/8"}],"replies":[{"embeddable":true,"href":"https:\/\/economicas.uba.ar\/iiep\/netlab\/wp-json\/wp\/v2\/comments?post=6325"}],"version-history":[{"count":145,"href":"https:\/\/economicas.uba.ar\/iiep\/netlab\/wp-json\/wp\/v2\/pages\/6325\/revisions"}],"predecessor-version":[{"id":8365,"href":"https:\/\/economicas.uba.ar\/iiep\/netlab\/wp-json\/wp\/v2\/pages\/6325\/revisions\/8365"}],"wp:attachment":[{"href":"https:\/\/economicas.uba.ar\/iiep\/netlab\/wp-json\/wp\/v2\/media?parent=6325"}],"curies":[{"name":"wp","href":"https:\/\/api.w.org\/{rel}","templated":true}]}}