{"id":7059,"date":"2024-08-06T12:46:24","date_gmt":"2024-08-06T15:46:24","guid":{"rendered":"https:\/\/economicas.uba.ar\/iiep\/netlab\/?page_id=7059"},"modified":"2024-08-22T17:37:35","modified_gmt":"2024-08-22T20:37:35","slug":"seminarios","status":"publish","type":"page","link":"https:\/\/economicas.uba.ar\/iiep\/netlab\/seminarios\/","title":{"rendered":"Seminarios"},"content":{"rendered":"\t\t<div data-elementor-type=\"wp-page\" data-elementor-id=\"7059\" class=\"elementor elementor-7059\" data-elementor-post-type=\"page\">\n\t\t\t\t<div class=\"elementor-element elementor-element-2c7075f e-flex e-con-boxed e-con e-parent\" data-id=\"2c7075f\" data-element_type=\"container\" data-e-type=\"container\">\n\t\t\t\t\t<div class=\"e-con-inner\">\n\t\t\t\t\t<\/div>\n\t\t\t\t<\/div>\n\t\t<div class=\"elementor-element elementor-element-fdc236c e-flex e-con-boxed e-con e-parent\" data-id=\"fdc236c\" data-element_type=\"container\" data-e-type=\"container\">\n\t\t\t\t\t<div class=\"e-con-inner\">\n\t\t\t\t<div class=\"elementor-element elementor-element-514aa41 elementor-widget elementor-widget-heading\" data-id=\"514aa41\" data-element_type=\"widget\" data-e-type=\"widget\" data-widget_type=\"heading.default\">\n\t\t\t\t<div class=\"elementor-widget-container\">\n\t\t\t\t\t<h2 class=\"elementor-heading-title elementor-size-default\">Un an\u00e1lisis de la aplicaci\u00f3n reciente de la teor\u00eda matem\u00e1tica de redes en econom\u00eda<\/h2>\t\t\t\t<\/div>\n\t\t\t\t<\/div>\n\t\t\t\t<div class=\"elementor-element elementor-element-782f8d6 elementor-widget__width-initial elementor-widget elementor-widget-text-editor\" data-id=\"782f8d6\" data-element_type=\"widget\" data-e-type=\"widget\" data-widget_type=\"text-editor.default\">\n\t\t\t\t<div class=\"elementor-widget-container\">\n\t\t\t\t\t\t\t\t\t<div dir=\"auto\"><p>EL CSNetlab junto con el <a href=\"https:\/\/ciece.economicas.uba.ar\/\">CIECE<\/a> los invitan a participar del seminario: &#8221;\u00a0Un an\u00e1lisis de la aplicaci\u00f3n reciente de la teor\u00eda matem\u00e1tica de redes en econom\u00eda&#8221; de Santiago Lago.\u00a0<\/p><\/div><div dir=\"auto\">\u00a0<\/div><div dir=\"auto\"><strong>Modalidad<\/strong>: Presencial en Aula 442, FCE UBA | viernes 16-08, 14-16hs 2024<\/div>\t\t\t\t\t\t\t\t<\/div>\n\t\t\t\t<\/div>\n\t\t\t\t\t<\/div>\n\t\t\t\t<\/div>\n\t\t<div class=\"elementor-element elementor-element-0eb3bb2 e-flex e-con-boxed e-con e-parent\" data-id=\"0eb3bb2\" data-element_type=\"container\" data-e-type=\"container\">\n\t\t\t\t\t<div class=\"e-con-inner\">\n\t\t\t\t<div class=\"elementor-element elementor-element-3be62ef elementor-widget-divider--view-line elementor-widget elementor-widget-divider\" data-id=\"3be62ef\" data-element_type=\"widget\" data-e-type=\"widget\" data-widget_type=\"divider.default\">\n\t\t\t\t<div class=\"elementor-widget-container\">\n\t\t\t\t\t\t\t<div class=\"elementor-divider\">\n\t\t\t<span class=\"elementor-divider-separator\">\n\t\t\t\t\t\t<\/span>\n\t\t<\/div>\n\t\t\t\t\t\t<\/div>\n\t\t\t\t<\/div>\n\t\t\t\t\t<\/div>\n\t\t\t\t<\/div>\n\t\t<div class=\"elementor-element elementor-element-2cf23fc e-flex e-con-boxed e-con e-parent\" data-id=\"2cf23fc\" data-element_type=\"container\" data-e-type=\"container\">\n\t\t\t\t\t<div class=\"e-con-inner\">\n\t\t<div class=\"elementor-element elementor-element-67c70bd e-con-full e-flex e-con e-child\" data-id=\"67c70bd\" data-element_type=\"container\" data-e-type=\"container\">\n\t\t\t\t<div class=\"elementor-element elementor-element-878b31c elementor-widget elementor-widget-heading\" data-id=\"878b31c\" data-element_type=\"widget\" data-e-type=\"widget\" data-widget_type=\"heading.default\">\n\t\t\t\t<div class=\"elementor-widget-container\">\n\t\t\t\t\t<h2 class=\"elementor-heading-title elementor-size-default\">An evolutionary approach to development traps in European regions\n<\/h2>\t\t\t\t<\/div>\n\t\t\t\t<\/div>\n\t\t\t\t<\/div>\n\t\t\t\t\t<\/div>\n\t\t\t\t<\/div>\n\t\t<div class=\"elementor-element elementor-element-6c01a80 e-flex e-con-boxed e-con e-parent\" data-id=\"6c01a80\" data-element_type=\"container\" data-e-type=\"container\">\n\t\t\t\t\t<div class=\"e-con-inner\">\n\t\t<div class=\"elementor-element elementor-element-37bb193 e-con-full e-flex e-con e-child\" data-id=\"37bb193\" data-element_type=\"container\" data-e-type=\"container\">\n\t\t\t\t<div class=\"elementor-element elementor-element-cd45136 elementor-widget elementor-widget-image\" data-id=\"cd45136\" data-element_type=\"widget\" data-e-type=\"widget\" data-widget_type=\"image.default\">\n\t\t\t\t<div class=\"elementor-widget-container\">\n\t\t\t\t\t\t\t\t\t\t\t\t\t\t\t<img fetchpriority=\"high\" decoding=\"async\" width=\"687\" height=\"869\" src=\"https:\/\/economicas.uba.ar\/iiep\/netlab\/wp-content\/uploads\/Ron-Boschma.jpg\" class=\"attachment-full size-full wp-image-7957\" alt=\"\" srcset=\"https:\/\/economicas.uba.ar\/iiep\/netlab\/wp-content\/uploads\/Ron-Boschma.jpg 687w, https:\/\/economicas.uba.ar\/iiep\/netlab\/wp-content\/uploads\/Ron-Boschma-237x300.jpg 237w\" sizes=\"(max-width: 687px) 100vw, 687px\" \/>\t\t\t\t\t\t\t\t\t\t\t\t\t\t\t<\/div>\n\t\t\t\t<\/div>\n\t\t\t\t<\/div>\n\t\t<div class=\"elementor-element elementor-element-a779a1f e-con-full e-flex e-con e-child\" data-id=\"a779a1f\" data-element_type=\"container\" data-e-type=\"container\">\n\t\t\t\t<div class=\"elementor-element elementor-element-9c69d3b elementor-widget elementor-widget-text-editor\" data-id=\"9c69d3b\" data-element_type=\"widget\" data-e-type=\"widget\" data-widget_type=\"text-editor.default\">\n\t\t\t\t<div class=\"elementor-widget-container\">\n\t\t\t\t\t\t\t\t\t<p>Los invitamos al Seminario de Investigaci\u00f3n del IIEP\u00a0<b>\u201cAn evolutionary approach to development traps in European regions\u201d<\/b>\u00a0a cargo de\u00a0 Ron Boschma (<a href=\"https:\/\/www.uu.nl\/staff\/RABoschma\">Utrecht University<\/a>).\u00a0<\/p><p>\u00a0<\/p>\t\t\t\t\t\t\t\t<\/div>\n\t\t\t\t<\/div>\n\t\t\t\t<div class=\"elementor-element elementor-element-4545d71 elementor-widget elementor-widget-text-editor\" data-id=\"4545d71\" data-element_type=\"widget\" data-e-type=\"widget\" data-widget_type=\"text-editor.default\">\n\t\t\t\t<div class=\"elementor-widget-container\">\n\t\t\t\t\t\t\t\t\t<p><strong>Modalidad<\/strong>: Presencial en Aula 463, FCE UBA | 14 Febrero 2024<\/p><p>\u00a0<\/p><p>M\u00e1s informaci\u00f3n: <a href=\"mailto:netlab.iiep@gmail.com\" target=\"_blank\" rel=\"noopener\">netlab.iiep@gmail.com<\/a><\/p>\t\t\t\t\t\t\t\t<\/div>\n\t\t\t\t<\/div>\n\t\t\t\t<\/div>\n\t\t\t\t\t<\/div>\n\t\t\t\t<\/div>\n\t\t<div class=\"elementor-element elementor-element-61ed306 e-flex e-con-boxed e-con e-parent\" data-id=\"61ed306\" data-element_type=\"container\" data-e-type=\"container\">\n\t\t\t\t\t<div class=\"e-con-inner\">\n\t\t\t\t<div class=\"elementor-element elementor-element-0e8c1f6 elementor-widget-divider--view-line elementor-widget elementor-widget-divider\" data-id=\"0e8c1f6\" data-element_type=\"widget\" data-e-type=\"widget\" data-widget_type=\"divider.default\">\n\t\t\t\t<div class=\"elementor-widget-container\">\n\t\t\t\t\t\t\t<div class=\"elementor-divider\">\n\t\t\t<span class=\"elementor-divider-separator\">\n\t\t\t\t\t\t<\/span>\n\t\t<\/div>\n\t\t\t\t\t\t<\/div>\n\t\t\t\t<\/div>\n\t\t\t\t\t<\/div>\n\t\t\t\t<\/div>\n\t\t<div class=\"elementor-element elementor-element-16a157a e-flex e-con-boxed e-con e-parent\" data-id=\"16a157a\" data-element_type=\"container\" data-e-type=\"container\" data-settings=\"{&quot;background_background&quot;:&quot;classic&quot;}\">\n\t\t\t\t\t<div class=\"e-con-inner\">\n\t\t\t\t<div class=\"elementor-element elementor-element-6f96ea5 elementor-widget elementor-widget-heading\" data-id=\"6f96ea5\" data-element_type=\"widget\" data-e-type=\"widget\" data-widget_type=\"heading.default\">\n\t\t\t\t<div class=\"elementor-widget-container\">\n\t\t\t\t\t<h2 class=\"elementor-heading-title elementor-size-default\">The Cost and Opportunity of Climate Change: Policies for the Green Transformation from a Complex-System Agent-Based Model<\/h2>\t\t\t\t<\/div>\n\t\t\t\t<\/div>\n\t\t\t\t\t<\/div>\n\t\t\t\t<\/div>\n\t\t<div class=\"elementor-element elementor-element-b54d4a8 e-flex e-con-boxed e-con e-parent\" data-id=\"b54d4a8\" data-element_type=\"container\" data-e-type=\"container\">\n\t\t\t\t\t<div class=\"e-con-inner\">\n\t\t<div class=\"elementor-element elementor-element-90ba097 e-con-full e-flex e-con e-child\" data-id=\"90ba097\" data-element_type=\"container\" data-e-type=\"container\">\n\t\t\t\t<div class=\"elementor-element elementor-element-7762267 elementor-widget elementor-widget-image\" data-id=\"7762267\" data-element_type=\"widget\" data-e-type=\"widget\" data-widget_type=\"image.default\">\n\t\t\t\t<div class=\"elementor-widget-container\">\n\t\t\t\t\t\t\t\t\t\t\t\t\t\t\t<img decoding=\"async\" width=\"687\" height=\"869\" src=\"https:\/\/economicas.uba.ar\/iiep\/netlab\/wp-content\/uploads\/Andrea-Roventini.jpg\" class=\"attachment-full size-full wp-image-7956\" alt=\"\" srcset=\"https:\/\/economicas.uba.ar\/iiep\/netlab\/wp-content\/uploads\/Andrea-Roventini.jpg 687w, https:\/\/economicas.uba.ar\/iiep\/netlab\/wp-content\/uploads\/Andrea-Roventini-237x300.jpg 237w\" sizes=\"(max-width: 687px) 100vw, 687px\" \/>\t\t\t\t\t\t\t\t\t\t\t\t\t\t\t<\/div>\n\t\t\t\t<\/div>\n\t\t\t\t<\/div>\n\t\t<div class=\"elementor-element elementor-element-0ac9b54 e-con-full e-flex e-con e-child\" data-id=\"0ac9b54\" data-element_type=\"container\" data-e-type=\"container\">\n\t\t\t\t<div class=\"elementor-element elementor-element-3e8c681 elementor-widget elementor-widget-text-editor\" data-id=\"3e8c681\" data-element_type=\"widget\" data-e-type=\"widget\" data-widget_type=\"text-editor.default\">\n\t\t\t\t<div class=\"elementor-widget-container\">\n\t\t\t\t\t\t\t\t\t<p>El Instituto Interdisciplinario de Econom\u00eda Pol\u00edtica IIEP (UBA CONICET) junto con CSNetlab y el Laboratorio de Simulaci\u00f3n de Eventos Discretos (<a href=\"https:\/\/modsimu.exp.dc.uba.ar\/sed\/\">SEDLab<\/a>) de\u00a0<a href=\"https:\/\/icc.fcen.uba.ar\/\">ICC<\/a>\u00a0(UBA-CONICET) los invitan a participar del seminario :\u201dTHE COST AND OPPORTUNITY OF CLIMATE CHANGE: POLICIES FOR THE GREEN TRANSITION FROM A COMPLEX-SYSTEM AGENT-BASED MODEL\u201d de Andrea Roventini, profesor de Econom\u00eda del Instituto de Econom\u00eda de la Scuola Superiore Sant\u2019Anna (<a href=\"https:\/\/www.santannapisa.it\/it\">SSSUP<\/a>)<\/p><p>\u00a0<\/p>\t\t\t\t\t\t\t\t<\/div>\n\t\t\t\t<\/div>\n\t\t\t\t<div class=\"elementor-element elementor-element-39c6a25 elementor-widget elementor-widget-text-editor\" data-id=\"39c6a25\" data-element_type=\"widget\" data-e-type=\"widget\" data-widget_type=\"text-editor.default\">\n\t\t\t\t<div class=\"elementor-widget-container\">\n\t\t\t\t\t\t\t\t\t<p><strong>Modalidad<\/strong>: Presencial. FCE-UBA Aula 222 | 28 Julio 2022<\/p><p>\u00a0<\/p><p>Para m\u00e1s informaci\u00f3n: <a href=\"mailto:netlab.iiep@gmail.com\" target=\"_blank\" rel=\"noopener\"><span style=\"color: #2e072e;\">netlab.iiep@gmail.com<\/span><\/a><\/p>\t\t\t\t\t\t\t\t<\/div>\n\t\t\t\t<\/div>\n\t\t\t\t<\/div>\n\t\t\t\t\t<\/div>\n\t\t\t\t<\/div>\n\t\t<div class=\"elementor-element elementor-element-8b3eabc e-flex e-con-boxed e-con e-parent\" data-id=\"8b3eabc\" data-element_type=\"container\" data-e-type=\"container\">\n\t\t\t\t\t<div class=\"e-con-inner\">\n\t\t\t\t<div class=\"elementor-element elementor-element-e214ac7 elementor-widget-divider--view-line elementor-widget elementor-widget-divider\" data-id=\"e214ac7\" data-element_type=\"widget\" data-e-type=\"widget\" data-widget_type=\"divider.default\">\n\t\t\t\t<div class=\"elementor-widget-container\">\n\t\t\t\t\t\t\t<div class=\"elementor-divider\">\n\t\t\t<span class=\"elementor-divider-separator\">\n\t\t\t\t\t\t<\/span>\n\t\t<\/div>\n\t\t\t\t\t\t<\/div>\n\t\t\t\t<\/div>\n\t\t\t\t\t<\/div>\n\t\t\t\t<\/div>\n\t\t<div class=\"elementor-element elementor-element-c3133b2 e-flex e-con-boxed e-con e-parent\" data-id=\"c3133b2\" data-element_type=\"container\" data-e-type=\"container\" data-settings=\"{&quot;background_background&quot;:&quot;classic&quot;}\">\n\t\t\t\t\t<div class=\"e-con-inner\">\n\t\t\t\t<div class=\"elementor-element elementor-element-c708300 elementor-widget elementor-widget-heading\" data-id=\"c708300\" data-element_type=\"widget\" data-e-type=\"widget\" data-widget_type=\"heading.default\">\n\t\t\t\t<div class=\"elementor-widget-container\">\n\t\t\t\t\t<h2 class=\"elementor-heading-title elementor-size-default\">El lado oscuro de la Complejidad<\/h2>\t\t\t\t<\/div>\n\t\t\t\t<\/div>\n\t\t\t\t\t<\/div>\n\t\t\t\t<\/div>\n\t\t<div class=\"elementor-element elementor-element-b97ffb9 e-flex e-con-boxed e-con e-parent\" data-id=\"b97ffb9\" data-element_type=\"container\" data-e-type=\"container\" data-settings=\"{&quot;background_background&quot;:&quot;classic&quot;}\">\n\t\t\t\t\t<div class=\"e-con-inner\">\n\t\t<div class=\"elementor-element elementor-element-426c0c9 e-con-full e-flex e-con e-child\" data-id=\"426c0c9\" data-element_type=\"container\" data-e-type=\"container\">\n\t\t\t\t<div class=\"elementor-element elementor-element-dadc6c4 elementor-widget elementor-widget-image\" data-id=\"dadc6c4\" data-element_type=\"widget\" data-e-type=\"widget\" data-widget_type=\"image.default\">\n\t\t\t\t<div class=\"elementor-widget-container\">\n\t\t\t\t\t\t\t\t\t\t\t\t\t\t\t<img decoding=\"async\" width=\"450\" height=\"548\" src=\"https:\/\/economicas.uba.ar\/iiep\/netlab\/wp-content\/uploads\/Taller-El-lado-Oscuro-2022.png\" class=\"attachment-full size-full wp-image-7096\" alt=\"\" srcset=\"https:\/\/economicas.uba.ar\/iiep\/netlab\/wp-content\/uploads\/Taller-El-lado-Oscuro-2022.png 450w, https:\/\/economicas.uba.ar\/iiep\/netlab\/wp-content\/uploads\/Taller-El-lado-Oscuro-2022-246x300.png 246w\" sizes=\"(max-width: 450px) 100vw, 450px\" \/>\t\t\t\t\t\t\t\t\t\t\t\t\t\t\t<\/div>\n\t\t\t\t<\/div>\n\t\t\t\t<\/div>\n\t\t<div class=\"elementor-element elementor-element-7383e1d e-con-full e-flex e-con e-child\" data-id=\"7383e1d\" data-element_type=\"container\" data-e-type=\"container\">\n\t\t\t\t<div class=\"elementor-element elementor-element-21c0071 elementor-widget elementor-widget-text-editor\" data-id=\"21c0071\" data-element_type=\"widget\" data-e-type=\"widget\" data-widget_type=\"text-editor.default\">\n\t\t\t\t<div class=\"elementor-widget-container\">\n\t\t\t\t\t\t\t\t\t<p>El taller periodico \u201c<strong>El lado oscuro de la Complejidad<\/strong>\u201d organizado conjuntamente por el\u00a0Centro de Investigaci\u00f3n en Epistemolog\u00eda de las Ciencias Econ\u00f3micas (<a href=\"https:\/\/ciece.economicas.uba.ar\/\">CIECE<\/a>) de la UBA y el CSNetlab. El taller est\u00e1 orientado a la lectura y discusi\u00f3n sobre conceptos de la complejidad, as\u00ed como metodolog\u00edas y m\u00e9todos de modelado asociados a ella, desde una perspectiva epistemol\u00f3gica.<\/p>\t\t\t\t\t\t\t\t<\/div>\n\t\t\t\t<\/div>\n\t\t\t\t<div class=\"elementor-element elementor-element-5c7c5c0 elementor-widget elementor-widget-text-editor\" data-id=\"5c7c5c0\" data-element_type=\"widget\" data-e-type=\"widget\" data-widget_type=\"text-editor.default\">\n\t\t\t\t<div class=\"elementor-widget-container\">\n\t\t\t\t\t\t\t\t\t<p><strong>Modalidad<\/strong>: Presencial. FCE- UBA | 2019<\/p><p>\u00a0<\/p><p>Para m\u00e1s informaci\u00f3n: <a href=\"mailto:netlab.iiep@gmail.com\" target=\"_blank\" rel=\"noopener\"><span style=\"color: #2e072e;\">netlab.iiep@gmail.com<\/span><\/a><\/p>\t\t\t\t\t\t\t\t<\/div>\n\t\t\t\t<\/div>\n\t\t\t\t<\/div>\n\t\t\t\t\t<\/div>\n\t\t\t\t<\/div>\n\t\t\t\t<section class=\"elementor-section elementor-top-section elementor-element elementor-element-1be0ef2c elementor-section-full_width elementor-section-stretched elementor-section-height-default elementor-section-height-default\" data-id=\"1be0ef2c\" data-element_type=\"section\" data-e-type=\"section\" data-settings=\"{&quot;stretch_section&quot;:&quot;section-stretched&quot;,&quot;background_background&quot;:&quot;classic&quot;}\">\n\t\t\t\t\t\t\t<div class=\"elementor-background-overlay\"><\/div>\n\t\t\t\t\t\t\t<div class=\"elementor-container elementor-column-gap-default\">\n\t\t\t\t\t<div class=\"elementor-column elementor-col-100 elementor-top-column elementor-element elementor-element-39c327a9\" data-id=\"39c327a9\" data-element_type=\"column\" data-e-type=\"column\">\n\t\t\t<div class=\"elementor-widget-wrap elementor-element-populated\">\n\t\t\t\t\t\t<section class=\"elementor-section elementor-inner-section elementor-element elementor-element-24f93d68 elementor-section-boxed elementor-section-height-default elementor-section-height-default\" data-id=\"24f93d68\" data-element_type=\"section\" data-e-type=\"section\">\n\t\t\t\t\t\t\t<div class=\"elementor-background-overlay\"><\/div>\n\t\t\t\t\t\t\t<div class=\"elementor-container elementor-column-gap-default\">\n\t\t\t\t\t<div class=\"elementor-column elementor-col-33 elementor-inner-column elementor-element elementor-element-3b005bb3\" data-id=\"3b005bb3\" data-element_type=\"column\" data-e-type=\"column\">\n\t\t\t<div class=\"elementor-widget-wrap elementor-element-populated\">\n\t\t\t\t<div class=\"elementor-element elementor-element-5263111a e-grid e-con-boxed e-con e-parent\" data-id=\"5263111a\" data-element_type=\"container\" data-e-type=\"container\">\n\t\t\t\t\t<div class=\"e-con-inner\">\n\t\t\t\t<div class=\"elementor-element elementor-element-2cd51629 elementor-view-framed elementor-shape-circle elementor-widget elementor-widget-icon\" data-id=\"2cd51629\" data-element_type=\"widget\" data-e-type=\"widget\" data-widget_type=\"icon.default\">\n\t\t\t\t<div class=\"elementor-widget-container\">\n\t\t\t\t\t\t\t<div class=\"elementor-icon-wrapper\">\n\t\t\t<a class=\"elementor-icon\" href=\"\">\n\t\t\t<i aria-hidden=\"true\" class=\"far fa-envelope\"><\/i>\t\t\t<\/a>\n\t\t<\/div>\n\t\t\t\t\t\t<\/div>\n\t\t\t\t<\/div>\n\t\t\t\t\t<\/div>\n\t\t\t\t<\/div>\n\t\t\t\t\t<\/div>\n\t\t<\/div>\n\t\t\t\t<div class=\"elementor-column elementor-col-33 elementor-inner-column elementor-element elementor-element-11d6804\" data-id=\"11d6804\" data-element_type=\"column\" data-e-type=\"column\">\n\t\t\t<div class=\"elementor-widget-wrap elementor-element-populated\">\n\t\t\t\t\t\t<div class=\"elementor-element elementor-element-317d7027 elementor-view-framed elementor-shape-circle elementor-widget elementor-widget-icon\" data-id=\"317d7027\" data-element_type=\"widget\" data-e-type=\"widget\" data-widget_type=\"icon.default\">\n\t\t\t\t<div class=\"elementor-widget-container\">\n\t\t\t\t\t\t\t<div class=\"elementor-icon-wrapper\">\n\t\t\t<a class=\"elementor-icon\" href=\"https:\/\/x.com\/iiep_oficial\" target=\"_blank\">\n\t\t\t<i aria-hidden=\"true\" class=\"fab fa-x-twitter\"><\/i>\t\t\t<\/a>\n\t\t<\/div>\n\t\t\t\t\t\t<\/div>\n\t\t\t\t<\/div>\n\t\t\t\t\t<\/div>\n\t\t<\/div>\n\t\t\t\t<div class=\"elementor-column elementor-col-33 elementor-inner-column elementor-element elementor-element-34862d26\" data-id=\"34862d26\" data-element_type=\"column\" data-e-type=\"column\">\n\t\t\t<div class=\"elementor-widget-wrap elementor-element-populated\">\n\t\t\t\t\t\t<div class=\"elementor-element elementor-element-999e034 elementor-view-framed elementor-shape-circle elementor-widget elementor-widget-icon\" data-id=\"999e034\" data-element_type=\"widget\" data-e-type=\"widget\" data-widget_type=\"icon.default\">\n\t\t\t\t<div class=\"elementor-widget-container\">\n\t\t\t\t\t\t\t<div class=\"elementor-icon-wrapper\">\n\t\t\t<a class=\"elementor-icon\" href=\"https:\/\/www.youtube.com\/watch?v=4Pd5t3n4zBo&#038;list=PLY_KNOl7a6ByVbIYnHlPgo8Af0FVSLDi6\" target=\"_blank\">\n\t\t\t<i aria-hidden=\"true\" class=\"fab fa-youtube\"><\/i>\t\t\t<\/a>\n\t\t<\/div>\n\t\t\t\t\t\t<\/div>\n\t\t\t\t<\/div>\n\t\t\t\t\t<\/div>\n\t\t<\/div>\n\t\t\t\t\t<\/div>\n\t\t<\/section>\n\t\t\t\t\t<\/div>\n\t\t<\/div>\n\t\t\t\t\t<\/div>\n\t\t<\/section>\n\t\t<div class=\"elementor-element elementor-element-3e3938f1 e-flex e-con-boxed e-con e-parent\" data-id=\"3e3938f1\" data-element_type=\"container\" data-e-type=\"container\" data-settings=\"{&quot;background_background&quot;:&quot;classic&quot;}\">\n\t\t\t\t\t<div class=\"e-con-inner\">\n\t\t<div class=\"elementor-element elementor-element-418b6df4 e-grid e-con-boxed e-con e-child\" data-id=\"418b6df4\" data-element_type=\"container\" data-e-type=\"container\">\n\t\t\t\t\t<div class=\"e-con-inner\">\n\t\t\t\t<div class=\"elementor-element elementor-element-55f9246 elementor-widget elementor-widget-image\" data-id=\"55f9246\" data-element_type=\"widget\" data-e-type=\"widget\" data-widget_type=\"image.default\">\n\t\t\t\t<div class=\"elementor-widget-container\">\n\t\t\t\t\t\t\t\t\t\t\t\t\t\t\t<img decoding=\"async\" src=\"https:\/\/economicas.uba.ar\/iiep\/netlab\/wp-content\/uploads\/IIEP_sinfondo.png\" title=\"\" alt=\"\" loading=\"lazy\" \/>\t\t\t\t\t\t\t\t\t\t\t\t\t\t\t<\/div>\n\t\t\t\t<\/div>\n\t\t\t\t<div class=\"elementor-element elementor-element-380703f5 elementor-widget elementor-widget-text-editor\" data-id=\"380703f5\" data-element_type=\"widget\" data-e-type=\"widget\" data-widget_type=\"text-editor.default\">\n\t\t\t\t<div class=\"elementor-widget-container\">\n\t\t\t\t\t\t\t\t\t<p>Av. C\u00f3rdoba 2122 &#8211; 1\u00b0 piso (C1120 AAQ)<br \/>Ciudad Aut\u00f3noma de Buenos Aires |\u00a0 Argentina<br \/>Tel\/fax: +54 11 5285-6578\u00a0<\/p>\t\t\t\t\t\t\t\t<\/div>\n\t\t\t\t<\/div>\n\t\t<div class=\"elementor-element elementor-element-3497c495 e-grid e-con-boxed e-con e-child\" data-id=\"3497c495\" data-element_type=\"container\" data-e-type=\"container\">\n\t\t\t\t\t<div class=\"e-con-inner\">\n\t\t\t\t<div class=\"elementor-element elementor-element-83e3088 elementor-widget elementor-widget-heading\" data-id=\"83e3088\" data-element_type=\"widget\" data-e-type=\"widget\" data-widget_type=\"heading.default\">\n\t\t\t\t<div class=\"elementor-widget-container\">\n\t\t\t\t\t<h4 class=\"elementor-heading-title elementor-size-default\"><a href=\"https:\/\/v3.envialosimple.com\/form\/renderwidget\/format\/html\/AdministratorID\/188459\/FormID\/1\/Lang\/es\">\u00bfQuer\u00e9s conocer nuestras novedades?\nSumate a nuestra lista de correo<\/a><\/h4>\t\t\t\t<\/div>\n\t\t\t\t<\/div>\n\t\t\t\t\t<\/div>\n\t\t\t\t<\/div>\n\t\t\t\t\t<\/div>\n\t\t\t\t<\/div>\n\t\t\t\t\t<\/div>\n\t\t\t\t<\/div>\n\t\t\t\t<\/div>\n\t\t","protected":false},"excerpt":{"rendered":"<p>Un an\u00e1lisis de la aplicaci\u00f3n reciente de la teor\u00eda matem\u00e1tica de redes en econom\u00eda EL CSNetlab junto con el CIECE los invitan a participar del seminario: &#8221;\u00a0Un an\u00e1lisis de la<\/p>\n","protected":false},"author":8,"featured_media":0,"parent":0,"menu_order":0,"comment_status":"closed","ping_status":"closed","template":"","meta":{"footnotes":""},"class_list":["post-7059","page","type-page","status-publish","hentry"],"_links":{"self":[{"href":"https:\/\/economicas.uba.ar\/iiep\/netlab\/wp-json\/wp\/v2\/pages\/7059","targetHints":{"allow":["GET"]}}],"collection":[{"href":"https:\/\/economicas.uba.ar\/iiep\/netlab\/wp-json\/wp\/v2\/pages"}],"about":[{"href":"https:\/\/economicas.uba.ar\/iiep\/netlab\/wp-json\/wp\/v2\/types\/page"}],"author":[{"embeddable":true,"href":"https:\/\/economicas.uba.ar\/iiep\/netlab\/wp-json\/wp\/v2\/users\/8"}],"replies":[{"embeddable":true,"href":"https:\/\/economicas.uba.ar\/iiep\/netlab\/wp-json\/wp\/v2\/comments?post=7059"}],"version-history":[{"count":100,"href":"https:\/\/economicas.uba.ar\/iiep\/netlab\/wp-json\/wp\/v2\/pages\/7059\/revisions"}],"predecessor-version":[{"id":8270,"href":"https:\/\/economicas.uba.ar\/iiep\/netlab\/wp-json\/wp\/v2\/pages\/7059\/revisions\/8270"}],"wp:attachment":[{"href":"https:\/\/economicas.uba.ar\/iiep\/netlab\/wp-json\/wp\/v2\/media?parent=7059"}],"curies":[{"name":"wp","href":"https:\/\/api.w.org\/{rel}","templated":true}]}}