{"id":127,"date":"2023-04-28T09:13:36","date_gmt":"2023-04-28T12:13:36","guid":{"rendered":"https:\/\/economicas.uba.ar\/iiep\/vinodata\/?page_id=127"},"modified":"2024-12-04T15:37:38","modified_gmt":"2024-12-04T18:37:38","slug":"quienes-somos","status":"publish","type":"page","link":"https:\/\/economicas.uba.ar\/iiep\/vinodata\/quienes-somos\/","title":{"rendered":"Quienes somos"},"content":{"rendered":"\t\t<div data-elementor-type=\"wp-post\" data-elementor-id=\"127\" class=\"elementor elementor-127\">\n\t\t\t\t\t\t<section class=\"elementor-section elementor-top-section elementor-element elementor-element-428f5b4 elementor-section-boxed elementor-section-height-default elementor-section-height-default\" data-id=\"428f5b4\" data-element_type=\"section\" data-e-type=\"section\">\n\t\t\t\t\t\t<div class=\"elementor-container elementor-column-gap-default\">\n\t\t\t\t\t<div class=\"elementor-column elementor-col-100 elementor-top-column elementor-element elementor-element-e7c4c39\" data-id=\"e7c4c39\" data-element_type=\"column\" data-e-type=\"column\">\n\t\t\t<div class=\"elementor-widget-wrap elementor-element-populated\">\n\t\t\t\t\t\t<div class=\"elementor-element elementor-element-5c55c12 elementor-widget elementor-widget-text-editor\" data-id=\"5c55c12\" data-element_type=\"widget\" data-e-type=\"widget\" data-widget_type=\"text-editor.default\">\n\t\t\t\t<div class=\"elementor-widget-container\">\n\t\t\t\t\t\t\t\t\t<p><span style=\"font-weight: 400;\">Somos un centro de investigaci\u00f3n aplicada al an\u00e1lisis del mercado y la industria del vino argentino a trav\u00e9s del uso de inteligencia de datos y otras herramientas cuanti y cualitativas. Buscamos generar informaci\u00f3n accesible y \u00fatil para facilitar la toma de decisiones de productores, hacedores de pol\u00edtica y consumidores de vino, as\u00ed como para todos aquellos interesados en el estudio de este sector en Argentina. Nos enfocamos principalmente en 4 \u00e1reas: precios, consumo, producci\u00f3n y mercados globales. <\/span><\/p>\t\t\t\t\t\t\t\t<\/div>\n\t\t\t\t<\/div>\n\t\t\t\t\t<\/div>\n\t\t<\/div>\n\t\t\t\t\t<\/div>\n\t\t<\/section>\n\t\t\t\t<section class=\"elementor-section elementor-top-section elementor-element elementor-element-b32b8c3 elementor-section-boxed elementor-section-height-default elementor-section-height-default\" data-id=\"b32b8c3\" data-element_type=\"section\" data-e-type=\"section\">\n\t\t\t\t\t\t<div class=\"elementor-container elementor-column-gap-default\">\n\t\t\t\t\t<div class=\"elementor-column elementor-col-100 elementor-top-column elementor-element elementor-element-36f5be3\" data-id=\"36f5be3\" data-element_type=\"column\" data-e-type=\"column\">\n\t\t\t<div class=\"elementor-widget-wrap elementor-element-populated\">\n\t\t\t\t\t\t<div class=\"elementor-element elementor-element-6e3405a elementor-widget elementor-widget-heading\" data-id=\"6e3405a\" data-element_type=\"widget\" data-e-type=\"widget\" data-widget_type=\"heading.default\">\n\t\t\t\t<div class=\"elementor-widget-container\">\n\t\t\t\t\t<h4 class=\"elementor-heading-title elementor-size-default\">Equipo<\/h4>\t\t\t\t<\/div>\n\t\t\t\t<\/div>\n\t\t\t\t\t<\/div>\n\t\t<\/div>\n\t\t\t\t\t<\/div>\n\t\t<\/section>\n\t\t\t\t<section class=\"elementor-section elementor-top-section elementor-element elementor-element-f85fc03 elementor-section-boxed elementor-section-height-default elementor-section-height-default\" data-id=\"f85fc03\" data-element_type=\"section\" data-e-type=\"section\">\n\t\t\t\t\t\t<div class=\"elementor-container elementor-column-gap-default\">\n\t\t\t\t\t<div class=\"elementor-column elementor-col-50 elementor-top-column elementor-element elementor-element-0b15df2\" data-id=\"0b15df2\" data-element_type=\"column\" data-e-type=\"column\">\n\t\t\t<div class=\"elementor-widget-wrap elementor-element-populated\">\n\t\t\t\t\t\t<div class=\"elementor-element elementor-element-33834ed elementor-widget elementor-widget-image\" data-id=\"33834ed\" data-element_type=\"widget\" data-e-type=\"widget\" data-widget_type=\"image.default\">\n\t\t\t\t<div class=\"elementor-widget-container\">\n\t\t\t\t\t\t\t\t\t\t\t\t\t\t\t<img fetchpriority=\"high\" decoding=\"async\" width=\"300\" height=\"300\" src=\"https:\/\/economicas.uba.ar\/iiep\/vinodata\/wp-content\/uploads\/2023\/04\/nicolasgrosman-300x300.png\" class=\"attachment-medium size-medium wp-image-31\" alt=\"\" srcset=\"https:\/\/economicas.uba.ar\/iiep\/vinodata\/wp-content\/uploads\/2023\/04\/nicolasgrosman-300x300.png 300w, https:\/\/economicas.uba.ar\/iiep\/vinodata\/wp-content\/uploads\/2023\/04\/nicolasgrosman-150x150.png 150w, https:\/\/economicas.uba.ar\/iiep\/vinodata\/wp-content\/uploads\/2023\/04\/nicolasgrosman.png 500w\" sizes=\"(max-width: 300px) 100vw, 300px\" \/>\t\t\t\t\t\t\t\t\t\t\t\t\t\t\t<\/div>\n\t\t\t\t<\/div>\n\t\t\t\t<div class=\"elementor-element elementor-element-9864989 elementor-widget elementor-widget-text-editor\" data-id=\"9864989\" data-element_type=\"widget\" data-e-type=\"widget\" data-widget_type=\"text-editor.default\">\n\t\t\t\t<div class=\"elementor-widget-container\">\n\t\t\t\t\t\t\t\t\t<p><span style=\"color: #000000; font-family: Arial;\"><span style=\"font-size: 14.6667px; white-space: pre-wrap;\"><b>Nicol\u00e1s<\/b><\/span><\/span><strong><span style=\"font-size: 11pt; font-family: Arial; color: #000000; background-color: transparent; font-variant-numeric: normal; font-variant-east-asian: normal; font-variant-alternates: normal; vertical-align: baseline; white-space: pre-wrap;\"> Grosman <\/span><\/strong><\/p><p><span style=\"font-size: 11pt; font-family: Arial; color: #000000; background-color: transparent; font-variant-numeric: normal; font-variant-east-asian: normal; font-variant-alternates: normal; vertical-align: baseline; white-space: pre-wrap;\">Consultor, economista y profesor en la Escuela de Gobierno de la Universidad Torcuato Di Tella. Se especializa en temas de desarrollo econ\u00f3mico, estrategia, nuevas tecnolog\u00edas y pol\u00edticas p\u00fablicas. Master en Administraci\u00f3n P\u00fablica y Desarrollo Internacional de la Universidad de Harvard y un M\u00e1ster en Econom\u00eda de la Universidad Torcuato Di Tella. Apasionado del mundo del vino, Catador Profesional y capacitado en Enolog\u00eda en la Escuela Argentina de Vinos.<\/span><\/p><p>\u00a0<\/p>\t\t\t\t\t\t\t\t<\/div>\n\t\t\t\t<\/div>\n\t\t\t\t\t<\/div>\n\t\t<\/div>\n\t\t\t\t<div class=\"elementor-column elementor-col-50 elementor-top-column elementor-element elementor-element-de73ca5\" data-id=\"de73ca5\" data-element_type=\"column\" data-e-type=\"column\">\n\t\t\t<div class=\"elementor-widget-wrap elementor-element-populated\">\n\t\t\t\t\t\t<div class=\"elementor-element elementor-element-7cefd6f elementor-widget elementor-widget-image\" data-id=\"7cefd6f\" data-element_type=\"widget\" data-e-type=\"widget\" data-widget_type=\"image.default\">\n\t\t\t\t<div class=\"elementor-widget-container\">\n\t\t\t\t\t\t\t\t\t\t\t\t\t\t\t<img decoding=\"async\" width=\"300\" height=\"300\" src=\"https:\/\/economicas.uba.ar\/iiep\/vinodata\/wp-content\/uploads\/2023\/04\/andreslopez-300x300.png\" class=\"attachment-medium size-medium wp-image-32\" alt=\"\" srcset=\"https:\/\/economicas.uba.ar\/iiep\/vinodata\/wp-content\/uploads\/2023\/04\/andreslopez-300x300.png 300w, https:\/\/economicas.uba.ar\/iiep\/vinodata\/wp-content\/uploads\/2023\/04\/andreslopez-150x150.png 150w, https:\/\/economicas.uba.ar\/iiep\/vinodata\/wp-content\/uploads\/2023\/04\/andreslopez.png 500w\" sizes=\"(max-width: 300px) 100vw, 300px\" \/>\t\t\t\t\t\t\t\t\t\t\t\t\t\t\t<\/div>\n\t\t\t\t<\/div>\n\t\t\t\t<div class=\"elementor-element elementor-element-3fdc903 elementor-widget elementor-widget-text-editor\" data-id=\"3fdc903\" data-element_type=\"widget\" data-e-type=\"widget\" data-widget_type=\"text-editor.default\">\n\t\t\t\t<div class=\"elementor-widget-container\">\n\t\t\t\t\t\t\t\t\t<p><strong><span style=\"font-size: 11pt; font-family: Arial; color: #000000; background-color: transparent; font-variant-numeric: normal; font-variant-east-asian: normal; font-variant-alternates: normal; vertical-align: baseline; white-space: pre-wrap;\">Andr\u00e9s Lopez<\/span><\/strong><\/p><p><span style=\"font-size: 11pt; font-family: Arial; color: #000000; background-color: transparent; font-variant-numeric: normal; font-variant-east-asian: normal; font-variant-alternates: normal; vertical-align: baseline; white-space: pre-wrap;\"> Director del Instituto Interdisciplinario de Econom\u00eda Pol\u00edtica IIEP (UBA-CONICET). Profesor Titular de Desarrollo Econ\u00f3mico en FCE-UBA. Dr. en Econom\u00eda por FCE-UBA. Se especializa en temas de desarrollo productivo y tecnol\u00f3gico. Amante del vino desde la m\u00e1s tierna infancia.<\/span><\/p>\t\t\t\t\t\t\t\t<\/div>\n\t\t\t\t<\/div>\n\t\t\t\t\t<\/div>\n\t\t<\/div>\n\t\t\t\t\t<\/div>\n\t\t<\/section>\n\t\t\t\t<section class=\"elementor-section elementor-top-section elementor-element elementor-element-51cf364 elementor-section-boxed elementor-section-height-default elementor-section-height-default\" data-id=\"51cf364\" data-element_type=\"section\" data-e-type=\"section\">\n\t\t\t\t\t\t<div class=\"elementor-container elementor-column-gap-default\">\n\t\t\t\t\t<div class=\"elementor-column elementor-col-50 elementor-top-column elementor-element elementor-element-ec44a83\" data-id=\"ec44a83\" data-element_type=\"column\" data-e-type=\"column\">\n\t\t\t<div class=\"elementor-widget-wrap elementor-element-populated\">\n\t\t\t\t\t\t<div class=\"elementor-element elementor-element-546bc9d elementor-widget elementor-widget-image\" data-id=\"546bc9d\" data-element_type=\"widget\" data-e-type=\"widget\" data-widget_type=\"image.default\">\n\t\t\t\t<div class=\"elementor-widget-container\">\n\t\t\t\t\t\t\t\t\t\t\t\t\t\t\t<img decoding=\"async\" width=\"300\" height=\"300\" src=\"https:\/\/economicas.uba.ar\/iiep\/vinodata\/wp-content\/uploads\/2024\/03\/BrunoColbalchini-300x300.png\" class=\"attachment-medium size-medium wp-image-599\" alt=\"\" srcset=\"https:\/\/economicas.uba.ar\/iiep\/vinodata\/wp-content\/uploads\/2024\/03\/BrunoColbalchini-300x300.png 300w, https:\/\/economicas.uba.ar\/iiep\/vinodata\/wp-content\/uploads\/2024\/03\/BrunoColbalchini-150x150.png 150w, https:\/\/economicas.uba.ar\/iiep\/vinodata\/wp-content\/uploads\/2024\/03\/BrunoColbalchini.png 500w\" sizes=\"(max-width: 300px) 100vw, 300px\" \/>\t\t\t\t\t\t\t\t\t\t\t\t\t\t\t<\/div>\n\t\t\t\t<\/div>\n\t\t\t\t<div class=\"elementor-element elementor-element-3f6fec5 elementor-widget elementor-widget-text-editor\" data-id=\"3f6fec5\" data-element_type=\"widget\" data-e-type=\"widget\" data-widget_type=\"text-editor.default\">\n\t\t\t\t<div class=\"elementor-widget-container\">\n\t\t\t\t\t\t\t\t\t<span style=\"color: #000000; font-family: Arial;\"><span style=\"font-size: 14.6667px; white-space: pre-wrap;\"><b>Bruno<\/b><\/span><\/span><strong><span style=\"font-size: 11pt; font-family: Arial; color: #000000; background-color: transparent; font-variant-numeric: normal; font-variant-east-asian: normal; font-variant-alternates: normal; vertical-align: baseline; white-space: pre-wrap;\"> Colbalchini <\/span><\/strong>\n<br>\n<span style=\"font-size: 11pt; font-family: Arial; color: #000000; background-color: transparent; font-variant-numeric: normal; font-variant-east-asian: normal; font-variant-alternates: normal; vertical-align: baseline; white-space: pre-wrap;\">Fundador de Sudamerico, empresa francesa dedicada al an\u00e1lisis de\ndatos aduaneros de Am\u00e9rica Latina, y de Vinalitica, plataforma de\nan\u00e1lisis de exportaciones de vinos argentinos. Graduado de la Escuela\nde Ingenieros de Minas de Albi (Francia) y M\u00e1ster en Comercio\nInternacional de la Universidad of Queensland (Australia). Finalizando\nuna maestr\u00eda en Historia Econ\u00f3mica en la UBA. Tiene una relaci\u00f3n\napasionada con Argentina y su vino.<\/span>\t\t\t\t\t\t\t\t<\/div>\n\t\t\t\t<\/div>\n\t\t\t\t\t<\/div>\n\t\t<\/div>\n\t\t\t\t<div class=\"elementor-column elementor-col-50 elementor-top-column elementor-element elementor-element-4a4d01a\" data-id=\"4a4d01a\" data-element_type=\"column\" data-e-type=\"column\">\n\t\t\t<div class=\"elementor-widget-wrap\">\n\t\t\t\t\t\t\t<\/div>\n\t\t<\/div>\n\t\t\t\t\t<\/div>\n\t\t<\/section>\n\t\t\t\t<section class=\"elementor-section elementor-top-section elementor-element elementor-element-3fe9e13 elementor-section-boxed elementor-section-height-default elementor-section-height-default\" data-id=\"3fe9e13\" data-element_type=\"section\" data-e-type=\"section\">\n\t\t\t\t\t\t<div class=\"elementor-container elementor-column-gap-default\">\n\t\t\t\t\t<div class=\"elementor-column elementor-col-100 elementor-top-column elementor-element elementor-element-bc218f6\" data-id=\"bc218f6\" data-element_type=\"column\" data-e-type=\"column\">\n\t\t\t<div class=\"elementor-widget-wrap elementor-element-populated\">\n\t\t\t\t\t\t<div class=\"elementor-element elementor-element-da688bf elementor-widget elementor-widget-spacer\" data-id=\"da688bf\" data-element_type=\"widget\" data-e-type=\"widget\" data-widget_type=\"spacer.default\">\n\t\t\t\t<div class=\"elementor-widget-container\">\n\t\t\t\t\t\t\t<div class=\"elementor-spacer\">\n\t\t\t<div class=\"elementor-spacer-inner\"><\/div>\n\t\t<\/div>\n\t\t\t\t\t\t<\/div>\n\t\t\t\t<\/div>\n\t\t\t\t\t<\/div>\n\t\t<\/div>\n\t\t\t\t\t<\/div>\n\t\t<\/section>\n\t\t\t\t<section class=\"elementor-section elementor-top-section elementor-element elementor-element-4c46097a elementor-section-boxed elementor-section-height-default elementor-section-height-default\" data-id=\"4c46097a\" data-element_type=\"section\" data-e-type=\"section\" data-settings=\"{&quot;background_background&quot;:&quot;classic&quot;}\">\n\t\t\t\t\t\t<div class=\"elementor-container elementor-column-gap-default\">\n\t\t\t\t\t<div class=\"elementor-column elementor-col-33 elementor-top-column elementor-element elementor-element-486638d6\" data-id=\"486638d6\" data-element_type=\"column\" data-e-type=\"column\">\n\t\t\t<div class=\"elementor-widget-wrap elementor-element-populated\">\n\t\t\t\t\t\t<div class=\"elementor-element elementor-element-13ad98da elementor-widget elementor-widget-ucaddon_rotating_social_icons\" data-id=\"13ad98da\" data-element_type=\"widget\" data-e-type=\"widget\" data-widget_type=\"ucaddon_rotating_social_icons.default\">\n\t\t\t\t<div class=\"elementor-widget-container\">\n\t\t\t\t\t\n<!-- start Rotating Social Icons -->\n\t\t<link id='font-awesome-css' href='https:\/\/economicas.uba.ar\/iiep\/vinodata\/wp-content\/plugins\/unlimited-elements-for-elementor\/assets_libraries\/font-awesome6\/fontawesome-all.min.css' type='text\/css' rel='stylesheet' >\n\t\t<link id='font-awesome-4-shim-css' href='https:\/\/economicas.uba.ar\/iiep\/vinodata\/wp-content\/plugins\/unlimited-elements-for-elementor\/assets_libraries\/font-awesome6\/fontawesome-v4-shims.min.css' type='text\/css' rel='stylesheet' >\n\n<style>\/* widget: Rotating Social Icons *\/\n\n#uc_rotating_social_icons_elementor_13ad98da\n{\n\tdisplay:flex;\n    flex-wrap: wrap;\n  \n}\n\n#uc_rotating_social_icons_elementor_13ad98da a\n{\n\ttext-decoration:none;\n    display:block;\n    transition: 0.3s ease;\n}\n\n#uc_rotating_social_icons_elementor_13ad98da .social_icon {\n\t\tposition: relative;\n\t\ttransition: 0.3s ease;\n  \t\tbox-sizing:border-box;\n        line-height:1em;\n        display:flex;\n        justify-content:center;\n        align-items:center;\n}\n\n#uc_rotating_social_icons_elementor_13ad98da .social_icon svg {\n       height:1em;\n       width:1em;\n}\n\n<\/style>\n\n<div class=\"ue-icons\" id=\"uc_rotating_social_icons_elementor_13ad98da\">\n\t<a class=\"social_iconwrapper elementor-repeater-item-b33e328\" href=\"mailto:vinodata@economicas.uba.ar\" >\n  <span class=\"social_icon \"><i class='fas fa-envelope'><\/i><\/span>\n<\/a>\n\n<\/div>\n<!-- end Rotating Social Icons -->\t\t\t\t<\/div>\n\t\t\t\t<\/div>\n\t\t\t\t\t<\/div>\n\t\t<\/div>\n\t\t\t\t<div class=\"elementor-column elementor-col-33 elementor-top-column elementor-element elementor-element-607481a5\" data-id=\"607481a5\" data-element_type=\"column\" data-e-type=\"column\">\n\t\t\t<div class=\"elementor-widget-wrap elementor-element-populated\">\n\t\t\t\t\t\t<div class=\"elementor-element elementor-element-1e24aabc elementor-widget elementor-widget-ucaddon_rotating_social_icons\" data-id=\"1e24aabc\" data-element_type=\"widget\" data-e-type=\"widget\" data-widget_type=\"ucaddon_rotating_social_icons.default\">\n\t\t\t\t<div class=\"elementor-widget-container\">\n\t\t\t\t\t\n<!-- start Rotating Social Icons -->\n\n<style>\/* widget: Rotating Social Icons *\/\n\n#uc_rotating_social_icons_elementor_1e24aabc\n{\n\tdisplay:flex;\n    flex-wrap: wrap;\n  \n}\n\n#uc_rotating_social_icons_elementor_1e24aabc a\n{\n\ttext-decoration:none;\n    display:block;\n    transition: 0.3s ease;\n}\n\n#uc_rotating_social_icons_elementor_1e24aabc .social_icon {\n\t\tposition: relative;\n\t\ttransition: 0.3s ease;\n  \t\tbox-sizing:border-box;\n        line-height:1em;\n        display:flex;\n        justify-content:center;\n        align-items:center;\n}\n\n#uc_rotating_social_icons_elementor_1e24aabc .social_icon svg {\n       height:1em;\n       width:1em;\n}\n\n<\/style>\n\n<div class=\"ue-icons\" id=\"uc_rotating_social_icons_elementor_1e24aabc\">\n\t<a class=\"social_iconwrapper elementor-repeater-item-43686cf\" href=\"https:\/\/twitter.com\/vinodata_arg\" >\n  <span class=\"social_icon \"><i class='fab fa-twitter'><\/i><\/span>\n<\/a>\n\n<\/div>\n<!-- end Rotating Social Icons -->\t\t\t\t<\/div>\n\t\t\t\t<\/div>\n\t\t\t\t\t<\/div>\n\t\t<\/div>\n\t\t\t\t<div class=\"elementor-column elementor-col-33 elementor-top-column elementor-element elementor-element-2badad5d\" data-id=\"2badad5d\" data-element_type=\"column\" data-e-type=\"column\">\n\t\t\t<div class=\"elementor-widget-wrap\">\n\t\t\t\t\t\t\t<\/div>\n\t\t<\/div>\n\t\t\t\t\t<\/div>\n\t\t<\/section>\n\t\t\t\t<section class=\"elementor-section elementor-top-section elementor-element elementor-element-578ecf93 elementor-section-boxed elementor-section-height-default elementor-section-height-default\" data-id=\"578ecf93\" data-element_type=\"section\" data-e-type=\"section\" data-settings=\"{&quot;background_background&quot;:&quot;classic&quot;}\">\n\t\t\t\t\t\t<div class=\"elementor-container elementor-column-gap-default\">\n\t\t\t\t\t<div class=\"elementor-column elementor-col-33 elementor-top-column elementor-element elementor-element-1994f9c2\" data-id=\"1994f9c2\" data-element_type=\"column\" data-e-type=\"column\">\n\t\t\t<div class=\"elementor-widget-wrap elementor-element-populated\">\n\t\t\t\t\t\t<div class=\"elementor-element elementor-element-33adb557 elementor-widget__width-initial elementor-widget elementor-widget-image\" data-id=\"33adb557\" data-element_type=\"widget\" data-e-type=\"widget\" data-widget_type=\"image.default\">\n\t\t\t\t<div class=\"elementor-widget-container\">\n\t\t\t\t\t\t\t\t\t\t\t\t\t\t\t\t<a href=\"https:\/\/iiep.economicas.uba.ar\/\" target=\"_blank\">\n\t\t\t\t\t\t\t<img decoding=\"async\" src=\"https:\/\/economicas.uba.ar\/iiep\/vinodata\/wp-content\/uploads\/elementor\/thumbs\/IIEP-rjn6e75g0nz6xng36vptm1yaddx8jdx3cdf3nxk8hc.png\" title=\"IIEP\" alt=\"IIEP\" loading=\"lazy\" \/>\t\t\t\t\t\t\t\t<\/a>\n\t\t\t\t\t\t\t\t\t\t\t\t\t\t\t<\/div>\n\t\t\t\t<\/div>\n\t\t\t\t\t<\/div>\n\t\t<\/div>\n\t\t\t\t<div class=\"elementor-column elementor-col-33 elementor-top-column elementor-element elementor-element-ff44c94\" data-id=\"ff44c94\" data-element_type=\"column\" data-e-type=\"column\">\n\t\t\t<div class=\"elementor-widget-wrap elementor-element-populated\">\n\t\t\t\t\t\t<div class=\"elementor-element elementor-element-4136da51 elementor-widget elementor-widget-text-editor\" data-id=\"4136da51\" data-element_type=\"widget\" data-e-type=\"widget\" data-widget_type=\"text-editor.default\">\n\t\t\t\t<div class=\"elementor-widget-container\">\n\t\t\t\t\t\t\t\t\t<p>Av. C\u00f3rdoba 2122 &#8211; 1\u00b0 piso (C1120 AAQ)<br \/>Ciudad Aut\u00f3noma de Buenos Aires |\u00a0 Argentina<br \/>Tel\/fax: +54 11 5285-6578\u00a0<\/p>\t\t\t\t\t\t\t\t<\/div>\n\t\t\t\t<\/div>\n\t\t\t\t\t<\/div>\n\t\t<\/div>\n\t\t\t\t<div class=\"elementor-column elementor-col-33 elementor-top-column elementor-element elementor-element-481b4389\" data-id=\"481b4389\" data-element_type=\"column\" data-e-type=\"column\">\n\t\t\t<div class=\"elementor-widget-wrap elementor-element-populated\">\n\t\t\t\t\t\t<div class=\"elementor-element elementor-element-653d5a4d elementor-widget elementor-widget-heading\" data-id=\"653d5a4d\" data-element_type=\"widget\" data-e-type=\"widget\" data-widget_type=\"heading.default\">\n\t\t\t\t<div class=\"elementor-widget-container\">\n\t\t\t\t\t<h1 class=\"elementor-heading-title elementor-size-default\"><a href=\"https:\/\/uba.us20.list-manage.com\/subscribe?u=5c63620c6ef66cb1010a2f058&#038;id=dc368736de\" target=\"_blank\">\u00bfQuer\u00e9s conocer nuestras novedades?<br>\nSumate a nuestra lista de correo<\/a><\/h1>\t\t\t\t<\/div>\n\t\t\t\t<\/div>\n\t\t\t\t\t<\/div>\n\t\t<\/div>\n\t\t\t\t\t<\/div>\n\t\t<\/section>\n\t\t\t\t<\/div>\n\t\t","protected":false},"excerpt":{"rendered":"<p>Somos un centro de investigaci\u00f3n aplicada al an\u00e1lisis del mercado y la industria del vino argentino a trav\u00e9s del uso de inteligencia de datos y otras herramientas cuanti y cualitativas. Buscamos generar informaci\u00f3n accesible y \u00fatil para facilitar la toma de decisiones de productores, hacedores de pol\u00edtica y consumidores de vino, as\u00ed como para todos [&hellip;]<\/p>\n","protected":false},"author":2,"featured_media":0,"parent":0,"menu_order":0,"comment_status":"closed","ping_status":"closed","template":"","meta":{"footnotes":""},"class_list":["post-127","page","type-page","status-publish","hentry"],"_links":{"self":[{"href":"https:\/\/economicas.uba.ar\/iiep\/vinodata\/wp-json\/wp\/v2\/pages\/127","targetHints":{"allow":["GET"]}}],"collection":[{"href":"https:\/\/economicas.uba.ar\/iiep\/vinodata\/wp-json\/wp\/v2\/pages"}],"about":[{"href":"https:\/\/economicas.uba.ar\/iiep\/vinodata\/wp-json\/wp\/v2\/types\/page"}],"author":[{"embeddable":true,"href":"https:\/\/economicas.uba.ar\/iiep\/vinodata\/wp-json\/wp\/v2\/users\/2"}],"replies":[{"embeddable":true,"href":"https:\/\/economicas.uba.ar\/iiep\/vinodata\/wp-json\/wp\/v2\/comments?post=127"}],"version-history":[{"count":22,"href":"https:\/\/economicas.uba.ar\/iiep\/vinodata\/wp-json\/wp\/v2\/pages\/127\/revisions"}],"predecessor-version":[{"id":1058,"href":"https:\/\/economicas.uba.ar\/iiep\/vinodata\/wp-json\/wp\/v2\/pages\/127\/revisions\/1058"}],"wp:attachment":[{"href":"https:\/\/economicas.uba.ar\/iiep\/vinodata\/wp-json\/wp\/v2\/media?parent=127"}],"curies":[{"name":"wp","href":"https:\/\/api.w.org\/{rel}","templated":true}]}}