{"id":11415,"date":"2025-06-25T11:06:27","date_gmt":"2025-06-25T14:06:27","guid":{"rendered":"https:\/\/www.economicas.uba.ar\/iiep\/?page_id=11415"},"modified":"2025-09-24T12:43:29","modified_gmt":"2025-09-24T15:43:29","slug":"enlosmedios","status":"publish","type":"page","link":"https:\/\/economicas.uba.ar\/iiep\/enlosmedios\/","title":{"rendered":"IIEP en los medios"},"content":{"rendered":"\t\t<div data-elementor-type=\"wp-page\" data-elementor-id=\"11415\" class=\"elementor elementor-11415\" data-elementor-post-type=\"page\">\n\t\t\t\t<div class=\"elementor-element elementor-element-7a9d7c6 e-flex e-con-boxed e-con e-parent\" data-id=\"7a9d7c6\" data-element_type=\"container\" data-e-type=\"container\">\n\t\t\t\t\t<div class=\"e-con-inner\">\n\t\t\t\t<div class=\"elementor-element elementor-element-1a94de10 elementor-widget elementor-widget-heading\" data-id=\"1a94de10\" data-element_type=\"widget\" data-e-type=\"widget\" data-widget_type=\"heading.default\">\n\t\t\t\t<div class=\"elementor-widget-container\">\n\t\t\t\t\t<h2 class=\"elementor-heading-title elementor-size-default\">IIEP EN LOS MEDIOS<\/h2>\t\t\t\t<\/div>\n\t\t\t\t<\/div>\n\t\t\t\t<div class=\"elementor-element elementor-element-71890f3 elementor-widget-divider--view-line elementor-widget elementor-widget-divider\" data-id=\"71890f3\" data-element_type=\"widget\" data-e-type=\"widget\" data-widget_type=\"divider.default\">\n\t\t\t\t<div class=\"elementor-widget-container\">\n\t\t\t\t\t\t\t<div class=\"elementor-divider\">\n\t\t\t<span class=\"elementor-divider-separator\">\n\t\t\t\t\t\t<\/span>\n\t\t<\/div>\n\t\t\t\t\t\t<\/div>\n\t\t\t\t<\/div>\n\t\t\t\t<div class=\"elementor-element elementor-element-0081ec2 elementor-widget elementor-widget-search\" data-id=\"0081ec2\" data-element_type=\"widget\" data-e-type=\"widget\" data-settings=\"{&quot;submit_trigger&quot;:&quot;click_submit&quot;,&quot;pagination_type_options&quot;:&quot;none&quot;}\" data-widget_type=\"search.default\">\n\t\t\t\t<div class=\"elementor-widget-container\">\n\t\t\t\t\t\t\t<search class=\"e-search hidden\" role=\"search\">\n\t\t\t<form class=\"e-search-form\" action=\"https:\/\/economicas.uba.ar\/iiep\" method=\"get\">\n\n\t\t\t\t\n\t\t\t\t<label class=\"e-search-label\" for=\"search-0081ec2\">\n\t\t\t\t\t<span class=\"elementor-screen-only\">\n\t\t\t\t\t\tSearch\t\t\t\t\t<\/span>\n\t\t\t\t\t\t\t\t\t<\/label>\n\n\t\t\t\t<div class=\"e-search-input-wrapper\">\n\t\t\t\t\t<input id=\"search-0081ec2\" placeholder=\"Ingrese su b\u00fasqueda\" class=\"e-search-input\" type=\"search\" name=\"s\" value=\"\" autocomplete=\"off\" role=\"combobox\" aria-autocomplete=\"list\" aria-expanded=\"false\" aria-controls=\"results-0081ec2\" aria-haspopup=\"listbox\">\n\t\t\t\t\t<i aria-hidden=\"true\" class=\"fas fa-times\"><\/i>\t\t\t\t\t\t\t\t\t\t<output id=\"results-0081ec2\" class=\"e-search-results-container hide-loader\" aria-live=\"polite\" aria-atomic=\"true\" aria-label=\"Results for search\" tabindex=\"0\">\n\t\t\t\t\t\t<div class=\"e-search-results\"><\/div>\n\t\t\t\t\t\t\t\t\t\t\t<\/output>\n\t\t\t\t\t\t\t\t\t<\/div>\n\t\t\t\t\n\t\t\t\t\n\t\t\t\t<button class=\"e-search-submit  \" type=\"submit\">\n\t\t\t\t\t<i aria-hidden=\"true\" class=\"fas fa-search\"><\/i>\n\t\t\t\t\t\t\t\t\t\t<span class=\"\">\n\t\t\t\t\t\tBuscar\t\t\t\t\t<\/span>\n\t\t\t\t\t\t\t\t\t<\/button>\n\t\t\t\t<input type=\"hidden\" name=\"e_search_props\" value=\"0081ec2-11415\">\n\t\t\t<\/form>\n\t\t<\/search>\n\t\t\t\t\t\t<\/div>\n\t\t\t\t<\/div>\n\t\t\t\t<div class=\"elementor-element elementor-element-2010943 elementor-widget elementor-widget-ucaddon_post_blocks\" data-id=\"2010943\" data-element_type=\"widget\" data-e-type=\"widget\" data-widget_type=\"ucaddon_post_blocks.default\">\n\t\t\t\t<div class=\"elementor-widget-container\">\n\t\t\t\t\t\n<!-- start Post Blocks -->\n\t\t<link id='font-awesome-css' href='https:\/\/economicas.uba.ar\/iiep\/wp-content\/plugins\/unlimited-elements-for-elementor\/assets_libraries\/font-awesome6\/fontawesome-all.min.css' type='text\/css' rel='stylesheet' >\n\t\t<link id='font-awesome-4-shim-css' href='https:\/\/economicas.uba.ar\/iiep\/wp-content\/plugins\/unlimited-elements-for-elementor\/assets_libraries\/font-awesome6\/fontawesome-v4-shims.min.css' type='text\/css' rel='stylesheet' >\n\n<style>\/* widget: Post Blocks *\/\n\n#uc_post_blocks_elementor_2010943 {\n    display:grid;\n}\n#uc_post_blocks_elementor_2010943 .ue_post_blocks_box\n{\n  overflow:hidden;\n}\n\n#uc_post_blocks_elementor_2010943 .ue_post_blocks_image\n{\n  overflow:hidden;\n}\n#uc_post_blocks_elementor_2010943 .ue_post_blocks_image img\n{\n  object-fit: cover;\n  object-position:center center;\n  width:100%;\n  display:block;\n}\n#uc_post_blocks_elementor_2010943 .ue_post_blocks_link a\n{\n  display:inline-block;\n  text-decoration:none;\n  text-align:center;\n}\n\n #uc_post_blocks_elementor_2010943 .ue_post_blocks_box img\n{\n  transition:0.5s;\n}\n #uc_post_blocks_elementor_2010943 .ue_post_blocks_box:hover img\n{\n  transform:scale(1.1,1.1);\n}\n\n\n\n\n#uc_post_blocks_elementor_2010943 .ue-grid-item-meta-data\n{\n  display:inlin-flex;\n  flex-wrap: wrap;\n}\n\n.ue-grid-item-meta-data\n{\n  font-size:12px;\n}\n\n#uc_post_blocks_elementor_2010943 .ue-grid-item-meta-data-icon\n{\n  line-height:1em;\n}\n\n#uc_post_blocks_elementor_2010943 .ue-grid-item-meta-data-icon svg\n{\n  width:1em;\n  height:1em;\n}\n\n\n.ue-grid-item-category a\n{\n  display:inline-block;\n  font-size:10px;\n  text-transform:uppercase;\n}\n\n<\/style>\n\n<div id=\"uc_post_blocks_elementor_2010943\" class=\"ue_post_blocks uc-items-wrapper\" >\n    <div class=\"ue_post_blocks_box\">\n    <div class=\"ue_post_blocks_content\">\n      \n     <div class=\"ue-grid-item-category\"><a href=\"https:\/\/economicas.uba.ar\/iiep\/category\/iiep-enlos-medios\/ambito\/\">\u00c1mbito<\/a><a href=\"https:\/\/economicas.uba.ar\/iiep\/category\/iiep-enlos-medios\/\">IIEPenlosmedios<\/a><\/div>\n               <div class=\"ue-grid-item-meta-data\">\n            <div class=\"ue-grid-item-meta-data-date\"><span class=\"ue-grid-item-meta-data-icon\"><i class=''><\/i><\/span> 30 marzo, 2026<\/div>                      <\/div>\n         \n    <div class=\"ue_post_blocks_title\"><a href=\"https:\/\/economicas.uba.ar\/iiep\/el-salario-minimo-ya-tiene-menos-poder-de-compra-que-en-2001-y-el-empleo-formal-acumula-ocho-meses-de-caidas\/\">IIEP<\/a><\/div>    \n        \n    \n    <div class=\"ue_post_blocks_text\">El salario m\u00ednimo ya tiene menos poder de compra que en 2001 y el empleo formal acumula ocho meses de ca\u00eddas\nIIEP\n\u00c1mbito\u00a0\nNota completa+<\/div>    <div class=\"ue_post_blocks_link\"><a href=\"https:\/\/economicas.uba.ar\/iiep\/el-salario-minimo-ya-tiene-menos-poder-de-compra-que-en-2001-y-el-empleo-formal-acumula-ocho-meses-de-caidas\/\" class=\"\">Ver m\u00e1s<\/a><\/div>  <\/div>\n<\/div>\n<div class=\"ue_post_blocks_box\">\n    <div class=\"ue_post_blocks_content\">\n      \n     <div class=\"ue-grid-item-category\"><a href=\"https:\/\/economicas.uba.ar\/iiep\/category\/iiep-enlos-medios\/\">IIEPenlosmedios<\/a><a href=\"https:\/\/economicas.uba.ar\/iiep\/category\/iiep-enlos-medios\/infobae\/\">Infobae<\/a><\/div>\n               <div class=\"ue-grid-item-meta-data\">\n            <div class=\"ue-grid-item-meta-data-date\"><span class=\"ue-grid-item-meta-data-icon\"><i class=''><\/i><\/span> 30 marzo, 2026<\/div>                      <\/div>\n         \n    <div class=\"ue_post_blocks_title\"><a href=\"https:\/\/economicas.uba.ar\/iiep\/el-salario-minimo-perdio-el-38-de-su-poder-adquisitivo-durante-el-actual-gobierno\/\">IIEP<\/a><\/div>    \n        \n    \n    <div class=\"ue_post_blocks_text\">El salario m\u00ednimo perdi\u00f3 el 38% de su poder adquisitivo durante el actual gobierno\n\nIIEP\nInfobae\nNota completa+<\/div>    <div class=\"ue_post_blocks_link\"><a href=\"https:\/\/economicas.uba.ar\/iiep\/el-salario-minimo-perdio-el-38-de-su-poder-adquisitivo-durante-el-actual-gobierno\/\" class=\"\">Ver m\u00e1s<\/a><\/div>  <\/div>\n<\/div>\n<div class=\"ue_post_blocks_box\">\n    <div class=\"ue_post_blocks_content\">\n      \n     <div class=\"ue-grid-item-category\"><a href=\"https:\/\/economicas.uba.ar\/iiep\/category\/iiep-enlos-medios\/clarin\/\">Clar\u00edn<\/a><a href=\"https:\/\/economicas.uba.ar\/iiep\/category\/iiep-enlos-medios\/\">IIEPenlosmedios<\/a><\/div>\n               <div class=\"ue-grid-item-meta-data\">\n            <div class=\"ue-grid-item-meta-data-date\"><span class=\"ue-grid-item-meta-data-icon\"><i class=''><\/i><\/span> 25 marzo, 2026<\/div>                      <\/div>\n         \n    <div class=\"ue_post_blocks_title\"><a href=\"https:\/\/economicas.uba.ar\/iiep\/iiep-copy-copy-copy\/\">IIEP - Copy - Copy - Copy<\/a><\/div>    \n        \n    \n    <div class=\"ue_post_blocks_text\">De la motosierra a la focalizaci\u00f3n: una nueva etapa en la pol\u00edtica tarifaria\n\nEinstoss, Alejandro\n\nClar\u00edn\u00a0\nNota completa+<\/div>    <div class=\"ue_post_blocks_link\"><a href=\"https:\/\/economicas.uba.ar\/iiep\/iiep-copy-copy-copy\/\" class=\"\">Ver m\u00e1s<\/a><\/div>  <\/div>\n<\/div>\n<div class=\"ue_post_blocks_box\">\n    <div class=\"ue_post_blocks_content\">\n      \n     <div class=\"ue-grid-item-category\"><a href=\"https:\/\/economicas.uba.ar\/iiep\/category\/iiep-enlos-medios\/\">IIEPenlosmedios<\/a><\/div>\n               <div class=\"ue-grid-item-meta-data\">\n            <div class=\"ue-grid-item-meta-data-date\"><span class=\"ue-grid-item-meta-data-icon\"><i class=''><\/i><\/span> 25 marzo, 2026<\/div>                      <\/div>\n         \n    <div class=\"ue_post_blocks_title\"><a href=\"https:\/\/economicas.uba.ar\/iiep\/el-costo-de-la-energia-en-transicion-como-estan-cambiando-las-tarifas-y-subsidios-en-el-sistema-energetico-argentino\/\">IIEP - Copy - Copy - Copy - Copy<\/a><\/div>    \n        \n    \n    <div class=\"ue_post_blocks_text\">El costo de la energ\u00eda en transici\u00f3n: \u00bfc\u00f3mo est\u00e1n cambiando las tarifas y subsidios en el sistema energ\u00e9tico argentino?\n\nIIEP\nR\u00edo Negro\nNota completa+<\/div>    <div class=\"ue_post_blocks_link\"><a href=\"https:\/\/economicas.uba.ar\/iiep\/el-costo-de-la-energia-en-transicion-como-estan-cambiando-las-tarifas-y-subsidios-en-el-sistema-energetico-argentino\/\" class=\"\">Ver m\u00e1s<\/a><\/div>  <\/div>\n<\/div>\n<div class=\"ue_post_blocks_box\">\n    <div class=\"ue_post_blocks_content\">\n      \n     <div class=\"ue-grid-item-category\"><a href=\"https:\/\/economicas.uba.ar\/iiep\/category\/iiep-enlos-medios\/c5n\/\">C5N<\/a><a href=\"https:\/\/economicas.uba.ar\/iiep\/category\/iiep-enlos-medios\/\">IIEPenlosmedios<\/a><\/div>\n               <div class=\"ue-grid-item-meta-data\">\n            <div class=\"ue-grid-item-meta-data-date\"><span class=\"ue-grid-item-meta-data-icon\"><i class=''><\/i><\/span> 21 marzo, 2026<\/div>                      <\/div>\n         \n    <div class=\"ue_post_blocks_title\"><a href=\"https:\/\/economicas.uba.ar\/iiep\/advierten-que-los-precios-de-los-combustibles-subieron-hasta-un-16-en-marzo\/\">IIEP<\/a><\/div>    \n        \n    \n    <div class=\"ue_post_blocks_text\">Advierten que los precios de los combustibles subieron hasta un 16% en marzo\n\nIIEP\nC5N\nNota completa+<\/div>    <div class=\"ue_post_blocks_link\"><a href=\"https:\/\/economicas.uba.ar\/iiep\/advierten-que-los-precios-de-los-combustibles-subieron-hasta-un-16-en-marzo\/\" class=\"\">Ver m\u00e1s<\/a><\/div>  <\/div>\n<\/div>\n<div class=\"ue_post_blocks_box\">\n    <div class=\"ue_post_blocks_content\">\n      \n     <div class=\"ue-grid-item-category\"><a href=\"https:\/\/economicas.uba.ar\/iiep\/category\/iiep-enlos-medios\/cronica\/\">Cr\u00f3nica<\/a><a href=\"https:\/\/economicas.uba.ar\/iiep\/category\/iiep-enlos-medios\/\">IIEPenlosmedios<\/a><a href=\"https:\/\/economicas.uba.ar\/iiep\/category\/iiep-enlos-medios\/perfil\/\">Perfil<\/a><\/div>\n               <div class=\"ue-grid-item-meta-data\">\n            <div class=\"ue-grid-item-meta-data-date\"><span class=\"ue-grid-item-meta-data-icon\"><i class=''><\/i><\/span> 20 marzo, 2026<\/div>                      <\/div>\n         \n    <div class=\"ue_post_blocks_title\"><a href=\"https:\/\/economicas.uba.ar\/iiep\/alertan-que-cuatro-de-cada-diez-trabajadores-son-informales\/\">Maurizio, Roxana<\/a><\/div>    \n        \n    \n    <div class=\"ue_post_blocks_text\">Alertan que cuatro de cada diez trabajadores son informales\n\nMaurizio, Roxana \nCr\u00f3nica\u00a0\nNota completa+<\/div>    <div class=\"ue_post_blocks_link\"><a href=\"https:\/\/economicas.uba.ar\/iiep\/alertan-que-cuatro-de-cada-diez-trabajadores-son-informales\/\" class=\"\">Ver m\u00e1s<\/a><\/div>  <\/div>\n<\/div>\n<div class=\"ue_post_blocks_box\">\n    <div class=\"ue_post_blocks_content\">\n      \n     <div class=\"ue-grid-item-category\"><a href=\"https:\/\/economicas.uba.ar\/iiep\/category\/iiep-enlos-medios\/\">IIEPenlosmedios<\/a><a href=\"https:\/\/economicas.uba.ar\/iiep\/category\/iiep-enlos-medios\/perfil\/\">Perfil<\/a><\/div>\n               <div class=\"ue-grid-item-meta-data\">\n            <div class=\"ue-grid-item-meta-data-date\"><span class=\"ue-grid-item-meta-data-icon\"><i class=''><\/i><\/span> 20 marzo, 2026<\/div>                      <\/div>\n         \n    <div class=\"ue_post_blocks_title\"><a href=\"https:\/\/economicas.uba.ar\/iiep\/la-informalidad-laboral-volvio-a-subir-y-ya-afecta-a-4-de-cada-10-trabajadores-en-la-argentina\/\">Maurizio, Roxana<\/a><\/div>    \n        \n    \n    <div class=\"ue_post_blocks_text\">La informalidad laboral volvi\u00f3 a subir y ya afecta a 4 de cada 10 trabajadores en la Argentina\n\nMaurizio, Roxana \nPerfil\u00a0\nNota completa+<\/div>    <div class=\"ue_post_blocks_link\"><a href=\"https:\/\/economicas.uba.ar\/iiep\/la-informalidad-laboral-volvio-a-subir-y-ya-afecta-a-4-de-cada-10-trabajadores-en-la-argentina\/\" class=\"\">Ver m\u00e1s<\/a><\/div>  <\/div>\n<\/div>\n<div class=\"ue_post_blocks_box\">\n    <div class=\"ue_post_blocks_content\">\n      \n     <div class=\"ue-grid-item-category\"><a href=\"https:\/\/economicas.uba.ar\/iiep\/category\/iiep-enlos-medios\/\">IIEPenlosmedios<\/a><a href=\"https:\/\/economicas.uba.ar\/iiep\/category\/iiep-enlos-medios\/perfil\/\">Perfil<\/a><\/div>\n               <div class=\"ue-grid-item-meta-data\">\n            <div class=\"ue-grid-item-meta-data-date\"><span class=\"ue-grid-item-meta-data-icon\"><i class=''><\/i><\/span> 20 marzo, 2026<\/div>                      <\/div>\n         \n    <div class=\"ue_post_blocks_title\"><a href=\"https:\/\/economicas.uba.ar\/iiep\/el-empleo-informal-alcanza-a-4-de-cada-10-trabajadores-segun-un-estudio-de-la-uba\/\">Maurizio, Roxana<\/a><\/div>    \n        \n    \n    <div class=\"ue_post_blocks_text\">El empleo informal alcanza a 4 de cada 10 trabajadores, seg\u00fan un estudio de la UBA\n\nMaurizio, Roxana \nInfobae\nNota completa+<\/div>    <div class=\"ue_post_blocks_link\"><a href=\"https:\/\/economicas.uba.ar\/iiep\/el-empleo-informal-alcanza-a-4-de-cada-10-trabajadores-segun-un-estudio-de-la-uba\/\" class=\"\">Ver m\u00e1s<\/a><\/div>  <\/div>\n<\/div>\n<div class=\"ue_post_blocks_box\">\n    <div class=\"ue_post_blocks_content\">\n      \n     <div class=\"ue-grid-item-category\"><a href=\"https:\/\/economicas.uba.ar\/iiep\/category\/iiep-enlos-medios\/\">IIEPenlosmedios<\/a><a href=\"https:\/\/economicas.uba.ar\/iiep\/category\/iiep-enlos-medios\/infobae\/\">Infobae<\/a><\/div>\n               <div class=\"ue-grid-item-meta-data\">\n            <div class=\"ue-grid-item-meta-data-date\"><span class=\"ue-grid-item-meta-data-icon\"><i class=''><\/i><\/span> 20 marzo, 2026<\/div>                      <\/div>\n         \n    <div class=\"ue_post_blocks_title\"><a href=\"https:\/\/economicas.uba.ar\/iiep\/los-servicios-publicos-se-dispararon-114-en-marzo-cuanto-necesita-una-familia-para-cubrir-luz-gas-agua-y-transporte\/\">IIEP<\/a><\/div>    \n        \n    \n    <div class=\"ue_post_blocks_text\">Los servicios p\u00fablicos se dispararon 11,4% en marzo: cu\u00e1nto necesita una familia para cubrir luz, gas, agua y transporte\n\nIIEP\nInfobae\nNota completa+<\/div>    <div class=\"ue_post_blocks_link\"><a href=\"https:\/\/economicas.uba.ar\/iiep\/los-servicios-publicos-se-dispararon-114-en-marzo-cuanto-necesita-una-familia-para-cubrir-luz-gas-agua-y-transporte\/\" class=\"\">Ver m\u00e1s<\/a><\/div>  <\/div>\n<\/div>\n<div class=\"ue_post_blocks_box\">\n    <div class=\"ue_post_blocks_content\">\n      \n     <div class=\"ue-grid-item-category\"><a href=\"https:\/\/economicas.uba.ar\/iiep\/category\/iiep-enlos-medios\/\">IIEPenlosmedios<\/a><\/div>\n               <div class=\"ue-grid-item-meta-data\">\n            <div class=\"ue-grid-item-meta-data-date\"><span class=\"ue-grid-item-meta-data-icon\"><i class=''><\/i><\/span> 19 marzo, 2026<\/div>                      <\/div>\n         \n    <div class=\"ue_post_blocks_title\"><a href=\"https:\/\/economicas.uba.ar\/iiep\/lo-que-se-viene-es-fenomenal-es-un-boom-que-no-se-imagina-nadie-dijo-caputo-sobre-las-inversiones\/\">IIEP<\/a><\/div>    \n        \n    \n    <div class=\"ue_post_blocks_text\">\u201cLo que se viene es fenomenal, es un boom que no se imagina nadie\u201d, dijo Caputo sobre las inversiones\n\nIIEP\nNoticiasArgentinas.com\nNota completa+<\/div>    <div class=\"ue_post_blocks_link\"><a href=\"https:\/\/economicas.uba.ar\/iiep\/lo-que-se-viene-es-fenomenal-es-un-boom-que-no-se-imagina-nadie-dijo-caputo-sobre-las-inversiones\/\" class=\"\">Ver m\u00e1s<\/a><\/div>  <\/div>\n<\/div>\n\n<\/div>\n<!-- end Post Blocks --><div class='uc-posts-pagination'><span aria-current=\"page\" class=\"page-numbers current\">1<\/span>\n<a class=\"page-numbers\" href=\"https:\/\/economicas.uba.ar\/iiep\/enlosmedios\/2\/\">2<\/a>\n<a class=\"page-numbers\" href=\"https:\/\/economicas.uba.ar\/iiep\/enlosmedios\/3\/\">3<\/a>\n<span class=\"page-numbers dots\">&hellip;<\/span>\n<a class=\"page-numbers\" href=\"https:\/\/economicas.uba.ar\/iiep\/enlosmedios\/43\/\">43<\/a><\/div>\t\t\t\t<\/div>\n\t\t\t\t<\/div>\n\t\t\t\t\t<\/div>\n\t\t\t\t<\/div>\n\t\t\t\t<\/div>\n\t\t","protected":false},"excerpt":{"rendered":"<p>IIEP EN LOS MEDIOS Search Buscar \u00c1mbitoIIEPenlosmedios 04 agosto, 2025 Observatorio de Tarifas y Subsidios El nuevo \u00edndice de inflaci\u00f3n del INDEC saldr\u00e1 a fin de a\u00f1o, seg\u00fan se desprende<\/p>\n","protected":false},"author":2,"featured_media":0,"parent":0,"menu_order":0,"comment_status":"closed","ping_status":"closed","template":"elementor_header_footer","meta":{"footnotes":""},"class_list":["post-11415","page","type-page","status-publish","hentry"],"yoast_head":"<!-- This site is optimized with the Yoast SEO plugin v27.3 - https:\/\/yoast.com\/product\/yoast-seo-wordpress\/ -->\n<title>IIEP en los medios - IIEP UBA-CONICET<\/title>\n<meta name=\"robots\" content=\"index, follow, max-snippet:-1, max-image-preview:large, max-video-preview:-1\" \/>\n<link rel=\"canonical\" href=\"https:\/\/economicas.uba.ar\/iiep\/enlosmedios\/\" \/>\n<meta property=\"og:locale\" content=\"es_ES\" \/>\n<meta property=\"og:type\" content=\"article\" \/>\n<meta property=\"og:title\" content=\"IIEP en los medios - IIEP UBA-CONICET\" \/>\n<meta property=\"og:description\" content=\"IIEP EN LOS MEDIOS Search Buscar \u00c1mbitoIIEPenlosmedios 04 agosto, 2025 Observatorio de Tarifas y Subsidios El nuevo \u00edndice de inflaci\u00f3n del INDEC saldr\u00e1 a fin de a\u00f1o, seg\u00fan se desprende\" \/>\n<meta property=\"og:url\" content=\"https:\/\/economicas.uba.ar\/iiep\/enlosmedios\/\" \/>\n<meta property=\"og:site_name\" content=\"IIEP UBA-CONICET\" \/>\n<meta property=\"article:modified_time\" content=\"2025-09-24T15:43:29+00:00\" \/>\n<meta property=\"og:image\" content=\"https:\/\/economicas.uba.ar\/iiep\/wp-content\/uploads\/iiep-ico.jpg\" \/>\n\t<meta property=\"og:image:width\" content=\"300\" \/>\n\t<meta property=\"og:image:height\" content=\"300\" \/>\n\t<meta property=\"og:image:type\" content=\"image\/jpeg\" \/>\n<meta name=\"twitter:card\" content=\"summary_large_image\" \/>\n<meta name=\"twitter:label1\" content=\"Tiempo de lectura\" \/>\n\t<meta name=\"twitter:data1\" content=\"2 minutos\" \/>\n<script type=\"application\/ld+json\" class=\"yoast-schema-graph\">{\"@context\":\"https:\\\/\\\/schema.org\",\"@graph\":[{\"@type\":\"WebPage\",\"@id\":\"https:\\\/\\\/economicas.uba.ar\\\/iiep\\\/enlosmedios\\\/\",\"url\":\"https:\\\/\\\/economicas.uba.ar\\\/iiep\\\/enlosmedios\\\/\",\"name\":\"IIEP en los medios - IIEP UBA-CONICET\",\"isPartOf\":{\"@id\":\"https:\\\/\\\/economicas.uba.ar\\\/iiep\\\/#website\"},\"datePublished\":\"2025-06-25T14:06:27+00:00\",\"dateModified\":\"2025-09-24T15:43:29+00:00\",\"breadcrumb\":{\"@id\":\"https:\\\/\\\/economicas.uba.ar\\\/iiep\\\/enlosmedios\\\/#breadcrumb\"},\"inLanguage\":\"es-AR\",\"potentialAction\":[{\"@type\":\"ReadAction\",\"target\":[\"https:\\\/\\\/economicas.uba.ar\\\/iiep\\\/enlosmedios\\\/\"]}]},{\"@type\":\"BreadcrumbList\",\"@id\":\"https:\\\/\\\/economicas.uba.ar\\\/iiep\\\/enlosmedios\\\/#breadcrumb\",\"itemListElement\":[{\"@type\":\"ListItem\",\"position\":1,\"name\":\"Inicio\",\"item\":\"https:\\\/\\\/economicas.uba.ar\\\/iiep\\\/\"},{\"@type\":\"ListItem\",\"position\":2,\"name\":\"IIEP en los medios\"}]},{\"@type\":\"WebSite\",\"@id\":\"https:\\\/\\\/economicas.uba.ar\\\/iiep\\\/#website\",\"url\":\"https:\\\/\\\/economicas.uba.ar\\\/iiep\\\/\",\"name\":\"IIEP\",\"description\":\"IIEP UBA-CONICET\",\"publisher\":{\"@id\":\"https:\\\/\\\/economicas.uba.ar\\\/iiep\\\/#organization\"},\"potentialAction\":[{\"@type\":\"SearchAction\",\"target\":{\"@type\":\"EntryPoint\",\"urlTemplate\":\"https:\\\/\\\/economicas.uba.ar\\\/iiep\\\/?s={search_term_string}\"},\"query-input\":{\"@type\":\"PropertyValueSpecification\",\"valueRequired\":true,\"valueName\":\"search_term_string\"}}],\"inLanguage\":\"es-AR\"},{\"@type\":\"Organization\",\"@id\":\"https:\\\/\\\/economicas.uba.ar\\\/iiep\\\/#organization\",\"name\":\"IIEP\",\"url\":\"https:\\\/\\\/economicas.uba.ar\\\/iiep\\\/\",\"logo\":{\"@type\":\"ImageObject\",\"inLanguage\":\"es-AR\",\"@id\":\"https:\\\/\\\/economicas.uba.ar\\\/iiep\\\/#\\\/schema\\\/logo\\\/image\\\/\",\"url\":\"https:\\\/\\\/economicas.uba.ar\\\/iiep\\\/wp-content\\\/uploads\\\/logo_iiep_light.svg\",\"contentUrl\":\"https:\\\/\\\/economicas.uba.ar\\\/iiep\\\/wp-content\\\/uploads\\\/logo_iiep_light.svg\",\"caption\":\"IIEP\"},\"image\":{\"@id\":\"https:\\\/\\\/economicas.uba.ar\\\/iiep\\\/#\\\/schema\\\/logo\\\/image\\\/\"}}]}<\/script>\n<!-- \/ Yoast SEO plugin. -->","yoast_head_json":{"title":"IIEP en los medios - IIEP UBA-CONICET","robots":{"index":"index","follow":"follow","max-snippet":"max-snippet:-1","max-image-preview":"max-image-preview:large","max-video-preview":"max-video-preview:-1"},"canonical":"https:\/\/economicas.uba.ar\/iiep\/enlosmedios\/","og_locale":"es_ES","og_type":"article","og_title":"IIEP en los medios - IIEP UBA-CONICET","og_description":"IIEP EN LOS MEDIOS Search Buscar \u00c1mbitoIIEPenlosmedios 04 agosto, 2025 Observatorio de Tarifas y Subsidios El nuevo \u00edndice de inflaci\u00f3n del INDEC saldr\u00e1 a fin de a\u00f1o, seg\u00fan se desprende","og_url":"https:\/\/economicas.uba.ar\/iiep\/enlosmedios\/","og_site_name":"IIEP UBA-CONICET","article_modified_time":"2025-09-24T15:43:29+00:00","og_image":[{"width":300,"height":300,"url":"https:\/\/economicas.uba.ar\/iiep\/wp-content\/uploads\/iiep-ico.jpg","type":"image\/jpeg"}],"twitter_card":"summary_large_image","twitter_misc":{"Tiempo de lectura":"2 minutos"},"schema":{"@context":"https:\/\/schema.org","@graph":[{"@type":"WebPage","@id":"https:\/\/economicas.uba.ar\/iiep\/enlosmedios\/","url":"https:\/\/economicas.uba.ar\/iiep\/enlosmedios\/","name":"IIEP en los medios - IIEP UBA-CONICET","isPartOf":{"@id":"https:\/\/economicas.uba.ar\/iiep\/#website"},"datePublished":"2025-06-25T14:06:27+00:00","dateModified":"2025-09-24T15:43:29+00:00","breadcrumb":{"@id":"https:\/\/economicas.uba.ar\/iiep\/enlosmedios\/#breadcrumb"},"inLanguage":"es-AR","potentialAction":[{"@type":"ReadAction","target":["https:\/\/economicas.uba.ar\/iiep\/enlosmedios\/"]}]},{"@type":"BreadcrumbList","@id":"https:\/\/economicas.uba.ar\/iiep\/enlosmedios\/#breadcrumb","itemListElement":[{"@type":"ListItem","position":1,"name":"Inicio","item":"https:\/\/economicas.uba.ar\/iiep\/"},{"@type":"ListItem","position":2,"name":"IIEP en los medios"}]},{"@type":"WebSite","@id":"https:\/\/economicas.uba.ar\/iiep\/#website","url":"https:\/\/economicas.uba.ar\/iiep\/","name":"IIEP","description":"IIEP UBA-CONICET","publisher":{"@id":"https:\/\/economicas.uba.ar\/iiep\/#organization"},"potentialAction":[{"@type":"SearchAction","target":{"@type":"EntryPoint","urlTemplate":"https:\/\/economicas.uba.ar\/iiep\/?s={search_term_string}"},"query-input":{"@type":"PropertyValueSpecification","valueRequired":true,"valueName":"search_term_string"}}],"inLanguage":"es-AR"},{"@type":"Organization","@id":"https:\/\/economicas.uba.ar\/iiep\/#organization","name":"IIEP","url":"https:\/\/economicas.uba.ar\/iiep\/","logo":{"@type":"ImageObject","inLanguage":"es-AR","@id":"https:\/\/economicas.uba.ar\/iiep\/#\/schema\/logo\/image\/","url":"https:\/\/economicas.uba.ar\/iiep\/wp-content\/uploads\/logo_iiep_light.svg","contentUrl":"https:\/\/economicas.uba.ar\/iiep\/wp-content\/uploads\/logo_iiep_light.svg","caption":"IIEP"},"image":{"@id":"https:\/\/economicas.uba.ar\/iiep\/#\/schema\/logo\/image\/"}}]}},"_links":{"self":[{"href":"https:\/\/economicas.uba.ar\/iiep\/wp-json\/wp\/v2\/pages\/11415","targetHints":{"allow":["GET"]}}],"collection":[{"href":"https:\/\/economicas.uba.ar\/iiep\/wp-json\/wp\/v2\/pages"}],"about":[{"href":"https:\/\/economicas.uba.ar\/iiep\/wp-json\/wp\/v2\/types\/page"}],"author":[{"embeddable":true,"href":"https:\/\/economicas.uba.ar\/iiep\/wp-json\/wp\/v2\/users\/2"}],"replies":[{"embeddable":true,"href":"https:\/\/economicas.uba.ar\/iiep\/wp-json\/wp\/v2\/comments?post=11415"}],"version-history":[{"count":40,"href":"https:\/\/economicas.uba.ar\/iiep\/wp-json\/wp\/v2\/pages\/11415\/revisions"}],"predecessor-version":[{"id":19784,"href":"https:\/\/economicas.uba.ar\/iiep\/wp-json\/wp\/v2\/pages\/11415\/revisions\/19784"}],"wp:attachment":[{"href":"https:\/\/economicas.uba.ar\/iiep\/wp-json\/wp\/v2\/media?parent=11415"}],"curies":[{"name":"wp","href":"https:\/\/api.w.org\/{rel}","templated":true}]}}