{"id":15115,"date":"2025-07-07T11:18:13","date_gmt":"2025-07-07T14:18:13","guid":{"rendered":"https:\/\/www.economicas.uba.ar\/iiep\/?page_id=15115"},"modified":"2026-03-04T11:31:56","modified_gmt":"2026-03-04T14:31:56","slug":"informes-y-reportes","status":"publish","type":"page","link":"https:\/\/economicas.uba.ar\/iiep\/informes-y-reportes\/","title":{"rendered":"Informes y Reportes"},"content":{"rendered":"\t\t<div data-elementor-type=\"wp-page\" data-elementor-id=\"15115\" class=\"elementor elementor-15115\" data-elementor-post-type=\"page\">\n\t\t\t\t<div class=\"elementor-element elementor-element-47d98be9 e-flex e-con-boxed e-con e-parent\" data-id=\"47d98be9\" data-element_type=\"container\" data-e-type=\"container\">\n\t\t\t\t\t<div class=\"e-con-inner\">\n\t\t<div class=\"elementor-element elementor-element-7c8c143d e-con-full e-flex e-con e-child\" data-id=\"7c8c143d\" data-element_type=\"container\" data-e-type=\"container\">\n\t\t\t\t<div class=\"elementor-element elementor-element-1a94de10 elementor-widget elementor-widget-heading\" data-id=\"1a94de10\" data-element_type=\"widget\" data-e-type=\"widget\" data-widget_type=\"heading.default\">\n\t\t\t\t<div class=\"elementor-widget-container\">\n\t\t\t\t\t<h2 class=\"elementor-heading-title elementor-size-default\">Informes y Reportes<\/h2>\t\t\t\t<\/div>\n\t\t\t\t<\/div>\n\t\t\t\t<div class=\"elementor-element elementor-element-71890f3 elementor-widget-divider--view-line elementor-widget elementor-widget-divider\" data-id=\"71890f3\" data-element_type=\"widget\" data-e-type=\"widget\" data-widget_type=\"divider.default\">\n\t\t\t\t<div class=\"elementor-widget-container\">\n\t\t\t\t\t\t\t<div class=\"elementor-divider\">\n\t\t\t<span class=\"elementor-divider-separator\">\n\t\t\t\t\t\t<\/span>\n\t\t<\/div>\n\t\t\t\t\t\t<\/div>\n\t\t\t\t<\/div>\n\t\t\t\t<\/div>\n\t\t\t\t\t<\/div>\n\t\t\t\t<\/div>\n\t\t<div class=\"elementor-element elementor-element-f48523b e-flex e-con-boxed e-con e-parent\" data-id=\"f48523b\" data-element_type=\"container\" data-e-type=\"container\">\n\t\t\t\t\t<div class=\"e-con-inner\">\n\t\t\t\t<div class=\"elementor-element elementor-element-845118e elementor-widget elementor-widget-heading\" data-id=\"845118e\" data-element_type=\"widget\" data-e-type=\"widget\" data-widget_type=\"heading.default\">\n\t\t\t\t<div class=\"elementor-widget-container\">\n\t\t\t\t\t<h2 class=\"elementor-heading-title elementor-size-default\"><a href=\"https:\/\/economicas.uba.ar\/iiep\/informes-y-reportes\/politica-fiscal\/\" target=\"_blank\">Pol\u00edtica Fiscal<\/a><\/h2>\t\t\t\t<\/div>\n\t\t\t\t<\/div>\n\t\t\t\t\t<\/div>\n\t\t\t\t<\/div>\n\t\t<div class=\"elementor-element elementor-element-d9056aa e-flex e-con-boxed e-con e-parent\" data-id=\"d9056aa\" data-element_type=\"container\" data-e-type=\"container\">\n\t\t\t\t\t<div class=\"e-con-inner\">\n\t\t\t\t<div class=\"elementor-element elementor-element-09bfb9f elementor-widget elementor-widget-heading\" data-id=\"09bfb9f\" data-element_type=\"widget\" data-e-type=\"widget\" data-widget_type=\"heading.default\">\n\t\t\t\t<div class=\"elementor-widget-container\">\n\t\t\t\t\t<h2 class=\"elementor-heading-title elementor-size-default\"><a href=\"https:\/\/economicas.uba.ar\/iiep\/informes-y-reportes\/tarifas-y-subsidios\/\" target=\"_blank\">Tarifas y Subsidios<\/a><\/h2>\t\t\t\t<\/div>\n\t\t\t\t<\/div>\n\t\t\t\t\t<\/div>\n\t\t\t\t<\/div>\n\t\t<div class=\"elementor-element elementor-element-56c8701 e-flex e-con-boxed e-con e-parent\" data-id=\"56c8701\" data-element_type=\"container\" data-e-type=\"container\">\n\t\t\t\t\t<div class=\"e-con-inner\">\n\t\t\t\t<div class=\"elementor-element elementor-element-6f29c87 elementor-widget elementor-widget-heading\" data-id=\"6f29c87\" data-element_type=\"widget\" data-e-type=\"widget\" data-widget_type=\"heading.default\">\n\t\t\t\t<div class=\"elementor-widget-container\">\n\t\t\t\t\t<h2 class=\"elementor-heading-title elementor-size-default\"><a href=\"https:\/\/economicas.uba.ar\/iiep\/informes-y-reportes\/empleo\/\" target=\"_blank\">Empleo<\/a><\/h2>\t\t\t\t<\/div>\n\t\t\t\t<\/div>\n\t\t\t\t\t<\/div>\n\t\t\t\t<\/div>\n\t\t<div class=\"elementor-element elementor-element-7a657d6 e-flex e-con-boxed e-con e-parent\" data-id=\"7a657d6\" data-element_type=\"container\" data-e-type=\"container\">\n\t\t\t\t\t<div class=\"e-con-inner\">\n\t\t\t\t<div class=\"elementor-element elementor-element-df32c7b elementor-widget elementor-widget-heading\" data-id=\"df32c7b\" data-element_type=\"widget\" data-e-type=\"widget\" data-widget_type=\"heading.default\">\n\t\t\t\t<div class=\"elementor-widget-container\">\n\t\t\t\t\t<h2 class=\"elementor-heading-title elementor-size-default\"><a href=\"https:\/\/economicas.uba.ar\/iiep\/informes-y-reportes\/educacion\/\" target=\"_blank\">Educaci\u00f3n<\/a><\/h2>\t\t\t\t<\/div>\n\t\t\t\t<\/div>\n\t\t\t\t\t<\/div>\n\t\t\t\t<\/div>\n\t\t<div class=\"elementor-element elementor-element-ec72a94 e-flex e-con-boxed e-con e-parent\" data-id=\"ec72a94\" data-element_type=\"container\" data-e-type=\"container\">\n\t\t\t\t\t<div class=\"e-con-inner\">\n\t\t\t\t<div class=\"elementor-element elementor-element-f7cc986 elementor-widget elementor-widget-heading\" data-id=\"f7cc986\" data-element_type=\"widget\" data-e-type=\"widget\" data-widget_type=\"heading.default\">\n\t\t\t\t<div class=\"elementor-widget-container\">\n\t\t\t\t\t<h2 class=\"elementor-heading-title elementor-size-default\"><a href=\"https:\/\/economicas.uba.ar\/iiep\/informes-y-reportes\/exportaciones\/\" target=\"_blank\">Exportaciones<\/a><\/h2>\t\t\t\t<\/div>\n\t\t\t\t<\/div>\n\t\t\t\t\t<\/div>\n\t\t\t\t<\/div>\n\t\t<div class=\"elementor-element elementor-element-0844103 e-flex e-con-boxed e-con e-parent\" data-id=\"0844103\" data-element_type=\"container\" data-e-type=\"container\">\n\t\t\t\t\t<div class=\"e-con-inner\">\n\t\t\t\t<div class=\"elementor-element elementor-element-c886e9f elementor-widget elementor-widget-heading\" data-id=\"c886e9f\" data-element_type=\"widget\" data-e-type=\"widget\" data-widget_type=\"heading.default\">\n\t\t\t\t<div class=\"elementor-widget-container\">\n\t\t\t\t\t<h2 class=\"elementor-heading-title elementor-size-default\"><a href=\"https:\/\/economicas.uba.ar\/iiep\/informes-y-reportes\/macro\/\" target=\"_blank\">Macro<\/a><\/h2>\t\t\t\t<\/div>\n\t\t\t\t<\/div>\n\t\t\t\t\t<\/div>\n\t\t\t\t<\/div>\n\t\t<div class=\"elementor-element elementor-element-6f847a8 e-flex e-con-boxed e-con e-parent\" data-id=\"6f847a8\" data-element_type=\"container\" data-e-type=\"container\">\n\t\t\t\t\t<div class=\"e-con-inner\">\n\t\t\t\t<div class=\"elementor-element elementor-element-52c1519 elementor-widget elementor-widget-heading\" data-id=\"52c1519\" data-element_type=\"widget\" data-e-type=\"widget\" data-widget_type=\"heading.default\">\n\t\t\t\t<div class=\"elementor-widget-container\">\n\t\t\t\t\t<h2 class=\"elementor-heading-title elementor-size-default\"><a href=\"https:\/\/economicas.uba.ar\/iiep\/informes-y-reportes\/ingresos-publicos\/\" target=\"_blank\">Ingresos P\u00fablicos<\/a><\/h2>\t\t\t\t<\/div>\n\t\t\t\t<\/div>\n\t\t\t\t\t<\/div>\n\t\t\t\t<\/div>\n\t\t<div class=\"elementor-element elementor-element-cc076ce e-flex e-con-boxed e-con e-parent\" data-id=\"cc076ce\" data-element_type=\"container\" data-e-type=\"container\">\n\t\t\t\t\t<div class=\"e-con-inner\">\n\t\t\t\t<div class=\"elementor-element elementor-element-e0c4996 elementor-widget elementor-widget-heading\" data-id=\"e0c4996\" data-element_type=\"widget\" data-e-type=\"widget\" data-widget_type=\"heading.default\">\n\t\t\t\t<div class=\"elementor-widget-container\">\n\t\t\t\t\t<h2 class=\"elementor-heading-title elementor-size-default\"><a href=\"https:\/\/economicas.uba.ar\/iiep\/informes-y-reportes\/vino\/\" target=\"_blank\">Vino<\/a><\/h2>\t\t\t\t<\/div>\n\t\t\t\t<\/div>\n\t\t\t\t\t<\/div>\n\t\t\t\t<\/div>\n\t\t<div class=\"elementor-element elementor-element-9586366 e-flex e-con-boxed e-con e-parent\" data-id=\"9586366\" data-element_type=\"container\" data-e-type=\"container\">\n\t\t\t\t\t<div class=\"e-con-inner\">\n\t\t\t\t<div class=\"elementor-element elementor-element-1f3a785 elementor-widget elementor-widget-heading\" data-id=\"1f3a785\" data-element_type=\"widget\" data-e-type=\"widget\" data-widget_type=\"heading.default\">\n\t\t\t\t<div class=\"elementor-widget-container\">\n\t\t\t\t\t<h2 class=\"elementor-heading-title elementor-size-default\"><a href=\"https:\/\/economicas.uba.ar\/iiep\/china\/\" target=\"_blank\">China<\/a><\/h2>\t\t\t\t<\/div>\n\t\t\t\t<\/div>\n\t\t\t\t\t<\/div>\n\t\t\t\t<\/div>\n\t\t\t\t<\/div>\n\t\t","protected":false},"excerpt":{"rendered":"<p>Informes y Reportes Pol\u00edtica Fiscal Tarifas y Subsidios Empleo Educaci\u00f3n Exportaciones Macro Ingresos P\u00fablicos Vino China<\/p>\n","protected":false},"author":9,"featured_media":0,"parent":0,"menu_order":0,"comment_status":"closed","ping_status":"closed","template":"elementor_header_footer","meta":{"footnotes":""},"class_list":["post-15115","page","type-page","status-publish","hentry"],"yoast_head":"<!-- This site is optimized with the Yoast SEO plugin v27.4 - https:\/\/yoast.com\/product\/yoast-seo-wordpress\/ -->\n<title>Informes y Reportes - IIEP UBA-CONICET<\/title>\n<meta name=\"robots\" content=\"index, follow, max-snippet:-1, max-image-preview:large, max-video-preview:-1\" \/>\n<link rel=\"canonical\" href=\"https:\/\/economicas.uba.ar\/iiep\/informes-y-reportes\/\" \/>\n<meta property=\"og:locale\" content=\"es_ES\" \/>\n<meta property=\"og:type\" content=\"article\" \/>\n<meta property=\"og:title\" content=\"Informes y Reportes - IIEP UBA-CONICET\" \/>\n<meta property=\"og:description\" content=\"Informes y Reportes Pol\u00edtica Fiscal Tarifas y Subsidios Empleo Educaci\u00f3n Exportaciones Macro Ingresos P\u00fablicos Vino China\" \/>\n<meta property=\"og:url\" content=\"https:\/\/economicas.uba.ar\/iiep\/informes-y-reportes\/\" \/>\n<meta property=\"og:site_name\" content=\"IIEP UBA-CONICET\" \/>\n<meta property=\"article:modified_time\" content=\"2026-03-04T14:31:56+00:00\" \/>\n<meta property=\"og:image\" content=\"https:\/\/economicas.uba.ar\/iiep\/wp-content\/uploads\/iiep-ico.jpg\" \/>\n\t<meta property=\"og:image:width\" content=\"300\" \/>\n\t<meta property=\"og:image:height\" content=\"300\" \/>\n\t<meta property=\"og:image:type\" content=\"image\/jpeg\" \/>\n<meta name=\"twitter:card\" content=\"summary_large_image\" \/>\n<meta name=\"twitter:label1\" content=\"Tiempo de lectura\" \/>\n\t<meta name=\"twitter:data1\" content=\"1 minuto\" \/>\n<script type=\"application\/ld+json\" class=\"yoast-schema-graph\">{\"@context\":\"https:\\\/\\\/schema.org\",\"@graph\":[{\"@type\":\"WebPage\",\"@id\":\"https:\\\/\\\/economicas.uba.ar\\\/iiep\\\/informes-y-reportes\\\/\",\"url\":\"https:\\\/\\\/economicas.uba.ar\\\/iiep\\\/informes-y-reportes\\\/\",\"name\":\"Informes y Reportes - IIEP UBA-CONICET\",\"isPartOf\":{\"@id\":\"https:\\\/\\\/economicas.uba.ar\\\/iiep\\\/#website\"},\"datePublished\":\"2025-07-07T14:18:13+00:00\",\"dateModified\":\"2026-03-04T14:31:56+00:00\",\"breadcrumb\":{\"@id\":\"https:\\\/\\\/economicas.uba.ar\\\/iiep\\\/informes-y-reportes\\\/#breadcrumb\"},\"inLanguage\":\"es-AR\",\"potentialAction\":[{\"@type\":\"ReadAction\",\"target\":[\"https:\\\/\\\/economicas.uba.ar\\\/iiep\\\/informes-y-reportes\\\/\"]}]},{\"@type\":\"BreadcrumbList\",\"@id\":\"https:\\\/\\\/economicas.uba.ar\\\/iiep\\\/informes-y-reportes\\\/#breadcrumb\",\"itemListElement\":[{\"@type\":\"ListItem\",\"position\":1,\"name\":\"Inicio\",\"item\":\"https:\\\/\\\/economicas.uba.ar\\\/iiep\\\/\"},{\"@type\":\"ListItem\",\"position\":2,\"name\":\"Informes y Reportes\"}]},{\"@type\":\"WebSite\",\"@id\":\"https:\\\/\\\/economicas.uba.ar\\\/iiep\\\/#website\",\"url\":\"https:\\\/\\\/economicas.uba.ar\\\/iiep\\\/\",\"name\":\"IIEP\",\"description\":\"IIEP UBA-CONICET\",\"publisher\":{\"@id\":\"https:\\\/\\\/economicas.uba.ar\\\/iiep\\\/#organization\"},\"potentialAction\":[{\"@type\":\"SearchAction\",\"target\":{\"@type\":\"EntryPoint\",\"urlTemplate\":\"https:\\\/\\\/economicas.uba.ar\\\/iiep\\\/?s={search_term_string}\"},\"query-input\":{\"@type\":\"PropertyValueSpecification\",\"valueRequired\":true,\"valueName\":\"search_term_string\"}}],\"inLanguage\":\"es-AR\"},{\"@type\":\"Organization\",\"@id\":\"https:\\\/\\\/economicas.uba.ar\\\/iiep\\\/#organization\",\"name\":\"IIEP\",\"url\":\"https:\\\/\\\/economicas.uba.ar\\\/iiep\\\/\",\"logo\":{\"@type\":\"ImageObject\",\"inLanguage\":\"es-AR\",\"@id\":\"https:\\\/\\\/economicas.uba.ar\\\/iiep\\\/#\\\/schema\\\/logo\\\/image\\\/\",\"url\":\"https:\\\/\\\/economicas.uba.ar\\\/iiep\\\/wp-content\\\/uploads\\\/logo_iiep_light.svg\",\"contentUrl\":\"https:\\\/\\\/economicas.uba.ar\\\/iiep\\\/wp-content\\\/uploads\\\/logo_iiep_light.svg\",\"caption\":\"IIEP\"},\"image\":{\"@id\":\"https:\\\/\\\/economicas.uba.ar\\\/iiep\\\/#\\\/schema\\\/logo\\\/image\\\/\"}}]}<\/script>\n<!-- \/ Yoast SEO plugin. -->","yoast_head_json":{"title":"Informes y Reportes - IIEP UBA-CONICET","robots":{"index":"index","follow":"follow","max-snippet":"max-snippet:-1","max-image-preview":"max-image-preview:large","max-video-preview":"max-video-preview:-1"},"canonical":"https:\/\/economicas.uba.ar\/iiep\/informes-y-reportes\/","og_locale":"es_ES","og_type":"article","og_title":"Informes y Reportes - IIEP UBA-CONICET","og_description":"Informes y Reportes Pol\u00edtica Fiscal Tarifas y Subsidios Empleo Educaci\u00f3n Exportaciones Macro Ingresos P\u00fablicos Vino China","og_url":"https:\/\/economicas.uba.ar\/iiep\/informes-y-reportes\/","og_site_name":"IIEP UBA-CONICET","article_modified_time":"2026-03-04T14:31:56+00:00","og_image":[{"width":300,"height":300,"url":"https:\/\/economicas.uba.ar\/iiep\/wp-content\/uploads\/iiep-ico.jpg","type":"image\/jpeg"}],"twitter_card":"summary_large_image","twitter_misc":{"Tiempo de lectura":"1 minuto"},"schema":{"@context":"https:\/\/schema.org","@graph":[{"@type":"WebPage","@id":"https:\/\/economicas.uba.ar\/iiep\/informes-y-reportes\/","url":"https:\/\/economicas.uba.ar\/iiep\/informes-y-reportes\/","name":"Informes y Reportes - IIEP UBA-CONICET","isPartOf":{"@id":"https:\/\/economicas.uba.ar\/iiep\/#website"},"datePublished":"2025-07-07T14:18:13+00:00","dateModified":"2026-03-04T14:31:56+00:00","breadcrumb":{"@id":"https:\/\/economicas.uba.ar\/iiep\/informes-y-reportes\/#breadcrumb"},"inLanguage":"es-AR","potentialAction":[{"@type":"ReadAction","target":["https:\/\/economicas.uba.ar\/iiep\/informes-y-reportes\/"]}]},{"@type":"BreadcrumbList","@id":"https:\/\/economicas.uba.ar\/iiep\/informes-y-reportes\/#breadcrumb","itemListElement":[{"@type":"ListItem","position":1,"name":"Inicio","item":"https:\/\/economicas.uba.ar\/iiep\/"},{"@type":"ListItem","position":2,"name":"Informes y Reportes"}]},{"@type":"WebSite","@id":"https:\/\/economicas.uba.ar\/iiep\/#website","url":"https:\/\/economicas.uba.ar\/iiep\/","name":"IIEP","description":"IIEP UBA-CONICET","publisher":{"@id":"https:\/\/economicas.uba.ar\/iiep\/#organization"},"potentialAction":[{"@type":"SearchAction","target":{"@type":"EntryPoint","urlTemplate":"https:\/\/economicas.uba.ar\/iiep\/?s={search_term_string}"},"query-input":{"@type":"PropertyValueSpecification","valueRequired":true,"valueName":"search_term_string"}}],"inLanguage":"es-AR"},{"@type":"Organization","@id":"https:\/\/economicas.uba.ar\/iiep\/#organization","name":"IIEP","url":"https:\/\/economicas.uba.ar\/iiep\/","logo":{"@type":"ImageObject","inLanguage":"es-AR","@id":"https:\/\/economicas.uba.ar\/iiep\/#\/schema\/logo\/image\/","url":"https:\/\/economicas.uba.ar\/iiep\/wp-content\/uploads\/logo_iiep_light.svg","contentUrl":"https:\/\/economicas.uba.ar\/iiep\/wp-content\/uploads\/logo_iiep_light.svg","caption":"IIEP"},"image":{"@id":"https:\/\/economicas.uba.ar\/iiep\/#\/schema\/logo\/image\/"}}]}},"_links":{"self":[{"href":"https:\/\/economicas.uba.ar\/iiep\/wp-json\/wp\/v2\/pages\/15115","targetHints":{"allow":["GET"]}}],"collection":[{"href":"https:\/\/economicas.uba.ar\/iiep\/wp-json\/wp\/v2\/pages"}],"about":[{"href":"https:\/\/economicas.uba.ar\/iiep\/wp-json\/wp\/v2\/types\/page"}],"author":[{"embeddable":true,"href":"https:\/\/economicas.uba.ar\/iiep\/wp-json\/wp\/v2\/users\/9"}],"replies":[{"embeddable":true,"href":"https:\/\/economicas.uba.ar\/iiep\/wp-json\/wp\/v2\/comments?post=15115"}],"version-history":[{"count":52,"href":"https:\/\/economicas.uba.ar\/iiep\/wp-json\/wp\/v2\/pages\/15115\/revisions"}],"predecessor-version":[{"id":21919,"href":"https:\/\/economicas.uba.ar\/iiep\/wp-json\/wp\/v2\/pages\/15115\/revisions\/21919"}],"wp:attachment":[{"href":"https:\/\/economicas.uba.ar\/iiep\/wp-json\/wp\/v2\/media?parent=15115"}],"curies":[{"name":"wp","href":"https:\/\/api.w.org\/{rel}","templated":true}]}}