{"id":15116,"date":"2025-07-14T12:19:17","date_gmt":"2025-07-14T15:19:17","guid":{"rendered":"https:\/\/www.economicas.uba.ar\/iiep\/?page_id=15116"},"modified":"2025-08-08T10:38:42","modified_gmt":"2025-08-08T13:38:42","slug":"convocatorias","status":"publish","type":"page","link":"https:\/\/economicas.uba.ar\/iiep\/convocatorias\/","title":{"rendered":"Convocatorias"},"content":{"rendered":"\t\t<div data-elementor-type=\"wp-page\" data-elementor-id=\"15116\" class=\"elementor elementor-15116\" data-elementor-post-type=\"page\">\n\t\t\t\t<div class=\"elementor-element elementor-element-47d98be9 e-flex e-con-boxed e-con e-parent\" data-id=\"47d98be9\" data-element_type=\"container\" data-e-type=\"container\">\n\t\t\t\t\t<div class=\"e-con-inner\">\n\t\t<div class=\"elementor-element elementor-element-7c8c143d e-con-full e-flex e-con e-child\" data-id=\"7c8c143d\" data-element_type=\"container\" data-e-type=\"container\">\n\t\t\t\t<div class=\"elementor-element elementor-element-1a94de10 elementor-widget elementor-widget-heading\" data-id=\"1a94de10\" data-element_type=\"widget\" data-e-type=\"widget\" data-widget_type=\"heading.default\">\n\t\t\t\t<div class=\"elementor-widget-container\">\n\t\t\t\t\t<h2 class=\"elementor-heading-title elementor-size-default\">Convocatorias<\/h2>\t\t\t\t<\/div>\n\t\t\t\t<\/div>\n\t\t\t\t<div class=\"elementor-element elementor-element-71890f3 elementor-widget-divider--view-line elementor-widget elementor-widget-divider\" data-id=\"71890f3\" data-element_type=\"widget\" data-e-type=\"widget\" data-widget_type=\"divider.default\">\n\t\t\t\t<div class=\"elementor-widget-container\">\n\t\t\t\t\t\t\t<div class=\"elementor-divider\">\n\t\t\t<span class=\"elementor-divider-separator\">\n\t\t\t\t\t\t<\/span>\n\t\t<\/div>\n\t\t\t\t\t\t<\/div>\n\t\t\t\t<\/div>\n\t\t\t\t<div class=\"elementor-element elementor-element-1b3ef7d elementor-grid-eael-col-3 elementor-grid-tablet-eael-col-2 elementor-grid-mobile-eael-col-1 elementor-widget elementor-widget-eael-post-grid\" data-id=\"1b3ef7d\" data-element_type=\"widget\" data-e-type=\"widget\" data-settings=\"{&quot;eael_post_grid_columns&quot;:&quot;eael-col-3&quot;,&quot;eael_post_grid_columns_tablet&quot;:&quot;eael-col-2&quot;,&quot;eael_post_grid_columns_mobile&quot;:&quot;eael-col-1&quot;}\" data-widget_type=\"eael-post-grid.default\">\n\t\t\t\t<div class=\"elementor-widget-container\">\n\t\t\t\t\t<div id=\"eael-post-grid-1b3ef7d\" class=\"eael-post-grid-container\">\n            <div class=\"eael-post-grid eael-post-appender eael-post-appender-1b3ef7d eael-post-grid-style-one\" data-layout-mode=\"grid\"><article class=\"eael-grid-post  eael-post-grid-column eael-pg-post-15131 category-convocatorias\" data-id=\"15131\">\n        <div class=\"eael-grid-post-holder\">\n            <div class=\"eael-grid-post-holder-inner\"><div class=\"eael-entry-media\"><div class=\"eael-entry-overlay fade-in\"><i class=\"fas fa-long-arrow-alt-right\" aria-hidden=\"true\"><\/i><a href=\"https:\/\/economicas.uba.ar\/iiep\/anuario-centro-de-estudios-economicos-de-la-empresa-y-el-desarrollo\/\"><\/a><\/div><div class=\"eael-entry-thumbnail \">\n                <img fetchpriority=\"high\" decoding=\"async\" width=\"273\" height=\"274\" src=\"https:\/\/economicas.uba.ar\/iiep\/wp-content\/uploads\/anuario-ceeed.jpg\" class=\"attachment-medium size-medium wp-image-15134\" alt=\"\" srcset=\"https:\/\/economicas.uba.ar\/iiep\/wp-content\/uploads\/anuario-ceeed.jpg 273w, https:\/\/economicas.uba.ar\/iiep\/wp-content\/uploads\/anuario-ceeed-150x150.jpg 150w, https:\/\/economicas.uba.ar\/iiep\/wp-content\/uploads\/anuario-ceeed-250x250.jpg 250w, https:\/\/economicas.uba.ar\/iiep\/wp-content\/uploads\/anuario-ceeed-100x100.jpg 100w\" sizes=\"(max-width: 273px) 100vw, 273px\" \/>\n            <\/div>\n        <\/div><div class=\"eael-entry-wrapper\"><header class=\"eael-entry-header\"><p class=\"eael-entry-title\"><a class=\"eael-grid-post-link\" href=\"https:\/\/economicas.uba.ar\/iiep\/anuario-centro-de-estudios-economicos-de-la-empresa-y-el-desarrollo\/\" title=\"Convocatoria Anuario Centro de Estudios Econ\u00f3micos de la Empresa y el Desarrollo\">Convocatoria Anuario Centro de Estudios Econ\u00f3micos de la Empresa y el Desarrollo<\/a><\/p><\/header><\/div><\/div>\n        <\/div>\n    <\/article><article class=\"eael-grid-post  eael-post-grid-column eael-pg-post-15137 category-convocatorias\" data-id=\"15137\">\n        <div class=\"eael-grid-post-holder\">\n            <div class=\"eael-grid-post-holder-inner\"><div class=\"eael-entry-media\"><div class=\"eael-entry-overlay fade-in\"><i class=\"fas fa-long-arrow-alt-right\" aria-hidden=\"true\"><\/i><a href=\"https:\/\/economicas.uba.ar\/iiep\/h-industria\/\"><\/a><\/div><div class=\"eael-entry-thumbnail \">\n                <img decoding=\"async\" width=\"273\" height=\"274\" src=\"https:\/\/economicas.uba.ar\/iiep\/wp-content\/uploads\/hindustria.jpg\" class=\"attachment-medium size-medium wp-image-15135\" alt=\"\" srcset=\"https:\/\/economicas.uba.ar\/iiep\/wp-content\/uploads\/hindustria.jpg 273w, https:\/\/economicas.uba.ar\/iiep\/wp-content\/uploads\/hindustria-150x150.jpg 150w, https:\/\/economicas.uba.ar\/iiep\/wp-content\/uploads\/hindustria-250x250.jpg 250w, https:\/\/economicas.uba.ar\/iiep\/wp-content\/uploads\/hindustria-100x100.jpg 100w\" sizes=\"(max-width: 273px) 100vw, 273px\" \/>\n            <\/div>\n        <\/div><div class=\"eael-entry-wrapper\"><header class=\"eael-entry-header\"><p class=\"eael-entry-title\"><a class=\"eael-grid-post-link\" href=\"https:\/\/economicas.uba.ar\/iiep\/h-industria\/\" title=\"Convocatoria Revista de historia de la industria y el desarrollo en Am\u00e9rica Latina\">Convocatoria Revista de historia de la industria y el desarrollo en Am\u00e9rica Latina<\/a><\/p><\/header><\/div><\/div>\n        <\/div>\n    <\/article><article class=\"eael-grid-post  eael-post-grid-column eael-pg-post-15139 category-convocatorias\" data-id=\"15139\">\n        <div class=\"eael-grid-post-holder\">\n            <div class=\"eael-grid-post-holder-inner\"><div class=\"eael-entry-media\"><div class=\"eael-entry-overlay fade-in\"><i class=\"fas fa-long-arrow-alt-right\" aria-hidden=\"true\"><\/i><a href=\"https:\/\/economicas.uba.ar\/iiep\/repba\/\"><\/a><\/div><div class=\"eael-entry-thumbnail \">\n                <img decoding=\"async\" width=\"273\" height=\"274\" src=\"https:\/\/economicas.uba.ar\/iiep\/wp-content\/uploads\/repba.jpg\" class=\"attachment-medium size-medium wp-image-15132\" alt=\"\" srcset=\"https:\/\/economicas.uba.ar\/iiep\/wp-content\/uploads\/repba.jpg 273w, https:\/\/economicas.uba.ar\/iiep\/wp-content\/uploads\/repba-150x150.jpg 150w, https:\/\/economicas.uba.ar\/iiep\/wp-content\/uploads\/repba-250x250.jpg 250w, https:\/\/economicas.uba.ar\/iiep\/wp-content\/uploads\/repba-100x100.jpg 100w\" sizes=\"(max-width: 273px) 100vw, 273px\" \/>\n            <\/div>\n        <\/div><div class=\"eael-entry-wrapper\"><header class=\"eael-entry-header\"><p class=\"eael-entry-title\"><a class=\"eael-grid-post-link\" href=\"https:\/\/economicas.uba.ar\/iiep\/repba\/\" title=\"Convocatoria Revista de Econom\u00eda Pol\u00edtica de Buenos Aires\">Convocatoria Revista de Econom\u00eda Pol\u00edtica de Buenos Aires<\/a><\/p><\/header><\/div><\/div>\n        <\/div>\n    <\/article><article class=\"eael-grid-post  eael-post-grid-column eael-pg-post-15141 category-convocatorias\" data-id=\"15141\">\n        <div class=\"eael-grid-post-holder\">\n            <div class=\"eael-grid-post-holder-inner\"><div class=\"eael-entry-media\"><div class=\"eael-entry-overlay fade-in\"><i class=\"fas fa-long-arrow-alt-right\" aria-hidden=\"true\"><\/i><a href=\"https:\/\/economicas.uba.ar\/iiep\/convocatoria-dossier-h-industria\/\"><\/a><\/div><div class=\"eael-entry-thumbnail \">\n                <img loading=\"lazy\" decoding=\"async\" width=\"300\" height=\"300\" src=\"https:\/\/economicas.uba.ar\/iiep\/wp-content\/uploads\/web-dossier-h-industria-300x300.jpg\" class=\"attachment-medium size-medium wp-image-15615\" alt=\"\" srcset=\"https:\/\/economicas.uba.ar\/iiep\/wp-content\/uploads\/web-dossier-h-industria-300x300.jpg 300w, https:\/\/economicas.uba.ar\/iiep\/wp-content\/uploads\/web-dossier-h-industria-150x150.jpg 150w, https:\/\/economicas.uba.ar\/iiep\/wp-content\/uploads\/web-dossier-h-industria-768x768.jpg 768w, https:\/\/economicas.uba.ar\/iiep\/wp-content\/uploads\/web-dossier-h-industria-250x250.jpg 250w, https:\/\/economicas.uba.ar\/iiep\/wp-content\/uploads\/web-dossier-h-industria-100x100.jpg 100w, https:\/\/economicas.uba.ar\/iiep\/wp-content\/uploads\/web-dossier-h-industria.jpg 1080w\" sizes=\"(max-width: 300px) 100vw, 300px\" \/>\n            <\/div>\n        <\/div><div class=\"eael-entry-wrapper\"><header class=\"eael-entry-header\"><p class=\"eael-entry-title\"><a class=\"eael-grid-post-link\" href=\"https:\/\/economicas.uba.ar\/iiep\/convocatoria-dossier-h-industria\/\" title=\"Convocatoria DOSSIER H-industria\">Convocatoria DOSSIER H-industria<\/a><\/p><\/header><\/div><\/div>\n        <\/div>\n    <\/article><\/div>\n            <div class=\"clearfix\"><\/div>\n        <\/div>\t\t\t\t<\/div>\n\t\t\t\t<\/div>\n\t\t\t\t<\/div>\n\t\t\t\t\t<\/div>\n\t\t\t\t<\/div>\n\t\t\t\t<\/div>\n\t\t","protected":false},"excerpt":{"rendered":"<p>Convocatorias Convocatoria Anuario Centro de Estudios Econ\u00f3micos de la Empresa y el Desarrollo Convocatoria Revista de historia de la industria y el desarrollo en Am\u00e9rica Latina Convocatoria Revista de Econom\u00eda<\/p>\n","protected":false},"author":9,"featured_media":0,"parent":0,"menu_order":0,"comment_status":"closed","ping_status":"closed","template":"elementor_header_footer","meta":{"footnotes":""},"class_list":["post-15116","page","type-page","status-publish","hentry"],"yoast_head":"<!-- This site is optimized with the Yoast SEO plugin v27.5 - https:\/\/yoast.com\/product\/yoast-seo-wordpress\/ -->\n<title>Convocatorias - IIEP UBA-CONICET<\/title>\n<meta name=\"robots\" content=\"index, follow, max-snippet:-1, max-image-preview:large, max-video-preview:-1\" \/>\n<link rel=\"canonical\" href=\"https:\/\/economicas.uba.ar\/iiep\/convocatorias\/\" \/>\n<meta property=\"og:locale\" content=\"es_ES\" \/>\n<meta property=\"og:type\" content=\"article\" \/>\n<meta property=\"og:title\" content=\"Convocatorias - IIEP UBA-CONICET\" \/>\n<meta property=\"og:description\" content=\"Convocatorias Convocatoria Anuario Centro de Estudios Econ\u00f3micos de la Empresa y el Desarrollo Convocatoria Revista de historia de la industria y el desarrollo en Am\u00e9rica Latina Convocatoria Revista de Econom\u00eda\" \/>\n<meta property=\"og:url\" content=\"https:\/\/economicas.uba.ar\/iiep\/convocatorias\/\" \/>\n<meta property=\"og:site_name\" content=\"IIEP UBA-CONICET\" \/>\n<meta property=\"article:modified_time\" content=\"2025-08-08T13:38:42+00:00\" \/>\n<meta property=\"og:image\" content=\"https:\/\/www.economicas.uba.ar\/iiep\/wp-content\/uploads\/anuario-ceeed.jpg\" \/>\n<meta name=\"twitter:card\" content=\"summary_large_image\" \/>\n<meta name=\"twitter:label1\" content=\"Tiempo de lectura\" \/>\n\t<meta name=\"twitter:data1\" content=\"2 minutos\" \/>\n<script type=\"application\/ld+json\" class=\"yoast-schema-graph\">{\"@context\":\"https:\\\/\\\/schema.org\",\"@graph\":[{\"@type\":\"WebPage\",\"@id\":\"https:\\\/\\\/economicas.uba.ar\\\/iiep\\\/convocatorias\\\/\",\"url\":\"https:\\\/\\\/economicas.uba.ar\\\/iiep\\\/convocatorias\\\/\",\"name\":\"Convocatorias - IIEP UBA-CONICET\",\"isPartOf\":{\"@id\":\"https:\\\/\\\/economicas.uba.ar\\\/iiep\\\/#website\"},\"primaryImageOfPage\":{\"@id\":\"https:\\\/\\\/economicas.uba.ar\\\/iiep\\\/convocatorias\\\/#primaryimage\"},\"image\":{\"@id\":\"https:\\\/\\\/economicas.uba.ar\\\/iiep\\\/convocatorias\\\/#primaryimage\"},\"thumbnailUrl\":\"https:\\\/\\\/www.economicas.uba.ar\\\/iiep\\\/wp-content\\\/uploads\\\/anuario-ceeed.jpg\",\"datePublished\":\"2025-07-14T15:19:17+00:00\",\"dateModified\":\"2025-08-08T13:38:42+00:00\",\"breadcrumb\":{\"@id\":\"https:\\\/\\\/economicas.uba.ar\\\/iiep\\\/convocatorias\\\/#breadcrumb\"},\"inLanguage\":\"es-AR\",\"potentialAction\":[{\"@type\":\"ReadAction\",\"target\":[\"https:\\\/\\\/economicas.uba.ar\\\/iiep\\\/convocatorias\\\/\"]}]},{\"@type\":\"ImageObject\",\"inLanguage\":\"es-AR\",\"@id\":\"https:\\\/\\\/economicas.uba.ar\\\/iiep\\\/convocatorias\\\/#primaryimage\",\"url\":\"https:\\\/\\\/www.economicas.uba.ar\\\/iiep\\\/wp-content\\\/uploads\\\/anuario-ceeed.jpg\",\"contentUrl\":\"https:\\\/\\\/www.economicas.uba.ar\\\/iiep\\\/wp-content\\\/uploads\\\/anuario-ceeed.jpg\"},{\"@type\":\"BreadcrumbList\",\"@id\":\"https:\\\/\\\/economicas.uba.ar\\\/iiep\\\/convocatorias\\\/#breadcrumb\",\"itemListElement\":[{\"@type\":\"ListItem\",\"position\":1,\"name\":\"Inicio\",\"item\":\"https:\\\/\\\/economicas.uba.ar\\\/iiep\\\/\"},{\"@type\":\"ListItem\",\"position\":2,\"name\":\"Convocatorias\"}]},{\"@type\":\"WebSite\",\"@id\":\"https:\\\/\\\/economicas.uba.ar\\\/iiep\\\/#website\",\"url\":\"https:\\\/\\\/economicas.uba.ar\\\/iiep\\\/\",\"name\":\"IIEP\",\"description\":\"IIEP UBA-CONICET\",\"publisher\":{\"@id\":\"https:\\\/\\\/economicas.uba.ar\\\/iiep\\\/#organization\"},\"potentialAction\":[{\"@type\":\"SearchAction\",\"target\":{\"@type\":\"EntryPoint\",\"urlTemplate\":\"https:\\\/\\\/economicas.uba.ar\\\/iiep\\\/?s={search_term_string}\"},\"query-input\":{\"@type\":\"PropertyValueSpecification\",\"valueRequired\":true,\"valueName\":\"search_term_string\"}}],\"inLanguage\":\"es-AR\"},{\"@type\":\"Organization\",\"@id\":\"https:\\\/\\\/economicas.uba.ar\\\/iiep\\\/#organization\",\"name\":\"IIEP\",\"url\":\"https:\\\/\\\/economicas.uba.ar\\\/iiep\\\/\",\"logo\":{\"@type\":\"ImageObject\",\"inLanguage\":\"es-AR\",\"@id\":\"https:\\\/\\\/economicas.uba.ar\\\/iiep\\\/#\\\/schema\\\/logo\\\/image\\\/\",\"url\":\"https:\\\/\\\/economicas.uba.ar\\\/iiep\\\/wp-content\\\/uploads\\\/logo_iiep_light.svg\",\"contentUrl\":\"https:\\\/\\\/economicas.uba.ar\\\/iiep\\\/wp-content\\\/uploads\\\/logo_iiep_light.svg\",\"caption\":\"IIEP\"},\"image\":{\"@id\":\"https:\\\/\\\/economicas.uba.ar\\\/iiep\\\/#\\\/schema\\\/logo\\\/image\\\/\"}}]}<\/script>\n<!-- \/ Yoast SEO plugin. -->","yoast_head_json":{"title":"Convocatorias - IIEP UBA-CONICET","robots":{"index":"index","follow":"follow","max-snippet":"max-snippet:-1","max-image-preview":"max-image-preview:large","max-video-preview":"max-video-preview:-1"},"canonical":"https:\/\/economicas.uba.ar\/iiep\/convocatorias\/","og_locale":"es_ES","og_type":"article","og_title":"Convocatorias - IIEP UBA-CONICET","og_description":"Convocatorias Convocatoria Anuario Centro de Estudios Econ\u00f3micos de la Empresa y el Desarrollo Convocatoria Revista de historia de la industria y el desarrollo en Am\u00e9rica Latina Convocatoria Revista de Econom\u00eda","og_url":"https:\/\/economicas.uba.ar\/iiep\/convocatorias\/","og_site_name":"IIEP UBA-CONICET","article_modified_time":"2025-08-08T13:38:42+00:00","og_image":[{"url":"https:\/\/www.economicas.uba.ar\/iiep\/wp-content\/uploads\/anuario-ceeed.jpg","type":"","width":"","height":""}],"twitter_card":"summary_large_image","twitter_misc":{"Tiempo de lectura":"2 minutos"},"schema":{"@context":"https:\/\/schema.org","@graph":[{"@type":"WebPage","@id":"https:\/\/economicas.uba.ar\/iiep\/convocatorias\/","url":"https:\/\/economicas.uba.ar\/iiep\/convocatorias\/","name":"Convocatorias - IIEP UBA-CONICET","isPartOf":{"@id":"https:\/\/economicas.uba.ar\/iiep\/#website"},"primaryImageOfPage":{"@id":"https:\/\/economicas.uba.ar\/iiep\/convocatorias\/#primaryimage"},"image":{"@id":"https:\/\/economicas.uba.ar\/iiep\/convocatorias\/#primaryimage"},"thumbnailUrl":"https:\/\/www.economicas.uba.ar\/iiep\/wp-content\/uploads\/anuario-ceeed.jpg","datePublished":"2025-07-14T15:19:17+00:00","dateModified":"2025-08-08T13:38:42+00:00","breadcrumb":{"@id":"https:\/\/economicas.uba.ar\/iiep\/convocatorias\/#breadcrumb"},"inLanguage":"es-AR","potentialAction":[{"@type":"ReadAction","target":["https:\/\/economicas.uba.ar\/iiep\/convocatorias\/"]}]},{"@type":"ImageObject","inLanguage":"es-AR","@id":"https:\/\/economicas.uba.ar\/iiep\/convocatorias\/#primaryimage","url":"https:\/\/www.economicas.uba.ar\/iiep\/wp-content\/uploads\/anuario-ceeed.jpg","contentUrl":"https:\/\/www.economicas.uba.ar\/iiep\/wp-content\/uploads\/anuario-ceeed.jpg"},{"@type":"BreadcrumbList","@id":"https:\/\/economicas.uba.ar\/iiep\/convocatorias\/#breadcrumb","itemListElement":[{"@type":"ListItem","position":1,"name":"Inicio","item":"https:\/\/economicas.uba.ar\/iiep\/"},{"@type":"ListItem","position":2,"name":"Convocatorias"}]},{"@type":"WebSite","@id":"https:\/\/economicas.uba.ar\/iiep\/#website","url":"https:\/\/economicas.uba.ar\/iiep\/","name":"IIEP","description":"IIEP UBA-CONICET","publisher":{"@id":"https:\/\/economicas.uba.ar\/iiep\/#organization"},"potentialAction":[{"@type":"SearchAction","target":{"@type":"EntryPoint","urlTemplate":"https:\/\/economicas.uba.ar\/iiep\/?s={search_term_string}"},"query-input":{"@type":"PropertyValueSpecification","valueRequired":true,"valueName":"search_term_string"}}],"inLanguage":"es-AR"},{"@type":"Organization","@id":"https:\/\/economicas.uba.ar\/iiep\/#organization","name":"IIEP","url":"https:\/\/economicas.uba.ar\/iiep\/","logo":{"@type":"ImageObject","inLanguage":"es-AR","@id":"https:\/\/economicas.uba.ar\/iiep\/#\/schema\/logo\/image\/","url":"https:\/\/economicas.uba.ar\/iiep\/wp-content\/uploads\/logo_iiep_light.svg","contentUrl":"https:\/\/economicas.uba.ar\/iiep\/wp-content\/uploads\/logo_iiep_light.svg","caption":"IIEP"},"image":{"@id":"https:\/\/economicas.uba.ar\/iiep\/#\/schema\/logo\/image\/"}}]}},"_links":{"self":[{"href":"https:\/\/economicas.uba.ar\/iiep\/wp-json\/wp\/v2\/pages\/15116","targetHints":{"allow":["GET"]}}],"collection":[{"href":"https:\/\/economicas.uba.ar\/iiep\/wp-json\/wp\/v2\/pages"}],"about":[{"href":"https:\/\/economicas.uba.ar\/iiep\/wp-json\/wp\/v2\/types\/page"}],"author":[{"embeddable":true,"href":"https:\/\/economicas.uba.ar\/iiep\/wp-json\/wp\/v2\/users\/9"}],"replies":[{"embeddable":true,"href":"https:\/\/economicas.uba.ar\/iiep\/wp-json\/wp\/v2\/comments?post=15116"}],"version-history":[{"count":12,"href":"https:\/\/economicas.uba.ar\/iiep\/wp-json\/wp\/v2\/pages\/15116\/revisions"}],"predecessor-version":[{"id":17520,"href":"https:\/\/economicas.uba.ar\/iiep\/wp-json\/wp\/v2\/pages\/15116\/revisions\/17520"}],"wp:attachment":[{"href":"https:\/\/economicas.uba.ar\/iiep\/wp-json\/wp\/v2\/media?parent=15116"}],"curies":[{"name":"wp","href":"https:\/\/api.w.org\/{rel}","templated":true}]}}