{"id":15606,"date":"2025-07-22T11:39:27","date_gmt":"2025-07-22T14:39:27","guid":{"rendered":"https:\/\/www.economicas.uba.ar\/iiep\/?page_id=15606"},"modified":"2026-03-05T10:36:23","modified_gmt":"2026-03-05T13:36:23","slug":"documentos-de-trabajo","status":"publish","type":"page","link":"https:\/\/economicas.uba.ar\/iiep\/documentos-de-trabajo\/","title":{"rendered":"DOCUMENTOS DE TRABAJO"},"content":{"rendered":"\t\t<div data-elementor-type=\"wp-page\" data-elementor-id=\"15606\" class=\"elementor elementor-15606\" data-elementor-post-type=\"page\">\n\t\t\t\t<div class=\"elementor-element elementor-element-47d98be9 e-flex e-con-boxed e-con e-parent\" data-id=\"47d98be9\" data-element_type=\"container\" data-e-type=\"container\">\n\t\t\t\t\t<div class=\"e-con-inner\">\n\t\t<div class=\"elementor-element elementor-element-7c8c143d e-con-full e-flex e-con e-child\" data-id=\"7c8c143d\" data-element_type=\"container\" data-e-type=\"container\">\n\t\t\t\t<div class=\"elementor-element elementor-element-1a94de10 elementor-widget elementor-widget-heading\" data-id=\"1a94de10\" data-element_type=\"widget\" data-e-type=\"widget\" data-widget_type=\"heading.default\">\n\t\t\t\t<div class=\"elementor-widget-container\">\n\t\t\t\t\t<h2 class=\"elementor-heading-title elementor-size-default\">Documentos de<br><b>Trabajo<\/b><\/h2>\t\t\t\t<\/div>\n\t\t\t\t<\/div>\n\t\t\t\t<div class=\"elementor-element elementor-element-71890f3 elementor-widget-divider--view-line elementor-widget elementor-widget-divider\" data-id=\"71890f3\" data-element_type=\"widget\" data-e-type=\"widget\" data-widget_type=\"divider.default\">\n\t\t\t\t<div class=\"elementor-widget-container\">\n\t\t\t\t\t\t\t<div class=\"elementor-divider\">\n\t\t\t<span class=\"elementor-divider-separator\">\n\t\t\t\t\t\t<\/span>\n\t\t<\/div>\n\t\t\t\t\t\t<\/div>\n\t\t\t\t<\/div>\n\t\t\t\t<\/div>\n\t\t\t\t\t<\/div>\n\t\t\t\t<\/div>\n\t\t<div class=\"elementor-element elementor-element-190c23f e-con-full e-flex e-con e-parent\" data-id=\"190c23f\" data-element_type=\"container\" data-e-type=\"container\" data-settings=\"{&quot;background_background&quot;:&quot;classic&quot;}\">\n\t\t<div class=\"elementor-element elementor-element-9849d56 e-flex e-con-boxed e-con e-child\" data-id=\"9849d56\" data-element_type=\"container\" data-e-type=\"container\">\n\t\t\t\t\t<div class=\"e-con-inner\">\n\t\t<div class=\"elementor-element elementor-element-ac6f79a e-con-full e-flex e-con e-child\" data-id=\"ac6f79a\" data-element_type=\"container\" data-e-type=\"container\">\n\t\t<div class=\"elementor-element elementor-element-a363dc3 e-con-full e-flex e-con e-child\" data-id=\"a363dc3\" data-element_type=\"container\" data-e-type=\"container\">\n\t\t\t\t<div class=\"elementor-element elementor-element-0ff910c elementor-widget elementor-widget-image\" data-id=\"0ff910c\" data-element_type=\"widget\" data-e-type=\"widget\" data-widget_type=\"image.default\">\n\t\t\t\t<div class=\"elementor-widget-container\">\n\t\t\t\t\t\t\t\t\t\t\t\t\t\t\t<img decoding=\"async\" src=\"https:\/\/economicas.uba.ar\/iiep\/wp-content\/uploads\/elementor\/thumbs\/DT-113-scaled-rk2ajm9wjhsxum4orxnmr7v8wf1nl86ea5jpq03z7o.jpg\" title=\"DT-113\" alt=\"DT-113\" loading=\"lazy\" \/>\t\t\t\t\t\t\t\t\t\t\t\t\t\t\t<\/div>\n\t\t\t\t<\/div>\n\t\t\t\t<\/div>\n\t\t<div class=\"elementor-element elementor-element-cae2b60 e-con-full e-flex e-con e-child\" data-id=\"cae2b60\" data-element_type=\"container\" data-e-type=\"container\">\n\t\t\t\t<div class=\"elementor-element elementor-element-c52586b elementor-widget elementor-widget-text-editor\" data-id=\"c52586b\" data-element_type=\"widget\" data-e-type=\"widget\" data-widget_type=\"text-editor.default\">\n\t\t\t\t<div class=\"elementor-widget-container\">\n\t\t\t\t\t\t\t\t\t<p>Documento de trabajo del Instituto Interdisciplinario de Econom\u00eda Pol\u00edtica UBA-CONICET<\/p><h1 class=\"page_title\">T\u00e9rminos del Intercambio, Restricci\u00f3n Externa, Ciclos y Crecimiento<\/h1><p>N\u00fam. 113 (2026)<\/p>\t\t\t\t\t\t\t\t<\/div>\n\t\t\t\t<\/div>\n\t\t\t\t<div class=\"elementor-element elementor-element-008f654 elementor-widget elementor-widget-text-editor\" data-id=\"008f654\" data-element_type=\"widget\" data-e-type=\"widget\" data-widget_type=\"text-editor.default\">\n\t\t\t\t<div class=\"elementor-widget-container\">\n\t\t\t\t\t\t\t\t\t<p><strong>Autores<\/strong><\/p><p><strong>Sa\u00fal Keifman, Mart\u00edn Fiszbein<\/strong><\/p>\t\t\t\t\t\t\t\t<\/div>\n\t\t\t\t<\/div>\n\t\t\t\t<\/div>\n\t\t\t\t<\/div>\n\t\t\t\t\t<\/div>\n\t\t\t\t<\/div>\n\t\t\t\t<\/div>\n\t\t<div class=\"elementor-element elementor-element-e3217bd e-flex e-con-boxed e-con e-parent\" data-id=\"e3217bd\" data-element_type=\"container\" data-e-type=\"container\">\n\t\t\t\t\t<div class=\"e-con-inner\">\n\t\t<div class=\"elementor-element elementor-element-8fb7baa e-con-full e-flex e-con e-child\" data-id=\"8fb7baa\" data-element_type=\"container\" data-e-type=\"container\">\n\t\t\t\t<div class=\"elementor-element elementor-element-e1af854 elementor-align-center elementor-widget elementor-widget-button\" data-id=\"e1af854\" data-element_type=\"widget\" data-e-type=\"widget\" data-widget_type=\"button.default\">\n\t\t\t\t<div class=\"elementor-widget-container\">\n\t\t\t\t\t\t\t\t\t<div class=\"elementor-button-wrapper\">\n\t\t\t\t\t<a class=\"elementor-button elementor-button-link elementor-size-sm elementor-animation-shrink\" href=\"https:\/\/ojs.economicas.uba.ar\/DT-IIEP\/article\/view\/3519\">\n\t\t\t\t\t\t<span class=\"elementor-button-content-wrapper\">\n\t\t\t\t\t\t\t\t\t<span class=\"elementor-button-text\">N\u00daMERO ACTUAL<\/span>\n\t\t\t\t\t<\/span>\n\t\t\t\t\t<\/a>\n\t\t\t\t<\/div>\n\t\t\t\t\t\t\t\t<\/div>\n\t\t\t\t<\/div>\n\t\t\t\t<\/div>\n\t\t<div class=\"elementor-element elementor-element-e77c8d1 e-con-full e-flex e-con e-child\" data-id=\"e77c8d1\" data-element_type=\"container\" data-e-type=\"container\">\n\t\t\t\t<div class=\"elementor-element elementor-element-95778a1 elementor-align-center elementor-widget elementor-widget-button\" data-id=\"95778a1\" data-element_type=\"widget\" data-e-type=\"widget\" data-widget_type=\"button.default\">\n\t\t\t\t<div class=\"elementor-widget-container\">\n\t\t\t\t\t\t\t\t\t<div class=\"elementor-button-wrapper\">\n\t\t\t\t\t<a class=\"elementor-button elementor-button-link elementor-size-sm elementor-animation-shrink\" href=\"https:\/\/ojs.economicas.uba.ar\/DT-IIEP\">\n\t\t\t\t\t\t<span class=\"elementor-button-content-wrapper\">\n\t\t\t\t\t\t\t\t\t<span class=\"elementor-button-text\">VER TODOS<\/span>\n\t\t\t\t\t<\/span>\n\t\t\t\t\t<\/a>\n\t\t\t\t<\/div>\n\t\t\t\t\t\t\t\t<\/div>\n\t\t\t\t<\/div>\n\t\t\t\t<\/div>\n\t\t\t\t\t<\/div>\n\t\t\t\t<\/div>\n\t\t\t\t<\/div>\n\t\t","protected":false},"excerpt":{"rendered":"<p>Documentos deTrabajo Documento de trabajo del Instituto Interdisciplinario de Econom\u00eda Pol\u00edtica UBA-CONICET T\u00e9rminos del Intercambio, Restricci\u00f3n Externa, Ciclos y Crecimiento N\u00fam. 113 (2026) Autores Sa\u00fal Keifman, Mart\u00edn Fiszbein N\u00daMERO ACTUAL<\/p>\n","protected":false},"author":9,"featured_media":0,"parent":0,"menu_order":0,"comment_status":"closed","ping_status":"closed","template":"elementor_header_footer","meta":{"footnotes":""},"class_list":["post-15606","page","type-page","status-publish","hentry"],"yoast_head":"<!-- This site is optimized with the Yoast SEO plugin v27.4 - https:\/\/yoast.com\/product\/yoast-seo-wordpress\/ -->\n<title>DOCUMENTOS DE TRABAJO - IIEP UBA-CONICET<\/title>\n<meta name=\"robots\" content=\"index, follow, max-snippet:-1, max-image-preview:large, max-video-preview:-1\" \/>\n<link rel=\"canonical\" href=\"https:\/\/economicas.uba.ar\/iiep\/documentos-de-trabajo\/\" \/>\n<meta property=\"og:locale\" content=\"es_ES\" \/>\n<meta property=\"og:type\" content=\"article\" \/>\n<meta property=\"og:title\" content=\"DOCUMENTOS DE TRABAJO - IIEP UBA-CONICET\" \/>\n<meta property=\"og:description\" content=\"Documentos deTrabajo Documento de trabajo del Instituto Interdisciplinario de Econom\u00eda Pol\u00edtica UBA-CONICET T\u00e9rminos del Intercambio, Restricci\u00f3n Externa, Ciclos y Crecimiento N\u00fam. 113 (2026) Autores Sa\u00fal Keifman, Mart\u00edn Fiszbein N\u00daMERO ACTUAL\" \/>\n<meta property=\"og:url\" content=\"https:\/\/economicas.uba.ar\/iiep\/documentos-de-trabajo\/\" \/>\n<meta property=\"og:site_name\" content=\"IIEP UBA-CONICET\" \/>\n<meta property=\"article:modified_time\" content=\"2026-03-05T13:36:23+00:00\" \/>\n<meta property=\"og:image\" content=\"https:\/\/economicas.uba.ar\/iiep\/wp-content\/uploads\/elementor\/thumbs\/DT-113-scaled-rk2ajm9wjhsxum4orxnmr7v8wf1nl86ea5jpq03z7y.jpg\" \/>\n<meta name=\"twitter:card\" content=\"summary_large_image\" \/>\n<meta name=\"twitter:label1\" content=\"Tiempo de lectura\" \/>\n\t<meta name=\"twitter:data1\" content=\"1 minuto\" \/>\n<script type=\"application\/ld+json\" class=\"yoast-schema-graph\">{\"@context\":\"https:\\\/\\\/schema.org\",\"@graph\":[{\"@type\":\"WebPage\",\"@id\":\"https:\\\/\\\/economicas.uba.ar\\\/iiep\\\/documentos-de-trabajo\\\/\",\"url\":\"https:\\\/\\\/economicas.uba.ar\\\/iiep\\\/documentos-de-trabajo\\\/\",\"name\":\"DOCUMENTOS DE TRABAJO - IIEP UBA-CONICET\",\"isPartOf\":{\"@id\":\"https:\\\/\\\/economicas.uba.ar\\\/iiep\\\/#website\"},\"primaryImageOfPage\":{\"@id\":\"https:\\\/\\\/economicas.uba.ar\\\/iiep\\\/documentos-de-trabajo\\\/#primaryimage\"},\"image\":{\"@id\":\"https:\\\/\\\/economicas.uba.ar\\\/iiep\\\/documentos-de-trabajo\\\/#primaryimage\"},\"thumbnailUrl\":\"https:\\\/\\\/economicas.uba.ar\\\/iiep\\\/wp-content\\\/uploads\\\/elementor\\\/thumbs\\\/DT-113-scaled-rk2ajm9wjhsxum4orxnmr7v8wf1nl86ea5jpq03z7y.jpg\",\"datePublished\":\"2025-07-22T14:39:27+00:00\",\"dateModified\":\"2026-03-05T13:36:23+00:00\",\"breadcrumb\":{\"@id\":\"https:\\\/\\\/economicas.uba.ar\\\/iiep\\\/documentos-de-trabajo\\\/#breadcrumb\"},\"inLanguage\":\"es-AR\",\"potentialAction\":[{\"@type\":\"ReadAction\",\"target\":[\"https:\\\/\\\/economicas.uba.ar\\\/iiep\\\/documentos-de-trabajo\\\/\"]}]},{\"@type\":\"ImageObject\",\"inLanguage\":\"es-AR\",\"@id\":\"https:\\\/\\\/economicas.uba.ar\\\/iiep\\\/documentos-de-trabajo\\\/#primaryimage\",\"url\":\"https:\\\/\\\/economicas.uba.ar\\\/iiep\\\/wp-content\\\/uploads\\\/elementor\\\/thumbs\\\/DT-113-scaled-rk2ajm9wjhsxum4orxnmr7v8wf1nl86ea5jpq03z7y.jpg\",\"contentUrl\":\"https:\\\/\\\/economicas.uba.ar\\\/iiep\\\/wp-content\\\/uploads\\\/elementor\\\/thumbs\\\/DT-113-scaled-rk2ajm9wjhsxum4orxnmr7v8wf1nl86ea5jpq03z7y.jpg\"},{\"@type\":\"BreadcrumbList\",\"@id\":\"https:\\\/\\\/economicas.uba.ar\\\/iiep\\\/documentos-de-trabajo\\\/#breadcrumb\",\"itemListElement\":[{\"@type\":\"ListItem\",\"position\":1,\"name\":\"Inicio\",\"item\":\"https:\\\/\\\/economicas.uba.ar\\\/iiep\\\/\"},{\"@type\":\"ListItem\",\"position\":2,\"name\":\"DOCUMENTOS DE TRABAJO\"}]},{\"@type\":\"WebSite\",\"@id\":\"https:\\\/\\\/economicas.uba.ar\\\/iiep\\\/#website\",\"url\":\"https:\\\/\\\/economicas.uba.ar\\\/iiep\\\/\",\"name\":\"IIEP\",\"description\":\"IIEP UBA-CONICET\",\"publisher\":{\"@id\":\"https:\\\/\\\/economicas.uba.ar\\\/iiep\\\/#organization\"},\"potentialAction\":[{\"@type\":\"SearchAction\",\"target\":{\"@type\":\"EntryPoint\",\"urlTemplate\":\"https:\\\/\\\/economicas.uba.ar\\\/iiep\\\/?s={search_term_string}\"},\"query-input\":{\"@type\":\"PropertyValueSpecification\",\"valueRequired\":true,\"valueName\":\"search_term_string\"}}],\"inLanguage\":\"es-AR\"},{\"@type\":\"Organization\",\"@id\":\"https:\\\/\\\/economicas.uba.ar\\\/iiep\\\/#organization\",\"name\":\"IIEP\",\"url\":\"https:\\\/\\\/economicas.uba.ar\\\/iiep\\\/\",\"logo\":{\"@type\":\"ImageObject\",\"inLanguage\":\"es-AR\",\"@id\":\"https:\\\/\\\/economicas.uba.ar\\\/iiep\\\/#\\\/schema\\\/logo\\\/image\\\/\",\"url\":\"https:\\\/\\\/economicas.uba.ar\\\/iiep\\\/wp-content\\\/uploads\\\/logo_iiep_light.svg\",\"contentUrl\":\"https:\\\/\\\/economicas.uba.ar\\\/iiep\\\/wp-content\\\/uploads\\\/logo_iiep_light.svg\",\"caption\":\"IIEP\"},\"image\":{\"@id\":\"https:\\\/\\\/economicas.uba.ar\\\/iiep\\\/#\\\/schema\\\/logo\\\/image\\\/\"}}]}<\/script>\n<!-- \/ Yoast SEO plugin. -->","yoast_head_json":{"title":"DOCUMENTOS DE TRABAJO - IIEP UBA-CONICET","robots":{"index":"index","follow":"follow","max-snippet":"max-snippet:-1","max-image-preview":"max-image-preview:large","max-video-preview":"max-video-preview:-1"},"canonical":"https:\/\/economicas.uba.ar\/iiep\/documentos-de-trabajo\/","og_locale":"es_ES","og_type":"article","og_title":"DOCUMENTOS DE TRABAJO - IIEP UBA-CONICET","og_description":"Documentos deTrabajo Documento de trabajo del Instituto Interdisciplinario de Econom\u00eda Pol\u00edtica UBA-CONICET T\u00e9rminos del Intercambio, Restricci\u00f3n Externa, Ciclos y Crecimiento N\u00fam. 113 (2026) Autores Sa\u00fal Keifman, Mart\u00edn Fiszbein N\u00daMERO ACTUAL","og_url":"https:\/\/economicas.uba.ar\/iiep\/documentos-de-trabajo\/","og_site_name":"IIEP UBA-CONICET","article_modified_time":"2026-03-05T13:36:23+00:00","og_image":[{"url":"https:\/\/economicas.uba.ar\/iiep\/wp-content\/uploads\/elementor\/thumbs\/DT-113-scaled-rk2ajm9wjhsxum4orxnmr7v8wf1nl86ea5jpq03z7y.jpg","type":"","width":"","height":""}],"twitter_card":"summary_large_image","twitter_misc":{"Tiempo de lectura":"1 minuto"},"schema":{"@context":"https:\/\/schema.org","@graph":[{"@type":"WebPage","@id":"https:\/\/economicas.uba.ar\/iiep\/documentos-de-trabajo\/","url":"https:\/\/economicas.uba.ar\/iiep\/documentos-de-trabajo\/","name":"DOCUMENTOS DE TRABAJO - IIEP UBA-CONICET","isPartOf":{"@id":"https:\/\/economicas.uba.ar\/iiep\/#website"},"primaryImageOfPage":{"@id":"https:\/\/economicas.uba.ar\/iiep\/documentos-de-trabajo\/#primaryimage"},"image":{"@id":"https:\/\/economicas.uba.ar\/iiep\/documentos-de-trabajo\/#primaryimage"},"thumbnailUrl":"https:\/\/economicas.uba.ar\/iiep\/wp-content\/uploads\/elementor\/thumbs\/DT-113-scaled-rk2ajm9wjhsxum4orxnmr7v8wf1nl86ea5jpq03z7y.jpg","datePublished":"2025-07-22T14:39:27+00:00","dateModified":"2026-03-05T13:36:23+00:00","breadcrumb":{"@id":"https:\/\/economicas.uba.ar\/iiep\/documentos-de-trabajo\/#breadcrumb"},"inLanguage":"es-AR","potentialAction":[{"@type":"ReadAction","target":["https:\/\/economicas.uba.ar\/iiep\/documentos-de-trabajo\/"]}]},{"@type":"ImageObject","inLanguage":"es-AR","@id":"https:\/\/economicas.uba.ar\/iiep\/documentos-de-trabajo\/#primaryimage","url":"https:\/\/economicas.uba.ar\/iiep\/wp-content\/uploads\/elementor\/thumbs\/DT-113-scaled-rk2ajm9wjhsxum4orxnmr7v8wf1nl86ea5jpq03z7y.jpg","contentUrl":"https:\/\/economicas.uba.ar\/iiep\/wp-content\/uploads\/elementor\/thumbs\/DT-113-scaled-rk2ajm9wjhsxum4orxnmr7v8wf1nl86ea5jpq03z7y.jpg"},{"@type":"BreadcrumbList","@id":"https:\/\/economicas.uba.ar\/iiep\/documentos-de-trabajo\/#breadcrumb","itemListElement":[{"@type":"ListItem","position":1,"name":"Inicio","item":"https:\/\/economicas.uba.ar\/iiep\/"},{"@type":"ListItem","position":2,"name":"DOCUMENTOS DE TRABAJO"}]},{"@type":"WebSite","@id":"https:\/\/economicas.uba.ar\/iiep\/#website","url":"https:\/\/economicas.uba.ar\/iiep\/","name":"IIEP","description":"IIEP UBA-CONICET","publisher":{"@id":"https:\/\/economicas.uba.ar\/iiep\/#organization"},"potentialAction":[{"@type":"SearchAction","target":{"@type":"EntryPoint","urlTemplate":"https:\/\/economicas.uba.ar\/iiep\/?s={search_term_string}"},"query-input":{"@type":"PropertyValueSpecification","valueRequired":true,"valueName":"search_term_string"}}],"inLanguage":"es-AR"},{"@type":"Organization","@id":"https:\/\/economicas.uba.ar\/iiep\/#organization","name":"IIEP","url":"https:\/\/economicas.uba.ar\/iiep\/","logo":{"@type":"ImageObject","inLanguage":"es-AR","@id":"https:\/\/economicas.uba.ar\/iiep\/#\/schema\/logo\/image\/","url":"https:\/\/economicas.uba.ar\/iiep\/wp-content\/uploads\/logo_iiep_light.svg","contentUrl":"https:\/\/economicas.uba.ar\/iiep\/wp-content\/uploads\/logo_iiep_light.svg","caption":"IIEP"},"image":{"@id":"https:\/\/economicas.uba.ar\/iiep\/#\/schema\/logo\/image\/"}}]}},"_links":{"self":[{"href":"https:\/\/economicas.uba.ar\/iiep\/wp-json\/wp\/v2\/pages\/15606","targetHints":{"allow":["GET"]}}],"collection":[{"href":"https:\/\/economicas.uba.ar\/iiep\/wp-json\/wp\/v2\/pages"}],"about":[{"href":"https:\/\/economicas.uba.ar\/iiep\/wp-json\/wp\/v2\/types\/page"}],"author":[{"embeddable":true,"href":"https:\/\/economicas.uba.ar\/iiep\/wp-json\/wp\/v2\/users\/9"}],"replies":[{"embeddable":true,"href":"https:\/\/economicas.uba.ar\/iiep\/wp-json\/wp\/v2\/comments?post=15606"}],"version-history":[{"count":22,"href":"https:\/\/economicas.uba.ar\/iiep\/wp-json\/wp\/v2\/pages\/15606\/revisions"}],"predecessor-version":[{"id":21940,"href":"https:\/\/economicas.uba.ar\/iiep\/wp-json\/wp\/v2\/pages\/15606\/revisions\/21940"}],"wp:attachment":[{"href":"https:\/\/economicas.uba.ar\/iiep\/wp-json\/wp\/v2\/media?parent=15606"}],"curies":[{"name":"wp","href":"https:\/\/api.w.org\/{rel}","templated":true}]}}