{"id":15608,"date":"2025-07-22T11:41:07","date_gmt":"2025-07-22T14:41:07","guid":{"rendered":"https:\/\/www.economicas.uba.ar\/iiep\/?page_id=15608"},"modified":"2025-09-19T15:13:01","modified_gmt":"2025-09-19T18:13:01","slug":"revistas-academicas","status":"publish","type":"page","link":"https:\/\/economicas.uba.ar\/iiep\/revistas-academicas\/","title":{"rendered":"REVISTAS ACAD\u00c9MICAS"},"content":{"rendered":"\t\t<div data-elementor-type=\"wp-page\" data-elementor-id=\"15608\" class=\"elementor elementor-15608\" data-elementor-post-type=\"page\">\n\t\t\t\t<div class=\"elementor-element elementor-element-47d98be9 e-flex e-con-boxed e-con e-parent\" data-id=\"47d98be9\" data-element_type=\"container\" data-e-type=\"container\">\n\t\t\t\t\t<div class=\"e-con-inner\">\n\t\t<div class=\"elementor-element elementor-element-7c8c143d e-con-full e-flex e-con e-child\" data-id=\"7c8c143d\" data-element_type=\"container\" data-e-type=\"container\">\n\t\t\t\t<div class=\"elementor-element elementor-element-1a94de10 elementor-widget elementor-widget-heading\" data-id=\"1a94de10\" data-element_type=\"widget\" data-e-type=\"widget\" data-widget_type=\"heading.default\">\n\t\t\t\t<div class=\"elementor-widget-container\">\n\t\t\t\t\t<h2 class=\"elementor-heading-title elementor-size-default\">Revistas <b>acad\u00e9micas<\/b><\/h2>\t\t\t\t<\/div>\n\t\t\t\t<\/div>\n\t\t\t\t<div class=\"elementor-element elementor-element-71890f3 elementor-widget-divider--view-line elementor-widget elementor-widget-divider\" data-id=\"71890f3\" data-element_type=\"widget\" data-e-type=\"widget\" data-widget_type=\"divider.default\">\n\t\t\t\t<div class=\"elementor-widget-container\">\n\t\t\t\t\t\t\t<div class=\"elementor-divider\">\n\t\t\t<span class=\"elementor-divider-separator\">\n\t\t\t\t\t\t<\/span>\n\t\t<\/div>\n\t\t\t\t\t\t<\/div>\n\t\t\t\t<\/div>\n\t\t\t\t<\/div>\n\t\t\t\t\t<\/div>\n\t\t\t\t<\/div>\n\t\t<div class=\"elementor-element elementor-element-dad6b42 e-con-full e-flex e-con e-parent\" data-id=\"dad6b42\" data-element_type=\"container\" data-e-type=\"container\" data-settings=\"{&quot;background_background&quot;:&quot;classic&quot;}\">\n\t\t<div class=\"elementor-element elementor-element-af28ba1 e-flex e-con-boxed e-con e-child\" data-id=\"af28ba1\" data-element_type=\"container\" data-e-type=\"container\">\n\t\t\t\t\t<div class=\"e-con-inner\">\n\t\t<div class=\"elementor-element elementor-element-255daf3 e-con-full e-flex e-con e-child\" data-id=\"255daf3\" data-element_type=\"container\" data-e-type=\"container\">\n\t\t<div class=\"elementor-element elementor-element-60d08d9 e-con-full e-flex e-con e-child\" data-id=\"60d08d9\" data-element_type=\"container\" data-e-type=\"container\">\n\t\t\t\t<div class=\"elementor-element elementor-element-f3acc56 elementor-widget elementor-widget-ucaddon_hover_text_reveal_content_box\" data-id=\"f3acc56\" data-element_type=\"widget\" data-e-type=\"widget\" data-widget_type=\"ucaddon_hover_text_reveal_content_box.default\">\n\t\t\t\t<div class=\"elementor-widget-container\">\n\t\t\t\t\t\n<!-- start Content Box Hover Text Reveal -->\n<style>\/* widget: Content Box Hover Text Reveal *\/\n\n.uc_long_content_box {\n\toverflow:hidden;\n}\n.uc_long_content_box *{\n\tbox-sizing: border-box;\n}\n#uc_hover_text_reveal_content_box_elementor_f3acc56 .uc_long_content_box_holder{\n\tposition: relative;\n    text-align:center;\n    overflow:hidden;\n}\n#uc_hover_text_reveal_content_box_elementor_f3acc56 .uc_long_content_box_holder .uc_long_content_box_box{\n\tposition: relative;\n}\n\n#uc_hover_text_reveal_content_box_elementor_f3acc56 .uc_long_content_box_holder .uc_long_content_box_box .uc_image_box{\n\tposition: relative;\n\tbackground-size: cover !important;\n\tbackground-repeat: no-repeat !important;\n\tbackground-position: center center !important;\n\twidth: 100%;\n    background-blend-mode:normal;\n}\n\n#uc_hover_text_reveal_content_box_elementor_f3acc56 .uc_long_content_box_holder .uc_long_content_box_box .uc_overlay{\n\tposition: absolute;\n\tleft: 0;\n\ttop: 0;\n    right:0;\n    bottom:0;\n\twidth: 100%;\n\theight: 100%;\n\tz-index: 2;\n  transition:1s;\n}\n\n#uc_hover_text_reveal_content_box_elementor_f3acc56 .uc_long_content_box_holder .uc_long_content_box_box .uc_box_content{\n\tleft: 0;\n    bottom: 0;\n    position: absolute;\n    margin: 0;\n    width: 100%;\n\tz-index: 3;\n\toverflow: hidden;\n\tdisplay: flex;\n    height: 100%;\n    flex-direction: column;\n    justify-content: center;\n}\n\n#uc_hover_text_reveal_content_box_elementor_f3acc56 .uc_long_content_box_holder .uc_long_content_box_box .uc_box_content .uc_title{\n  transition:0.5s;\t\n}\n\n#uc_hover_text_reveal_content_box_elementor_f3acc56 .uc_long_content_box_holder .uc_long_content_box_box .uc_box_content {\n  transition:0.5s;\n  transform: translateY(10px);\n}\n.uc_title\n{\n    font-weight: 400;\n\tfont-size: 22px;\n}\n#uc_hover_text_reveal_content_box_elementor_f3acc56 .uc_long_content_box_holder:hover .uc_long_content_box_box .uc_box_content .uc_title{\n  transform: translateY(-10px);\t\n}\n#uc_hover_text_reveal_content_box_elementor_f3acc56 .uc_long_content_box_holder .uc_long_content_box_box .uc_box_content .uc_hidden_content{\n\toverflow: hidden;\n    transform: scaleY(0);\n    transform-origin: bottom;\n  transition:0.5s;\n    max-height: 0;\n\topacity: 0;\n}\n#uc_hover_text_reveal_content_box_elementor_f3acc56 .uc_long_content_box_holder:hover .uc_long_content_box_box .uc_box_content .uc_hidden_content{\n    max-height: 100%;\n    transform: scaleY(1);\n    overflow: visible;\n\topacity: 1;\n\t\n}\n\n.uc_box_content .uc_description{\n\tcolor: #fff;\n}\n#uc_hover_text_reveal_content_box_elementor_f3acc56 .uc_long_content_box_holder .uc_long_content_box_box .uc_box_content .uc_btn{\n\ttext-decoration: none;\n\tdisplay: inline-block;\n    text-align:center;\n  transition:0.5s;\n}\n\n<\/style>\n\n<div class=\"uc_long_content_box\" id=\"uc_hover_text_reveal_content_box_elementor_f3acc56\">\n\t\t<div class=\"uc_long_content_box_holder\">\n\t\t\t\n\t\t\t<div class=\"uc_long_content_box_box\">\n\t\t\t\t<div class=\"uc_image_box\" style=\" background-image: url();\"><\/div>\n\t\t\t\t<div class=\"uc_overlay\" ><\/div>\n\t\t\t\t<div class=\"uc_box_content\">\n\t\t\t\t\t<div class=\"uc_title\">Anuario Centro de Estudios Econ\u00f3micos de la Empresa y el Desarrollo<\/div>\t\t\t\t\t<div class=\"uc_hidden_content\">\n\t\t\t\t\t\t<div class=\"uc_description\"><\/div>\t\t\t\t\t\t<a  target='_blank' href=\"https:\/\/ojs.economicas.uba.ar\/CEEED\" class=\"uc_btn\" >+ INFO<\/a>                        \t\t\t\t\t<\/div>\n\t\t\t\t<\/div>\n\t\t\t<\/div>\n\t\t\t\n\t\t<\/div>\n    <\/div>\n<!-- end Content Box Hover Text Reveal -->\t\t\t\t<\/div>\n\t\t\t\t<\/div>\n\t\t\t\t<\/div>\n\t\t<div class=\"elementor-element elementor-element-10268da e-con-full e-flex e-con e-child\" data-id=\"10268da\" data-element_type=\"container\" data-e-type=\"container\">\n\t\t\t\t<div class=\"elementor-element elementor-element-188b016 elementor-widget elementor-widget-ucaddon_hover_text_reveal_content_box\" data-id=\"188b016\" data-element_type=\"widget\" data-e-type=\"widget\" data-widget_type=\"ucaddon_hover_text_reveal_content_box.default\">\n\t\t\t\t<div class=\"elementor-widget-container\">\n\t\t\t\t\t\n<!-- start Content Box Hover Text Reveal -->\n<style>\/* widget: Content Box Hover Text Reveal *\/\n\n.uc_long_content_box {\n\toverflow:hidden;\n}\n.uc_long_content_box *{\n\tbox-sizing: border-box;\n}\n#uc_hover_text_reveal_content_box_elementor_188b016 .uc_long_content_box_holder{\n\tposition: relative;\n    text-align:center;\n    overflow:hidden;\n}\n#uc_hover_text_reveal_content_box_elementor_188b016 .uc_long_content_box_holder .uc_long_content_box_box{\n\tposition: relative;\n}\n\n#uc_hover_text_reveal_content_box_elementor_188b016 .uc_long_content_box_holder .uc_long_content_box_box .uc_image_box{\n\tposition: relative;\n\tbackground-size: cover !important;\n\tbackground-repeat: no-repeat !important;\n\tbackground-position: center center !important;\n\twidth: 100%;\n    background-blend-mode:normal;\n}\n\n#uc_hover_text_reveal_content_box_elementor_188b016 .uc_long_content_box_holder .uc_long_content_box_box .uc_overlay{\n\tposition: absolute;\n\tleft: 0;\n\ttop: 0;\n    right:0;\n    bottom:0;\n\twidth: 100%;\n\theight: 100%;\n\tz-index: 2;\n  transition:1s;\n}\n\n#uc_hover_text_reveal_content_box_elementor_188b016 .uc_long_content_box_holder .uc_long_content_box_box .uc_box_content{\n\tleft: 0;\n    bottom: 0;\n    position: absolute;\n    margin: 0;\n    width: 100%;\n\tz-index: 3;\n\toverflow: hidden;\n\tdisplay: flex;\n    height: 100%;\n    flex-direction: column;\n    justify-content: center;\n}\n\n#uc_hover_text_reveal_content_box_elementor_188b016 .uc_long_content_box_holder .uc_long_content_box_box .uc_box_content .uc_title{\n  transition:0.5s;\t\n}\n\n#uc_hover_text_reveal_content_box_elementor_188b016 .uc_long_content_box_holder .uc_long_content_box_box .uc_box_content {\n  transition:0.5s;\n  transform: translateY(10px);\n}\n.uc_title\n{\n    font-weight: 400;\n\tfont-size: 22px;\n}\n#uc_hover_text_reveal_content_box_elementor_188b016 .uc_long_content_box_holder:hover .uc_long_content_box_box .uc_box_content .uc_title{\n  transform: translateY(-10px);\t\n}\n#uc_hover_text_reveal_content_box_elementor_188b016 .uc_long_content_box_holder .uc_long_content_box_box .uc_box_content .uc_hidden_content{\n\toverflow: hidden;\n    transform: scaleY(0);\n    transform-origin: bottom;\n  transition:0.5s;\n    max-height: 0;\n\topacity: 0;\n}\n#uc_hover_text_reveal_content_box_elementor_188b016 .uc_long_content_box_holder:hover .uc_long_content_box_box .uc_box_content .uc_hidden_content{\n    max-height: 100%;\n    transform: scaleY(1);\n    overflow: visible;\n\topacity: 1;\n\t\n}\n\n.uc_box_content .uc_description{\n\tcolor: #fff;\n}\n#uc_hover_text_reveal_content_box_elementor_188b016 .uc_long_content_box_holder .uc_long_content_box_box .uc_box_content .uc_btn{\n\ttext-decoration: none;\n\tdisplay: inline-block;\n    text-align:center;\n  transition:0.5s;\n}\n\n<\/style>\n\n<div class=\"uc_long_content_box\" id=\"uc_hover_text_reveal_content_box_elementor_188b016\">\n\t\t<div class=\"uc_long_content_box_holder\">\n\t\t\t\n\t\t\t<div class=\"uc_long_content_box_box\">\n\t\t\t\t<div class=\"uc_image_box\" style=\" background-image: url();\"><\/div>\n\t\t\t\t<div class=\"uc_overlay\" ><\/div>\n\t\t\t\t<div class=\"uc_box_content\">\n\t\t\t\t\t<div class=\"uc_title\">H-industria. Revista de historia de la industria y el desarrollo en Am\u00e9rica Latina<\/div>\t\t\t\t\t<div class=\"uc_hidden_content\">\n\t\t\t\t\t\t<div class=\"uc_description\"><\/div>\t\t\t\t\t\t<a  target='_blank' href=\"https:\/\/ojs.economicas.uba.ar\/H-ind\" class=\"uc_btn\" >+ INFO<\/a>                        \t\t\t\t\t<\/div>\n\t\t\t\t<\/div>\n\t\t\t<\/div>\n\t\t\t\n\t\t<\/div>\n    <\/div>\n<!-- end Content Box Hover Text Reveal -->\t\t\t\t<\/div>\n\t\t\t\t<\/div>\n\t\t\t\t<\/div>\n\t\t<div class=\"elementor-element elementor-element-93b6119 e-con-full e-flex e-con e-child\" data-id=\"93b6119\" data-element_type=\"container\" data-e-type=\"container\">\n\t\t\t\t<div class=\"elementor-element elementor-element-d9b5361 elementor-widget elementor-widget-ucaddon_hover_text_reveal_content_box\" data-id=\"d9b5361\" data-element_type=\"widget\" data-e-type=\"widget\" data-widget_type=\"ucaddon_hover_text_reveal_content_box.default\">\n\t\t\t\t<div class=\"elementor-widget-container\">\n\t\t\t\t\t\n<!-- start Content Box Hover Text Reveal -->\n<style>\/* widget: Content Box Hover Text Reveal *\/\n\n.uc_long_content_box {\n\toverflow:hidden;\n}\n.uc_long_content_box *{\n\tbox-sizing: border-box;\n}\n#uc_hover_text_reveal_content_box_elementor_d9b5361 .uc_long_content_box_holder{\n\tposition: relative;\n    text-align:center;\n    overflow:hidden;\n}\n#uc_hover_text_reveal_content_box_elementor_d9b5361 .uc_long_content_box_holder .uc_long_content_box_box{\n\tposition: relative;\n}\n\n#uc_hover_text_reveal_content_box_elementor_d9b5361 .uc_long_content_box_holder .uc_long_content_box_box .uc_image_box{\n\tposition: relative;\n\tbackground-size: cover !important;\n\tbackground-repeat: no-repeat !important;\n\tbackground-position: center center !important;\n\twidth: 100%;\n    background-blend-mode:normal;\n}\n\n#uc_hover_text_reveal_content_box_elementor_d9b5361 .uc_long_content_box_holder .uc_long_content_box_box .uc_overlay{\n\tposition: absolute;\n\tleft: 0;\n\ttop: 0;\n    right:0;\n    bottom:0;\n\twidth: 100%;\n\theight: 100%;\n\tz-index: 2;\n  transition:1s;\n}\n\n#uc_hover_text_reveal_content_box_elementor_d9b5361 .uc_long_content_box_holder .uc_long_content_box_box .uc_box_content{\n\tleft: 0;\n    bottom: 0;\n    position: absolute;\n    margin: 0;\n    width: 100%;\n\tz-index: 3;\n\toverflow: hidden;\n\tdisplay: flex;\n    height: 100%;\n    flex-direction: column;\n    justify-content: center;\n}\n\n#uc_hover_text_reveal_content_box_elementor_d9b5361 .uc_long_content_box_holder .uc_long_content_box_box .uc_box_content .uc_title{\n  transition:0.5s;\t\n}\n\n#uc_hover_text_reveal_content_box_elementor_d9b5361 .uc_long_content_box_holder .uc_long_content_box_box .uc_box_content {\n  transition:0.5s;\n  transform: translateY(10px);\n}\n.uc_title\n{\n    font-weight: 400;\n\tfont-size: 22px;\n}\n#uc_hover_text_reveal_content_box_elementor_d9b5361 .uc_long_content_box_holder:hover .uc_long_content_box_box .uc_box_content .uc_title{\n  transform: translateY(-10px);\t\n}\n#uc_hover_text_reveal_content_box_elementor_d9b5361 .uc_long_content_box_holder .uc_long_content_box_box .uc_box_content .uc_hidden_content{\n\toverflow: hidden;\n    transform: scaleY(0);\n    transform-origin: bottom;\n  transition:0.5s;\n    max-height: 0;\n\topacity: 0;\n}\n#uc_hover_text_reveal_content_box_elementor_d9b5361 .uc_long_content_box_holder:hover .uc_long_content_box_box .uc_box_content .uc_hidden_content{\n    max-height: 100%;\n    transform: scaleY(1);\n    overflow: visible;\n\topacity: 1;\n\t\n}\n\n.uc_box_content .uc_description{\n\tcolor: #fff;\n}\n#uc_hover_text_reveal_content_box_elementor_d9b5361 .uc_long_content_box_holder .uc_long_content_box_box .uc_box_content .uc_btn{\n\ttext-decoration: none;\n\tdisplay: inline-block;\n    text-align:center;\n  transition:0.5s;\n}\n\n<\/style>\n\n<div class=\"uc_long_content_box\" id=\"uc_hover_text_reveal_content_box_elementor_d9b5361\">\n\t\t<div class=\"uc_long_content_box_holder\">\n\t\t\t\n\t\t\t<div class=\"uc_long_content_box_box\">\n\t\t\t\t<div class=\"uc_image_box\" style=\" background-image: url();\"><\/div>\n\t\t\t\t<div class=\"uc_overlay\" ><\/div>\n\t\t\t\t<div class=\"uc_box_content\">\n\t\t\t\t\t<div class=\"uc_title\">Revista de Econom\u00eda Pol\u00edtica de Buenos Aires<\/div>\t\t\t\t\t<div class=\"uc_hidden_content\">\n\t\t\t\t\t\t<div class=\"uc_description\"><\/div>\t\t\t\t\t\t<a  target='_blank' href=\"https:\/\/ojs.economicas.uba.ar\/REPBA\" class=\"uc_btn\" >+ INFO<\/a>                        \t\t\t\t\t<\/div>\n\t\t\t\t<\/div>\n\t\t\t<\/div>\n\t\t\t\n\t\t<\/div>\n    <\/div>\n<!-- end Content Box Hover Text Reveal -->\t\t\t\t<\/div>\n\t\t\t\t<\/div>\n\t\t\t\t<\/div>\n\t\t\t\t<\/div>\n\t\t\t\t\t<\/div>\n\t\t\t\t<\/div>\n\t\t\t\t<\/div>\n\t\t\t\t<\/div>\n\t\t","protected":false},"excerpt":{"rendered":"<p>Revistas acad\u00e9micas Anuario Centro de Estudios Econ\u00f3micos de la Empresa y el Desarrollo + INFO H-industria. Revista de historia de la industria y el desarrollo en Am\u00e9rica Latina + INFO<\/p>\n","protected":false},"author":9,"featured_media":0,"parent":0,"menu_order":0,"comment_status":"closed","ping_status":"closed","template":"elementor_header_footer","meta":{"footnotes":""},"class_list":["post-15608","page","type-page","status-publish","hentry"],"yoast_head":"<!-- This site is optimized with the Yoast SEO plugin v27.4 - https:\/\/yoast.com\/product\/yoast-seo-wordpress\/ -->\n<title>REVISTAS ACAD\u00c9MICAS - IIEP UBA-CONICET<\/title>\n<meta name=\"robots\" content=\"index, follow, max-snippet:-1, max-image-preview:large, max-video-preview:-1\" \/>\n<link rel=\"canonical\" href=\"https:\/\/economicas.uba.ar\/iiep\/revistas-academicas\/\" \/>\n<meta property=\"og:locale\" content=\"es_ES\" \/>\n<meta property=\"og:type\" content=\"article\" \/>\n<meta property=\"og:title\" content=\"REVISTAS ACAD\u00c9MICAS - IIEP UBA-CONICET\" \/>\n<meta property=\"og:description\" content=\"Revistas acad\u00e9micas Anuario Centro de Estudios Econ\u00f3micos de la Empresa y el Desarrollo + INFO H-industria. Revista de historia de la industria y el desarrollo en Am\u00e9rica Latina + INFO\" \/>\n<meta property=\"og:url\" content=\"https:\/\/economicas.uba.ar\/iiep\/revistas-academicas\/\" \/>\n<meta property=\"og:site_name\" content=\"IIEP UBA-CONICET\" \/>\n<meta property=\"article:modified_time\" content=\"2025-09-19T18:13:01+00:00\" \/>\n<meta property=\"og:image\" content=\"https:\/\/economicas.uba.ar\/iiep\/wp-content\/uploads\/iiep-ico.jpg\" \/>\n\t<meta property=\"og:image:width\" content=\"300\" \/>\n\t<meta property=\"og:image:height\" content=\"300\" \/>\n\t<meta property=\"og:image:type\" content=\"image\/jpeg\" \/>\n<meta name=\"twitter:card\" content=\"summary_large_image\" \/>\n<meta name=\"twitter:label1\" content=\"Tiempo de lectura\" \/>\n\t<meta name=\"twitter:data1\" content=\"1 minuto\" \/>\n<script type=\"application\/ld+json\" class=\"yoast-schema-graph\">{\"@context\":\"https:\\\/\\\/schema.org\",\"@graph\":[{\"@type\":\"WebPage\",\"@id\":\"https:\\\/\\\/economicas.uba.ar\\\/iiep\\\/revistas-academicas\\\/\",\"url\":\"https:\\\/\\\/economicas.uba.ar\\\/iiep\\\/revistas-academicas\\\/\",\"name\":\"REVISTAS ACAD\u00c9MICAS - IIEP UBA-CONICET\",\"isPartOf\":{\"@id\":\"https:\\\/\\\/economicas.uba.ar\\\/iiep\\\/#website\"},\"datePublished\":\"2025-07-22T14:41:07+00:00\",\"dateModified\":\"2025-09-19T18:13:01+00:00\",\"breadcrumb\":{\"@id\":\"https:\\\/\\\/economicas.uba.ar\\\/iiep\\\/revistas-academicas\\\/#breadcrumb\"},\"inLanguage\":\"es-AR\",\"potentialAction\":[{\"@type\":\"ReadAction\",\"target\":[\"https:\\\/\\\/economicas.uba.ar\\\/iiep\\\/revistas-academicas\\\/\"]}]},{\"@type\":\"BreadcrumbList\",\"@id\":\"https:\\\/\\\/economicas.uba.ar\\\/iiep\\\/revistas-academicas\\\/#breadcrumb\",\"itemListElement\":[{\"@type\":\"ListItem\",\"position\":1,\"name\":\"Inicio\",\"item\":\"https:\\\/\\\/economicas.uba.ar\\\/iiep\\\/\"},{\"@type\":\"ListItem\",\"position\":2,\"name\":\"REVISTAS ACAD\u00c9MICAS\"}]},{\"@type\":\"WebSite\",\"@id\":\"https:\\\/\\\/economicas.uba.ar\\\/iiep\\\/#website\",\"url\":\"https:\\\/\\\/economicas.uba.ar\\\/iiep\\\/\",\"name\":\"IIEP\",\"description\":\"IIEP UBA-CONICET\",\"publisher\":{\"@id\":\"https:\\\/\\\/economicas.uba.ar\\\/iiep\\\/#organization\"},\"potentialAction\":[{\"@type\":\"SearchAction\",\"target\":{\"@type\":\"EntryPoint\",\"urlTemplate\":\"https:\\\/\\\/economicas.uba.ar\\\/iiep\\\/?s={search_term_string}\"},\"query-input\":{\"@type\":\"PropertyValueSpecification\",\"valueRequired\":true,\"valueName\":\"search_term_string\"}}],\"inLanguage\":\"es-AR\"},{\"@type\":\"Organization\",\"@id\":\"https:\\\/\\\/economicas.uba.ar\\\/iiep\\\/#organization\",\"name\":\"IIEP\",\"url\":\"https:\\\/\\\/economicas.uba.ar\\\/iiep\\\/\",\"logo\":{\"@type\":\"ImageObject\",\"inLanguage\":\"es-AR\",\"@id\":\"https:\\\/\\\/economicas.uba.ar\\\/iiep\\\/#\\\/schema\\\/logo\\\/image\\\/\",\"url\":\"https:\\\/\\\/economicas.uba.ar\\\/iiep\\\/wp-content\\\/uploads\\\/logo_iiep_light.svg\",\"contentUrl\":\"https:\\\/\\\/economicas.uba.ar\\\/iiep\\\/wp-content\\\/uploads\\\/logo_iiep_light.svg\",\"caption\":\"IIEP\"},\"image\":{\"@id\":\"https:\\\/\\\/economicas.uba.ar\\\/iiep\\\/#\\\/schema\\\/logo\\\/image\\\/\"}}]}<\/script>\n<!-- \/ Yoast SEO plugin. -->","yoast_head_json":{"title":"REVISTAS ACAD\u00c9MICAS - IIEP UBA-CONICET","robots":{"index":"index","follow":"follow","max-snippet":"max-snippet:-1","max-image-preview":"max-image-preview:large","max-video-preview":"max-video-preview:-1"},"canonical":"https:\/\/economicas.uba.ar\/iiep\/revistas-academicas\/","og_locale":"es_ES","og_type":"article","og_title":"REVISTAS ACAD\u00c9MICAS - IIEP UBA-CONICET","og_description":"Revistas acad\u00e9micas Anuario Centro de Estudios Econ\u00f3micos de la Empresa y el Desarrollo + INFO H-industria. Revista de historia de la industria y el desarrollo en Am\u00e9rica Latina + INFO","og_url":"https:\/\/economicas.uba.ar\/iiep\/revistas-academicas\/","og_site_name":"IIEP UBA-CONICET","article_modified_time":"2025-09-19T18:13:01+00:00","og_image":[{"width":300,"height":300,"url":"https:\/\/economicas.uba.ar\/iiep\/wp-content\/uploads\/iiep-ico.jpg","type":"image\/jpeg"}],"twitter_card":"summary_large_image","twitter_misc":{"Tiempo de lectura":"1 minuto"},"schema":{"@context":"https:\/\/schema.org","@graph":[{"@type":"WebPage","@id":"https:\/\/economicas.uba.ar\/iiep\/revistas-academicas\/","url":"https:\/\/economicas.uba.ar\/iiep\/revistas-academicas\/","name":"REVISTAS ACAD\u00c9MICAS - IIEP UBA-CONICET","isPartOf":{"@id":"https:\/\/economicas.uba.ar\/iiep\/#website"},"datePublished":"2025-07-22T14:41:07+00:00","dateModified":"2025-09-19T18:13:01+00:00","breadcrumb":{"@id":"https:\/\/economicas.uba.ar\/iiep\/revistas-academicas\/#breadcrumb"},"inLanguage":"es-AR","potentialAction":[{"@type":"ReadAction","target":["https:\/\/economicas.uba.ar\/iiep\/revistas-academicas\/"]}]},{"@type":"BreadcrumbList","@id":"https:\/\/economicas.uba.ar\/iiep\/revistas-academicas\/#breadcrumb","itemListElement":[{"@type":"ListItem","position":1,"name":"Inicio","item":"https:\/\/economicas.uba.ar\/iiep\/"},{"@type":"ListItem","position":2,"name":"REVISTAS ACAD\u00c9MICAS"}]},{"@type":"WebSite","@id":"https:\/\/economicas.uba.ar\/iiep\/#website","url":"https:\/\/economicas.uba.ar\/iiep\/","name":"IIEP","description":"IIEP UBA-CONICET","publisher":{"@id":"https:\/\/economicas.uba.ar\/iiep\/#organization"},"potentialAction":[{"@type":"SearchAction","target":{"@type":"EntryPoint","urlTemplate":"https:\/\/economicas.uba.ar\/iiep\/?s={search_term_string}"},"query-input":{"@type":"PropertyValueSpecification","valueRequired":true,"valueName":"search_term_string"}}],"inLanguage":"es-AR"},{"@type":"Organization","@id":"https:\/\/economicas.uba.ar\/iiep\/#organization","name":"IIEP","url":"https:\/\/economicas.uba.ar\/iiep\/","logo":{"@type":"ImageObject","inLanguage":"es-AR","@id":"https:\/\/economicas.uba.ar\/iiep\/#\/schema\/logo\/image\/","url":"https:\/\/economicas.uba.ar\/iiep\/wp-content\/uploads\/logo_iiep_light.svg","contentUrl":"https:\/\/economicas.uba.ar\/iiep\/wp-content\/uploads\/logo_iiep_light.svg","caption":"IIEP"},"image":{"@id":"https:\/\/economicas.uba.ar\/iiep\/#\/schema\/logo\/image\/"}}]}},"_links":{"self":[{"href":"https:\/\/economicas.uba.ar\/iiep\/wp-json\/wp\/v2\/pages\/15608","targetHints":{"allow":["GET"]}}],"collection":[{"href":"https:\/\/economicas.uba.ar\/iiep\/wp-json\/wp\/v2\/pages"}],"about":[{"href":"https:\/\/economicas.uba.ar\/iiep\/wp-json\/wp\/v2\/types\/page"}],"author":[{"embeddable":true,"href":"https:\/\/economicas.uba.ar\/iiep\/wp-json\/wp\/v2\/users\/9"}],"replies":[{"embeddable":true,"href":"https:\/\/economicas.uba.ar\/iiep\/wp-json\/wp\/v2\/comments?post=15608"}],"version-history":[{"count":10,"href":"https:\/\/economicas.uba.ar\/iiep\/wp-json\/wp\/v2\/pages\/15608\/revisions"}],"predecessor-version":[{"id":19663,"href":"https:\/\/economicas.uba.ar\/iiep\/wp-json\/wp\/v2\/pages\/15608\/revisions\/19663"}],"wp:attachment":[{"href":"https:\/\/economicas.uba.ar\/iiep\/wp-json\/wp\/v2\/media?parent=15608"}],"curies":[{"name":"wp","href":"https:\/\/api.w.org\/{rel}","templated":true}]}}