{"id":1618,"date":"2025-06-03T09:44:09","date_gmt":"2025-06-03T12:44:09","guid":{"rendered":"https:\/\/www.economicas.uba.ar\/iiep\/?page_id=1618"},"modified":"2025-11-14T17:28:23","modified_gmt":"2025-11-14T20:28:23","slug":"nosotros","status":"publish","type":"page","link":"https:\/\/economicas.uba.ar\/iiep\/nosotros\/","title":{"rendered":"Nosotros"},"content":{"rendered":"\t\t<div data-elementor-type=\"wp-page\" data-elementor-id=\"1618\" class=\"elementor elementor-1618\" data-elementor-post-type=\"page\">\n\t\t\t\t<div class=\"elementor-element elementor-element-2c57905 e-flex e-con-boxed e-con e-parent\" data-id=\"2c57905\" data-element_type=\"container\" data-e-type=\"container\">\n\t\t\t\t\t<div class=\"e-con-inner\">\n\t\t<div class=\"elementor-element elementor-element-ce0c971 e-con-full e-flex e-con e-child\" data-id=\"ce0c971\" data-element_type=\"container\" data-e-type=\"container\">\n\t\t\t\t<div class=\"elementor-element elementor-element-0470030 elementor-widget elementor-widget-heading\" data-id=\"0470030\" data-element_type=\"widget\" data-e-type=\"widget\" data-widget_type=\"heading.default\">\n\t\t\t\t<div class=\"elementor-widget-container\">\n\t\t\t\t\t<h2 class=\"elementor-heading-title elementor-size-default\">Nosotros<\/h2>\t\t\t\t<\/div>\n\t\t\t\t<\/div>\n\t\t\t\t<div class=\"elementor-element elementor-element-d2d913f elementor-widget elementor-widget-text-editor\" data-id=\"d2d913f\" data-element_type=\"widget\" data-e-type=\"widget\" data-widget_type=\"text-editor.default\">\n\t\t\t\t<div class=\"elementor-widget-container\">\n\t\t\t\t\t\t\t\t\t<div>El Instituto Interdisciplinario de Econom\u00eda Pol\u00edtica (IIEP) UBA-CONICET busca contribuir a los desaf\u00edos del desarrollo a trav\u00e9s de la generaci\u00f3n y difusi\u00f3n de conocimiento cient\u00edfico de excelencia y socialmente relevante. Nos enorgullece ser un semillero de nuevas generaciones de investigadores comprometidos con la sociedad. Fomentamos la diversidad de enfoques, el enriquecimiento interdisciplinario y la libertad de pensamiento.<\/div><div>\u00a0<\/div>\t\t\t\t\t\t\t\t<\/div>\n\t\t\t\t<\/div>\n\t\t\t\t<div class=\"elementor-element elementor-element-8f18e9d elementor-widget elementor-widget-heading\" data-id=\"8f18e9d\" data-element_type=\"widget\" data-e-type=\"widget\" data-widget_type=\"heading.default\">\n\t\t\t\t<div class=\"elementor-widget-container\">\n\t\t\t\t\t<h2 class=\"elementor-heading-title elementor-size-default\">Misi\u00f3n<\/h2>\t\t\t\t<\/div>\n\t\t\t\t<\/div>\n\t\t\t\t<div class=\"elementor-element elementor-element-5cfba5a elementor-widget elementor-widget-text-editor\" data-id=\"5cfba5a\" data-element_type=\"widget\" data-e-type=\"widget\" data-widget_type=\"text-editor.default\">\n\t\t\t\t<div class=\"elementor-widget-container\">\n\t\t\t\t\t\t\t\t\t<div><div>Generar investigaci\u00f3n de excelencia al servicio de la sociedad y con incidencia en el debate de pol\u00edticas p\u00fablicas. Ser un articulador entre la academia y los actores sociales involucrados en los procesos de toma de decisiones en las distintas \u00e1reas del desarrollo econ\u00f3mico. Formar nuevas generaciones de profesionales comprometidos con su rol.<\/div><\/div><div>\u00a0<\/div>\t\t\t\t\t\t\t\t<\/div>\n\t\t\t\t<\/div>\n\t\t\t\t<\/div>\n\t\t\t\t\t<\/div>\n\t\t\t\t<\/div>\n\t\t<div class=\"elementor-element elementor-element-f260cf1 e-flex e-con-boxed e-con e-parent\" data-id=\"f260cf1\" data-element_type=\"container\" data-e-type=\"container\">\n\t\t\t\t\t<div class=\"e-con-inner\">\n\t\t<div class=\"elementor-element elementor-element-cd82512 e-con-full e-flex e-con e-child\" data-id=\"cd82512\" data-element_type=\"container\" data-e-type=\"container\">\n\t\t\t\t<div class=\"elementor-element elementor-element-9318ef5 elementor-widget elementor-widget-heading\" data-id=\"9318ef5\" data-element_type=\"widget\" data-e-type=\"widget\" data-widget_type=\"heading.default\">\n\t\t\t\t<div class=\"elementor-widget-container\">\n\t\t\t\t\t<h2 class=\"elementor-heading-title elementor-size-default\">Redes del <span style=\"color: #e56747\">IIEP<\/span><\/h2>\t\t\t\t<\/div>\n\t\t\t\t<\/div>\n\t\t<div class=\"elementor-element elementor-element-9a4ff38 e-con-full e-flex e-con e-child\" data-id=\"9a4ff38\" data-element_type=\"container\" data-e-type=\"container\">\n\t\t<div class=\"elementor-element elementor-element-ab9ebd4 e-con-full e-flex e-con e-child\" data-id=\"ab9ebd4\" data-element_type=\"container\" data-e-type=\"container\" data-settings=\"{&quot;background_background&quot;:&quot;classic&quot;}\">\n\t\t\t\t<div class=\"elementor-element elementor-element-ef4a85b elementor-widget elementor-widget-text-editor\" data-id=\"ef4a85b\" data-element_type=\"widget\" data-e-type=\"widget\" data-widget_type=\"text-editor.default\">\n\t\t\t\t<div class=\"elementor-widget-container\">\n\t\t\t\t\t\t\t\t\t<strong>RED DIMENSI\u00d3N SOCIOECON\u00d3MICA\nDEL DESARROLLO SOSTENIBLE<\/strong><br>\nforma parte de la Red-DSDS que tiene como prop\u00f3sito central la articulaci\u00f3n y transferencia del conocimiento existente en el Sector Cient\u00edfico y Tecnol\u00f3gico para el cumplimiento de objetivos, metas e indicadores de desarrollo sustentable (ODS) aprobados por Naciones Unidas y adoptados por Argentina.<br><br>\n\n<a style=\"font-size:1rem; color:black\" href=\"http:\/\/economicas.unsa.edu.ar\/ielde\/index.php\/red-dsds\" target=\"_blank\" rel=\"noopener\">economicas.unsa.edu.ar\/ielde\/index.php\/red-dsds<\/a>\t\t\t\t\t\t\t\t<\/div>\n\t\t\t\t<\/div>\n\t\t\t\t<\/div>\n\t\t<div class=\"elementor-element elementor-element-3111d6e e-con-full e-flex e-con e-child\" data-id=\"3111d6e\" data-element_type=\"container\" data-e-type=\"container\" data-settings=\"{&quot;background_background&quot;:&quot;classic&quot;}\">\n\t\t\t\t<div class=\"elementor-element elementor-element-9f47848 elementor-widget elementor-widget-text-editor\" data-id=\"9f47848\" data-element_type=\"widget\" data-e-type=\"widget\" data-widget_type=\"text-editor.default\">\n\t\t\t\t<div class=\"elementor-widget-container\">\n\t\t\t\t\t\t\t\t\t<strong>RED SUDAMERICANA<\/strong><br>\nLa Red Sudamericana de Econom\u00eda Aplicada (Red Sur) es una red de investigaci\u00f3n acad\u00e9mica formada hace 20 a\u00f1os por universidades p\u00fablicas y privadas, y centros de producci\u00f3n de conocimiento de la regi\u00f3n (miembros plenos e instituciones asociadas).<br>\n\n<a style=\"font-size:1rem; color:black\" href=\"https:\/\/www.redsudamericana.org\/\" target=\"_blank\">www.redsudamericana.org<\/a>\t\t\t\t\t\t\t\t<\/div>\n\t\t\t\t<\/div>\n\t\t\t\t<\/div>\n\t\t<div class=\"elementor-element elementor-element-a325d81 e-con-full e-flex e-con e-child\" data-id=\"a325d81\" data-element_type=\"container\" data-e-type=\"container\" data-settings=\"{&quot;background_background&quot;:&quot;classic&quot;}\">\n\t\t\t\t<div class=\"elementor-element elementor-element-1ee47c4 elementor-widget elementor-widget-text-editor\" data-id=\"1ee47c4\" data-element_type=\"widget\" data-e-type=\"widget\" data-widget_type=\"text-editor.default\">\n\t\t\t\t<div class=\"elementor-widget-container\">\n\t\t\t\t\t\t\t\t\t<p><strong>FOR A FAIRER INTERNATIONAL FINANCE ARCHITECTURE<\/strong><br \/><br \/><\/p><p><a style=\"font-size: 1rem; color: black;\" href=\"https:\/\/findevlab.org\/\" target=\"_blank\" rel=\"noopener\">https:\/\/findevlab.org\/<\/a><\/p>\t\t\t\t\t\t\t\t<\/div>\n\t\t\t\t<\/div>\n\t\t\t\t<\/div>\n\t\t<div class=\"elementor-element elementor-element-ede838a e-con-full e-flex e-con e-child\" data-id=\"ede838a\" data-element_type=\"container\" data-e-type=\"container\" data-settings=\"{&quot;background_background&quot;:&quot;classic&quot;}\">\n\t\t\t\t<div class=\"elementor-element elementor-element-bc1c909 elementor-widget elementor-widget-text-editor\" data-id=\"bc1c909\" data-element_type=\"widget\" data-e-type=\"widget\" data-widget_type=\"text-editor.default\">\n\t\t\t\t<div class=\"elementor-widget-container\">\n\t\t\t\t\t\t\t\t\t<strong>THE COMPLEX SYSTEMS DIGITAL CAMPUS<\/strong><br>\nThe UNESCO UniTwin Complex Systems Digital Campus is an world wide network of individuals and institutions working together and sharing resources to promote research and education in complex systems science and in integrative sciences.<br><br>\n\n<a style=\"font-size:1rem; color:black\"  href=\"http:\/\/www.cs-dc.org\/\" target=\"_blank\">www.cs-dc.org<\/a>\t\t\t\t\t\t\t\t<\/div>\n\t\t\t\t<\/div>\n\t\t\t\t<\/div>\n\t\t\t\t<\/div>\n\t\t\t\t<\/div>\n\t\t\t\t\t<\/div>\n\t\t\t\t<\/div>\n\t\t\t\t<\/div>\n\t\t","protected":false},"excerpt":{"rendered":"<p>Nosotros El Instituto Interdisciplinario de Econom\u00eda Pol\u00edtica (IIEP) UBA-CONICET busca contribuir a los desaf\u00edos del desarrollo a trav\u00e9s de la generaci\u00f3n y difusi\u00f3n de conocimiento cient\u00edfico de excelencia y socialmente<\/p>\n","protected":false},"author":2,"featured_media":0,"parent":0,"menu_order":0,"comment_status":"closed","ping_status":"closed","template":"elementor_header_footer","meta":{"footnotes":""},"class_list":["post-1618","page","type-page","status-publish","hentry"],"yoast_head":"<!-- This site is optimized with the Yoast SEO plugin v27.4 - https:\/\/yoast.com\/product\/yoast-seo-wordpress\/ -->\n<title>Nosotros - IIEP UBA-CONICET<\/title>\n<meta name=\"robots\" content=\"index, follow, max-snippet:-1, max-image-preview:large, max-video-preview:-1\" \/>\n<link rel=\"canonical\" href=\"https:\/\/economicas.uba.ar\/iiep\/nosotros\/\" \/>\n<meta property=\"og:locale\" content=\"es_ES\" \/>\n<meta property=\"og:type\" content=\"article\" \/>\n<meta property=\"og:title\" content=\"Nosotros - IIEP UBA-CONICET\" \/>\n<meta property=\"og:description\" content=\"Nosotros El Instituto Interdisciplinario de Econom\u00eda Pol\u00edtica (IIEP) UBA-CONICET busca contribuir a los desaf\u00edos del desarrollo a trav\u00e9s de la generaci\u00f3n y difusi\u00f3n de conocimiento cient\u00edfico de excelencia y socialmente\" \/>\n<meta property=\"og:url\" content=\"https:\/\/economicas.uba.ar\/iiep\/nosotros\/\" \/>\n<meta property=\"og:site_name\" content=\"IIEP UBA-CONICET\" \/>\n<meta property=\"article:modified_time\" content=\"2025-11-14T20:28:23+00:00\" \/>\n<meta property=\"og:image\" content=\"https:\/\/economicas.uba.ar\/iiep\/wp-content\/uploads\/iiep-ico.jpg\" \/>\n\t<meta property=\"og:image:width\" content=\"300\" \/>\n\t<meta property=\"og:image:height\" content=\"300\" \/>\n\t<meta property=\"og:image:type\" content=\"image\/jpeg\" \/>\n<meta name=\"twitter:card\" content=\"summary_large_image\" \/>\n<meta name=\"twitter:label1\" content=\"Tiempo de lectura\" \/>\n\t<meta name=\"twitter:data1\" content=\"2 minutos\" \/>\n<script type=\"application\/ld+json\" class=\"yoast-schema-graph\">{\"@context\":\"https:\\\/\\\/schema.org\",\"@graph\":[{\"@type\":\"WebPage\",\"@id\":\"https:\\\/\\\/economicas.uba.ar\\\/iiep\\\/nosotros\\\/\",\"url\":\"https:\\\/\\\/economicas.uba.ar\\\/iiep\\\/nosotros\\\/\",\"name\":\"Nosotros - IIEP UBA-CONICET\",\"isPartOf\":{\"@id\":\"https:\\\/\\\/economicas.uba.ar\\\/iiep\\\/#website\"},\"datePublished\":\"2025-06-03T12:44:09+00:00\",\"dateModified\":\"2025-11-14T20:28:23+00:00\",\"breadcrumb\":{\"@id\":\"https:\\\/\\\/economicas.uba.ar\\\/iiep\\\/nosotros\\\/#breadcrumb\"},\"inLanguage\":\"es-AR\",\"potentialAction\":[{\"@type\":\"ReadAction\",\"target\":[\"https:\\\/\\\/economicas.uba.ar\\\/iiep\\\/nosotros\\\/\"]}]},{\"@type\":\"BreadcrumbList\",\"@id\":\"https:\\\/\\\/economicas.uba.ar\\\/iiep\\\/nosotros\\\/#breadcrumb\",\"itemListElement\":[{\"@type\":\"ListItem\",\"position\":1,\"name\":\"Inicio\",\"item\":\"https:\\\/\\\/economicas.uba.ar\\\/iiep\\\/\"},{\"@type\":\"ListItem\",\"position\":2,\"name\":\"Nosotros\"}]},{\"@type\":\"WebSite\",\"@id\":\"https:\\\/\\\/economicas.uba.ar\\\/iiep\\\/#website\",\"url\":\"https:\\\/\\\/economicas.uba.ar\\\/iiep\\\/\",\"name\":\"IIEP\",\"description\":\"IIEP UBA-CONICET\",\"publisher\":{\"@id\":\"https:\\\/\\\/economicas.uba.ar\\\/iiep\\\/#organization\"},\"potentialAction\":[{\"@type\":\"SearchAction\",\"target\":{\"@type\":\"EntryPoint\",\"urlTemplate\":\"https:\\\/\\\/economicas.uba.ar\\\/iiep\\\/?s={search_term_string}\"},\"query-input\":{\"@type\":\"PropertyValueSpecification\",\"valueRequired\":true,\"valueName\":\"search_term_string\"}}],\"inLanguage\":\"es-AR\"},{\"@type\":\"Organization\",\"@id\":\"https:\\\/\\\/economicas.uba.ar\\\/iiep\\\/#organization\",\"name\":\"IIEP\",\"url\":\"https:\\\/\\\/economicas.uba.ar\\\/iiep\\\/\",\"logo\":{\"@type\":\"ImageObject\",\"inLanguage\":\"es-AR\",\"@id\":\"https:\\\/\\\/economicas.uba.ar\\\/iiep\\\/#\\\/schema\\\/logo\\\/image\\\/\",\"url\":\"https:\\\/\\\/economicas.uba.ar\\\/iiep\\\/wp-content\\\/uploads\\\/logo_iiep_light.svg\",\"contentUrl\":\"https:\\\/\\\/economicas.uba.ar\\\/iiep\\\/wp-content\\\/uploads\\\/logo_iiep_light.svg\",\"caption\":\"IIEP\"},\"image\":{\"@id\":\"https:\\\/\\\/economicas.uba.ar\\\/iiep\\\/#\\\/schema\\\/logo\\\/image\\\/\"}}]}<\/script>\n<!-- \/ Yoast SEO plugin. -->","yoast_head_json":{"title":"Nosotros - IIEP UBA-CONICET","robots":{"index":"index","follow":"follow","max-snippet":"max-snippet:-1","max-image-preview":"max-image-preview:large","max-video-preview":"max-video-preview:-1"},"canonical":"https:\/\/economicas.uba.ar\/iiep\/nosotros\/","og_locale":"es_ES","og_type":"article","og_title":"Nosotros - IIEP UBA-CONICET","og_description":"Nosotros El Instituto Interdisciplinario de Econom\u00eda Pol\u00edtica (IIEP) UBA-CONICET busca contribuir a los desaf\u00edos del desarrollo a trav\u00e9s de la generaci\u00f3n y difusi\u00f3n de conocimiento cient\u00edfico de excelencia y socialmente","og_url":"https:\/\/economicas.uba.ar\/iiep\/nosotros\/","og_site_name":"IIEP UBA-CONICET","article_modified_time":"2025-11-14T20:28:23+00:00","og_image":[{"width":300,"height":300,"url":"https:\/\/economicas.uba.ar\/iiep\/wp-content\/uploads\/iiep-ico.jpg","type":"image\/jpeg"}],"twitter_card":"summary_large_image","twitter_misc":{"Tiempo de lectura":"2 minutos"},"schema":{"@context":"https:\/\/schema.org","@graph":[{"@type":"WebPage","@id":"https:\/\/economicas.uba.ar\/iiep\/nosotros\/","url":"https:\/\/economicas.uba.ar\/iiep\/nosotros\/","name":"Nosotros - IIEP UBA-CONICET","isPartOf":{"@id":"https:\/\/economicas.uba.ar\/iiep\/#website"},"datePublished":"2025-06-03T12:44:09+00:00","dateModified":"2025-11-14T20:28:23+00:00","breadcrumb":{"@id":"https:\/\/economicas.uba.ar\/iiep\/nosotros\/#breadcrumb"},"inLanguage":"es-AR","potentialAction":[{"@type":"ReadAction","target":["https:\/\/economicas.uba.ar\/iiep\/nosotros\/"]}]},{"@type":"BreadcrumbList","@id":"https:\/\/economicas.uba.ar\/iiep\/nosotros\/#breadcrumb","itemListElement":[{"@type":"ListItem","position":1,"name":"Inicio","item":"https:\/\/economicas.uba.ar\/iiep\/"},{"@type":"ListItem","position":2,"name":"Nosotros"}]},{"@type":"WebSite","@id":"https:\/\/economicas.uba.ar\/iiep\/#website","url":"https:\/\/economicas.uba.ar\/iiep\/","name":"IIEP","description":"IIEP UBA-CONICET","publisher":{"@id":"https:\/\/economicas.uba.ar\/iiep\/#organization"},"potentialAction":[{"@type":"SearchAction","target":{"@type":"EntryPoint","urlTemplate":"https:\/\/economicas.uba.ar\/iiep\/?s={search_term_string}"},"query-input":{"@type":"PropertyValueSpecification","valueRequired":true,"valueName":"search_term_string"}}],"inLanguage":"es-AR"},{"@type":"Organization","@id":"https:\/\/economicas.uba.ar\/iiep\/#organization","name":"IIEP","url":"https:\/\/economicas.uba.ar\/iiep\/","logo":{"@type":"ImageObject","inLanguage":"es-AR","@id":"https:\/\/economicas.uba.ar\/iiep\/#\/schema\/logo\/image\/","url":"https:\/\/economicas.uba.ar\/iiep\/wp-content\/uploads\/logo_iiep_light.svg","contentUrl":"https:\/\/economicas.uba.ar\/iiep\/wp-content\/uploads\/logo_iiep_light.svg","caption":"IIEP"},"image":{"@id":"https:\/\/economicas.uba.ar\/iiep\/#\/schema\/logo\/image\/"}}]}},"_links":{"self":[{"href":"https:\/\/economicas.uba.ar\/iiep\/wp-json\/wp\/v2\/pages\/1618","targetHints":{"allow":["GET"]}}],"collection":[{"href":"https:\/\/economicas.uba.ar\/iiep\/wp-json\/wp\/v2\/pages"}],"about":[{"href":"https:\/\/economicas.uba.ar\/iiep\/wp-json\/wp\/v2\/types\/page"}],"author":[{"embeddable":true,"href":"https:\/\/economicas.uba.ar\/iiep\/wp-json\/wp\/v2\/users\/2"}],"replies":[{"embeddable":true,"href":"https:\/\/economicas.uba.ar\/iiep\/wp-json\/wp\/v2\/comments?post=1618"}],"version-history":[{"count":17,"href":"https:\/\/economicas.uba.ar\/iiep\/wp-json\/wp\/v2\/pages\/1618\/revisions"}],"predecessor-version":[{"id":21114,"href":"https:\/\/economicas.uba.ar\/iiep\/wp-json\/wp\/v2\/pages\/1618\/revisions\/21114"}],"wp:attachment":[{"href":"https:\/\/economicas.uba.ar\/iiep\/wp-json\/wp\/v2\/media?parent=1618"}],"curies":[{"name":"wp","href":"https:\/\/api.w.org\/{rel}","templated":true}]}}