{"id":16435,"date":"2025-07-29T14:23:41","date_gmt":"2025-07-29T17:23:41","guid":{"rendered":"https:\/\/www.economicas.uba.ar\/iiep\/?page_id=16435"},"modified":"2026-04-09T15:27:22","modified_gmt":"2026-04-09T18:27:22","slug":"grupos-de-investigacion-2","status":"publish","type":"page","link":"https:\/\/economicas.uba.ar\/iiep\/investigacion\/grupos-de-investigacion-2\/","title":{"rendered":"Grupos de Investigaci\u00f3n"},"content":{"rendered":"\t\t<div data-elementor-type=\"wp-page\" data-elementor-id=\"16435\" class=\"elementor elementor-16435\" data-elementor-post-type=\"page\">\n\t\t\t\t<div class=\"elementor-element elementor-element-47d98be9 e-flex e-con-boxed e-con e-parent\" data-id=\"47d98be9\" data-element_type=\"container\" data-e-type=\"container\">\n\t\t\t\t\t<div class=\"e-con-inner\">\n\t\t<div class=\"elementor-element elementor-element-7c8c143d e-con-full e-flex e-con e-child\" data-id=\"7c8c143d\" data-element_type=\"container\" data-e-type=\"container\">\n\t\t\t\t<div class=\"elementor-element elementor-element-1a94de10 elementor-widget elementor-widget-heading\" data-id=\"1a94de10\" data-element_type=\"widget\" data-e-type=\"widget\" data-widget_type=\"heading.default\">\n\t\t\t\t<div class=\"elementor-widget-container\">\n\t\t\t\t\t<h2 class=\"elementor-heading-title elementor-size-default\">Grupos de <span>Investigaci\u00f3n<\/span><\/h2>\t\t\t\t<\/div>\n\t\t\t\t<\/div>\n\t\t\t\t<div class=\"elementor-element elementor-element-e1d9108 elementor-widget-divider--view-line elementor-widget elementor-widget-divider\" data-id=\"e1d9108\" data-element_type=\"widget\" data-e-type=\"widget\" data-widget_type=\"divider.default\">\n\t\t\t\t<div class=\"elementor-widget-container\">\n\t\t\t\t\t\t\t<div class=\"elementor-divider\">\n\t\t\t<span class=\"elementor-divider-separator\">\n\t\t\t\t\t\t<\/span>\n\t\t<\/div>\n\t\t\t\t\t\t<\/div>\n\t\t\t\t<\/div>\n\t\t\t\t<\/div>\n\t\t\t\t\t<\/div>\n\t\t\t\t<\/div>\n\t\t<div class=\"elementor-element elementor-element-f4872a2 e-flex e-con-boxed e-con e-parent\" data-id=\"f4872a2\" data-element_type=\"container\" data-e-type=\"container\">\n\t\t\t\t\t<div class=\"e-con-inner\">\n\t\t<div class=\"elementor-element elementor-element-86a4c36 e-con-full e-flex e-con e-child\" data-id=\"86a4c36\" data-element_type=\"container\" data-e-type=\"container\">\n\t\t\t\t<div class=\"elementor-element elementor-element-bce1efb elementor-widget elementor-widget-heading\" data-id=\"bce1efb\" data-element_type=\"widget\" data-e-type=\"widget\" data-widget_type=\"heading.default\">\n\t\t\t\t<div class=\"elementor-widget-container\">\n\t\t\t\t\t<h2 class=\"elementor-heading-title elementor-size-default\">AFISPOP\n<br>\u00c1rea fiscal<br> y pol\u00edticas p\u00fablicas <\/h2>\t\t\t\t<\/div>\n\t\t\t\t<\/div>\n\t\t\t\t<div class=\"elementor-element elementor-element-c96d63e elementor-widget elementor-widget-text-editor\" data-id=\"c96d63e\" data-element_type=\"widget\" data-e-type=\"widget\" data-widget_type=\"text-editor.default\">\n\t\t\t\t<div class=\"elementor-widget-container\">\n\t\t\t\t\t\t\t\t\t<p>#Pol\u00edticaFiscal #FinanzasP\u00fablicas #Pol\u00edticaTributaria #ReformaTributaria #IngresosP\u00fablicos #TarifasYSubsidios #ServiciosP\u00fablicos #Energ\u00eda #Transporte\u00a0 #EficienciaTributaria #Dise\u00f1oDePol\u00edticas #Educaci\u00f3n #Salud #Previs\u00f3nSocial #Ni\u00f1ez<\/p>\t\t\t\t\t\t\t\t<\/div>\n\t\t\t\t<\/div>\n\t\t\t\t<\/div>\n\t\t<div class=\"elementor-element elementor-element-5df9bb9 e-con-full e-flex e-con e-child\" data-id=\"5df9bb9\" data-element_type=\"container\" data-e-type=\"container\">\n\t\t\t\t<div class=\"elementor-element elementor-element-1b40086 elementor-widget elementor-widget-heading\" data-id=\"1b40086\" data-element_type=\"widget\" data-e-type=\"widget\" data-widget_type=\"heading.default\">\n\t\t\t\t<div class=\"elementor-widget-container\">\n\t\t\t\t\t<h2 class=\"elementor-heading-title elementor-size-default\">APHYM\n<br>\u00c1rea sobre patrimonio hist\u00f3rico y memoria de la FCE<\/h2>\t\t\t\t<\/div>\n\t\t\t\t<\/div>\n\t\t\t\t<div class=\"elementor-element elementor-element-051035e elementor-widget elementor-widget-text-editor\" data-id=\"051035e\" data-element_type=\"widget\" data-e-type=\"widget\" data-widget_type=\"text-editor.default\">\n\t\t\t\t<div class=\"elementor-widget-container\">\n\t\t\t\t\t\t\t\t\t<p><a href=\"https:\/\/economicas.uba.ar\/iiep\/aphym\/\" target=\"_blank\" rel=\"noopener\">ver +<\/a><\/p>\t\t\t\t\t\t\t\t<\/div>\n\t\t\t\t<\/div>\n\t\t\t\t<\/div>\n\t\t<div class=\"elementor-element elementor-element-c77a108 e-con-full e-flex e-con e-child\" data-id=\"c77a108\" data-element_type=\"container\" data-e-type=\"container\">\n\t\t\t\t<div class=\"elementor-element elementor-element-c8d0941 elementor-widget elementor-widget-heading\" data-id=\"c8d0941\" data-element_type=\"widget\" data-e-type=\"widget\" data-widget_type=\"heading.default\">\n\t\t\t\t<div class=\"elementor-widget-container\">\n\t\t\t\t\t<h2 class=\"elementor-heading-title elementor-size-default\">CSNetLab\n<br>Complex Systems and Networks Laboratory<\/h2>\t\t\t\t<\/div>\n\t\t\t\t<\/div>\n\t\t\t\t<div class=\"elementor-element elementor-element-dac71c5 elementor-widget elementor-widget-text-editor\" data-id=\"dac71c5\" data-element_type=\"widget\" data-e-type=\"widget\" data-widget_type=\"text-editor.default\">\n\t\t\t\t<div class=\"elementor-widget-container\">\n\t\t\t\t\t\t\t\t\t<p>#Investigaci\u00f3nInter<wbr \/>disciplinaria #SistemasComplejos #RedesComplejas #InteligenciaArtificial #Miner\u00edaDeDatos\u00a0 #An\u00e1lisisDeDatos #Econometr\u00eda #LLM #An\u00e1lisisSem\u00e1ntico #Visualizaci\u00f3nCient\u00edfica #Modelizaci\u00f3n #CienciaDeDatos #ABM #MachineLearning #ModelosPredictivos<\/p>\t\t\t\t\t\t\t\t<\/div>\n\t\t\t\t<\/div>\n\t\t\t\t<div class=\"elementor-element elementor-element-430cf58 elementor-widget elementor-widget-text-editor\" data-id=\"430cf58\" data-element_type=\"widget\" data-e-type=\"widget\" data-widget_type=\"text-editor.default\">\n\t\t\t\t<div class=\"elementor-widget-container\">\n\t\t\t\t\t\t\t\t\t<p><a href=\"https:\/\/economicas.uba.ar\/iiep\/netlab\/\" target=\"_blank\" rel=\"noopener\">ver +<\/a><\/p>\t\t\t\t\t\t\t\t<\/div>\n\t\t\t\t<\/div>\n\t\t\t\t<\/div>\n\t\t\t\t\t<\/div>\n\t\t\t\t<\/div>\n\t\t<div class=\"elementor-element elementor-element-ecd951e e-flex e-con-boxed e-con e-parent\" data-id=\"ecd951e\" data-element_type=\"container\" data-e-type=\"container\">\n\t\t\t\t\t<div class=\"e-con-inner\">\n\t\t<div class=\"elementor-element elementor-element-d8036f9 e-con-full e-flex e-con e-child\" data-id=\"d8036f9\" data-element_type=\"container\" data-e-type=\"container\">\n\t\t\t\t<div class=\"elementor-element elementor-element-5bc04d1 elementor-widget elementor-widget-heading\" data-id=\"5bc04d1\" data-element_type=\"widget\" data-e-type=\"widget\" data-widget_type=\"heading.default\">\n\t\t\t\t<div class=\"elementor-widget-container\">\n\t\t\t\t\t<h2 class=\"elementor-heading-title elementor-size-default\">DESIP\n<br>Desarrollo e internacionalizaci\u00f3n productiva<\/h2>\t\t\t\t<\/div>\n\t\t\t\t<\/div>\n\t\t\t\t<div class=\"elementor-element elementor-element-27eabd8 elementor-widget elementor-widget-text-editor\" data-id=\"27eabd8\" data-element_type=\"widget\" data-e-type=\"widget\" data-widget_type=\"text-editor.default\">\n\t\t\t\t<div class=\"elementor-widget-container\">\n\t\t\t\t\t\t\t\t\t<p>#Competitividad #Inserci\u00f3nInternacional #Exportaciones #ComercioExterior #Pol\u00edticaP\u00fablica #DesarrolloProductivo #Innovacion #EstudiosSectoriales<\/p>\t\t\t\t\t\t\t\t<\/div>\n\t\t\t\t<\/div>\n\t\t\t\t<div class=\"elementor-element elementor-element-7b1fcee elementor-widget elementor-widget-text-editor\" data-id=\"7b1fcee\" data-element_type=\"widget\" data-e-type=\"widget\" data-widget_type=\"text-editor.default\">\n\t\t\t\t<div class=\"elementor-widget-container\">\n\t\t\t\t\t\t\t\t\t<p><a href=\"https:\/\/www.economicas.uba.ar\/iiep\/desip\" target=\"_blank\" rel=\"noopener\">ver +<\/a><\/p>\t\t\t\t\t\t\t\t<\/div>\n\t\t\t\t<\/div>\n\t\t\t\t<\/div>\n\t\t<div class=\"elementor-element elementor-element-ba04b94 e-con-full e-flex e-con e-child\" data-id=\"ba04b94\" data-element_type=\"container\" data-e-type=\"container\">\n\t\t\t\t<div class=\"elementor-element elementor-element-5f9af13 elementor-widget elementor-widget-heading\" data-id=\"5f9af13\" data-element_type=\"widget\" data-e-type=\"widget\" data-widget_type=\"heading.default\">\n\t\t\t\t<div class=\"elementor-widget-container\">\n\t\t\t\t\t<h2 class=\"elementor-heading-title elementor-size-default\">EDIL\n<br>Empleo, distribuci\u00f3n e instituciones laborales\n<\/h2>\t\t\t\t<\/div>\n\t\t\t\t<\/div>\n\t\t\t\t<div class=\"elementor-element elementor-element-c0fef9b elementor-widget elementor-widget-text-editor\" data-id=\"c0fef9b\" data-element_type=\"widget\" data-e-type=\"widget\" data-widget_type=\"text-editor.default\">\n\t\t\t\t<div class=\"elementor-widget-container\">\n\t\t\t\t\t\t\t\t\t<p data-start=\"8\" data-end=\"88\">#Pol\u00edticasLaborales #Salarios #MovilidadOcupacional #Pobreza #Pol\u00edticaSocial<\/p><p data-start=\"90\" data-end=\"135\">\u00a0<\/p>\t\t\t\t\t\t\t\t<\/div>\n\t\t\t\t<\/div>\n\t\t\t\t<div class=\"elementor-element elementor-element-3d84974 elementor-widget elementor-widget-text-editor\" data-id=\"3d84974\" data-element_type=\"widget\" data-e-type=\"widget\" data-widget_type=\"text-editor.default\">\n\t\t\t\t<div class=\"elementor-widget-container\">\n\t\t\t\t\t\t\t\t\t<p><a href=\"https:\/\/www.economicas.uba.ar\/iiep\/edil\" target=\"_blank\" rel=\"noopener\">ver +<\/a><\/p>\t\t\t\t\t\t\t\t<\/div>\n\t\t\t\t<\/div>\n\t\t\t\t<\/div>\n\t\t<div class=\"elementor-element elementor-element-d4627c5 e-con-full e-flex e-con e-child\" data-id=\"d4627c5\" data-element_type=\"container\" data-e-type=\"container\">\n\t\t\t\t<div class=\"elementor-element elementor-element-b29895c elementor-widget elementor-widget-heading\" data-id=\"b29895c\" data-element_type=\"widget\" data-e-type=\"widget\" data-widget_type=\"heading.default\">\n\t\t\t\t<div class=\"elementor-widget-container\">\n\t\t\t\t\t<h2 class=\"elementor-heading-title elementor-size-default\">MACRO\n<br>Macroeconom\u00eda y Desarrollo<\/h2>\t\t\t\t<\/div>\n\t\t\t\t<\/div>\n\t\t\t\t<div class=\"elementor-element elementor-element-58ac60f elementor-widget elementor-widget-text-editor\" data-id=\"58ac60f\" data-element_type=\"widget\" data-e-type=\"widget\" data-widget_type=\"text-editor.default\">\n\t\t\t\t<div class=\"elementor-widget-container\">\n\t\t\t\t\t\t\t\t\t<p>#Macroeconom\u00eda #CoyunturaMacroecon\u00f3mica #Econom\u00edaArgentina #Inflaci\u00f3n #ActividadEcon\u00f3mica #IngresosReales #TipoDeCambio #TasasDeInter\u00e9s #VariablesMonetarias #Pa\u00edsesEnDesarrollo #DesarrolloEcon\u00f3mico #DebateP\u00fablico<\/p>\t\t\t\t\t\t\t\t<\/div>\n\t\t\t\t<\/div>\n\t\t\t\t<div class=\"elementor-element elementor-element-5c62cce elementor-widget elementor-widget-text-editor\" data-id=\"5c62cce\" data-element_type=\"widget\" data-e-type=\"widget\" data-widget_type=\"text-editor.default\">\n\t\t\t\t<div class=\"elementor-widget-container\">\n\t\t\t\t\t\t\t\t\t<p><a href=\"https:\/\/www.economicas.uba.ar\/iiep\/macro\/\" target=\"_blank\" rel=\"noopener\">ver +<\/a><\/p>\t\t\t\t\t\t\t\t<\/div>\n\t\t\t\t<\/div>\n\t\t\t\t<\/div>\n\t\t\t\t\t<\/div>\n\t\t\t\t<\/div>\n\t\t<div class=\"elementor-element elementor-element-d2a2406 e-flex e-con-boxed e-con e-parent\" data-id=\"d2a2406\" data-element_type=\"container\" data-e-type=\"container\">\n\t\t\t\t\t<div class=\"e-con-inner\">\n\t\t<div class=\"elementor-element elementor-element-f983edb e-con-full e-flex e-con e-child\" data-id=\"f983edb\" data-element_type=\"container\" data-e-type=\"container\">\n\t\t\t\t<div class=\"elementor-element elementor-element-ad1164f elementor-widget elementor-widget-heading\" data-id=\"ad1164f\" data-element_type=\"widget\" data-e-type=\"widget\" data-widget_type=\"heading.default\">\n\t\t\t\t<div class=\"elementor-widget-container\">\n\t\t\t\t\t<h2 class=\"elementor-heading-title elementor-size-default\">MoSIVa\n<br>Modelos con subjetividad, incertidumbre y vaguedad\n\n<\/h2>\t\t\t\t<\/div>\n\t\t\t\t<\/div>\n\t\t\t\t<div class=\"elementor-element elementor-element-dd68e0e elementor-widget elementor-widget-text-editor\" data-id=\"dd68e0e\" data-element_type=\"widget\" data-e-type=\"widget\" data-widget_type=\"text-editor.default\">\n\t\t\t\t<div class=\"elementor-widget-container\">\n\t\t\t\t\t\t\t\t\t<p>\u00a0#Modelizaci\u00f3n #Econom\u00edaYGesti\u00f3n #Incertidumbre #CienciasEcon\u00f3micas #L\u00f3gicaDifusa #FuzzyLogic #N\u00famerosBorrosos #VariablesLing\u00fc\u00edsticas #N\u00famerosH\u00edbridos #RelacionesFuzzy #ModelosFuzzy #Subjetividad #medidasdebienestar<\/p>\t\t\t\t\t\t\t\t<\/div>\n\t\t\t\t<\/div>\n\t\t\t\t<div class=\"elementor-element elementor-element-874a77c elementor-widget elementor-widget-text-editor\" data-id=\"874a77c\" data-element_type=\"widget\" data-e-type=\"widget\" data-widget_type=\"text-editor.default\">\n\t\t\t\t<div class=\"elementor-widget-container\">\n\t\t\t\t\t\t\t\t\t<p><a href=\"https:\/\/economicas.uba.ar\/iiep\/mosiva\/\" target=\"_blank\" rel=\"noopener\">ver +<\/a><\/p>\t\t\t\t\t\t\t\t<\/div>\n\t\t\t\t<\/div>\n\t\t\t\t<\/div>\n\t\t<div class=\"elementor-element elementor-element-a771f3f e-con-full e-flex e-con e-child\" data-id=\"a771f3f\" data-element_type=\"container\" data-e-type=\"container\">\n\t\t\t\t<div class=\"elementor-element elementor-element-7b2050c elementor-widget elementor-widget-heading\" data-id=\"7b2050c\" data-element_type=\"widget\" data-e-type=\"widget\" data-widget_type=\"heading.default\">\n\t\t\t\t<div class=\"elementor-widget-container\">\n\t\t\t\t\t<h2 class=\"elementor-heading-title elementor-size-default\">MESi\n<br>Modelos Econ\u00f3micos de Simulaci\u00f3n<\/h2>\t\t\t\t<\/div>\n\t\t\t\t<\/div>\n\t\t\t\t<div class=\"elementor-element elementor-element-7405dac elementor-widget elementor-widget-text-editor\" data-id=\"7405dac\" data-element_type=\"widget\" data-e-type=\"widget\" data-widget_type=\"text-editor.default\">\n\t\t\t\t<div class=\"elementor-widget-container\">\n\t\t\t\t\t\t\t\t\t<p>#Simulaci\u00f3nEcon\u00f3mica #Calibraci\u00f3n #DatosFaltantes #Pol\u00edticasP\u00fablicas #Inversi\u00f3n #Transici\u00f3nEnerg\u00e9tica #Agricultura #ComercioInternacional #RecursosNaturales #CambioClim\u00e1tico #Am\u00e9ricaLatina #ServiciosBasadosEnConocimiento<\/p>\t\t\t\t\t\t\t\t<\/div>\n\t\t\t\t<\/div>\n\t\t\t\t<div class=\"elementor-element elementor-element-d5c3883 elementor-widget elementor-widget-text-editor\" data-id=\"d5c3883\" data-element_type=\"widget\" data-e-type=\"widget\" data-widget_type=\"text-editor.default\">\n\t\t\t\t<div class=\"elementor-widget-container\">\n\t\t\t\t\t\t\t\t\t<p><a href=\"https:\/\/economicas.uba.ar\/iiep\/mesi\" target=\"_blank\" rel=\"noopener\">ver +<\/a><\/p>\t\t\t\t\t\t\t\t<\/div>\n\t\t\t\t<\/div>\n\t\t\t\t<\/div>\n\t\t<div class=\"elementor-element elementor-element-5a31a5f e-con-full e-flex e-con e-child\" data-id=\"5a31a5f\" data-element_type=\"container\" data-e-type=\"container\">\n\t\t\t\t<div class=\"elementor-element elementor-element-513c19a elementor-widget elementor-widget-heading\" data-id=\"513c19a\" data-element_type=\"widget\" data-e-type=\"widget\" data-widget_type=\"heading.default\">\n\t\t\t\t<div class=\"elementor-widget-container\">\n\t\t\t\t\t<h2 class=\"elementor-heading-title elementor-size-default\">VINODATA\n<br>Investigaci\u00f3n aplicada al mercado y la industria del vino argentino<\/h2>\t\t\t\t<\/div>\n\t\t\t\t<\/div>\n\t\t\t\t<div class=\"elementor-element elementor-element-0229d3f elementor-widget elementor-widget-text-editor\" data-id=\"0229d3f\" data-element_type=\"widget\" data-e-type=\"widget\" data-widget_type=\"text-editor.default\">\n\t\t\t\t<div class=\"elementor-widget-container\">\n\t\t\t\t\t\t\t\t\t<p>#MercadoDelVino #Precios #Consumo #Exportaciones<\/p>\t\t\t\t\t\t\t\t<\/div>\n\t\t\t\t<\/div>\n\t\t\t\t<div class=\"elementor-element elementor-element-f2e2f38 elementor-widget elementor-widget-text-editor\" data-id=\"f2e2f38\" data-element_type=\"widget\" data-e-type=\"widget\" data-widget_type=\"text-editor.default\">\n\t\t\t\t<div class=\"elementor-widget-container\">\n\t\t\t\t\t\t\t\t\t<p><a href=\"https:\/\/economicas.uba.ar\/iiep\/vinodata\/\" target=\"_blank\" rel=\"noopener\">ver +<\/a><\/p>\t\t\t\t\t\t\t\t<\/div>\n\t\t\t\t<\/div>\n\t\t\t\t<\/div>\n\t\t\t\t\t<\/div>\n\t\t\t\t<\/div>\n\t\t\t\t<\/div>\n\t\t","protected":false},"excerpt":{"rendered":"<p>Grupos de Investigaci\u00f3n AFISPOP \u00c1rea fiscal y pol\u00edticas p\u00fablicas #Pol\u00edticaFiscal #FinanzasP\u00fablicas #Pol\u00edticaTributaria #ReformaTributaria #IngresosP\u00fablicos #TarifasYSubsidios #ServiciosP\u00fablicos #Energ\u00eda #Transporte\u00a0 #EficienciaTributaria #Dise\u00f1oDePol\u00edticas #Educaci\u00f3n #Salud #Previs\u00f3nSocial #Ni\u00f1ez APHYM \u00c1rea sobre patrimonio hist\u00f3rico y<\/p>\n","protected":false},"author":9,"featured_media":0,"parent":1674,"menu_order":0,"comment_status":"closed","ping_status":"closed","template":"elementor_header_footer","meta":{"footnotes":""},"class_list":["post-16435","page","type-page","status-publish","hentry"],"yoast_head":"<!-- This site is optimized with the Yoast SEO plugin v27.4 - https:\/\/yoast.com\/product\/yoast-seo-wordpress\/ -->\n<title>Grupos de Investigaci\u00f3n - IIEP UBA-CONICET<\/title>\n<meta name=\"robots\" content=\"index, follow, max-snippet:-1, max-image-preview:large, max-video-preview:-1\" \/>\n<link rel=\"canonical\" href=\"https:\/\/economicas.uba.ar\/iiep\/investigacion\/grupos-de-investigacion-2\/\" \/>\n<meta property=\"og:locale\" content=\"es_ES\" \/>\n<meta property=\"og:type\" content=\"article\" \/>\n<meta property=\"og:title\" content=\"Grupos de Investigaci\u00f3n - IIEP UBA-CONICET\" \/>\n<meta property=\"og:description\" content=\"Grupos de Investigaci\u00f3n AFISPOP \u00c1rea fiscal y pol\u00edticas p\u00fablicas #Pol\u00edticaFiscal #FinanzasP\u00fablicas #Pol\u00edticaTributaria #ReformaTributaria #IngresosP\u00fablicos #TarifasYSubsidios #ServiciosP\u00fablicos #Energ\u00eda #Transporte\u00a0 #EficienciaTributaria #Dise\u00f1oDePol\u00edticas #Educaci\u00f3n #Salud #Previs\u00f3nSocial #Ni\u00f1ez APHYM \u00c1rea sobre patrimonio hist\u00f3rico y\" \/>\n<meta property=\"og:url\" content=\"https:\/\/economicas.uba.ar\/iiep\/investigacion\/grupos-de-investigacion-2\/\" \/>\n<meta property=\"og:site_name\" content=\"IIEP UBA-CONICET\" \/>\n<meta property=\"article:modified_time\" content=\"2026-04-09T18:27:22+00:00\" \/>\n<meta property=\"og:image\" content=\"https:\/\/economicas.uba.ar\/iiep\/wp-content\/uploads\/iiep-ico.jpg\" \/>\n\t<meta property=\"og:image:width\" content=\"300\" \/>\n\t<meta property=\"og:image:height\" content=\"300\" \/>\n\t<meta property=\"og:image:type\" content=\"image\/jpeg\" \/>\n<meta name=\"twitter:card\" content=\"summary_large_image\" \/>\n<meta name=\"twitter:label1\" content=\"Tiempo de lectura\" \/>\n\t<meta name=\"twitter:data1\" content=\"1 minuto\" \/>\n<script type=\"application\/ld+json\" class=\"yoast-schema-graph\">{\"@context\":\"https:\\\/\\\/schema.org\",\"@graph\":[{\"@type\":\"WebPage\",\"@id\":\"https:\\\/\\\/economicas.uba.ar\\\/iiep\\\/investigacion\\\/grupos-de-investigacion-2\\\/\",\"url\":\"https:\\\/\\\/economicas.uba.ar\\\/iiep\\\/investigacion\\\/grupos-de-investigacion-2\\\/\",\"name\":\"Grupos de Investigaci\u00f3n - IIEP UBA-CONICET\",\"isPartOf\":{\"@id\":\"https:\\\/\\\/economicas.uba.ar\\\/iiep\\\/#website\"},\"datePublished\":\"2025-07-29T17:23:41+00:00\",\"dateModified\":\"2026-04-09T18:27:22+00:00\",\"breadcrumb\":{\"@id\":\"https:\\\/\\\/economicas.uba.ar\\\/iiep\\\/investigacion\\\/grupos-de-investigacion-2\\\/#breadcrumb\"},\"inLanguage\":\"es-AR\",\"potentialAction\":[{\"@type\":\"ReadAction\",\"target\":[\"https:\\\/\\\/economicas.uba.ar\\\/iiep\\\/investigacion\\\/grupos-de-investigacion-2\\\/\"]}]},{\"@type\":\"BreadcrumbList\",\"@id\":\"https:\\\/\\\/economicas.uba.ar\\\/iiep\\\/investigacion\\\/grupos-de-investigacion-2\\\/#breadcrumb\",\"itemListElement\":[{\"@type\":\"ListItem\",\"position\":1,\"name\":\"Inicio\",\"item\":\"https:\\\/\\\/economicas.uba.ar\\\/iiep\\\/\"},{\"@type\":\"ListItem\",\"position\":2,\"name\":\"INVESTIGACI\u00d3N\",\"item\":\"https:\\\/\\\/economicas.uba.ar\\\/iiep\\\/?page_id=1674\"},{\"@type\":\"ListItem\",\"position\":3,\"name\":\"Grupos de Investigaci\u00f3n\"}]},{\"@type\":\"WebSite\",\"@id\":\"https:\\\/\\\/economicas.uba.ar\\\/iiep\\\/#website\",\"url\":\"https:\\\/\\\/economicas.uba.ar\\\/iiep\\\/\",\"name\":\"IIEP\",\"description\":\"IIEP UBA-CONICET\",\"publisher\":{\"@id\":\"https:\\\/\\\/economicas.uba.ar\\\/iiep\\\/#organization\"},\"potentialAction\":[{\"@type\":\"SearchAction\",\"target\":{\"@type\":\"EntryPoint\",\"urlTemplate\":\"https:\\\/\\\/economicas.uba.ar\\\/iiep\\\/?s={search_term_string}\"},\"query-input\":{\"@type\":\"PropertyValueSpecification\",\"valueRequired\":true,\"valueName\":\"search_term_string\"}}],\"inLanguage\":\"es-AR\"},{\"@type\":\"Organization\",\"@id\":\"https:\\\/\\\/economicas.uba.ar\\\/iiep\\\/#organization\",\"name\":\"IIEP\",\"url\":\"https:\\\/\\\/economicas.uba.ar\\\/iiep\\\/\",\"logo\":{\"@type\":\"ImageObject\",\"inLanguage\":\"es-AR\",\"@id\":\"https:\\\/\\\/economicas.uba.ar\\\/iiep\\\/#\\\/schema\\\/logo\\\/image\\\/\",\"url\":\"https:\\\/\\\/economicas.uba.ar\\\/iiep\\\/wp-content\\\/uploads\\\/logo_iiep_light.svg\",\"contentUrl\":\"https:\\\/\\\/economicas.uba.ar\\\/iiep\\\/wp-content\\\/uploads\\\/logo_iiep_light.svg\",\"caption\":\"IIEP\"},\"image\":{\"@id\":\"https:\\\/\\\/economicas.uba.ar\\\/iiep\\\/#\\\/schema\\\/logo\\\/image\\\/\"}}]}<\/script>\n<!-- \/ Yoast SEO plugin. -->","yoast_head_json":{"title":"Grupos de Investigaci\u00f3n - IIEP UBA-CONICET","robots":{"index":"index","follow":"follow","max-snippet":"max-snippet:-1","max-image-preview":"max-image-preview:large","max-video-preview":"max-video-preview:-1"},"canonical":"https:\/\/economicas.uba.ar\/iiep\/investigacion\/grupos-de-investigacion-2\/","og_locale":"es_ES","og_type":"article","og_title":"Grupos de Investigaci\u00f3n - IIEP UBA-CONICET","og_description":"Grupos de Investigaci\u00f3n AFISPOP \u00c1rea fiscal y pol\u00edticas p\u00fablicas #Pol\u00edticaFiscal #FinanzasP\u00fablicas #Pol\u00edticaTributaria #ReformaTributaria #IngresosP\u00fablicos #TarifasYSubsidios #ServiciosP\u00fablicos #Energ\u00eda #Transporte\u00a0 #EficienciaTributaria #Dise\u00f1oDePol\u00edticas #Educaci\u00f3n #Salud #Previs\u00f3nSocial #Ni\u00f1ez APHYM \u00c1rea sobre patrimonio hist\u00f3rico y","og_url":"https:\/\/economicas.uba.ar\/iiep\/investigacion\/grupos-de-investigacion-2\/","og_site_name":"IIEP UBA-CONICET","article_modified_time":"2026-04-09T18:27:22+00:00","og_image":[{"width":300,"height":300,"url":"https:\/\/economicas.uba.ar\/iiep\/wp-content\/uploads\/iiep-ico.jpg","type":"image\/jpeg"}],"twitter_card":"summary_large_image","twitter_misc":{"Tiempo de lectura":"1 minuto"},"schema":{"@context":"https:\/\/schema.org","@graph":[{"@type":"WebPage","@id":"https:\/\/economicas.uba.ar\/iiep\/investigacion\/grupos-de-investigacion-2\/","url":"https:\/\/economicas.uba.ar\/iiep\/investigacion\/grupos-de-investigacion-2\/","name":"Grupos de Investigaci\u00f3n - IIEP UBA-CONICET","isPartOf":{"@id":"https:\/\/economicas.uba.ar\/iiep\/#website"},"datePublished":"2025-07-29T17:23:41+00:00","dateModified":"2026-04-09T18:27:22+00:00","breadcrumb":{"@id":"https:\/\/economicas.uba.ar\/iiep\/investigacion\/grupos-de-investigacion-2\/#breadcrumb"},"inLanguage":"es-AR","potentialAction":[{"@type":"ReadAction","target":["https:\/\/economicas.uba.ar\/iiep\/investigacion\/grupos-de-investigacion-2\/"]}]},{"@type":"BreadcrumbList","@id":"https:\/\/economicas.uba.ar\/iiep\/investigacion\/grupos-de-investigacion-2\/#breadcrumb","itemListElement":[{"@type":"ListItem","position":1,"name":"Inicio","item":"https:\/\/economicas.uba.ar\/iiep\/"},{"@type":"ListItem","position":2,"name":"INVESTIGACI\u00d3N","item":"https:\/\/economicas.uba.ar\/iiep\/?page_id=1674"},{"@type":"ListItem","position":3,"name":"Grupos de Investigaci\u00f3n"}]},{"@type":"WebSite","@id":"https:\/\/economicas.uba.ar\/iiep\/#website","url":"https:\/\/economicas.uba.ar\/iiep\/","name":"IIEP","description":"IIEP UBA-CONICET","publisher":{"@id":"https:\/\/economicas.uba.ar\/iiep\/#organization"},"potentialAction":[{"@type":"SearchAction","target":{"@type":"EntryPoint","urlTemplate":"https:\/\/economicas.uba.ar\/iiep\/?s={search_term_string}"},"query-input":{"@type":"PropertyValueSpecification","valueRequired":true,"valueName":"search_term_string"}}],"inLanguage":"es-AR"},{"@type":"Organization","@id":"https:\/\/economicas.uba.ar\/iiep\/#organization","name":"IIEP","url":"https:\/\/economicas.uba.ar\/iiep\/","logo":{"@type":"ImageObject","inLanguage":"es-AR","@id":"https:\/\/economicas.uba.ar\/iiep\/#\/schema\/logo\/image\/","url":"https:\/\/economicas.uba.ar\/iiep\/wp-content\/uploads\/logo_iiep_light.svg","contentUrl":"https:\/\/economicas.uba.ar\/iiep\/wp-content\/uploads\/logo_iiep_light.svg","caption":"IIEP"},"image":{"@id":"https:\/\/economicas.uba.ar\/iiep\/#\/schema\/logo\/image\/"}}]}},"_links":{"self":[{"href":"https:\/\/economicas.uba.ar\/iiep\/wp-json\/wp\/v2\/pages\/16435","targetHints":{"allow":["GET"]}}],"collection":[{"href":"https:\/\/economicas.uba.ar\/iiep\/wp-json\/wp\/v2\/pages"}],"about":[{"href":"https:\/\/economicas.uba.ar\/iiep\/wp-json\/wp\/v2\/types\/page"}],"author":[{"embeddable":true,"href":"https:\/\/economicas.uba.ar\/iiep\/wp-json\/wp\/v2\/users\/9"}],"replies":[{"embeddable":true,"href":"https:\/\/economicas.uba.ar\/iiep\/wp-json\/wp\/v2\/comments?post=16435"}],"version-history":[{"count":19,"href":"https:\/\/economicas.uba.ar\/iiep\/wp-json\/wp\/v2\/pages\/16435\/revisions"}],"predecessor-version":[{"id":22777,"href":"https:\/\/economicas.uba.ar\/iiep\/wp-json\/wp\/v2\/pages\/16435\/revisions\/22777"}],"up":[{"embeddable":true,"href":"https:\/\/economicas.uba.ar\/iiep\/wp-json\/wp\/v2\/pages\/1674"}],"wp:attachment":[{"href":"https:\/\/economicas.uba.ar\/iiep\/wp-json\/wp\/v2\/media?parent=16435"}],"curies":[{"name":"wp","href":"https:\/\/api.w.org\/{rel}","templated":true}]}}