{"id":16753,"date":"2025-07-30T12:07:24","date_gmt":"2025-07-30T15:07:24","guid":{"rendered":"https:\/\/www.economicas.uba.ar\/iiep\/?page_id=16753"},"modified":"2025-09-19T14:44:53","modified_gmt":"2025-09-19T17:44:53","slug":"macro","status":"publish","type":"page","link":"https:\/\/economicas.uba.ar\/iiep\/informes-y-reportes\/macro\/","title":{"rendered":"Macro"},"content":{"rendered":"\t\t<div data-elementor-type=\"wp-page\" data-elementor-id=\"16753\" class=\"elementor elementor-16753\" data-elementor-post-type=\"page\">\n\t\t\t\t<div class=\"elementor-element elementor-element-47d98be9 e-flex e-con-boxed e-con e-parent\" data-id=\"47d98be9\" data-element_type=\"container\" data-e-type=\"container\">\n\t\t\t\t\t<div class=\"e-con-inner\">\n\t\t<div class=\"elementor-element elementor-element-7c8c143d e-con-full e-flex e-con e-child\" data-id=\"7c8c143d\" data-element_type=\"container\" data-e-type=\"container\">\n\t\t\t\t<div class=\"elementor-element elementor-element-1a94de10 elementor-widget elementor-widget-heading\" data-id=\"1a94de10\" data-element_type=\"widget\" data-e-type=\"widget\" data-widget_type=\"heading.default\">\n\t\t\t\t<div class=\"elementor-widget-container\">\n\t\t\t\t\t<h2 class=\"elementor-heading-title elementor-size-default\">Macro<\/h2>\t\t\t\t<\/div>\n\t\t\t\t<\/div>\n\t\t\t\t<div class=\"elementor-element elementor-element-71890f3 elementor-widget-divider--view-line elementor-widget elementor-widget-divider\" data-id=\"71890f3\" data-element_type=\"widget\" data-e-type=\"widget\" data-widget_type=\"divider.default\">\n\t\t\t\t<div class=\"elementor-widget-container\">\n\t\t\t\t\t\t\t<div class=\"elementor-divider\">\n\t\t\t<span class=\"elementor-divider-separator\">\n\t\t\t\t\t\t<\/span>\n\t\t<\/div>\n\t\t\t\t\t\t<\/div>\n\t\t\t\t<\/div>\n\t\t\t\t<\/div>\n\t\t\t\t\t<\/div>\n\t\t\t\t<\/div>\n\t\t<div class=\"elementor-element elementor-element-b95c319 e-flex e-con-boxed e-con e-parent\" data-id=\"b95c319\" data-element_type=\"container\" data-e-type=\"container\">\n\t\t\t\t\t<div class=\"e-con-inner\">\n\t\t\t\t<div class=\"elementor-element elementor-element-72534f2 elementor-widget elementor-widget-text-editor\" data-id=\"72534f2\" data-element_type=\"widget\" data-e-type=\"widget\" data-widget_type=\"text-editor.default\">\n\t\t\t\t<div class=\"elementor-widget-container\">\n\t\t\t\t\t\t\t\t\t<p>El informe de coyuntura macroecon\u00f3mica realiza un seguimiento de la macroeconom\u00eda argentina, la analiza, la pone en perspectiva hist\u00f3rica y la compara con otros pa\u00edses. Las principales variables que releva son la actividad, la inflaci\u00f3n, los ingresos reales, el tipo de cambio, las tasas de inter\u00e9s y las variables monetarias.<\/p>\t\t\t\t\t\t\t\t<\/div>\n\t\t\t\t<\/div>\n\t\t\t\t\t<\/div>\n\t\t\t\t<\/div>\n\t\t<div class=\"elementor-element elementor-element-213f087 e-flex e-con-boxed e-con e-parent\" data-id=\"213f087\" data-element_type=\"container\" data-e-type=\"container\">\n\t\t\t\t\t<div class=\"e-con-inner\">\n\t\t\t\t<div class=\"elementor-element elementor-element-d316372 elementor-widget elementor-widget-ucaddon_post_blocks\" data-id=\"d316372\" data-element_type=\"widget\" data-e-type=\"widget\" data-widget_type=\"ucaddon_post_blocks.default\">\n\t\t\t\t<div class=\"elementor-widget-container\">\n\t\t\t\t\t\n<!-- start Post Blocks -->\n\t\t<link id='font-awesome-css' href='https:\/\/economicas.uba.ar\/iiep\/wp-content\/plugins\/unlimited-elements-for-elementor\/assets_libraries\/font-awesome6\/fontawesome-all.min.css' type='text\/css' rel='stylesheet' >\n\t\t<link id='font-awesome-4-shim-css' href='https:\/\/economicas.uba.ar\/iiep\/wp-content\/plugins\/unlimited-elements-for-elementor\/assets_libraries\/font-awesome6\/fontawesome-v4-shims.min.css' type='text\/css' rel='stylesheet' >\n\n<style>\/* widget: Post Blocks *\/\n\n#uc_post_blocks_elementor_d316372 {\n    display:grid;\n}\n#uc_post_blocks_elementor_d316372 .ue_post_blocks_box\n{\n  overflow:hidden;\n}\n\n#uc_post_blocks_elementor_d316372 .ue_post_blocks_image\n{\n  overflow:hidden;\n}\n#uc_post_blocks_elementor_d316372 .ue_post_blocks_image img\n{\n  object-fit: cover;\n  object-position:center center;\n  width:100%;\n  display:block;\n}\n#uc_post_blocks_elementor_d316372 .ue_post_blocks_link a\n{\n  display:inline-block;\n  text-decoration:none;\n  text-align:center;\n}\n\n #uc_post_blocks_elementor_d316372 .ue_post_blocks_box img\n{\n  transition:0.5s;\n}\n #uc_post_blocks_elementor_d316372 .ue_post_blocks_box:hover img\n{\n  transform:scale(1.1,1.1);\n}\n\n\n\n\n#uc_post_blocks_elementor_d316372 .ue-grid-item-meta-data\n{\n  display:inlin-flex;\n  flex-wrap: wrap;\n}\n\n.ue-grid-item-meta-data\n{\n  font-size:12px;\n}\n\n#uc_post_blocks_elementor_d316372 .ue-grid-item-meta-data-icon\n{\n  line-height:1em;\n}\n\n#uc_post_blocks_elementor_d316372 .ue-grid-item-meta-data-icon svg\n{\n  width:1em;\n  height:1em;\n}\n\n\n.ue-grid-item-category a\n{\n  display:inline-block;\n  font-size:10px;\n  text-transform:uppercase;\n}\n\n<\/style>\n\n<div id=\"uc_post_blocks_elementor_d316372\" class=\"ue_post_blocks uc-items-wrapper\" >\n    <div class=\"ue_post_blocks_box\">\n    <div class=\"ue_post_blocks_content\">\n      \n     <div class=\"ue-grid-item-category\"><a href=\"https:\/\/economicas.uba.ar\/iiep\/category\/macro\/\">MACRO<\/a><\/div>\n         \n    <div class=\"ue_post_blocks_title\"><a href=\"https:\/\/economicas.uba.ar\/iiep\/la-inflacion-bajo-la-lupa\/\">La inflaci\u00f3n bajo la lupa<\/a><\/div>    \n        \n    \n        <div class=\"ue_post_blocks_link\"><a href=\"https:\/\/economicas.uba.ar\/iiep\/la-inflacion-bajo-la-lupa\/\" class=\"\">Ver m\u00e1s<\/a><\/div>  <\/div>\n<\/div>\n<div class=\"ue_post_blocks_box\">\n    <div class=\"ue_post_blocks_content\">\n      \n     <div class=\"ue-grid-item-category\"><a href=\"https:\/\/economicas.uba.ar\/iiep\/category\/macro\/\">MACRO<\/a><\/div>\n         \n    <div class=\"ue_post_blocks_title\"><a href=\"https:\/\/economicas.uba.ar\/iiep\/la-economia-crece-pero-con-importantes-contrapuntos\/\">La econom\u00eda crece, pero con importantes contrapuntos<\/a><\/div>    \n        \n    \n        <div class=\"ue_post_blocks_link\"><a href=\"https:\/\/economicas.uba.ar\/iiep\/la-economia-crece-pero-con-importantes-contrapuntos\/\" class=\"\">Ver m\u00e1s<\/a><\/div>  <\/div>\n<\/div>\n<div class=\"ue_post_blocks_box\">\n    <div class=\"ue_post_blocks_content\">\n      \n     <div class=\"ue-grid-item-category\"><a href=\"https:\/\/economicas.uba.ar\/iiep\/category\/macro\/\">MACRO<\/a><\/div>\n         \n    <div class=\"ue_post_blocks_title\"><a href=\"https:\/\/economicas.uba.ar\/iiep\/una-de-cal-y-una-de-arena-para-la-deuda-publica-nacional\/\">Una de cal y una de arena para la deuda p\u00fablica nacional<\/a><\/div>    \n        \n    \n        <div class=\"ue_post_blocks_link\"><a href=\"https:\/\/economicas.uba.ar\/iiep\/una-de-cal-y-una-de-arena-para-la-deuda-publica-nacional\/\" class=\"\">Ver m\u00e1s<\/a><\/div>  <\/div>\n<\/div>\n<div class=\"ue_post_blocks_box\">\n    <div class=\"ue_post_blocks_content\">\n      \n     <div class=\"ue-grid-item-category\"><a href=\"https:\/\/economicas.uba.ar\/iiep\/category\/macro\/\">MACRO<\/a><\/div>\n         \n    <div class=\"ue_post_blocks_title\"><a href=\"https:\/\/economicas.uba.ar\/iiep\/una-brevisima-historia-macroeconomica-del-2025\/\">Una brev\u00edsima historia macroecon\u00f3mica del 2025<\/a><\/div>    \n        \n    \n        <div class=\"ue_post_blocks_link\"><a href=\"https:\/\/economicas.uba.ar\/iiep\/una-brevisima-historia-macroeconomica-del-2025\/\" class=\"\">Ver m\u00e1s<\/a><\/div>  <\/div>\n<\/div>\n<div class=\"ue_post_blocks_box\">\n    <div class=\"ue_post_blocks_content\">\n      \n     <div class=\"ue-grid-item-category\"><a href=\"https:\/\/economicas.uba.ar\/iiep\/category\/macro\/\">MACRO<\/a><\/div>\n         \n    <div class=\"ue_post_blocks_title\"><a href=\"https:\/\/economicas.uba.ar\/iiep\/depreciacion-sin-traspaso-a-precios-a-que-se-debe\/\">Depreciaci\u00f3n sin traspaso a precios, \u00bfa qu\u00e9 se debe?<\/a><\/div>    \n        \n    \n        <div class=\"ue_post_blocks_link\"><a href=\"https:\/\/economicas.uba.ar\/iiep\/depreciacion-sin-traspaso-a-precios-a-que-se-debe\/\" class=\"\">Ver m\u00e1s<\/a><\/div>  <\/div>\n<\/div>\n<div class=\"ue_post_blocks_box\">\n    <div class=\"ue_post_blocks_content\">\n      \n     <div class=\"ue-grid-item-category\"><a href=\"https:\/\/economicas.uba.ar\/iiep\/category\/macro\/\">MACRO<\/a><\/div>\n         \n    <div class=\"ue_post_blocks_title\"><a href=\"https:\/\/economicas.uba.ar\/iiep\/retorno-del-deficit-externo-y-escasez-de-reservas\/\">Retorno del d\u00e9ficit externo y escasez de reservas<\/a><\/div>    \n        \n    \n        <div class=\"ue_post_blocks_link\"><a href=\"https:\/\/economicas.uba.ar\/iiep\/retorno-del-deficit-externo-y-escasez-de-reservas\/\" class=\"\">Ver m\u00e1s<\/a><\/div>  <\/div>\n<\/div>\n<div class=\"ue_post_blocks_box\">\n    <div class=\"ue_post_blocks_content\">\n      \n     <div class=\"ue-grid-item-category\"><a href=\"https:\/\/economicas.uba.ar\/iiep\/category\/macro\/\">MACRO<\/a><\/div>\n         \n    <div class=\"ue_post_blocks_title\"><a href=\"https:\/\/economicas.uba.ar\/iiep\/un-nuevo-prestamista-abre-la-oportunidad-para-comprar-reservas\/\">Un nuevo prestamista abre la oportunidad para comprar reservas<\/a><\/div>    \n        \n    \n        <div class=\"ue_post_blocks_link\"><a href=\"https:\/\/economicas.uba.ar\/iiep\/un-nuevo-prestamista-abre-la-oportunidad-para-comprar-reservas\/\" class=\"\">Ver m\u00e1s<\/a><\/div>  <\/div>\n<\/div>\n<div class=\"ue_post_blocks_box\">\n    <div class=\"ue_post_blocks_content\">\n      \n     <div class=\"ue-grid-item-category\"><a href=\"https:\/\/economicas.uba.ar\/iiep\/category\/macro\/\">MACRO<\/a><\/div>\n         \n    <div class=\"ue_post_blocks_title\"><a href=\"https:\/\/economicas.uba.ar\/iiep\/el-nuevo-esquema-monetario-estresa-el-panorama-financiero-y-afecta-la-actividad-economica\/\">El nuevo esquema monetario estresa el panorama financiero y afecta la actividad econ\u00f3mica<\/a><\/div>    \n        \n    \n        <div class=\"ue_post_blocks_link\"><a href=\"https:\/\/economicas.uba.ar\/iiep\/el-nuevo-esquema-monetario-estresa-el-panorama-financiero-y-afecta-la-actividad-economica\/\" class=\"\">Ver m\u00e1s<\/a><\/div>  <\/div>\n<\/div>\n<div class=\"ue_post_blocks_box\">\n    <div class=\"ue_post_blocks_content\">\n      \n     <div class=\"ue-grid-item-category\"><a href=\"https:\/\/economicas.uba.ar\/iiep\/category\/macro\/\">MACRO<\/a><\/div>\n         \n    <div class=\"ue_post_blocks_title\"><a href=\"https:\/\/economicas.uba.ar\/iiep\/la-desinflacion-continua-pero-el-plan-de-estabilizacion-recien-comienza\/\">La desinflaci\u00f3n contin\u00faa, pero el plan de estabilizaci\u00f3n reci\u00e9n comienza<\/a><\/div>    \n        \n    \n        <div class=\"ue_post_blocks_link\"><a href=\"https:\/\/economicas.uba.ar\/iiep\/la-desinflacion-continua-pero-el-plan-de-estabilizacion-recien-comienza\/\" class=\"\">Ver m\u00e1s<\/a><\/div>  <\/div>\n<\/div>\n<div class=\"ue_post_blocks_box\">\n    <div class=\"ue_post_blocks_content\">\n      \n     <div class=\"ue-grid-item-category\"><a href=\"https:\/\/economicas.uba.ar\/iiep\/category\/macro\/\">MACRO<\/a><\/div>\n         \n    <div class=\"ue_post_blocks_title\"><a href=\"https:\/\/economicas.uba.ar\/iiep\/anatomia-de-una-recuperacion-heterogenea\/\">Anatom\u00eda de una recuperaci\u00f3n heterog\u00e9nea<\/a><\/div>    \n        \n    \n        <div class=\"ue_post_blocks_link\"><a href=\"https:\/\/economicas.uba.ar\/iiep\/anatomia-de-una-recuperacion-heterogenea\/\" class=\"\">Ver m\u00e1s<\/a><\/div>  <\/div>\n<\/div>\n\n<\/div>\n<!-- end Post Blocks -->\t\t\t\t<\/div>\n\t\t\t\t<\/div>\n\t\t\t\t\t<\/div>\n\t\t\t\t<\/div>\n\t\t\t\t<\/div>\n\t\t","protected":false},"excerpt":{"rendered":"<p>Macro El informe de coyuntura macroecon\u00f3mica realiza un seguimiento de la macroeconom\u00eda argentina, la analiza, la pone en perspectiva hist\u00f3rica y la compara con otros pa\u00edses. Las principales variables que<\/p>\n","protected":false},"author":9,"featured_media":0,"parent":15115,"menu_order":0,"comment_status":"closed","ping_status":"closed","template":"elementor_header_footer","meta":{"footnotes":""},"class_list":["post-16753","page","type-page","status-publish","hentry"],"yoast_head":"<!-- This site is optimized with the Yoast SEO plugin v27.4 - https:\/\/yoast.com\/product\/yoast-seo-wordpress\/ -->\n<title>Macro - IIEP UBA-CONICET<\/title>\n<meta name=\"robots\" content=\"index, follow, max-snippet:-1, max-image-preview:large, max-video-preview:-1\" \/>\n<link rel=\"canonical\" href=\"https:\/\/economicas.uba.ar\/iiep\/informes-y-reportes\/macro\/\" \/>\n<meta property=\"og:locale\" content=\"es_ES\" \/>\n<meta property=\"og:type\" content=\"article\" \/>\n<meta property=\"og:title\" content=\"Macro - IIEP UBA-CONICET\" \/>\n<meta property=\"og:description\" content=\"Macro El informe de coyuntura macroecon\u00f3mica realiza un seguimiento de la macroeconom\u00eda argentina, la analiza, la pone en perspectiva hist\u00f3rica y la compara con otros pa\u00edses. Las principales variables que\" \/>\n<meta property=\"og:url\" content=\"https:\/\/economicas.uba.ar\/iiep\/informes-y-reportes\/macro\/\" \/>\n<meta property=\"og:site_name\" content=\"IIEP UBA-CONICET\" \/>\n<meta property=\"article:modified_time\" content=\"2025-09-19T17:44:53+00:00\" \/>\n<meta property=\"og:image\" content=\"https:\/\/economicas.uba.ar\/iiep\/wp-content\/uploads\/iiep-ico.jpg\" \/>\n\t<meta property=\"og:image:width\" content=\"300\" \/>\n\t<meta property=\"og:image:height\" content=\"300\" \/>\n\t<meta property=\"og:image:type\" content=\"image\/jpeg\" \/>\n<meta name=\"twitter:card\" content=\"summary_large_image\" \/>\n<meta name=\"twitter:label1\" content=\"Tiempo de lectura\" \/>\n\t<meta name=\"twitter:data1\" content=\"1 minuto\" \/>\n<script type=\"application\/ld+json\" class=\"yoast-schema-graph\">{\"@context\":\"https:\\\/\\\/schema.org\",\"@graph\":[{\"@type\":\"WebPage\",\"@id\":\"https:\\\/\\\/economicas.uba.ar\\\/iiep\\\/informes-y-reportes\\\/macro\\\/\",\"url\":\"https:\\\/\\\/economicas.uba.ar\\\/iiep\\\/informes-y-reportes\\\/macro\\\/\",\"name\":\"Macro - IIEP UBA-CONICET\",\"isPartOf\":{\"@id\":\"https:\\\/\\\/economicas.uba.ar\\\/iiep\\\/#website\"},\"datePublished\":\"2025-07-30T15:07:24+00:00\",\"dateModified\":\"2025-09-19T17:44:53+00:00\",\"breadcrumb\":{\"@id\":\"https:\\\/\\\/economicas.uba.ar\\\/iiep\\\/informes-y-reportes\\\/macro\\\/#breadcrumb\"},\"inLanguage\":\"es-AR\",\"potentialAction\":[{\"@type\":\"ReadAction\",\"target\":[\"https:\\\/\\\/economicas.uba.ar\\\/iiep\\\/informes-y-reportes\\\/macro\\\/\"]}]},{\"@type\":\"BreadcrumbList\",\"@id\":\"https:\\\/\\\/economicas.uba.ar\\\/iiep\\\/informes-y-reportes\\\/macro\\\/#breadcrumb\",\"itemListElement\":[{\"@type\":\"ListItem\",\"position\":1,\"name\":\"Inicio\",\"item\":\"https:\\\/\\\/economicas.uba.ar\\\/iiep\\\/\"},{\"@type\":\"ListItem\",\"position\":2,\"name\":\"Informes y Reportes\",\"item\":\"https:\\\/\\\/economicas.uba.ar\\\/iiep\\\/informes-y-reportes\\\/\"},{\"@type\":\"ListItem\",\"position\":3,\"name\":\"Macro\"}]},{\"@type\":\"WebSite\",\"@id\":\"https:\\\/\\\/economicas.uba.ar\\\/iiep\\\/#website\",\"url\":\"https:\\\/\\\/economicas.uba.ar\\\/iiep\\\/\",\"name\":\"IIEP\",\"description\":\"IIEP UBA-CONICET\",\"publisher\":{\"@id\":\"https:\\\/\\\/economicas.uba.ar\\\/iiep\\\/#organization\"},\"potentialAction\":[{\"@type\":\"SearchAction\",\"target\":{\"@type\":\"EntryPoint\",\"urlTemplate\":\"https:\\\/\\\/economicas.uba.ar\\\/iiep\\\/?s={search_term_string}\"},\"query-input\":{\"@type\":\"PropertyValueSpecification\",\"valueRequired\":true,\"valueName\":\"search_term_string\"}}],\"inLanguage\":\"es-AR\"},{\"@type\":\"Organization\",\"@id\":\"https:\\\/\\\/economicas.uba.ar\\\/iiep\\\/#organization\",\"name\":\"IIEP\",\"url\":\"https:\\\/\\\/economicas.uba.ar\\\/iiep\\\/\",\"logo\":{\"@type\":\"ImageObject\",\"inLanguage\":\"es-AR\",\"@id\":\"https:\\\/\\\/economicas.uba.ar\\\/iiep\\\/#\\\/schema\\\/logo\\\/image\\\/\",\"url\":\"https:\\\/\\\/economicas.uba.ar\\\/iiep\\\/wp-content\\\/uploads\\\/logo_iiep_light.svg\",\"contentUrl\":\"https:\\\/\\\/economicas.uba.ar\\\/iiep\\\/wp-content\\\/uploads\\\/logo_iiep_light.svg\",\"caption\":\"IIEP\"},\"image\":{\"@id\":\"https:\\\/\\\/economicas.uba.ar\\\/iiep\\\/#\\\/schema\\\/logo\\\/image\\\/\"}}]}<\/script>\n<!-- \/ Yoast SEO plugin. -->","yoast_head_json":{"title":"Macro - IIEP UBA-CONICET","robots":{"index":"index","follow":"follow","max-snippet":"max-snippet:-1","max-image-preview":"max-image-preview:large","max-video-preview":"max-video-preview:-1"},"canonical":"https:\/\/economicas.uba.ar\/iiep\/informes-y-reportes\/macro\/","og_locale":"es_ES","og_type":"article","og_title":"Macro - IIEP UBA-CONICET","og_description":"Macro El informe de coyuntura macroecon\u00f3mica realiza un seguimiento de la macroeconom\u00eda argentina, la analiza, la pone en perspectiva hist\u00f3rica y la compara con otros pa\u00edses. Las principales variables que","og_url":"https:\/\/economicas.uba.ar\/iiep\/informes-y-reportes\/macro\/","og_site_name":"IIEP UBA-CONICET","article_modified_time":"2025-09-19T17:44:53+00:00","og_image":[{"width":300,"height":300,"url":"https:\/\/economicas.uba.ar\/iiep\/wp-content\/uploads\/iiep-ico.jpg","type":"image\/jpeg"}],"twitter_card":"summary_large_image","twitter_misc":{"Tiempo de lectura":"1 minuto"},"schema":{"@context":"https:\/\/schema.org","@graph":[{"@type":"WebPage","@id":"https:\/\/economicas.uba.ar\/iiep\/informes-y-reportes\/macro\/","url":"https:\/\/economicas.uba.ar\/iiep\/informes-y-reportes\/macro\/","name":"Macro - IIEP UBA-CONICET","isPartOf":{"@id":"https:\/\/economicas.uba.ar\/iiep\/#website"},"datePublished":"2025-07-30T15:07:24+00:00","dateModified":"2025-09-19T17:44:53+00:00","breadcrumb":{"@id":"https:\/\/economicas.uba.ar\/iiep\/informes-y-reportes\/macro\/#breadcrumb"},"inLanguage":"es-AR","potentialAction":[{"@type":"ReadAction","target":["https:\/\/economicas.uba.ar\/iiep\/informes-y-reportes\/macro\/"]}]},{"@type":"BreadcrumbList","@id":"https:\/\/economicas.uba.ar\/iiep\/informes-y-reportes\/macro\/#breadcrumb","itemListElement":[{"@type":"ListItem","position":1,"name":"Inicio","item":"https:\/\/economicas.uba.ar\/iiep\/"},{"@type":"ListItem","position":2,"name":"Informes y Reportes","item":"https:\/\/economicas.uba.ar\/iiep\/informes-y-reportes\/"},{"@type":"ListItem","position":3,"name":"Macro"}]},{"@type":"WebSite","@id":"https:\/\/economicas.uba.ar\/iiep\/#website","url":"https:\/\/economicas.uba.ar\/iiep\/","name":"IIEP","description":"IIEP UBA-CONICET","publisher":{"@id":"https:\/\/economicas.uba.ar\/iiep\/#organization"},"potentialAction":[{"@type":"SearchAction","target":{"@type":"EntryPoint","urlTemplate":"https:\/\/economicas.uba.ar\/iiep\/?s={search_term_string}"},"query-input":{"@type":"PropertyValueSpecification","valueRequired":true,"valueName":"search_term_string"}}],"inLanguage":"es-AR"},{"@type":"Organization","@id":"https:\/\/economicas.uba.ar\/iiep\/#organization","name":"IIEP","url":"https:\/\/economicas.uba.ar\/iiep\/","logo":{"@type":"ImageObject","inLanguage":"es-AR","@id":"https:\/\/economicas.uba.ar\/iiep\/#\/schema\/logo\/image\/","url":"https:\/\/economicas.uba.ar\/iiep\/wp-content\/uploads\/logo_iiep_light.svg","contentUrl":"https:\/\/economicas.uba.ar\/iiep\/wp-content\/uploads\/logo_iiep_light.svg","caption":"IIEP"},"image":{"@id":"https:\/\/economicas.uba.ar\/iiep\/#\/schema\/logo\/image\/"}}]}},"_links":{"self":[{"href":"https:\/\/economicas.uba.ar\/iiep\/wp-json\/wp\/v2\/pages\/16753","targetHints":{"allow":["GET"]}}],"collection":[{"href":"https:\/\/economicas.uba.ar\/iiep\/wp-json\/wp\/v2\/pages"}],"about":[{"href":"https:\/\/economicas.uba.ar\/iiep\/wp-json\/wp\/v2\/types\/page"}],"author":[{"embeddable":true,"href":"https:\/\/economicas.uba.ar\/iiep\/wp-json\/wp\/v2\/users\/9"}],"replies":[{"embeddable":true,"href":"https:\/\/economicas.uba.ar\/iiep\/wp-json\/wp\/v2\/comments?post=16753"}],"version-history":[{"count":13,"href":"https:\/\/economicas.uba.ar\/iiep\/wp-json\/wp\/v2\/pages\/16753\/revisions"}],"predecessor-version":[{"id":18842,"href":"https:\/\/economicas.uba.ar\/iiep\/wp-json\/wp\/v2\/pages\/16753\/revisions\/18842"}],"up":[{"embeddable":true,"href":"https:\/\/economicas.uba.ar\/iiep\/wp-json\/wp\/v2\/pages\/15115"}],"wp:attachment":[{"href":"https:\/\/economicas.uba.ar\/iiep\/wp-json\/wp\/v2\/media?parent=16753"}],"curies":[{"name":"wp","href":"https:\/\/api.w.org\/{rel}","templated":true}]}}