{"id":21102,"date":"2025-11-13T14:50:27","date_gmt":"2025-11-13T17:50:27","guid":{"rendered":"https:\/\/economicas.uba.ar\/iiep\/?page_id=21102"},"modified":"2026-03-04T11:32:20","modified_gmt":"2026-03-04T14:32:20","slug":"educacion","status":"publish","type":"page","link":"https:\/\/economicas.uba.ar\/iiep\/informes-y-reportes\/educacion\/","title":{"rendered":"Educaci\u00f3n"},"content":{"rendered":"\t\t<div data-elementor-type=\"wp-page\" data-elementor-id=\"21102\" class=\"elementor elementor-21102\" data-elementor-post-type=\"page\">\n\t\t\t\t<div class=\"elementor-element elementor-element-47d98be9 e-flex e-con-boxed e-con e-parent\" data-id=\"47d98be9\" data-element_type=\"container\" data-e-type=\"container\">\n\t\t\t\t\t<div class=\"e-con-inner\">\n\t\t<div class=\"elementor-element elementor-element-7c8c143d e-con-full e-flex e-con e-child\" data-id=\"7c8c143d\" data-element_type=\"container\" data-e-type=\"container\">\n\t\t\t\t<div class=\"elementor-element elementor-element-1a94de10 elementor-widget elementor-widget-heading\" data-id=\"1a94de10\" data-element_type=\"widget\" data-e-type=\"widget\" data-widget_type=\"heading.default\">\n\t\t\t\t<div class=\"elementor-widget-container\">\n\t\t\t\t\t<h2 class=\"elementor-heading-title elementor-size-default\">Educaci\u00f3n<\/h2>\t\t\t\t<\/div>\n\t\t\t\t<\/div>\n\t\t\t\t<div class=\"elementor-element elementor-element-71890f3 elementor-widget-divider--view-line elementor-widget elementor-widget-divider\" data-id=\"71890f3\" data-element_type=\"widget\" data-e-type=\"widget\" data-widget_type=\"divider.default\">\n\t\t\t\t<div class=\"elementor-widget-container\">\n\t\t\t\t\t\t\t<div class=\"elementor-divider\">\n\t\t\t<span class=\"elementor-divider-separator\">\n\t\t\t\t\t\t<\/span>\n\t\t<\/div>\n\t\t\t\t\t\t<\/div>\n\t\t\t\t<\/div>\n\t\t\t\t<\/div>\n\t\t\t\t\t<\/div>\n\t\t\t\t<\/div>\n\t\t<div class=\"elementor-element elementor-element-b95c319 e-flex e-con-boxed e-con e-parent\" data-id=\"b95c319\" data-element_type=\"container\" data-e-type=\"container\">\n\t\t\t\t\t<div class=\"e-con-inner\">\n\t\t\t\t<div class=\"elementor-element elementor-element-72534f2 elementor-widget elementor-widget-text-editor\" data-id=\"72534f2\" data-element_type=\"widget\" data-e-type=\"widget\" data-widget_type=\"text-editor.default\">\n\t\t\t\t<div class=\"elementor-widget-container\">\n\t\t\t\t\t\t\t\t\t<div>Los <strong>reportes sobre el financiamiento educativo en la Argentina<\/strong> analizan la evoluci\u00f3n del gasto en educaci\u00f3n y su composici\u00f3n, considerando los aportes del gobierno nacional, las provincias y otras fuentes de financiamiento. Se examinan las previsiones presupuestarias y su grado de ejecuci\u00f3n, en el marco de las restricciones fiscales y de las tensiones entre distintas prioridades de gasto que los gobiernos enfrentan.<br \/><br \/><\/div><div>Se estudia la trayectoria de los principales componentes del financiamiento educativo -incluyendo programas, transferencias y fondos espec\u00edficos-, as\u00ed como los cambios normativos que pueden incidir sobre los pisos m\u00ednimos de inversi\u00f3n y los mecanismos de asignaci\u00f3n de recursos. Asimismo, estas din\u00e1micas son abordadas a la luz de los compromisos legales asumidos por el pa\u00eds y de referencias y recomendaciones internacionales en materia de financiamiento educativo, contemplando los distintos niveles y modalidades que integran el sistema educativo.<br \/>Se busca aportar evidencia e insumos sistem\u00e1ticos para el dise\u00f1o, seguimiento y evaluaci\u00f3n de las pol\u00edticas educativas, mediante an\u00e1lisis peri\u00f3dicos, comparables y actualizados. El objetivo es el de contribuir a un debate informado y a la toma de decisiones orientadas a fortalecer la planificaci\u00f3n, la transparencia y la eficacia del financiamiento de la educaci\u00f3n, favoreciendo mejoras sostenidas en el sector.<\/div>\t\t\t\t\t\t\t\t<\/div>\n\t\t\t\t<\/div>\n\t\t\t\t\t<\/div>\n\t\t\t\t<\/div>\n\t\t<div class=\"elementor-element elementor-element-213f087 e-flex e-con-boxed e-con e-parent\" data-id=\"213f087\" data-element_type=\"container\" data-e-type=\"container\">\n\t\t\t\t\t<div class=\"e-con-inner\">\n\t\t\t\t<div class=\"elementor-element elementor-element-d316372 elementor-widget elementor-widget-ucaddon_post_blocks\" data-id=\"d316372\" data-element_type=\"widget\" data-e-type=\"widget\" data-widget_type=\"ucaddon_post_blocks.default\">\n\t\t\t\t<div class=\"elementor-widget-container\">\n\t\t\t\t\t\n<!-- start Post Blocks -->\n\t\t<link id='font-awesome-css' href='https:\/\/economicas.uba.ar\/iiep\/wp-content\/plugins\/unlimited-elements-for-elementor\/assets_libraries\/font-awesome6\/fontawesome-all.min.css' type='text\/css' rel='stylesheet' >\n\t\t<link id='font-awesome-4-shim-css' href='https:\/\/economicas.uba.ar\/iiep\/wp-content\/plugins\/unlimited-elements-for-elementor\/assets_libraries\/font-awesome6\/fontawesome-v4-shims.min.css' type='text\/css' rel='stylesheet' >\n\n<style>\/* widget: Post Blocks *\/\n\n#uc_post_blocks_elementor_d316372 {\n    display:grid;\n}\n#uc_post_blocks_elementor_d316372 .ue_post_blocks_box\n{\n  overflow:hidden;\n}\n\n#uc_post_blocks_elementor_d316372 .ue_post_blocks_image\n{\n  overflow:hidden;\n}\n#uc_post_blocks_elementor_d316372 .ue_post_blocks_image img\n{\n  object-fit: cover;\n  object-position:center center;\n  width:100%;\n  display:block;\n}\n#uc_post_blocks_elementor_d316372 .ue_post_blocks_link a\n{\n  display:inline-block;\n  text-decoration:none;\n  text-align:center;\n}\n\n #uc_post_blocks_elementor_d316372 .ue_post_blocks_box img\n{\n  transition:0.5s;\n}\n #uc_post_blocks_elementor_d316372 .ue_post_blocks_box:hover img\n{\n  transform:scale(1.1,1.1);\n}\n\n\n\n\n#uc_post_blocks_elementor_d316372 .ue-grid-item-meta-data\n{\n  display:inlin-flex;\n  flex-wrap: wrap;\n}\n\n.ue-grid-item-meta-data\n{\n  font-size:12px;\n}\n\n#uc_post_blocks_elementor_d316372 .ue-grid-item-meta-data-icon\n{\n  line-height:1em;\n}\n\n#uc_post_blocks_elementor_d316372 .ue-grid-item-meta-data-icon svg\n{\n  width:1em;\n  height:1em;\n}\n\n\n.ue-grid-item-category a\n{\n  display:inline-block;\n  font-size:10px;\n  text-transform:uppercase;\n}\n\n<\/style>\n\n<div id=\"uc_post_blocks_elementor_d316372\" class=\"ue_post_blocks uc-items-wrapper\" >\n    <div class=\"ue_post_blocks_box\">\n    <div class=\"ue_post_blocks_content\">\n      \n     <div class=\"ue-grid-item-category\"><a href=\"https:\/\/economicas.uba.ar\/iiep\/category\/educacion\/\">Educaci\u00f3n<\/a><\/div>\n         \n    <div class=\"ue_post_blocks_title\"><a href=\"https:\/\/economicas.uba.ar\/iiep\/el-financiamiento-educativo-en-el-territorio-argentino\/\">El financiamiento educativo en el territorio argentino<\/a><\/div>    \n        \n    \n        <div class=\"ue_post_blocks_link\"><a href=\"https:\/\/economicas.uba.ar\/iiep\/el-financiamiento-educativo-en-el-territorio-argentino\/\" class=\"\">Ver m\u00e1s<\/a><\/div>  <\/div>\n<\/div>\n<div class=\"ue_post_blocks_box\">\n    <div class=\"ue_post_blocks_content\">\n      \n     <div class=\"ue-grid-item-category\"><a href=\"https:\/\/economicas.uba.ar\/iiep\/category\/educacion\/\">Educaci\u00f3n<\/a><\/div>\n         \n    <div class=\"ue_post_blocks_title\"><a href=\"https:\/\/economicas.uba.ar\/iiep\/el-gasto-educativo-en-el-presupuesto-2026\/\">El gasto educativo en el Presupuesto 2026<\/a><\/div>    \n        \n    \n        <div class=\"ue_post_blocks_link\"><a href=\"https:\/\/economicas.uba.ar\/iiep\/el-gasto-educativo-en-el-presupuesto-2026\/\" class=\"\">Ver m\u00e1s<\/a><\/div>  <\/div>\n<\/div>\n\n<\/div>\n<!-- end Post Blocks -->\t\t\t\t<\/div>\n\t\t\t\t<\/div>\n\t\t\t\t\t<\/div>\n\t\t\t\t<\/div>\n\t\t\t\t<\/div>\n\t\t","protected":false},"excerpt":{"rendered":"<p>Educaci\u00f3n Los reportes sobre el financiamiento educativo en la Argentina analizan la evoluci\u00f3n del gasto en educaci\u00f3n y su composici\u00f3n, considerando los aportes del gobierno nacional, las provincias y otras<\/p>\n","protected":false},"author":9,"featured_media":0,"parent":15115,"menu_order":0,"comment_status":"closed","ping_status":"closed","template":"elementor_header_footer","meta":{"footnotes":""},"class_list":["post-21102","page","type-page","status-publish","hentry"],"yoast_head":"<!-- This site is optimized with the Yoast SEO plugin v27.4 - https:\/\/yoast.com\/product\/yoast-seo-wordpress\/ -->\n<title>Educaci\u00f3n - IIEP UBA-CONICET<\/title>\n<meta name=\"robots\" content=\"index, follow, max-snippet:-1, max-image-preview:large, max-video-preview:-1\" \/>\n<link rel=\"canonical\" href=\"https:\/\/economicas.uba.ar\/iiep\/informes-y-reportes\/educacion\/\" \/>\n<meta property=\"og:locale\" content=\"es_ES\" \/>\n<meta property=\"og:type\" content=\"article\" \/>\n<meta property=\"og:title\" content=\"Educaci\u00f3n - IIEP UBA-CONICET\" \/>\n<meta property=\"og:description\" content=\"Educaci\u00f3n Los reportes sobre el financiamiento educativo en la Argentina analizan la evoluci\u00f3n del gasto en educaci\u00f3n y su composici\u00f3n, considerando los aportes del gobierno nacional, las provincias y otras\" \/>\n<meta property=\"og:url\" content=\"https:\/\/economicas.uba.ar\/iiep\/informes-y-reportes\/educacion\/\" \/>\n<meta property=\"og:site_name\" content=\"IIEP UBA-CONICET\" \/>\n<meta property=\"article:modified_time\" content=\"2026-03-04T14:32:20+00:00\" \/>\n<meta property=\"og:image\" content=\"https:\/\/economicas.uba.ar\/iiep\/wp-content\/uploads\/iiep-ico.jpg\" \/>\n\t<meta property=\"og:image:width\" content=\"300\" \/>\n\t<meta property=\"og:image:height\" content=\"300\" \/>\n\t<meta property=\"og:image:type\" content=\"image\/jpeg\" \/>\n<meta name=\"twitter:card\" content=\"summary_large_image\" \/>\n<meta name=\"twitter:label1\" content=\"Tiempo de lectura\" \/>\n\t<meta name=\"twitter:data1\" content=\"2 minutos\" \/>\n<script type=\"application\/ld+json\" class=\"yoast-schema-graph\">{\"@context\":\"https:\\\/\\\/schema.org\",\"@graph\":[{\"@type\":\"WebPage\",\"@id\":\"https:\\\/\\\/economicas.uba.ar\\\/iiep\\\/informes-y-reportes\\\/educacion\\\/\",\"url\":\"https:\\\/\\\/economicas.uba.ar\\\/iiep\\\/informes-y-reportes\\\/educacion\\\/\",\"name\":\"Educaci\u00f3n - IIEP UBA-CONICET\",\"isPartOf\":{\"@id\":\"https:\\\/\\\/economicas.uba.ar\\\/iiep\\\/#website\"},\"datePublished\":\"2025-11-13T17:50:27+00:00\",\"dateModified\":\"2026-03-04T14:32:20+00:00\",\"breadcrumb\":{\"@id\":\"https:\\\/\\\/economicas.uba.ar\\\/iiep\\\/informes-y-reportes\\\/educacion\\\/#breadcrumb\"},\"inLanguage\":\"es-AR\",\"potentialAction\":[{\"@type\":\"ReadAction\",\"target\":[\"https:\\\/\\\/economicas.uba.ar\\\/iiep\\\/informes-y-reportes\\\/educacion\\\/\"]}]},{\"@type\":\"BreadcrumbList\",\"@id\":\"https:\\\/\\\/economicas.uba.ar\\\/iiep\\\/informes-y-reportes\\\/educacion\\\/#breadcrumb\",\"itemListElement\":[{\"@type\":\"ListItem\",\"position\":1,\"name\":\"Inicio\",\"item\":\"https:\\\/\\\/economicas.uba.ar\\\/iiep\\\/\"},{\"@type\":\"ListItem\",\"position\":2,\"name\":\"Informes y Reportes\",\"item\":\"https:\\\/\\\/economicas.uba.ar\\\/iiep\\\/informes-y-reportes\\\/\"},{\"@type\":\"ListItem\",\"position\":3,\"name\":\"Educaci\u00f3n\"}]},{\"@type\":\"WebSite\",\"@id\":\"https:\\\/\\\/economicas.uba.ar\\\/iiep\\\/#website\",\"url\":\"https:\\\/\\\/economicas.uba.ar\\\/iiep\\\/\",\"name\":\"IIEP\",\"description\":\"IIEP UBA-CONICET\",\"publisher\":{\"@id\":\"https:\\\/\\\/economicas.uba.ar\\\/iiep\\\/#organization\"},\"potentialAction\":[{\"@type\":\"SearchAction\",\"target\":{\"@type\":\"EntryPoint\",\"urlTemplate\":\"https:\\\/\\\/economicas.uba.ar\\\/iiep\\\/?s={search_term_string}\"},\"query-input\":{\"@type\":\"PropertyValueSpecification\",\"valueRequired\":true,\"valueName\":\"search_term_string\"}}],\"inLanguage\":\"es-AR\"},{\"@type\":\"Organization\",\"@id\":\"https:\\\/\\\/economicas.uba.ar\\\/iiep\\\/#organization\",\"name\":\"IIEP\",\"url\":\"https:\\\/\\\/economicas.uba.ar\\\/iiep\\\/\",\"logo\":{\"@type\":\"ImageObject\",\"inLanguage\":\"es-AR\",\"@id\":\"https:\\\/\\\/economicas.uba.ar\\\/iiep\\\/#\\\/schema\\\/logo\\\/image\\\/\",\"url\":\"https:\\\/\\\/economicas.uba.ar\\\/iiep\\\/wp-content\\\/uploads\\\/logo_iiep_light.svg\",\"contentUrl\":\"https:\\\/\\\/economicas.uba.ar\\\/iiep\\\/wp-content\\\/uploads\\\/logo_iiep_light.svg\",\"caption\":\"IIEP\"},\"image\":{\"@id\":\"https:\\\/\\\/economicas.uba.ar\\\/iiep\\\/#\\\/schema\\\/logo\\\/image\\\/\"}}]}<\/script>\n<!-- \/ Yoast SEO plugin. -->","yoast_head_json":{"title":"Educaci\u00f3n - IIEP UBA-CONICET","robots":{"index":"index","follow":"follow","max-snippet":"max-snippet:-1","max-image-preview":"max-image-preview:large","max-video-preview":"max-video-preview:-1"},"canonical":"https:\/\/economicas.uba.ar\/iiep\/informes-y-reportes\/educacion\/","og_locale":"es_ES","og_type":"article","og_title":"Educaci\u00f3n - IIEP UBA-CONICET","og_description":"Educaci\u00f3n Los reportes sobre el financiamiento educativo en la Argentina analizan la evoluci\u00f3n del gasto en educaci\u00f3n y su composici\u00f3n, considerando los aportes del gobierno nacional, las provincias y otras","og_url":"https:\/\/economicas.uba.ar\/iiep\/informes-y-reportes\/educacion\/","og_site_name":"IIEP UBA-CONICET","article_modified_time":"2026-03-04T14:32:20+00:00","og_image":[{"width":300,"height":300,"url":"https:\/\/economicas.uba.ar\/iiep\/wp-content\/uploads\/iiep-ico.jpg","type":"image\/jpeg"}],"twitter_card":"summary_large_image","twitter_misc":{"Tiempo de lectura":"2 minutos"},"schema":{"@context":"https:\/\/schema.org","@graph":[{"@type":"WebPage","@id":"https:\/\/economicas.uba.ar\/iiep\/informes-y-reportes\/educacion\/","url":"https:\/\/economicas.uba.ar\/iiep\/informes-y-reportes\/educacion\/","name":"Educaci\u00f3n - IIEP UBA-CONICET","isPartOf":{"@id":"https:\/\/economicas.uba.ar\/iiep\/#website"},"datePublished":"2025-11-13T17:50:27+00:00","dateModified":"2026-03-04T14:32:20+00:00","breadcrumb":{"@id":"https:\/\/economicas.uba.ar\/iiep\/informes-y-reportes\/educacion\/#breadcrumb"},"inLanguage":"es-AR","potentialAction":[{"@type":"ReadAction","target":["https:\/\/economicas.uba.ar\/iiep\/informes-y-reportes\/educacion\/"]}]},{"@type":"BreadcrumbList","@id":"https:\/\/economicas.uba.ar\/iiep\/informes-y-reportes\/educacion\/#breadcrumb","itemListElement":[{"@type":"ListItem","position":1,"name":"Inicio","item":"https:\/\/economicas.uba.ar\/iiep\/"},{"@type":"ListItem","position":2,"name":"Informes y Reportes","item":"https:\/\/economicas.uba.ar\/iiep\/informes-y-reportes\/"},{"@type":"ListItem","position":3,"name":"Educaci\u00f3n"}]},{"@type":"WebSite","@id":"https:\/\/economicas.uba.ar\/iiep\/#website","url":"https:\/\/economicas.uba.ar\/iiep\/","name":"IIEP","description":"IIEP UBA-CONICET","publisher":{"@id":"https:\/\/economicas.uba.ar\/iiep\/#organization"},"potentialAction":[{"@type":"SearchAction","target":{"@type":"EntryPoint","urlTemplate":"https:\/\/economicas.uba.ar\/iiep\/?s={search_term_string}"},"query-input":{"@type":"PropertyValueSpecification","valueRequired":true,"valueName":"search_term_string"}}],"inLanguage":"es-AR"},{"@type":"Organization","@id":"https:\/\/economicas.uba.ar\/iiep\/#organization","name":"IIEP","url":"https:\/\/economicas.uba.ar\/iiep\/","logo":{"@type":"ImageObject","inLanguage":"es-AR","@id":"https:\/\/economicas.uba.ar\/iiep\/#\/schema\/logo\/image\/","url":"https:\/\/economicas.uba.ar\/iiep\/wp-content\/uploads\/logo_iiep_light.svg","contentUrl":"https:\/\/economicas.uba.ar\/iiep\/wp-content\/uploads\/logo_iiep_light.svg","caption":"IIEP"},"image":{"@id":"https:\/\/economicas.uba.ar\/iiep\/#\/schema\/logo\/image\/"}}]}},"_links":{"self":[{"href":"https:\/\/economicas.uba.ar\/iiep\/wp-json\/wp\/v2\/pages\/21102","targetHints":{"allow":["GET"]}}],"collection":[{"href":"https:\/\/economicas.uba.ar\/iiep\/wp-json\/wp\/v2\/pages"}],"about":[{"href":"https:\/\/economicas.uba.ar\/iiep\/wp-json\/wp\/v2\/types\/page"}],"author":[{"embeddable":true,"href":"https:\/\/economicas.uba.ar\/iiep\/wp-json\/wp\/v2\/users\/9"}],"replies":[{"embeddable":true,"href":"https:\/\/economicas.uba.ar\/iiep\/wp-json\/wp\/v2\/comments?post=21102"}],"version-history":[{"count":19,"href":"https:\/\/economicas.uba.ar\/iiep\/wp-json\/wp\/v2\/pages\/21102\/revisions"}],"predecessor-version":[{"id":21923,"href":"https:\/\/economicas.uba.ar\/iiep\/wp-json\/wp\/v2\/pages\/21102\/revisions\/21923"}],"up":[{"embeddable":true,"href":"https:\/\/economicas.uba.ar\/iiep\/wp-json\/wp\/v2\/pages\/15115"}],"wp:attachment":[{"href":"https:\/\/economicas.uba.ar\/iiep\/wp-json\/wp\/v2\/media?parent=21102"}],"curies":[{"name":"wp","href":"https:\/\/api.w.org\/{rel}","templated":true}]}}