{"id":21732,"date":"2026-02-23T11:28:14","date_gmt":"2026-02-23T14:28:14","guid":{"rendered":"https:\/\/economicas.uba.ar\/iiep\/?page_id=21732"},"modified":"2026-04-17T11:49:07","modified_gmt":"2026-04-17T14:49:07","slug":"ingresos-publicos","status":"publish","type":"page","link":"https:\/\/economicas.uba.ar\/iiep\/informes-y-reportes\/ingresos-publicos\/","title":{"rendered":"Ingresos P\u00fablicos"},"content":{"rendered":"\t\t<div data-elementor-type=\"wp-page\" data-elementor-id=\"21732\" class=\"elementor elementor-21732\" data-elementor-post-type=\"page\">\n\t\t\t\t<div class=\"elementor-element elementor-element-47d98be9 e-flex e-con-boxed e-con e-parent\" data-id=\"47d98be9\" data-element_type=\"container\" data-e-type=\"container\">\n\t\t\t\t\t<div class=\"e-con-inner\">\n\t\t<div class=\"elementor-element elementor-element-7c8c143d e-con-full e-flex e-con e-child\" data-id=\"7c8c143d\" data-element_type=\"container\" data-e-type=\"container\">\n\t\t\t\t<div class=\"elementor-element elementor-element-1a94de10 elementor-widget elementor-widget-heading\" data-id=\"1a94de10\" data-element_type=\"widget\" data-e-type=\"widget\" data-widget_type=\"heading.default\">\n\t\t\t\t<div class=\"elementor-widget-container\">\n\t\t\t\t\t<h2 class=\"elementor-heading-title elementor-size-default\">Ingresos P\u00fablicos<\/h2>\t\t\t\t<\/div>\n\t\t\t\t<\/div>\n\t\t\t\t<div class=\"elementor-element elementor-element-71890f3 elementor-widget-divider--view-line elementor-widget elementor-widget-divider\" data-id=\"71890f3\" data-element_type=\"widget\" data-e-type=\"widget\" data-widget_type=\"divider.default\">\n\t\t\t\t<div class=\"elementor-widget-container\">\n\t\t\t\t\t\t\t<div class=\"elementor-divider\">\n\t\t\t<span class=\"elementor-divider-separator\">\n\t\t\t\t\t\t<\/span>\n\t\t<\/div>\n\t\t\t\t\t\t<\/div>\n\t\t\t\t<\/div>\n\t\t\t\t<\/div>\n\t\t\t\t\t<\/div>\n\t\t\t\t<\/div>\n\t\t<div class=\"elementor-element elementor-element-b95c319 e-flex e-con-boxed e-con e-parent\" data-id=\"b95c319\" data-element_type=\"container\" data-e-type=\"container\">\n\t\t\t\t\t<div class=\"e-con-inner\">\n\t\t\t\t<div class=\"elementor-element elementor-element-72534f2 elementor-widget elementor-widget-text-editor\" data-id=\"72534f2\" data-element_type=\"widget\" data-e-type=\"widget\" data-widget_type=\"text-editor.default\">\n\t\t\t\t<div class=\"elementor-widget-container\">\n\t\t\t\t\t\t\t\t\t<p>El <strong>Observatorio de Pol\u00edticas de Ingresos P\u00fablicos (OPIP)<\/strong> es una iniciativa acad\u00e9mica y t\u00e9cnica destinada al an\u00e1lisis, seguimiento, evaluaci\u00f3n de reformas de los dise\u00f1os tributarios nacionales e internacionales, en los distintos niveles de gobierno. Tiene como objetivo generar y difundir informaci\u00f3n relevante y accesible para fortalecer el debate y la formulaci\u00f3n de pol\u00edticas tributarias eficientes, equitativas, sustentables en l\u00ednea con los desaf\u00edos actuales del desarrollo.<br \/><br \/>Los impuestos son una herramienta de pol\u00edtica p\u00fablica, por lo que su an\u00e1lisis abarcar\u00e1 no s\u00f3lo el objetivo de financiar el presupuesto, sino el de lograr la cohesi\u00f3n social necesaria para contribuir hacia un sistema que, cumpliendo las caracter\u00edsticas deseables de flexibilidad, suficiencia, equidad, eficiencia econ\u00f3mica y sencillez y responsabilidad administrativa, representen la voluntad de asignar recursos p\u00fablicos hacia los objetivos conjuntos. Existe un gran desaf\u00edo en el dise\u00f1o e implementaci\u00f3n de los impuestos, lo que requiere contar con herramientas de informaci\u00f3n sistematizada y accesible que resulte constructivo al debate y represente un aporte al momento de la toma de decisiones en materia de pol\u00edtica tributaria.<\/p>\t\t\t\t\t\t\t\t<\/div>\n\t\t\t\t<\/div>\n\t\t\t\t\t<\/div>\n\t\t\t\t<\/div>\n\t\t<div class=\"elementor-element elementor-element-213f087 e-flex e-con-boxed e-con e-parent\" data-id=\"213f087\" data-element_type=\"container\" data-e-type=\"container\">\n\t\t\t\t\t<div class=\"e-con-inner\">\n\t\t\t\t<div class=\"elementor-element elementor-element-d316372 elementor-widget elementor-widget-ucaddon_post_blocks\" data-id=\"d316372\" data-element_type=\"widget\" data-e-type=\"widget\" data-widget_type=\"ucaddon_post_blocks.default\">\n\t\t\t\t<div class=\"elementor-widget-container\">\n\t\t\t\t\t\n<!-- start Post Blocks -->\n\t\t<link id='font-awesome-css' href='https:\/\/economicas.uba.ar\/iiep\/wp-content\/plugins\/unlimited-elements-for-elementor\/assets_libraries\/font-awesome6\/fontawesome-all.min.css' type='text\/css' rel='stylesheet' >\n\t\t<link id='font-awesome-4-shim-css' href='https:\/\/economicas.uba.ar\/iiep\/wp-content\/plugins\/unlimited-elements-for-elementor\/assets_libraries\/font-awesome6\/fontawesome-v4-shims.min.css' type='text\/css' rel='stylesheet' >\n\n<style>\/* widget: Post Blocks *\/\n\n#uc_post_blocks_elementor_d316372 {\n    display:grid;\n}\n#uc_post_blocks_elementor_d316372 .ue_post_blocks_box\n{\n  overflow:hidden;\n}\n\n#uc_post_blocks_elementor_d316372 .ue_post_blocks_image\n{\n  overflow:hidden;\n}\n#uc_post_blocks_elementor_d316372 .ue_post_blocks_image img\n{\n  object-fit: cover;\n  object-position:center center;\n  width:100%;\n  display:block;\n}\n#uc_post_blocks_elementor_d316372 .ue_post_blocks_link a\n{\n  display:inline-block;\n  text-decoration:none;\n  text-align:center;\n}\n\n #uc_post_blocks_elementor_d316372 .ue_post_blocks_box img\n{\n  transition:0.5s;\n}\n #uc_post_blocks_elementor_d316372 .ue_post_blocks_box:hover img\n{\n  transform:scale(1.1,1.1);\n}\n\n\n\n\n#uc_post_blocks_elementor_d316372 .ue-grid-item-meta-data\n{\n  display:inlin-flex;\n  flex-wrap: wrap;\n}\n\n.ue-grid-item-meta-data\n{\n  font-size:12px;\n}\n\n#uc_post_blocks_elementor_d316372 .ue-grid-item-meta-data-icon\n{\n  line-height:1em;\n}\n\n#uc_post_blocks_elementor_d316372 .ue-grid-item-meta-data-icon svg\n{\n  width:1em;\n  height:1em;\n}\n\n\n.ue-grid-item-category a\n{\n  display:inline-block;\n  font-size:10px;\n  text-transform:uppercase;\n}\n\n<\/style>\n\n<div id=\"uc_post_blocks_elementor_d316372\" class=\"ue_post_blocks uc-items-wrapper\" >\n    <div class=\"ue_post_blocks_box\">\n    <div class=\"ue_post_blocks_content\">\n      \n     <div class=\"ue-grid-item-category\"><a href=\"https:\/\/economicas.uba.ar\/iiep\/category\/ingresospublicos\/\">IngresosPublicos<\/a><\/div>\n         \n    <div class=\"ue_post_blocks_title\"><a href=\"https:\/\/economicas.uba.ar\/iiep\/el-sistema-de-tributacion-sobre-los-cigarrillos-en-argentina-descripcion-y-evaluacion-desde-la-optica-saludable\/\">Nro.2. MARZO 2026 El sistema de tributaci\u00f3n sobre los cigarrillos en Argentina. Descripci\u00f3n y evaluaci\u00f3n desde la \u00f3ptica saludable<\/a><\/div>    \n        \n    \n        <div class=\"ue_post_blocks_link\"><a href=\"https:\/\/economicas.uba.ar\/iiep\/el-sistema-de-tributacion-sobre-los-cigarrillos-en-argentina-descripcion-y-evaluacion-desde-la-optica-saludable\/\" class=\"\">Ver m\u00e1s<\/a><\/div>  <\/div>\n<\/div>\n<div class=\"ue_post_blocks_box\">\n    <div class=\"ue_post_blocks_content\">\n      \n     <div class=\"ue-grid-item-category\"><a href=\"https:\/\/economicas.uba.ar\/iiep\/category\/ingresospublicos\/\">IngresosPublicos<\/a><\/div>\n         \n    <div class=\"ue_post_blocks_title\"><a href=\"https:\/\/economicas.uba.ar\/iiep\/la-recaudacion-federal-desde-la-vision-sistemica-y-el-subsistema-de-impuestos-saludables\/\">Nro.1. DICIEMBRE 2025 La recaudaci\u00f3n federal desde la visi\u00f3n sist\u00e9mica y el subsistema de impuestos saludables<\/a><\/div>    \n        \n    \n        <div class=\"ue_post_blocks_link\"><a href=\"https:\/\/economicas.uba.ar\/iiep\/la-recaudacion-federal-desde-la-vision-sistemica-y-el-subsistema-de-impuestos-saludables\/\" class=\"\">Ver m\u00e1s<\/a><\/div>  <\/div>\n<\/div>\n\n<\/div>\n<!-- end Post Blocks -->\t\t\t\t<\/div>\n\t\t\t\t<\/div>\n\t\t\t\t\t<\/div>\n\t\t\t\t<\/div>\n\t\t\t\t<\/div>\n\t\t","protected":false},"excerpt":{"rendered":"<p>Ingresos P\u00fablicos El Observatorio de Pol\u00edticas de Ingresos P\u00fablicos (OPIP) es una iniciativa acad\u00e9mica y t\u00e9cnica destinada al an\u00e1lisis, seguimiento, evaluaci\u00f3n de reformas de los dise\u00f1os tributarios nacionales e internacionales,<\/p>\n","protected":false},"author":9,"featured_media":0,"parent":15115,"menu_order":0,"comment_status":"closed","ping_status":"closed","template":"elementor_header_footer","meta":{"footnotes":""},"class_list":["post-21732","page","type-page","status-publish","hentry"],"yoast_head":"<!-- This site is optimized with the Yoast SEO plugin v27.4 - https:\/\/yoast.com\/product\/yoast-seo-wordpress\/ -->\n<title>Ingresos P\u00fablicos - IIEP UBA-CONICET<\/title>\n<meta name=\"robots\" content=\"index, follow, max-snippet:-1, max-image-preview:large, max-video-preview:-1\" \/>\n<link rel=\"canonical\" href=\"https:\/\/economicas.uba.ar\/iiep\/informes-y-reportes\/ingresos-publicos\/\" \/>\n<meta property=\"og:locale\" content=\"es_ES\" \/>\n<meta property=\"og:type\" content=\"article\" \/>\n<meta property=\"og:title\" content=\"Ingresos P\u00fablicos - IIEP UBA-CONICET\" \/>\n<meta property=\"og:description\" content=\"Ingresos P\u00fablicos El Observatorio de Pol\u00edticas de Ingresos P\u00fablicos (OPIP) es una iniciativa acad\u00e9mica y t\u00e9cnica destinada al an\u00e1lisis, seguimiento, evaluaci\u00f3n de reformas de los dise\u00f1os tributarios nacionales e internacionales,\" \/>\n<meta property=\"og:url\" content=\"https:\/\/economicas.uba.ar\/iiep\/informes-y-reportes\/ingresos-publicos\/\" \/>\n<meta property=\"og:site_name\" content=\"IIEP UBA-CONICET\" \/>\n<meta property=\"article:modified_time\" content=\"2026-04-17T14:49:07+00:00\" \/>\n<meta property=\"og:image\" content=\"https:\/\/economicas.uba.ar\/iiep\/wp-content\/uploads\/iiep-ico.jpg\" \/>\n\t<meta property=\"og:image:width\" content=\"300\" \/>\n\t<meta property=\"og:image:height\" content=\"300\" \/>\n\t<meta property=\"og:image:type\" content=\"image\/jpeg\" \/>\n<meta name=\"twitter:card\" content=\"summary_large_image\" \/>\n<meta name=\"twitter:label1\" content=\"Tiempo de lectura\" \/>\n\t<meta name=\"twitter:data1\" content=\"2 minutos\" \/>\n<script type=\"application\/ld+json\" class=\"yoast-schema-graph\">{\"@context\":\"https:\\\/\\\/schema.org\",\"@graph\":[{\"@type\":\"WebPage\",\"@id\":\"https:\\\/\\\/economicas.uba.ar\\\/iiep\\\/informes-y-reportes\\\/ingresos-publicos\\\/\",\"url\":\"https:\\\/\\\/economicas.uba.ar\\\/iiep\\\/informes-y-reportes\\\/ingresos-publicos\\\/\",\"name\":\"Ingresos P\u00fablicos - IIEP UBA-CONICET\",\"isPartOf\":{\"@id\":\"https:\\\/\\\/economicas.uba.ar\\\/iiep\\\/#website\"},\"datePublished\":\"2026-02-23T14:28:14+00:00\",\"dateModified\":\"2026-04-17T14:49:07+00:00\",\"breadcrumb\":{\"@id\":\"https:\\\/\\\/economicas.uba.ar\\\/iiep\\\/informes-y-reportes\\\/ingresos-publicos\\\/#breadcrumb\"},\"inLanguage\":\"es-AR\",\"potentialAction\":[{\"@type\":\"ReadAction\",\"target\":[\"https:\\\/\\\/economicas.uba.ar\\\/iiep\\\/informes-y-reportes\\\/ingresos-publicos\\\/\"]}]},{\"@type\":\"BreadcrumbList\",\"@id\":\"https:\\\/\\\/economicas.uba.ar\\\/iiep\\\/informes-y-reportes\\\/ingresos-publicos\\\/#breadcrumb\",\"itemListElement\":[{\"@type\":\"ListItem\",\"position\":1,\"name\":\"Inicio\",\"item\":\"https:\\\/\\\/economicas.uba.ar\\\/iiep\\\/\"},{\"@type\":\"ListItem\",\"position\":2,\"name\":\"Informes y Reportes\",\"item\":\"https:\\\/\\\/economicas.uba.ar\\\/iiep\\\/informes-y-reportes\\\/\"},{\"@type\":\"ListItem\",\"position\":3,\"name\":\"Ingresos P\u00fablicos\"}]},{\"@type\":\"WebSite\",\"@id\":\"https:\\\/\\\/economicas.uba.ar\\\/iiep\\\/#website\",\"url\":\"https:\\\/\\\/economicas.uba.ar\\\/iiep\\\/\",\"name\":\"IIEP\",\"description\":\"IIEP UBA-CONICET\",\"publisher\":{\"@id\":\"https:\\\/\\\/economicas.uba.ar\\\/iiep\\\/#organization\"},\"potentialAction\":[{\"@type\":\"SearchAction\",\"target\":{\"@type\":\"EntryPoint\",\"urlTemplate\":\"https:\\\/\\\/economicas.uba.ar\\\/iiep\\\/?s={search_term_string}\"},\"query-input\":{\"@type\":\"PropertyValueSpecification\",\"valueRequired\":true,\"valueName\":\"search_term_string\"}}],\"inLanguage\":\"es-AR\"},{\"@type\":\"Organization\",\"@id\":\"https:\\\/\\\/economicas.uba.ar\\\/iiep\\\/#organization\",\"name\":\"IIEP\",\"url\":\"https:\\\/\\\/economicas.uba.ar\\\/iiep\\\/\",\"logo\":{\"@type\":\"ImageObject\",\"inLanguage\":\"es-AR\",\"@id\":\"https:\\\/\\\/economicas.uba.ar\\\/iiep\\\/#\\\/schema\\\/logo\\\/image\\\/\",\"url\":\"https:\\\/\\\/economicas.uba.ar\\\/iiep\\\/wp-content\\\/uploads\\\/logo_iiep_light.svg\",\"contentUrl\":\"https:\\\/\\\/economicas.uba.ar\\\/iiep\\\/wp-content\\\/uploads\\\/logo_iiep_light.svg\",\"caption\":\"IIEP\"},\"image\":{\"@id\":\"https:\\\/\\\/economicas.uba.ar\\\/iiep\\\/#\\\/schema\\\/logo\\\/image\\\/\"}}]}<\/script>\n<!-- \/ Yoast SEO plugin. -->","yoast_head_json":{"title":"Ingresos P\u00fablicos - IIEP UBA-CONICET","robots":{"index":"index","follow":"follow","max-snippet":"max-snippet:-1","max-image-preview":"max-image-preview:large","max-video-preview":"max-video-preview:-1"},"canonical":"https:\/\/economicas.uba.ar\/iiep\/informes-y-reportes\/ingresos-publicos\/","og_locale":"es_ES","og_type":"article","og_title":"Ingresos P\u00fablicos - IIEP UBA-CONICET","og_description":"Ingresos P\u00fablicos El Observatorio de Pol\u00edticas de Ingresos P\u00fablicos (OPIP) es una iniciativa acad\u00e9mica y t\u00e9cnica destinada al an\u00e1lisis, seguimiento, evaluaci\u00f3n de reformas de los dise\u00f1os tributarios nacionales e internacionales,","og_url":"https:\/\/economicas.uba.ar\/iiep\/informes-y-reportes\/ingresos-publicos\/","og_site_name":"IIEP UBA-CONICET","article_modified_time":"2026-04-17T14:49:07+00:00","og_image":[{"width":300,"height":300,"url":"https:\/\/economicas.uba.ar\/iiep\/wp-content\/uploads\/iiep-ico.jpg","type":"image\/jpeg"}],"twitter_card":"summary_large_image","twitter_misc":{"Tiempo de lectura":"2 minutos"},"schema":{"@context":"https:\/\/schema.org","@graph":[{"@type":"WebPage","@id":"https:\/\/economicas.uba.ar\/iiep\/informes-y-reportes\/ingresos-publicos\/","url":"https:\/\/economicas.uba.ar\/iiep\/informes-y-reportes\/ingresos-publicos\/","name":"Ingresos P\u00fablicos - IIEP UBA-CONICET","isPartOf":{"@id":"https:\/\/economicas.uba.ar\/iiep\/#website"},"datePublished":"2026-02-23T14:28:14+00:00","dateModified":"2026-04-17T14:49:07+00:00","breadcrumb":{"@id":"https:\/\/economicas.uba.ar\/iiep\/informes-y-reportes\/ingresos-publicos\/#breadcrumb"},"inLanguage":"es-AR","potentialAction":[{"@type":"ReadAction","target":["https:\/\/economicas.uba.ar\/iiep\/informes-y-reportes\/ingresos-publicos\/"]}]},{"@type":"BreadcrumbList","@id":"https:\/\/economicas.uba.ar\/iiep\/informes-y-reportes\/ingresos-publicos\/#breadcrumb","itemListElement":[{"@type":"ListItem","position":1,"name":"Inicio","item":"https:\/\/economicas.uba.ar\/iiep\/"},{"@type":"ListItem","position":2,"name":"Informes y Reportes","item":"https:\/\/economicas.uba.ar\/iiep\/informes-y-reportes\/"},{"@type":"ListItem","position":3,"name":"Ingresos P\u00fablicos"}]},{"@type":"WebSite","@id":"https:\/\/economicas.uba.ar\/iiep\/#website","url":"https:\/\/economicas.uba.ar\/iiep\/","name":"IIEP","description":"IIEP UBA-CONICET","publisher":{"@id":"https:\/\/economicas.uba.ar\/iiep\/#organization"},"potentialAction":[{"@type":"SearchAction","target":{"@type":"EntryPoint","urlTemplate":"https:\/\/economicas.uba.ar\/iiep\/?s={search_term_string}"},"query-input":{"@type":"PropertyValueSpecification","valueRequired":true,"valueName":"search_term_string"}}],"inLanguage":"es-AR"},{"@type":"Organization","@id":"https:\/\/economicas.uba.ar\/iiep\/#organization","name":"IIEP","url":"https:\/\/economicas.uba.ar\/iiep\/","logo":{"@type":"ImageObject","inLanguage":"es-AR","@id":"https:\/\/economicas.uba.ar\/iiep\/#\/schema\/logo\/image\/","url":"https:\/\/economicas.uba.ar\/iiep\/wp-content\/uploads\/logo_iiep_light.svg","contentUrl":"https:\/\/economicas.uba.ar\/iiep\/wp-content\/uploads\/logo_iiep_light.svg","caption":"IIEP"},"image":{"@id":"https:\/\/economicas.uba.ar\/iiep\/#\/schema\/logo\/image\/"}}]}},"_links":{"self":[{"href":"https:\/\/economicas.uba.ar\/iiep\/wp-json\/wp\/v2\/pages\/21732","targetHints":{"allow":["GET"]}}],"collection":[{"href":"https:\/\/economicas.uba.ar\/iiep\/wp-json\/wp\/v2\/pages"}],"about":[{"href":"https:\/\/economicas.uba.ar\/iiep\/wp-json\/wp\/v2\/types\/page"}],"author":[{"embeddable":true,"href":"https:\/\/economicas.uba.ar\/iiep\/wp-json\/wp\/v2\/users\/9"}],"replies":[{"embeddable":true,"href":"https:\/\/economicas.uba.ar\/iiep\/wp-json\/wp\/v2\/comments?post=21732"}],"version-history":[{"count":13,"href":"https:\/\/economicas.uba.ar\/iiep\/wp-json\/wp\/v2\/pages\/21732\/revisions"}],"predecessor-version":[{"id":22846,"href":"https:\/\/economicas.uba.ar\/iiep\/wp-json\/wp\/v2\/pages\/21732\/revisions\/22846"}],"up":[{"embeddable":true,"href":"https:\/\/economicas.uba.ar\/iiep\/wp-json\/wp\/v2\/pages\/15115"}],"wp:attachment":[{"href":"https:\/\/economicas.uba.ar\/iiep\/wp-json\/wp\/v2\/media?parent=21732"}],"curies":[{"name":"wp","href":"https:\/\/api.w.org\/{rel}","templated":true}]}}