{"id":19578,"date":"2023-06-07T11:02:04","date_gmt":"2023-06-07T14:02:04","guid":{"rendered":"https:\/\/www.economicas.uba.ar\/posgrado\/?page_id=19578"},"modified":"2023-09-13T08:10:07","modified_gmt":"2023-09-13T11:10:07","slug":"novedades","status":"publish","type":"page","link":"https:\/\/economicas.uba.ar\/posgrado\/novedades\/","title":{"rendered":"Novedades"},"content":{"rendered":"\t\t<div data-elementor-type=\"wp-page\" data-elementor-id=\"19578\" class=\"elementor elementor-19578\" data-elementor-post-type=\"page\">\n\t\t\t\t<div class=\"elementor-element elementor-element-ad5937c e-flex e-con-boxed e-con e-parent\" data-id=\"ad5937c\" data-element_type=\"container\" data-e-type=\"container\">\n\t\t\t\t\t<div class=\"e-con-inner\">\n\t\t\t\t<div class=\"elementor-element elementor-element-eca8bdc elementor-widget elementor-widget-text-editor\" data-id=\"eca8bdc\" data-element_type=\"widget\" data-e-type=\"widget\" data-widget_type=\"text-editor.default\">\n\t\t\t\t<div class=\"elementor-widget-container\">\n\t\t\t\t\t\t\t\t\t<p><\/p><div style=\"background-image: url('https:\/\/www.economicas.uba.ar\/posgrado\/wp-content\/uploads\/2020\/08\/INTERNACIONALES_WEB.jpg'); height: 150px;\"><h1 style=\"margin-left: 20px; margin-top: 10px; padding-top: 40px;\"><span style=\"color: #808080;\">NOVEDADES<\/span><\/h1><\/div>\t\t\t\t\t\t\t\t<\/div>\n\t\t\t\t<\/div>\n\t\t\t\t\t<\/div>\n\t\t\t\t<\/div>\n\t\t<div class=\"elementor-element elementor-element-7549a677 e-con-full e-flex e-con e-parent\" data-id=\"7549a677\" data-element_type=\"container\" data-e-type=\"container\">\n\t\t<div class=\"elementor-element elementor-element-2c5449cf e-flex e-con-boxed e-con e-child\" data-id=\"2c5449cf\" data-element_type=\"container\" data-e-type=\"container\">\n\t\t\t\t\t<div class=\"e-con-inner\">\n\t\t\t\t<div class=\"elementor-element elementor-element-f32448c elementor-widget elementor-widget-blogmentor_blog_posts\" data-id=\"f32448c\" data-element_type=\"widget\" data-e-type=\"widget\" data-widget_type=\"blogmentor_blog_posts.default\">\n\t\t\t\t<div class=\"elementor-widget-container\">\n\t\t\t\t\t\t\t\n\t\t\t\t\t<div class=\"upl-main\">\n\t\t<div class=\"upl-container\">\n\t\t\t\t\t\t\t<div class=\"upl-left-section bm_content_box\">\n\t\t\t\t\t\t\t\t<div class=\"bm-post-image clearfix bm-hover-effect bm-hover-effect-opacity\">\n\t\t\t\t\t<div class=\"upl-image\" style=\"background-image: url('https:\/\/economicas.uba.ar\/posgrado\/wp-content\/uploads\/2026\/04\/Foto-web-diplo-coaching_Mesa-de-trabajo-1.jpg')\"><\/div>\n\t\t\t\t<\/div>\n\t\t\t\t<div class=\"upl-author\"><img decoding=\"async\" src=\"https:\/\/secure.gravatar.com\/avatar\/7fc15b9f19206cccc4c5026acd965d60b1196a4c4245cebec76021078ac8b448?s=96&d=mm&r=g\"><\/div>\n\t\t\t\t<div class=\"upl-title bm_title\"><a href=\"https:\/\/economicas.uba.ar\/posgrado\/diplomatura-de-posgrado-en-coaching-ontologico-emocional-y-organizacional-te-contamos-de-que-se-trata\/\" rel=\"bookmark\">Diplomatura de Posgrado en Coaching Ontol\u00f3gico, Emocional y Organizacional |\u00a0Te contamos de&hellip;<\/a><\/div>\t\t\t\t\t<div class=\"upl-excerpt bm_content\"> Con una propuesta acad\u00e9mica centrada en los desaf\u00edos actuales del mundo laboral, la ENAP ofrece su Diplomatura de Posgrado en Coaching Ontol\u00f3gico Emocional y Organizacional, cuyo Coordinador Acad\u00e9mico es el&hellip; <\/div>\n\t\t\t\t\t\t\t<\/div>\n\t\t\t\n\t\t\t\t\t\t<div class=\"upl-right-section\">\n\t\t\t\t<div class=\"upl-top bm_content_box\">\n\t\t\t\t\t<div class=\"bm-post-image clearfix bm-hover-effect bm-hover-effect-opacity\">\n\t\t\t\t\t\t<div class=\"upl-image\" style=\"background-image: url('https:\/\/economicas.uba.ar\/posgrado\/wp-content\/uploads\/2026\/04\/Foto-diplomaturas-web_Mesa-de-trabajo-1.jpg')\"><\/div>\n\t\t\t\t\t<\/div>\n\t\t\t\t\t<div class=\"upl-author\">\n\t\t\t\t\t\t<img decoding=\"async\" src=\"https:\/\/secure.gravatar.com\/avatar\/7fc15b9f19206cccc4c5026acd965d60b1196a4c4245cebec76021078ac8b448?s=96&d=mm&r=g\">\n\t\t\t\t\t<\/div>\n\t\t\t\t\t<div class=\"upl-title bm_title\"><a href=\"https:\/\/economicas.uba.ar\/posgrado\/diplomaturas-de-posgrado-formacion-academica-de-corta-duracion\/\" rel=\"bookmark\">Diplomaturas de Posgrado: formaci\u00f3n acad\u00e9mica de corta duraci\u00f3n<\/a><\/div>\t\t\t\t\t\t<div class=\"upl-excerpt bm_content\"> Cada vez m\u00e1s profesionales buscan alternativas de formaci\u00f3n que se ajusten a&hellip; <\/div>\n\t\t\t\t\t\t\t\t\t<\/div>\n\t\t\t\t\t\t\t<div class=\"upl-bottom bm_content_box\">\n\t\t\t\t\t<div class=\"bm-post-image clearfix bm-hover-effect bm-hover-effect-opacity\">\n\t\t\t\t\t\t<div class=\"upl-image\" style=\"background-image: url('https:\/\/economicas.uba.ar\/posgrado\/wp-content\/uploads\/2026\/03\/novedad-nota-infobae_Mesa-de-trabajo-1.jpg')\"><\/div>\n\t\t\t\t\t<\/div>\n\t\t\t\t\t<div class=\"upl-author\">\n\t\t\t\t\t\t<img decoding=\"async\" src=\"https:\/\/secure.gravatar.com\/avatar\/7fc15b9f19206cccc4c5026acd965d60b1196a4c4245cebec76021078ac8b448?s=96&d=mm&r=g\">\n\t\t\t\t\t<\/div>\n\t\t\t\t\t<div class=\"upl-title bm_title\"><a href=\"https:\/\/economicas.uba.ar\/posgrado\/estamos-en-los-medios-maestria-y-especializacion-en-gestion-empresaria-de-negocios-internacionales\/\" rel=\"bookmark\">Estamos en los medios | Maestr\u00eda y Especializaci\u00f3n en Gesti\u00f3n Empresaria de Negocios Internacionales<\/a><\/div>\t\t\t\t\t\t<div class=\"upl-excerpt bm_content\"> La ENAP ofrece dentro de su amplia oferta acad\u00e9mica la Maestr\u00eda y&hellip; <\/div>\n\t\t\t\t\t\t\t\t\t<\/div>\n\t\t\t\t\t\t<\/div>\n\t\t<\/div>\n\t<\/div>\n\n\t<div class=\"upl-second-section\">\n\t\t\t\t\t<div class=\"upl-second bm_content_box\">\n\t\t\t\t<div class=\"bm-post-image clearfix bm-hover-effect bm-hover-effect-opacity\">\n\t\t\t\t\t<div class=\"upl-image\" style=\"background-image: url('https:\/\/economicas.uba.ar\/posgrado\/wp-content\/uploads\/2026\/03\/Entrevista-M39.png')\"><\/div>\n\t\t\t\t<\/div>\n\t\t\t\t<div class=\"upl-author\">\n\t\t\t\t\t<img decoding=\"async\" src=\"https:\/\/secure.gravatar.com\/avatar\/7fc15b9f19206cccc4c5026acd965d60b1196a4c4245cebec76021078ac8b448?s=96&d=mm&r=g\">\n\t\t\t\t<\/div>\n\t\t\t\t<div class=\"upl-title bm_title\"><a href=\"https:\/\/economicas.uba.ar\/posgrado\/maestria-en-contabilidad-internacional-una-alumna-y-un-graduado-cuentan-su-experiencia\/\" rel=\"bookmark\">Maestr\u00eda en Contabilidad Internacional | Una alumna y un graduado cuentan su experiencia<\/a><\/div>\t\t\t\t\t<div class=\"upl-excerpt bm_content\"> Melina Miskow es Contadora P\u00fablica por la UADE y decidi\u00f3 dar un&hellip; <\/div>\n\t\t\t\t\t\t\t<\/div>\n\t\t\t\t\t<div class=\"upl-second bm_content_box\">\n\t\t\t\t<div class=\"bm-post-image clearfix bm-hover-effect bm-hover-effect-opacity\">\n\t\t\t\t\t<div class=\"upl-image\" style=\"background-image: url('https:\/\/economicas.uba.ar\/posgrado\/wp-content\/uploads\/2026\/03\/novedad-nota-estados-unidos_Mesa-de-trabajo-1.jpg')\"><\/div>\n\t\t\t\t<\/div>\n\t\t\t\t<div class=\"upl-author\">\n\t\t\t\t\t<img decoding=\"async\" src=\"https:\/\/secure.gravatar.com\/avatar\/7fc15b9f19206cccc4c5026acd965d60b1196a4c4245cebec76021078ac8b448?s=96&d=mm&r=g\">\n\t\t\t\t<\/div>\n\t\t\t\t<div class=\"upl-title bm_title\"><a href=\"https:\/\/economicas.uba.ar\/posgrado\/paradigmas-y-decisiones-de-trump-en-el-comercio-y-la-politica-exterior-de-los-eeuu-el-nuevo-contexto-internacional\/\" rel=\"bookmark\">Paradigmas y decisiones de Trump en el Comercio y la pol\u00edtica exterior de los EEUU:&hellip;<\/a><\/div>\t\t\t\t\t<div class=\"upl-excerpt bm_content\"> Los paradigmas y las decisiones de Trump en el Comercio y la&hellip; <\/div>\n\t\t\t\t\t\t\t<\/div>\n\t\t\t\t\t<div class=\"upl-second bm_content_box\">\n\t\t\t\t<div class=\"bm-post-image clearfix bm-hover-effect bm-hover-effect-opacity\">\n\t\t\t\t\t<div class=\"upl-image\" style=\"background-image: url('https:\/\/economicas.uba.ar\/posgrado\/wp-content\/uploads\/2026\/03\/inicio-de-clases-map_Mesa-de-trabajo-1.jpg')\"><\/div>\n\t\t\t\t<\/div>\n\t\t\t\t<div class=\"upl-author\">\n\t\t\t\t\t<img decoding=\"async\" src=\"https:\/\/secure.gravatar.com\/avatar\/7fc15b9f19206cccc4c5026acd965d60b1196a4c4245cebec76021078ac8b448?s=96&d=mm&r=g\">\n\t\t\t\t<\/div>\n\t\t\t\t<div class=\"upl-title bm_title\"><a href=\"https:\/\/economicas.uba.ar\/posgrado\/la-maestria-en-administracion-publica-dio-la-bienvenida-a-la-cohorte-2026-2027\/\" rel=\"bookmark\">La Maestr\u00eda en Administraci\u00f3n P\u00fablica dio la bienvenida a la cohorte 2026-2027<\/a><\/div>\t\t\t\t\t<div class=\"upl-excerpt bm_content\"> Durante la primera materia, Estado y sociedad, a cargo del profesor Sebasti\u00e1n&hellip; <\/div>\n\t\t\t\t\t\t\t<\/div>\n\t\t\t\t\t<div class=\"upl-second bm_content_box\">\n\t\t\t\t<div class=\"bm-post-image clearfix bm-hover-effect bm-hover-effect-opacity\">\n\t\t\t\t\t<div class=\"upl-image\" style=\"background-image: url('https:\/\/economicas.uba.ar\/posgrado\/wp-content\/uploads\/2026\/03\/8M_novedades.png')\"><\/div>\n\t\t\t\t<\/div>\n\t\t\t\t<div class=\"upl-author\">\n\t\t\t\t\t<img decoding=\"async\" src=\"https:\/\/secure.gravatar.com\/avatar\/7fc15b9f19206cccc4c5026acd965d60b1196a4c4245cebec76021078ac8b448?s=96&d=mm&r=g\">\n\t\t\t\t<\/div>\n\t\t\t\t<div class=\"upl-title bm_title\"><a href=\"https:\/\/economicas.uba.ar\/posgrado\/dia-internacional-de-la-mujer-trabajadora-conoce-a-la-graduadas-que-realizaron-sus-trabajos-finales-sobre-tematicas-con-perspectiva-de-genero\/\" rel=\"bookmark\">D\u00eda Internacional de la Mujer Trabajadora: conoc\u00e9 a la graduadas que realizaron sus Trabajos Finales&hellip;<\/a><\/div>\t\t\t\t\t<div class=\"upl-excerpt bm_content\"> Paola Berias, graduada de la Maestr\u00eda en Administraci\u00f3n P\u00fablica, nos cont\u00f3 su&hellip; <\/div>\n\t\t\t\t\t\t\t<\/div>\n\t\t\t\t\t<div class=\"upl-second bm_content_box\">\n\t\t\t\t<div class=\"bm-post-image clearfix bm-hover-effect bm-hover-effect-opacity\">\n\t\t\t\t\t<div class=\"upl-image\" style=\"background-image: url('https:\/\/economicas.uba.ar\/posgrado\/wp-content\/uploads\/2026\/03\/foto-novedad-mba-web_Mesa-de-trabajo-1.jpg')\"><\/div>\n\t\t\t\t<\/div>\n\t\t\t\t<div class=\"upl-author\">\n\t\t\t\t\t<img decoding=\"async\" src=\"https:\/\/secure.gravatar.com\/avatar\/7fc15b9f19206cccc4c5026acd965d60b1196a4c4245cebec76021078ac8b448?s=96&d=mm&r=g\">\n\t\t\t\t<\/div>\n\t\t\t\t<div class=\"upl-title bm_title\"><a href=\"https:\/\/economicas.uba.ar\/posgrado\/catalino-nunez-te-cuenta-todo-lo-que-tenes-que-saber-sobre-el-mba-de-la-enap\/\" rel=\"bookmark\">Catalino Nu\u00f1ez te cuenta todo lo que ten\u00e9s que saber sobre el MBA de la&hellip;<\/a><\/div>\t\t\t\t\t<div class=\"upl-excerpt bm_content\"> Catalino Nu\u00f1ez, Director la Maestr\u00eda en Administraci\u00f3n | MBA y Director General&hellip; <\/div>\n\t\t\t\t\t\t\t<\/div>\n\t\t\t\t\t<div class=\"upl-second bm_content_box\">\n\t\t\t\t<div class=\"bm-post-image clearfix bm-hover-effect bm-hover-effect-opacity\">\n\t\t\t\t\t<div class=\"upl-image\" style=\"background-image: url('https:\/\/economicas.uba.ar\/posgrado\/wp-content\/uploads\/2026\/02\/novedad-coneau_Mesa-de-trabajo-1.jpg')\"><\/div>\n\t\t\t\t<\/div>\n\t\t\t\t<div class=\"upl-author\">\n\t\t\t\t\t<img decoding=\"async\" src=\"https:\/\/secure.gravatar.com\/avatar\/7fc15b9f19206cccc4c5026acd965d60b1196a4c4245cebec76021078ac8b448?s=96&d=mm&r=g\">\n\t\t\t\t<\/div>\n\t\t\t\t<div class=\"upl-title bm_title\"><a href=\"https:\/\/economicas.uba.ar\/posgrado\/la-coneau-el-organismo-que-garantiza-la-calidad-de-las-universidades-en-argentina\/\" rel=\"bookmark\">La CONEAU: el organismo que garantiza la calidad de las universidades en Argentina<\/a><\/div>\t\t\t\t\t<div class=\"upl-excerpt bm_content\"> Si est\u00e1s pensando en cursar un posgrado, hay un aspecto clave que&hellip; <\/div>\n\t\t\t\t\t\t\t<\/div>\n\t\t\t<\/div>\n\t\t\t<div class=\"bm-pagination pagination_style_2\">\n\t\t\t\t<span aria-current=\"page\" class=\"page-numbers current\">1<\/span>\n<a class=\"page-numbers\" href=\"https:\/\/economicas.uba.ar\/posgrado\/wp-json\/wp\/v2\/pages\/19578\/page\/2\/\">2<\/a>\n<span class=\"page-numbers dots\">&hellip;<\/span>\n<a class=\"page-numbers\" href=\"https:\/\/economicas.uba.ar\/posgrado\/wp-json\/wp\/v2\/pages\/19578\/page\/16\/\">16<\/a>\n<a class=\"page-numbers\" href=\"https:\/\/economicas.uba.ar\/posgrado\/wp-json\/wp\/v2\/pages\/19578\/page\/17\/\">17<\/a>\n<a class=\"next page-numbers\" href=\"https:\/\/economicas.uba.ar\/posgrado\/wp-json\/wp\/v2\/pages\/19578\/page\/2\/\">  <i><\/i><\/a>\t\t\t<\/div>\n\t\t\t\t\t\t<\/div>\n\t\t\t\t<\/div>\n\t\t\t\t\t<\/div>\n\t\t\t\t<\/div>\n\t\t\t\t<\/div>\n\t\t\t\t<section class=\"elementor-section elementor-top-section elementor-element elementor-element-1d9b9c9 elementor-hidden-phone elementor-hidden-tablet elementor-section-boxed elementor-section-height-default elementor-section-height-default\" data-id=\"1d9b9c9\" data-element_type=\"section\" data-e-type=\"section\">\n\t\t\t\t\t\t<div class=\"elementor-container elementor-column-gap-default\">\n\t\t\t\t\t<div class=\"elementor-column elementor-col-100 elementor-top-column elementor-element elementor-element-3a016da\" data-id=\"3a016da\" data-element_type=\"column\" data-e-type=\"column\">\n\t\t\t<div class=\"elementor-widget-wrap elementor-element-populated\">\n\t\t\t\t\t\t<div class=\"elementor-element elementor-element-3947c63 elementor-widget elementor-widget-html\" data-id=\"3947c63\" data-element_type=\"widget\" data-e-type=\"widget\" data-widget_type=\"html.default\">\n\t\t\t\t<div class=\"elementor-widget-container\">\n\t\t\t\t\t<div class=\"embed-container\"><iframe src=\"https:\/\/www.economicas.uba.ar\/posgrado\/wd_carreras\/\" width=\"100%\" height=\"300\" frameborder=\"0\" scrolling=\"yes\" allowfullscreen=\"allowfullscreen\"><\/iframe><\/div>\t\t\t\t<\/div>\n\t\t\t\t<\/div>\n\t\t\t\t\t<\/div>\n\t\t<\/div>\n\t\t\t\t\t<\/div>\n\t\t<\/section>\n\t\t\t\t<section class=\"elementor-section elementor-top-section elementor-element elementor-element-61bf736 elementor-hidden-desktop elementor-section-boxed elementor-section-height-default elementor-section-height-default\" data-id=\"61bf736\" data-element_type=\"section\" data-e-type=\"section\">\n\t\t\t\t\t\t<div class=\"elementor-container elementor-column-gap-default\">\n\t\t\t\t\t<div class=\"elementor-column elementor-col-100 elementor-top-column elementor-element elementor-element-5e48679 elementor-hidden-desktop elementor-hidden-tablet\" data-id=\"5e48679\" data-element_type=\"column\" data-e-type=\"column\">\n\t\t\t<div class=\"elementor-widget-wrap elementor-element-populated\">\n\t\t\t\t\t\t<div class=\"elementor-element elementor-element-0f78ca6 elementor-widget elementor-widget-html\" data-id=\"0f78ca6\" data-element_type=\"widget\" data-e-type=\"widget\" data-widget_type=\"html.default\">\n\t\t\t\t<div class=\"elementor-widget-container\">\n\t\t\t\t\t<div class=\"embed-container\"><iframe src=\"https:\/\/www.economicas.uba.ar\/posgrado\/wd_carreras_movil\/\" width=\"100%\" height=\"760\" frameborder=\"0\" scrolling=\"no\" allowfullscreen=\"allowfullscreen\"><\/iframe><\/div>\t\t\t\t<\/div>\n\t\t\t\t<\/div>\n\t\t\t\t\t<\/div>\n\t\t<\/div>\n\t\t\t\t\t<\/div>\n\t\t<\/section>\n\t\t\t\t<\/div>\n\t\t","protected":false},"excerpt":{"rendered":"<div class=\"slide-text-bg2\"><span>NOVEDADES \u00a1BENEFICIOS! &#8211; Matriculate hasta el 30 de septiembre a valor 2023 En la ENAP, tenemos estos importantes beneficios pensados para vos: \u25aa\ufe0f Hasta el 30 de septiembre matriculate a va<\/span><\/div>\n<div class=\"slide-btn-area-sm\"><a href=\"https:\/\/economicas.uba.ar\/posgrado\/novedades\/\" class=\"slide-btn-sm\">Leer M\u00e1s<\/a><\/div>\n","protected":false},"author":4,"featured_media":0,"parent":0,"menu_order":0,"comment_status":"closed","ping_status":"closed","template":"elementor_header_footer","meta":{"footnotes":""},"class_list":["post-19578","page","type-page","status-publish","hentry"],"yoast_head":"<!-- This site is optimized with the Yoast SEO plugin v27.4 - https:\/\/yoast.com\/product\/yoast-seo-wordpress\/ -->\n<title>Novedades - Escuela de Negocios y Administraci\u00f3n P\u00fablica<\/title>\n<meta name=\"robots\" content=\"index, follow, max-snippet:-1, max-image-preview:large, max-video-preview:-1\" \/>\n<link rel=\"canonical\" href=\"https:\/\/economicas.uba.ar\/posgrado\/novedades\/\" \/>\n<meta property=\"og:locale\" content=\"es_ES\" \/>\n<meta property=\"og:type\" content=\"article\" \/>\n<meta property=\"og:title\" content=\"Novedades - Escuela de Negocios y Administraci\u00f3n P\u00fablica\" \/>\n<meta property=\"og:description\" content=\"NOVEDADES \u00a1BENEFICIOS! &#8211; Matriculate hasta el 30 de septiembre a valor 2023 En la ENAP, tenemos estos importantes beneficios pensados para vos: \u25aa\ufe0f Hasta el 30 de septiembre matriculate a vaLeer M\u00e1s\" \/>\n<meta property=\"og:url\" content=\"https:\/\/economicas.uba.ar\/posgrado\/novedades\/\" \/>\n<meta property=\"og:site_name\" content=\"Escuela de Negocios y Administraci\u00f3n P\u00fablica\" \/>\n<meta property=\"article:publisher\" content=\"https:\/\/www.facebook.com\/PosgradoFCEUBA\/\" \/>\n<meta property=\"article:modified_time\" content=\"2023-09-13T11:10:07+00:00\" \/>\n<meta property=\"og:image\" content=\"https:\/\/secure.gravatar.com\/avatar\/dd98397bf03af3837e13bbcc16207d62?s=96&d=mm&r=g\" \/>\n<meta name=\"twitter:card\" content=\"summary_large_image\" \/>\n<meta name=\"twitter:site\" content=\"@sposgradofceuba\" \/>\n<meta name=\"twitter:label1\" content=\"Tiempo de lectura\" \/>\n\t<meta name=\"twitter:data1\" content=\"5 minutos\" \/>\n<script type=\"application\/ld+json\" class=\"yoast-schema-graph\">{\"@context\":\"https:\\\/\\\/schema.org\",\"@graph\":[{\"@type\":\"WebPage\",\"@id\":\"https:\\\/\\\/economicas.uba.ar\\\/posgrado\\\/novedades\\\/\",\"url\":\"https:\\\/\\\/economicas.uba.ar\\\/posgrado\\\/novedades\\\/\",\"name\":\"Novedades - Escuela de Negocios y Administraci\u00f3n P\u00fablica\",\"isPartOf\":{\"@id\":\"https:\\\/\\\/economicas.uba.ar\\\/posgrado\\\/#website\"},\"primaryImageOfPage\":{\"@id\":\"https:\\\/\\\/economicas.uba.ar\\\/posgrado\\\/novedades\\\/#primaryimage\"},\"image\":{\"@id\":\"https:\\\/\\\/economicas.uba.ar\\\/posgrado\\\/novedades\\\/#primaryimage\"},\"thumbnailUrl\":\"https:\\\/\\\/secure.gravatar.com\\\/avatar\\\/dd98397bf03af3837e13bbcc16207d62?s=96&d=mm&r=g\",\"datePublished\":\"2023-06-07T14:02:04+00:00\",\"dateModified\":\"2023-09-13T11:10:07+00:00\",\"breadcrumb\":{\"@id\":\"https:\\\/\\\/economicas.uba.ar\\\/posgrado\\\/novedades\\\/#breadcrumb\"},\"inLanguage\":\"es-AR\",\"potentialAction\":[{\"@type\":\"ReadAction\",\"target\":[\"https:\\\/\\\/economicas.uba.ar\\\/posgrado\\\/novedades\\\/\"]}]},{\"@type\":\"ImageObject\",\"inLanguage\":\"es-AR\",\"@id\":\"https:\\\/\\\/economicas.uba.ar\\\/posgrado\\\/novedades\\\/#primaryimage\",\"url\":\"https:\\\/\\\/secure.gravatar.com\\\/avatar\\\/dd98397bf03af3837e13bbcc16207d62?s=96&d=mm&r=g\",\"contentUrl\":\"https:\\\/\\\/secure.gravatar.com\\\/avatar\\\/dd98397bf03af3837e13bbcc16207d62?s=96&d=mm&r=g\"},{\"@type\":\"BreadcrumbList\",\"@id\":\"https:\\\/\\\/economicas.uba.ar\\\/posgrado\\\/novedades\\\/#breadcrumb\",\"itemListElement\":[{\"@type\":\"ListItem\",\"position\":1,\"name\":\"Inicio\",\"item\":\"https:\\\/\\\/economicas.uba.ar\\\/posgrado\\\/\"},{\"@type\":\"ListItem\",\"position\":2,\"name\":\"Novedades\"}]},{\"@type\":\"WebSite\",\"@id\":\"https:\\\/\\\/economicas.uba.ar\\\/posgrado\\\/#website\",\"url\":\"https:\\\/\\\/economicas.uba.ar\\\/posgrado\\\/\",\"name\":\"Escuela de Negocios y Administraci\u00f3n P\u00fablica | Posgrado\",\"description\":\"\",\"publisher\":{\"@id\":\"https:\\\/\\\/economicas.uba.ar\\\/posgrado\\\/#organization\"},\"potentialAction\":[{\"@type\":\"SearchAction\",\"target\":{\"@type\":\"EntryPoint\",\"urlTemplate\":\"https:\\\/\\\/economicas.uba.ar\\\/posgrado\\\/?s={search_term_string}\"},\"query-input\":{\"@type\":\"PropertyValueSpecification\",\"valueRequired\":true,\"valueName\":\"search_term_string\"}}],\"inLanguage\":\"es-AR\"},{\"@type\":\"Organization\",\"@id\":\"https:\\\/\\\/economicas.uba.ar\\\/posgrado\\\/#organization\",\"name\":\"Escuela de negocios y administraci\u00f3n p\u00fablica | Posgrado\",\"url\":\"https:\\\/\\\/economicas.uba.ar\\\/posgrado\\\/\",\"logo\":{\"@type\":\"ImageObject\",\"inLanguage\":\"es-AR\",\"@id\":\"https:\\\/\\\/economicas.uba.ar\\\/posgrado\\\/#\\\/schema\\\/logo\\\/image\\\/\",\"url\":\"https:\\\/\\\/www.economicas.uba.ar\\\/posgrado\\\/wp-content\\\/uploads\\\/2019\\\/12\\\/20190315-Acto-Bienvenida-Ingresantes-2019-novedades.jpg\",\"contentUrl\":\"https:\\\/\\\/www.economicas.uba.ar\\\/posgrado\\\/wp-content\\\/uploads\\\/2019\\\/12\\\/20190315-Acto-Bienvenida-Ingresantes-2019-novedades.jpg\",\"width\":1771,\"height\":834,\"caption\":\"Escuela de negocios y administraci\u00f3n p\u00fablica | Posgrado\"},\"image\":{\"@id\":\"https:\\\/\\\/economicas.uba.ar\\\/posgrado\\\/#\\\/schema\\\/logo\\\/image\\\/\"},\"sameAs\":[\"https:\\\/\\\/www.facebook.com\\\/PosgradoFCEUBA\\\/\",\"https:\\\/\\\/x.com\\\/sposgradofceuba\",\"https:\\\/\\\/www.instagram.com\\\/posgradofceuba\\\/\"]}]}<\/script>\n<!-- \/ Yoast SEO plugin. -->","yoast_head_json":{"title":"Novedades - Escuela de Negocios y Administraci\u00f3n P\u00fablica","robots":{"index":"index","follow":"follow","max-snippet":"max-snippet:-1","max-image-preview":"max-image-preview:large","max-video-preview":"max-video-preview:-1"},"canonical":"https:\/\/economicas.uba.ar\/posgrado\/novedades\/","og_locale":"es_ES","og_type":"article","og_title":"Novedades - Escuela de Negocios y Administraci\u00f3n P\u00fablica","og_description":"NOVEDADES \u00a1BENEFICIOS! &#8211; Matriculate hasta el 30 de septiembre a valor 2023 En la ENAP, tenemos estos importantes beneficios pensados para vos: \u25aa\ufe0f Hasta el 30 de septiembre matriculate a vaLeer M\u00e1s","og_url":"https:\/\/economicas.uba.ar\/posgrado\/novedades\/","og_site_name":"Escuela de Negocios y Administraci\u00f3n P\u00fablica","article_publisher":"https:\/\/www.facebook.com\/PosgradoFCEUBA\/","article_modified_time":"2023-09-13T11:10:07+00:00","og_image":[{"url":"https:\/\/secure.gravatar.com\/avatar\/dd98397bf03af3837e13bbcc16207d62?s=96&d=mm&r=g","type":"","width":"","height":""}],"twitter_card":"summary_large_image","twitter_site":"@sposgradofceuba","twitter_misc":{"Tiempo de lectura":"5 minutos"},"schema":{"@context":"https:\/\/schema.org","@graph":[{"@type":"WebPage","@id":"https:\/\/economicas.uba.ar\/posgrado\/novedades\/","url":"https:\/\/economicas.uba.ar\/posgrado\/novedades\/","name":"Novedades - Escuela de Negocios y Administraci\u00f3n P\u00fablica","isPartOf":{"@id":"https:\/\/economicas.uba.ar\/posgrado\/#website"},"primaryImageOfPage":{"@id":"https:\/\/economicas.uba.ar\/posgrado\/novedades\/#primaryimage"},"image":{"@id":"https:\/\/economicas.uba.ar\/posgrado\/novedades\/#primaryimage"},"thumbnailUrl":"https:\/\/secure.gravatar.com\/avatar\/dd98397bf03af3837e13bbcc16207d62?s=96&d=mm&r=g","datePublished":"2023-06-07T14:02:04+00:00","dateModified":"2023-09-13T11:10:07+00:00","breadcrumb":{"@id":"https:\/\/economicas.uba.ar\/posgrado\/novedades\/#breadcrumb"},"inLanguage":"es-AR","potentialAction":[{"@type":"ReadAction","target":["https:\/\/economicas.uba.ar\/posgrado\/novedades\/"]}]},{"@type":"ImageObject","inLanguage":"es-AR","@id":"https:\/\/economicas.uba.ar\/posgrado\/novedades\/#primaryimage","url":"https:\/\/secure.gravatar.com\/avatar\/dd98397bf03af3837e13bbcc16207d62?s=96&d=mm&r=g","contentUrl":"https:\/\/secure.gravatar.com\/avatar\/dd98397bf03af3837e13bbcc16207d62?s=96&d=mm&r=g"},{"@type":"BreadcrumbList","@id":"https:\/\/economicas.uba.ar\/posgrado\/novedades\/#breadcrumb","itemListElement":[{"@type":"ListItem","position":1,"name":"Inicio","item":"https:\/\/economicas.uba.ar\/posgrado\/"},{"@type":"ListItem","position":2,"name":"Novedades"}]},{"@type":"WebSite","@id":"https:\/\/economicas.uba.ar\/posgrado\/#website","url":"https:\/\/economicas.uba.ar\/posgrado\/","name":"Escuela de Negocios y Administraci\u00f3n P\u00fablica | Posgrado","description":"","publisher":{"@id":"https:\/\/economicas.uba.ar\/posgrado\/#organization"},"potentialAction":[{"@type":"SearchAction","target":{"@type":"EntryPoint","urlTemplate":"https:\/\/economicas.uba.ar\/posgrado\/?s={search_term_string}"},"query-input":{"@type":"PropertyValueSpecification","valueRequired":true,"valueName":"search_term_string"}}],"inLanguage":"es-AR"},{"@type":"Organization","@id":"https:\/\/economicas.uba.ar\/posgrado\/#organization","name":"Escuela de negocios y administraci\u00f3n p\u00fablica | Posgrado","url":"https:\/\/economicas.uba.ar\/posgrado\/","logo":{"@type":"ImageObject","inLanguage":"es-AR","@id":"https:\/\/economicas.uba.ar\/posgrado\/#\/schema\/logo\/image\/","url":"https:\/\/www.economicas.uba.ar\/posgrado\/wp-content\/uploads\/2019\/12\/20190315-Acto-Bienvenida-Ingresantes-2019-novedades.jpg","contentUrl":"https:\/\/www.economicas.uba.ar\/posgrado\/wp-content\/uploads\/2019\/12\/20190315-Acto-Bienvenida-Ingresantes-2019-novedades.jpg","width":1771,"height":834,"caption":"Escuela de negocios y administraci\u00f3n p\u00fablica | Posgrado"},"image":{"@id":"https:\/\/economicas.uba.ar\/posgrado\/#\/schema\/logo\/image\/"},"sameAs":["https:\/\/www.facebook.com\/PosgradoFCEUBA\/","https:\/\/x.com\/sposgradofceuba","https:\/\/www.instagram.com\/posgradofceuba\/"]}]}},"_links":{"self":[{"href":"https:\/\/economicas.uba.ar\/posgrado\/wp-json\/wp\/v2\/pages\/19578","targetHints":{"allow":["GET"]}}],"collection":[{"href":"https:\/\/economicas.uba.ar\/posgrado\/wp-json\/wp\/v2\/pages"}],"about":[{"href":"https:\/\/economicas.uba.ar\/posgrado\/wp-json\/wp\/v2\/types\/page"}],"author":[{"embeddable":true,"href":"https:\/\/economicas.uba.ar\/posgrado\/wp-json\/wp\/v2\/users\/4"}],"replies":[{"embeddable":true,"href":"https:\/\/economicas.uba.ar\/posgrado\/wp-json\/wp\/v2\/comments?post=19578"}],"version-history":[{"count":20,"href":"https:\/\/economicas.uba.ar\/posgrado\/wp-json\/wp\/v2\/pages\/19578\/revisions"}],"predecessor-version":[{"id":29971,"href":"https:\/\/economicas.uba.ar\/posgrado\/wp-json\/wp\/v2\/pages\/19578\/revisions\/29971"}],"wp:attachment":[{"href":"https:\/\/economicas.uba.ar\/posgrado\/wp-json\/wp\/v2\/media?parent=19578"}],"curies":[{"name":"wp","href":"https:\/\/api.w.org\/{rel}","templated":true}]}}