{"id":3416,"date":"2020-02-13T10:28:27","date_gmt":"2020-02-13T13:28:27","guid":{"rendered":"https:\/\/www.economicas.uba.ar\/posgrado\/?page_id=3416"},"modified":"2025-11-12T11:07:29","modified_gmt":"2025-11-12T14:07:29","slug":"wd_carreras","status":"publish","type":"page","link":"https:\/\/economicas.uba.ar\/posgrado\/wd_carreras\/","title":{"rendered":"Reuniones Informativas"},"content":{"rendered":"\t\t<div data-elementor-type=\"wp-page\" data-elementor-id=\"3416\" class=\"elementor elementor-3416\" data-elementor-post-type=\"page\">\n\t\t\t\t<div class=\"elementor-element elementor-element-a481b18 no-print e-flex e-con-boxed e-con e-parent\" data-id=\"a481b18\" data-element_type=\"container\" data-e-type=\"container\">\n\t\t\t\t\t<div class=\"e-con-inner\">\n\t\t<div class=\"elementor-element elementor-element-1af03e1 e-con-full no-print e-flex e-con e-child\" data-id=\"1af03e1\" data-element_type=\"container\" data-e-type=\"container\">\n\t\t\t\t<div class=\"elementor-element elementor-element-e496a5a elementor-widget elementor-widget-image\" data-id=\"e496a5a\" data-element_type=\"widget\" data-e-type=\"widget\" data-widget_type=\"image.default\">\n\t\t\t\t<div class=\"elementor-widget-container\">\n\t\t\t\t\t\t\t\t\t\t\t\t\t\t\t\t<a href=\"https:\/\/mi.econ.uba.ar\/web\/www\/PosgradosUBA.php\" target=\"_blank\">\n\t\t\t\t\t\t\t<img decoding=\"async\" src=\"https:\/\/economicas.uba.ar\/posgrado\/wp-content\/uploads\/elementor\/thumbs\/REUNIONES-INFORMATIVAS-qo85hyqng8ff4fs4grxfkcspbvwva6es9cfb4r2jf4.png\" title=\"REUNIONES-INFORMATIVAS\" alt=\"REUNIONES-INFORMATIVAS\" loading=\"lazy\" \/>\t\t\t\t\t\t\t\t<\/a>\n\t\t\t\t\t\t\t\t\t\t\t\t\t\t\t<\/div>\n\t\t\t\t<\/div>\n\t\t\t\t<\/div>\n\t\t<div class=\"elementor-element elementor-element-a3131c6 e-con-full no-print e-flex e-con e-child\" data-id=\"a3131c6\" data-element_type=\"container\" data-e-type=\"container\">\n\t\t\t\t<div class=\"elementor-element elementor-element-1517892 elementor-widget elementor-widget-image\" data-id=\"1517892\" data-element_type=\"widget\" data-e-type=\"widget\" data-widget_type=\"image.default\">\n\t\t\t\t<div class=\"elementor-widget-container\">\n\t\t\t\t\t\t\t\t\t\t\t\t\t\t\t\t<a href=\"https:\/\/www.economicas.uba.ar\/posgrado\/aranceles\/\" target=\"_blank\">\n\t\t\t\t\t\t\t<img decoding=\"async\" src=\"https:\/\/economicas.uba.ar\/posgrado\/wp-content\/uploads\/elementor\/thumbs\/FINANCIACION-02-qxomrskq1oltkscsb4n3zyx4pmiwbua7sm9gvtrb2o.png\" title=\"FINANCIACION-02\" alt=\"Financiaci\u00f3n\" loading=\"lazy\" \/>\t\t\t\t\t\t\t\t<\/a>\n\t\t\t\t\t\t\t\t\t\t\t\t\t\t\t<\/div>\n\t\t\t\t<\/div>\n\t\t\t\t<\/div>\n\t\t<div class=\"elementor-element elementor-element-3632ce3 e-con-full no-print e-flex e-con e-child\" data-id=\"3632ce3\" data-element_type=\"container\" data-e-type=\"container\">\n\t\t\t\t<div class=\"elementor-element elementor-element-0f362cb elementor-widget elementor-widget-image\" data-id=\"0f362cb\" data-element_type=\"widget\" data-e-type=\"widget\" data-widget_type=\"image.default\">\n\t\t\t\t<div class=\"elementor-widget-container\">\n\t\t\t\t\t\t\t\t\t\t\t\t\t\t\t\t<a href=\"https:\/\/www.economicas.uba.ar\/posgrado\/como-postularse\/internacionales\/\" target=\"_blank\">\n\t\t\t\t\t\t\t<img decoding=\"async\" src=\"https:\/\/economicas.uba.ar\/posgrado\/wp-content\/uploads\/elementor\/thumbs\/Postulantes-Internacionales.-web-qo85i0mbtwhzrnpe5sqopcbminnlpkm8xlqa3azr2o.png\" title=\"Postulantes-Internacionales.-web\" alt=\"Postulantes-Internacionales.-web\" loading=\"lazy\" \/>\t\t\t\t\t\t\t\t<\/a>\n\t\t\t\t\t\t\t\t\t\t\t\t\t\t\t<\/div>\n\t\t\t\t<\/div>\n\t\t\t\t<\/div>\n\t\t<div class=\"elementor-element elementor-element-d0b8edd e-con-full no-print e-flex e-con e-child\" data-id=\"d0b8edd\" data-element_type=\"container\" data-e-type=\"container\">\n\t\t\t\t<div class=\"elementor-element elementor-element-a137c4f elementor-widget elementor-widget-image\" data-id=\"a137c4f\" data-element_type=\"widget\" data-e-type=\"widget\" data-widget_type=\"image.default\">\n\t\t\t\t<div class=\"elementor-widget-container\">\n\t\t\t\t\t\t\t\t\t\t\t\t\t\t\t\t<a href=\"https:\/\/www.economicas.uba.ar\/posgrado\/beneficios\/\" target=\"_blank\">\n\t\t\t\t\t\t\t<img decoding=\"async\" src=\"https:\/\/economicas.uba.ar\/posgrado\/wp-content\/uploads\/elementor\/thumbs\/BENEFICIOS-qo85hyqng8ff4fs4grxfkcspbvwva6es9cfb4r2jf4.png\" title=\"BENEFICIOS\" alt=\"BENEFICIOS\" loading=\"lazy\" \/>\t\t\t\t\t\t\t\t<\/a>\n\t\t\t\t\t\t\t\t\t\t\t\t\t\t\t<\/div>\n\t\t\t\t<\/div>\n\t\t\t\t<\/div>\n\t\t\t\t\t<\/div>\n\t\t\t\t<\/div>\n\t\t\t\t<\/div>\n\t\t","protected":false},"excerpt":{"rendered":"<div class=\"slide-text-bg2\"><span><\/span><\/div>\n","protected":false},"author":1,"featured_media":0,"parent":0,"menu_order":0,"comment_status":"closed","ping_status":"closed","template":"elementor_canvas","meta":{"footnotes":""},"class_list":["post-3416","page","type-page","status-publish","hentry"],"yoast_head":"<!-- This site is optimized with the Yoast SEO plugin v27.4 - https:\/\/yoast.com\/product\/yoast-seo-wordpress\/ -->\n<title>Reuniones Informativas - Escuela de Negocios y Administraci\u00f3n P\u00fablica<\/title>\n<meta name=\"description\" content=\"Particip\u00e1 de nuestras reuniones informativas y conoc\u00e9 todo sobre la oferta de posgrados de Econ\u00f3micas UBA. Modalidad, contenidos y requisitos\" \/>\n<meta name=\"robots\" content=\"index, follow, max-snippet:-1, max-image-preview:large, max-video-preview:-1\" \/>\n<link rel=\"canonical\" href=\"https:\/\/economicas.uba.ar\/posgrado\/wd_carreras\/\" \/>\n<meta property=\"og:locale\" content=\"es_ES\" \/>\n<meta property=\"og:type\" content=\"article\" \/>\n<meta property=\"og:title\" content=\"Reuniones Informativas - Escuela de Negocios y Administraci\u00f3n P\u00fablica\" \/>\n<meta property=\"og:description\" content=\"Particip\u00e1 de nuestras reuniones informativas y conoc\u00e9 todo sobre la oferta de posgrados de Econ\u00f3micas UBA. Modalidad, contenidos y requisitos\" \/>\n<meta property=\"og:url\" content=\"https:\/\/economicas.uba.ar\/posgrado\/wd_carreras\/\" \/>\n<meta property=\"og:site_name\" content=\"Escuela de Negocios y Administraci\u00f3n P\u00fablica\" \/>\n<meta property=\"article:publisher\" content=\"https:\/\/www.facebook.com\/PosgradoFCEUBA\/\" \/>\n<meta property=\"article:modified_time\" content=\"2025-11-12T14:07:29+00:00\" \/>\n<meta property=\"og:image\" content=\"https:\/\/economicas.uba.ar\/posgrado\/wp-content\/uploads\/elementor\/thumbs\/REUNIONES-INFORMATIVAS-qo85hyqng8ff4fs4grxfkcspbvwva6es9cfb4r2jf4.png\" \/>\n<meta name=\"twitter:card\" content=\"summary_large_image\" \/>\n<meta name=\"twitter:site\" content=\"@sposgradofceuba\" \/>\n<meta name=\"twitter:label1\" content=\"Tiempo de lectura\" \/>\n\t<meta name=\"twitter:data1\" content=\"1 minuto\" \/>\n<script type=\"application\/ld+json\" class=\"yoast-schema-graph\">{\"@context\":\"https:\\\/\\\/schema.org\",\"@graph\":[{\"@type\":\"WebPage\",\"@id\":\"https:\\\/\\\/economicas.uba.ar\\\/posgrado\\\/wd_carreras\\\/\",\"url\":\"https:\\\/\\\/economicas.uba.ar\\\/posgrado\\\/wd_carreras\\\/\",\"name\":\"Reuniones Informativas - Escuela de Negocios y Administraci\u00f3n P\u00fablica\",\"isPartOf\":{\"@id\":\"https:\\\/\\\/economicas.uba.ar\\\/posgrado\\\/#website\"},\"primaryImageOfPage\":{\"@id\":\"https:\\\/\\\/economicas.uba.ar\\\/posgrado\\\/wd_carreras\\\/#primaryimage\"},\"image\":{\"@id\":\"https:\\\/\\\/economicas.uba.ar\\\/posgrado\\\/wd_carreras\\\/#primaryimage\"},\"thumbnailUrl\":\"https:\\\/\\\/economicas.uba.ar\\\/posgrado\\\/wp-content\\\/uploads\\\/elementor\\\/thumbs\\\/REUNIONES-INFORMATIVAS-qo85hyqng8ff4fs4grxfkcspbvwva6es9cfb4r2jf4.png\",\"datePublished\":\"2020-02-13T13:28:27+00:00\",\"dateModified\":\"2025-11-12T14:07:29+00:00\",\"description\":\"Particip\u00e1 de nuestras reuniones informativas y conoc\u00e9 todo sobre la oferta de posgrados de Econ\u00f3micas UBA. Modalidad, contenidos y requisitos\",\"breadcrumb\":{\"@id\":\"https:\\\/\\\/economicas.uba.ar\\\/posgrado\\\/wd_carreras\\\/#breadcrumb\"},\"inLanguage\":\"es-AR\",\"potentialAction\":[{\"@type\":\"ReadAction\",\"target\":[\"https:\\\/\\\/economicas.uba.ar\\\/posgrado\\\/wd_carreras\\\/\"]}]},{\"@type\":\"ImageObject\",\"inLanguage\":\"es-AR\",\"@id\":\"https:\\\/\\\/economicas.uba.ar\\\/posgrado\\\/wd_carreras\\\/#primaryimage\",\"url\":\"https:\\\/\\\/economicas.uba.ar\\\/posgrado\\\/wp-content\\\/uploads\\\/elementor\\\/thumbs\\\/REUNIONES-INFORMATIVAS-qo85hyqng8ff4fs4grxfkcspbvwva6es9cfb4r2jf4.png\",\"contentUrl\":\"https:\\\/\\\/economicas.uba.ar\\\/posgrado\\\/wp-content\\\/uploads\\\/elementor\\\/thumbs\\\/REUNIONES-INFORMATIVAS-qo85hyqng8ff4fs4grxfkcspbvwva6es9cfb4r2jf4.png\"},{\"@type\":\"BreadcrumbList\",\"@id\":\"https:\\\/\\\/economicas.uba.ar\\\/posgrado\\\/wd_carreras\\\/#breadcrumb\",\"itemListElement\":[{\"@type\":\"ListItem\",\"position\":1,\"name\":\"Inicio\",\"item\":\"https:\\\/\\\/economicas.uba.ar\\\/posgrado\\\/\"},{\"@type\":\"ListItem\",\"position\":2,\"name\":\"Reuniones Informativas\"}]},{\"@type\":\"WebSite\",\"@id\":\"https:\\\/\\\/economicas.uba.ar\\\/posgrado\\\/#website\",\"url\":\"https:\\\/\\\/economicas.uba.ar\\\/posgrado\\\/\",\"name\":\"Escuela de Negocios y Administraci\u00f3n P\u00fablica | Posgrado\",\"description\":\"\",\"publisher\":{\"@id\":\"https:\\\/\\\/economicas.uba.ar\\\/posgrado\\\/#organization\"},\"potentialAction\":[{\"@type\":\"SearchAction\",\"target\":{\"@type\":\"EntryPoint\",\"urlTemplate\":\"https:\\\/\\\/economicas.uba.ar\\\/posgrado\\\/?s={search_term_string}\"},\"query-input\":{\"@type\":\"PropertyValueSpecification\",\"valueRequired\":true,\"valueName\":\"search_term_string\"}}],\"inLanguage\":\"es-AR\"},{\"@type\":\"Organization\",\"@id\":\"https:\\\/\\\/economicas.uba.ar\\\/posgrado\\\/#organization\",\"name\":\"Escuela de negocios y administraci\u00f3n p\u00fablica | Posgrado\",\"url\":\"https:\\\/\\\/economicas.uba.ar\\\/posgrado\\\/\",\"logo\":{\"@type\":\"ImageObject\",\"inLanguage\":\"es-AR\",\"@id\":\"https:\\\/\\\/economicas.uba.ar\\\/posgrado\\\/#\\\/schema\\\/logo\\\/image\\\/\",\"url\":\"https:\\\/\\\/www.economicas.uba.ar\\\/posgrado\\\/wp-content\\\/uploads\\\/2019\\\/12\\\/20190315-Acto-Bienvenida-Ingresantes-2019-novedades.jpg\",\"contentUrl\":\"https:\\\/\\\/www.economicas.uba.ar\\\/posgrado\\\/wp-content\\\/uploads\\\/2019\\\/12\\\/20190315-Acto-Bienvenida-Ingresantes-2019-novedades.jpg\",\"width\":1771,\"height\":834,\"caption\":\"Escuela de negocios y administraci\u00f3n p\u00fablica | Posgrado\"},\"image\":{\"@id\":\"https:\\\/\\\/economicas.uba.ar\\\/posgrado\\\/#\\\/schema\\\/logo\\\/image\\\/\"},\"sameAs\":[\"https:\\\/\\\/www.facebook.com\\\/PosgradoFCEUBA\\\/\",\"https:\\\/\\\/x.com\\\/sposgradofceuba\",\"https:\\\/\\\/www.instagram.com\\\/posgradofceuba\\\/\"]}]}<\/script>\n<!-- \/ Yoast SEO plugin. -->","yoast_head_json":{"title":"Reuniones Informativas - Escuela de Negocios y Administraci\u00f3n P\u00fablica","description":"Particip\u00e1 de nuestras reuniones informativas y conoc\u00e9 todo sobre la oferta de posgrados de Econ\u00f3micas UBA. Modalidad, contenidos y requisitos","robots":{"index":"index","follow":"follow","max-snippet":"max-snippet:-1","max-image-preview":"max-image-preview:large","max-video-preview":"max-video-preview:-1"},"canonical":"https:\/\/economicas.uba.ar\/posgrado\/wd_carreras\/","og_locale":"es_ES","og_type":"article","og_title":"Reuniones Informativas - Escuela de Negocios y Administraci\u00f3n P\u00fablica","og_description":"Particip\u00e1 de nuestras reuniones informativas y conoc\u00e9 todo sobre la oferta de posgrados de Econ\u00f3micas UBA. Modalidad, contenidos y requisitos","og_url":"https:\/\/economicas.uba.ar\/posgrado\/wd_carreras\/","og_site_name":"Escuela de Negocios y Administraci\u00f3n P\u00fablica","article_publisher":"https:\/\/www.facebook.com\/PosgradoFCEUBA\/","article_modified_time":"2025-11-12T14:07:29+00:00","og_image":[{"url":"https:\/\/economicas.uba.ar\/posgrado\/wp-content\/uploads\/elementor\/thumbs\/REUNIONES-INFORMATIVAS-qo85hyqng8ff4fs4grxfkcspbvwva6es9cfb4r2jf4.png","type":"","width":"","height":""}],"twitter_card":"summary_large_image","twitter_site":"@sposgradofceuba","twitter_misc":{"Tiempo de lectura":"1 minuto"},"schema":{"@context":"https:\/\/schema.org","@graph":[{"@type":"WebPage","@id":"https:\/\/economicas.uba.ar\/posgrado\/wd_carreras\/","url":"https:\/\/economicas.uba.ar\/posgrado\/wd_carreras\/","name":"Reuniones Informativas - Escuela de Negocios y Administraci\u00f3n P\u00fablica","isPartOf":{"@id":"https:\/\/economicas.uba.ar\/posgrado\/#website"},"primaryImageOfPage":{"@id":"https:\/\/economicas.uba.ar\/posgrado\/wd_carreras\/#primaryimage"},"image":{"@id":"https:\/\/economicas.uba.ar\/posgrado\/wd_carreras\/#primaryimage"},"thumbnailUrl":"https:\/\/economicas.uba.ar\/posgrado\/wp-content\/uploads\/elementor\/thumbs\/REUNIONES-INFORMATIVAS-qo85hyqng8ff4fs4grxfkcspbvwva6es9cfb4r2jf4.png","datePublished":"2020-02-13T13:28:27+00:00","dateModified":"2025-11-12T14:07:29+00:00","description":"Particip\u00e1 de nuestras reuniones informativas y conoc\u00e9 todo sobre la oferta de posgrados de Econ\u00f3micas UBA. Modalidad, contenidos y requisitos","breadcrumb":{"@id":"https:\/\/economicas.uba.ar\/posgrado\/wd_carreras\/#breadcrumb"},"inLanguage":"es-AR","potentialAction":[{"@type":"ReadAction","target":["https:\/\/economicas.uba.ar\/posgrado\/wd_carreras\/"]}]},{"@type":"ImageObject","inLanguage":"es-AR","@id":"https:\/\/economicas.uba.ar\/posgrado\/wd_carreras\/#primaryimage","url":"https:\/\/economicas.uba.ar\/posgrado\/wp-content\/uploads\/elementor\/thumbs\/REUNIONES-INFORMATIVAS-qo85hyqng8ff4fs4grxfkcspbvwva6es9cfb4r2jf4.png","contentUrl":"https:\/\/economicas.uba.ar\/posgrado\/wp-content\/uploads\/elementor\/thumbs\/REUNIONES-INFORMATIVAS-qo85hyqng8ff4fs4grxfkcspbvwva6es9cfb4r2jf4.png"},{"@type":"BreadcrumbList","@id":"https:\/\/economicas.uba.ar\/posgrado\/wd_carreras\/#breadcrumb","itemListElement":[{"@type":"ListItem","position":1,"name":"Inicio","item":"https:\/\/economicas.uba.ar\/posgrado\/"},{"@type":"ListItem","position":2,"name":"Reuniones Informativas"}]},{"@type":"WebSite","@id":"https:\/\/economicas.uba.ar\/posgrado\/#website","url":"https:\/\/economicas.uba.ar\/posgrado\/","name":"Escuela de Negocios y Administraci\u00f3n P\u00fablica | Posgrado","description":"","publisher":{"@id":"https:\/\/economicas.uba.ar\/posgrado\/#organization"},"potentialAction":[{"@type":"SearchAction","target":{"@type":"EntryPoint","urlTemplate":"https:\/\/economicas.uba.ar\/posgrado\/?s={search_term_string}"},"query-input":{"@type":"PropertyValueSpecification","valueRequired":true,"valueName":"search_term_string"}}],"inLanguage":"es-AR"},{"@type":"Organization","@id":"https:\/\/economicas.uba.ar\/posgrado\/#organization","name":"Escuela de negocios y administraci\u00f3n p\u00fablica | Posgrado","url":"https:\/\/economicas.uba.ar\/posgrado\/","logo":{"@type":"ImageObject","inLanguage":"es-AR","@id":"https:\/\/economicas.uba.ar\/posgrado\/#\/schema\/logo\/image\/","url":"https:\/\/www.economicas.uba.ar\/posgrado\/wp-content\/uploads\/2019\/12\/20190315-Acto-Bienvenida-Ingresantes-2019-novedades.jpg","contentUrl":"https:\/\/www.economicas.uba.ar\/posgrado\/wp-content\/uploads\/2019\/12\/20190315-Acto-Bienvenida-Ingresantes-2019-novedades.jpg","width":1771,"height":834,"caption":"Escuela de negocios y administraci\u00f3n p\u00fablica | Posgrado"},"image":{"@id":"https:\/\/economicas.uba.ar\/posgrado\/#\/schema\/logo\/image\/"},"sameAs":["https:\/\/www.facebook.com\/PosgradoFCEUBA\/","https:\/\/x.com\/sposgradofceuba","https:\/\/www.instagram.com\/posgradofceuba\/"]}]}},"_links":{"self":[{"href":"https:\/\/economicas.uba.ar\/posgrado\/wp-json\/wp\/v2\/pages\/3416","targetHints":{"allow":["GET"]}}],"collection":[{"href":"https:\/\/economicas.uba.ar\/posgrado\/wp-json\/wp\/v2\/pages"}],"about":[{"href":"https:\/\/economicas.uba.ar\/posgrado\/wp-json\/wp\/v2\/types\/page"}],"author":[{"embeddable":true,"href":"https:\/\/economicas.uba.ar\/posgrado\/wp-json\/wp\/v2\/users\/1"}],"replies":[{"embeddable":true,"href":"https:\/\/economicas.uba.ar\/posgrado\/wp-json\/wp\/v2\/comments?post=3416"}],"version-history":[{"count":104,"href":"https:\/\/economicas.uba.ar\/posgrado\/wp-json\/wp\/v2\/pages\/3416\/revisions"}],"predecessor-version":[{"id":40419,"href":"https:\/\/economicas.uba.ar\/posgrado\/wp-json\/wp\/v2\/pages\/3416\/revisions\/40419"}],"wp:attachment":[{"href":"https:\/\/economicas.uba.ar\/posgrado\/wp-json\/wp\/v2\/media?parent=3416"}],"curies":[{"name":"wp","href":"https:\/\/api.w.org\/{rel}","templated":true}]}}