{"id":474,"date":"2019-03-26T14:28:53","date_gmt":"2019-03-26T17:28:53","guid":{"rendered":"https:\/\/www.economicas.uba.ar\/posgrado\/?page_id=474"},"modified":"2019-03-26T14:28:53","modified_gmt":"2019-03-26T17:28:53","slug":"pagos-por-transferencias","status":"publish","type":"page","link":"https:\/\/economicas.uba.ar\/posgrado\/alumnos\/pagos-por-transferencias\/","title":{"rendered":"pagos por transferencias"},"content":{"rendered":"\n<p>TRANSFERENCIAS NACIONALES<\/p>\n\n\n\n<p><a href=\"https:\/\/servicios.econ.uba.ar\/posgrado\/imagenes\/2018\/ModalidadPAGO\/DatosTransf-Nacionaleseinternacionales-Nacion.pdf\" target=\"_blank\" rel=\"noreferrer noopener\">Datos \u2013 Bco. de la Naci\u00f3n Argentina<\/a><br>\n<a href=\"http:\/\/www.economicas.uba.ar\/posgrado\/wp-content\/uploads\/2016\/02\/Datos-Transferencias-Bancarias-Nacionales-Bco.-Santander-Rio.pdf\" target=\"_blank\" rel=\"noreferrer noopener\">Datos \u2013 Bco. Santander R\u00edo<\/a><\/p>\n\n\n\n<p>TRANSFERENCIAS INTERNACIONALES<\/p>\n\n\n\n<p><a href=\"https:\/\/servicios.econ.uba.ar\/posgrado\/imagenes\/2018\/ModalidadPAGO\/DatosTransf-Nacionaleseinternacionales-Nacion.pdf\" target=\"_blank\" rel=\"noreferrer noopener\">Datos \u2013 Bco. de la Naci\u00f3n Argentina<\/a><br>\n<a href=\"http:\/\/www.economicas.uba.ar\/posgrado\/wp-content\/uploads\/2016\/02\/Datos-Transferencia-Bancaria-Internacionales-en-USD-Santander-Rio.pdf\" target=\"_blank\" rel=\"noreferrer noopener\">Datos \u2013 Bco. Santander R\u00edo<\/a><\/p>\n\n\n\n<p><em>IMPORTANTE <\/em>Consultar las Modalidades de Pago para los siguientes posgrados: \u2013 <a href=\"mailto:amba@ambanet.org\" target=\"_blank\" rel=\"noreferrer noopener\">Esp. en Administraci\u00f3n de Organizaciones Financieras<\/a> \u2013 <a href=\"mailto:asap@asap.org.ar\" target=\"_blank\" rel=\"noreferrer noopener\">Esp. en Administraci\u00f3n Financiera del Sector P\u00fablico<\/a> \u2013 <a href=\"mailto:asap@asap.org.ar\" target=\"_blank\" rel=\"noreferrer noopener\">Esp. en Gesti\u00f3n P\u00fablica por Resultados<\/a> \u2013 <a href=\"mailto:posgrado@merval.sba.com.ar\" target=\"_blank\" rel=\"noreferrer noopener\">Esp. en Mercado de Capitales&nbsp;<\/a>\u2013&nbsp;<a href=\"http:\/\/www.economicas.uba.ar\/posgrado\/posgrados\/administracion-publica-y-control-de-gestion\" target=\"_blank\" rel=\"noreferrer noopener\">Esp. en Administraci\u00f3n P\u00fablica y Control de Gesti\u00f3n<\/a><\/p>\n","protected":false},"excerpt":{"rendered":"<div class=\"slide-text-bg2\"><span>TRANSFERENCIAS NACIONALES Datos \u2013 Bco. de la Naci\u00f3n Argentina Datos \u2013 Bco. Santander R\u00edo TRANSFERENCIAS INTERNACIONALES Datos \u2013 Bco. de la Naci\u00f3n Argentina Datos \u2013 Bco. Santander R\u00edo IMPOR<\/span><\/div>\n<div class=\"slide-btn-area-sm\"><a href=\"https:\/\/economicas.uba.ar\/posgrado\/alumnos\/pagos-por-transferencias\/\" class=\"slide-btn-sm\">Leer M\u00e1s<\/a><\/div>\n","protected":false},"author":1,"featured_media":0,"parent":60,"menu_order":0,"comment_status":"closed","ping_status":"closed","template":"","meta":{"footnotes":""},"class_list":["post-474","page","type-page","status-publish","hentry"],"yoast_head":"<!-- This site is optimized with the Yoast SEO plugin v27.4 - https:\/\/yoast.com\/product\/yoast-seo-wordpress\/ -->\n<title>pagos por transferencias - Escuela de Negocios y Administraci\u00f3n P\u00fablica<\/title>\n<meta name=\"robots\" content=\"index, follow, max-snippet:-1, max-image-preview:large, max-video-preview:-1\" \/>\n<link rel=\"canonical\" href=\"https:\/\/economicas.uba.ar\/posgrado\/alumnos\/pagos-por-transferencias\/\" \/>\n<meta property=\"og:locale\" content=\"es_ES\" \/>\n<meta property=\"og:type\" content=\"article\" \/>\n<meta property=\"og:title\" content=\"pagos por transferencias - Escuela de Negocios y Administraci\u00f3n P\u00fablica\" \/>\n<meta property=\"og:description\" content=\"TRANSFERENCIAS NACIONALES Datos \u2013 Bco. de la Naci\u00f3n Argentina Datos \u2013 Bco. Santander R\u00edo TRANSFERENCIAS INTERNACIONALES Datos \u2013 Bco. de la Naci\u00f3n Argentina Datos \u2013 Bco. Santander R\u00edo IMPORLeer M\u00e1s\" \/>\n<meta property=\"og:url\" content=\"https:\/\/economicas.uba.ar\/posgrado\/alumnos\/pagos-por-transferencias\/\" \/>\n<meta property=\"og:site_name\" content=\"Escuela de Negocios y Administraci\u00f3n P\u00fablica\" \/>\n<meta property=\"article:publisher\" content=\"https:\/\/www.facebook.com\/PosgradoFCEUBA\/\" \/>\n<meta name=\"twitter:card\" content=\"summary_large_image\" \/>\n<meta name=\"twitter:site\" content=\"@sposgradofceuba\" \/>\n<script type=\"application\/ld+json\" class=\"yoast-schema-graph\">{\"@context\":\"https:\\\/\\\/schema.org\",\"@graph\":[{\"@type\":\"WebPage\",\"@id\":\"https:\\\/\\\/economicas.uba.ar\\\/posgrado\\\/alumnos\\\/pagos-por-transferencias\\\/\",\"url\":\"https:\\\/\\\/economicas.uba.ar\\\/posgrado\\\/alumnos\\\/pagos-por-transferencias\\\/\",\"name\":\"pagos por transferencias - Escuela de Negocios y Administraci\u00f3n P\u00fablica\",\"isPartOf\":{\"@id\":\"https:\\\/\\\/economicas.uba.ar\\\/posgrado\\\/#website\"},\"datePublished\":\"2019-03-26T17:28:53+00:00\",\"breadcrumb\":{\"@id\":\"https:\\\/\\\/economicas.uba.ar\\\/posgrado\\\/alumnos\\\/pagos-por-transferencias\\\/#breadcrumb\"},\"inLanguage\":\"es-AR\",\"potentialAction\":[{\"@type\":\"ReadAction\",\"target\":[\"https:\\\/\\\/economicas.uba.ar\\\/posgrado\\\/alumnos\\\/pagos-por-transferencias\\\/\"]}]},{\"@type\":\"BreadcrumbList\",\"@id\":\"https:\\\/\\\/economicas.uba.ar\\\/posgrado\\\/alumnos\\\/pagos-por-transferencias\\\/#breadcrumb\",\"itemListElement\":[{\"@type\":\"ListItem\",\"position\":1,\"name\":\"Inicio\",\"item\":\"https:\\\/\\\/economicas.uba.ar\\\/posgrado\\\/\"},{\"@type\":\"ListItem\",\"position\":2,\"name\":\"Alumnos\",\"item\":\"https:\\\/\\\/economicas.uba.ar\\\/posgrado\\\/alumnos\\\/\"},{\"@type\":\"ListItem\",\"position\":3,\"name\":\"pagos por transferencias\"}]},{\"@type\":\"WebSite\",\"@id\":\"https:\\\/\\\/economicas.uba.ar\\\/posgrado\\\/#website\",\"url\":\"https:\\\/\\\/economicas.uba.ar\\\/posgrado\\\/\",\"name\":\"Escuela de Negocios y Administraci\u00f3n P\u00fablica | Posgrado\",\"description\":\"\",\"publisher\":{\"@id\":\"https:\\\/\\\/economicas.uba.ar\\\/posgrado\\\/#organization\"},\"potentialAction\":[{\"@type\":\"SearchAction\",\"target\":{\"@type\":\"EntryPoint\",\"urlTemplate\":\"https:\\\/\\\/economicas.uba.ar\\\/posgrado\\\/?s={search_term_string}\"},\"query-input\":{\"@type\":\"PropertyValueSpecification\",\"valueRequired\":true,\"valueName\":\"search_term_string\"}}],\"inLanguage\":\"es-AR\"},{\"@type\":\"Organization\",\"@id\":\"https:\\\/\\\/economicas.uba.ar\\\/posgrado\\\/#organization\",\"name\":\"Escuela de negocios y administraci\u00f3n p\u00fablica | Posgrado\",\"url\":\"https:\\\/\\\/economicas.uba.ar\\\/posgrado\\\/\",\"logo\":{\"@type\":\"ImageObject\",\"inLanguage\":\"es-AR\",\"@id\":\"https:\\\/\\\/economicas.uba.ar\\\/posgrado\\\/#\\\/schema\\\/logo\\\/image\\\/\",\"url\":\"https:\\\/\\\/www.economicas.uba.ar\\\/posgrado\\\/wp-content\\\/uploads\\\/2019\\\/12\\\/20190315-Acto-Bienvenida-Ingresantes-2019-novedades.jpg\",\"contentUrl\":\"https:\\\/\\\/www.economicas.uba.ar\\\/posgrado\\\/wp-content\\\/uploads\\\/2019\\\/12\\\/20190315-Acto-Bienvenida-Ingresantes-2019-novedades.jpg\",\"width\":1771,\"height\":834,\"caption\":\"Escuela de negocios y administraci\u00f3n p\u00fablica | Posgrado\"},\"image\":{\"@id\":\"https:\\\/\\\/economicas.uba.ar\\\/posgrado\\\/#\\\/schema\\\/logo\\\/image\\\/\"},\"sameAs\":[\"https:\\\/\\\/www.facebook.com\\\/PosgradoFCEUBA\\\/\",\"https:\\\/\\\/x.com\\\/sposgradofceuba\",\"https:\\\/\\\/www.instagram.com\\\/posgradofceuba\\\/\"]}]}<\/script>\n<!-- \/ Yoast SEO plugin. -->","yoast_head_json":{"title":"pagos por transferencias - Escuela de Negocios y Administraci\u00f3n P\u00fablica","robots":{"index":"index","follow":"follow","max-snippet":"max-snippet:-1","max-image-preview":"max-image-preview:large","max-video-preview":"max-video-preview:-1"},"canonical":"https:\/\/economicas.uba.ar\/posgrado\/alumnos\/pagos-por-transferencias\/","og_locale":"es_ES","og_type":"article","og_title":"pagos por transferencias - Escuela de Negocios y Administraci\u00f3n P\u00fablica","og_description":"TRANSFERENCIAS NACIONALES Datos \u2013 Bco. de la Naci\u00f3n Argentina Datos \u2013 Bco. Santander R\u00edo TRANSFERENCIAS INTERNACIONALES Datos \u2013 Bco. de la Naci\u00f3n Argentina Datos \u2013 Bco. Santander R\u00edo IMPORLeer M\u00e1s","og_url":"https:\/\/economicas.uba.ar\/posgrado\/alumnos\/pagos-por-transferencias\/","og_site_name":"Escuela de Negocios y Administraci\u00f3n P\u00fablica","article_publisher":"https:\/\/www.facebook.com\/PosgradoFCEUBA\/","twitter_card":"summary_large_image","twitter_site":"@sposgradofceuba","schema":{"@context":"https:\/\/schema.org","@graph":[{"@type":"WebPage","@id":"https:\/\/economicas.uba.ar\/posgrado\/alumnos\/pagos-por-transferencias\/","url":"https:\/\/economicas.uba.ar\/posgrado\/alumnos\/pagos-por-transferencias\/","name":"pagos por transferencias - Escuela de Negocios y Administraci\u00f3n P\u00fablica","isPartOf":{"@id":"https:\/\/economicas.uba.ar\/posgrado\/#website"},"datePublished":"2019-03-26T17:28:53+00:00","breadcrumb":{"@id":"https:\/\/economicas.uba.ar\/posgrado\/alumnos\/pagos-por-transferencias\/#breadcrumb"},"inLanguage":"es-AR","potentialAction":[{"@type":"ReadAction","target":["https:\/\/economicas.uba.ar\/posgrado\/alumnos\/pagos-por-transferencias\/"]}]},{"@type":"BreadcrumbList","@id":"https:\/\/economicas.uba.ar\/posgrado\/alumnos\/pagos-por-transferencias\/#breadcrumb","itemListElement":[{"@type":"ListItem","position":1,"name":"Inicio","item":"https:\/\/economicas.uba.ar\/posgrado\/"},{"@type":"ListItem","position":2,"name":"Alumnos","item":"https:\/\/economicas.uba.ar\/posgrado\/alumnos\/"},{"@type":"ListItem","position":3,"name":"pagos por transferencias"}]},{"@type":"WebSite","@id":"https:\/\/economicas.uba.ar\/posgrado\/#website","url":"https:\/\/economicas.uba.ar\/posgrado\/","name":"Escuela de Negocios y Administraci\u00f3n P\u00fablica | Posgrado","description":"","publisher":{"@id":"https:\/\/economicas.uba.ar\/posgrado\/#organization"},"potentialAction":[{"@type":"SearchAction","target":{"@type":"EntryPoint","urlTemplate":"https:\/\/economicas.uba.ar\/posgrado\/?s={search_term_string}"},"query-input":{"@type":"PropertyValueSpecification","valueRequired":true,"valueName":"search_term_string"}}],"inLanguage":"es-AR"},{"@type":"Organization","@id":"https:\/\/economicas.uba.ar\/posgrado\/#organization","name":"Escuela de negocios y administraci\u00f3n p\u00fablica | Posgrado","url":"https:\/\/economicas.uba.ar\/posgrado\/","logo":{"@type":"ImageObject","inLanguage":"es-AR","@id":"https:\/\/economicas.uba.ar\/posgrado\/#\/schema\/logo\/image\/","url":"https:\/\/www.economicas.uba.ar\/posgrado\/wp-content\/uploads\/2019\/12\/20190315-Acto-Bienvenida-Ingresantes-2019-novedades.jpg","contentUrl":"https:\/\/www.economicas.uba.ar\/posgrado\/wp-content\/uploads\/2019\/12\/20190315-Acto-Bienvenida-Ingresantes-2019-novedades.jpg","width":1771,"height":834,"caption":"Escuela de negocios y administraci\u00f3n p\u00fablica | Posgrado"},"image":{"@id":"https:\/\/economicas.uba.ar\/posgrado\/#\/schema\/logo\/image\/"},"sameAs":["https:\/\/www.facebook.com\/PosgradoFCEUBA\/","https:\/\/x.com\/sposgradofceuba","https:\/\/www.instagram.com\/posgradofceuba\/"]}]}},"_links":{"self":[{"href":"https:\/\/economicas.uba.ar\/posgrado\/wp-json\/wp\/v2\/pages\/474","targetHints":{"allow":["GET"]}}],"collection":[{"href":"https:\/\/economicas.uba.ar\/posgrado\/wp-json\/wp\/v2\/pages"}],"about":[{"href":"https:\/\/economicas.uba.ar\/posgrado\/wp-json\/wp\/v2\/types\/page"}],"author":[{"embeddable":true,"href":"https:\/\/economicas.uba.ar\/posgrado\/wp-json\/wp\/v2\/users\/1"}],"replies":[{"embeddable":true,"href":"https:\/\/economicas.uba.ar\/posgrado\/wp-json\/wp\/v2\/comments?post=474"}],"version-history":[{"count":1,"href":"https:\/\/economicas.uba.ar\/posgrado\/wp-json\/wp\/v2\/pages\/474\/revisions"}],"predecessor-version":[{"id":475,"href":"https:\/\/economicas.uba.ar\/posgrado\/wp-json\/wp\/v2\/pages\/474\/revisions\/475"}],"up":[{"embeddable":true,"href":"https:\/\/economicas.uba.ar\/posgrado\/wp-json\/wp\/v2\/pages\/60"}],"wp:attachment":[{"href":"https:\/\/economicas.uba.ar\/posgrado\/wp-json\/wp\/v2\/media?parent=474"}],"curies":[{"name":"wp","href":"https:\/\/api.w.org\/{rel}","templated":true}]}}