{"id":48,"date":"2019-01-24T11:44:16","date_gmt":"2019-01-24T14:44:16","guid":{"rendered":"https:\/\/www.economicas.uba.ar\/posgrado\/?page_id=48"},"modified":"2019-12-27T17:49:00","modified_gmt":"2019-12-27T20:49:00","slug":"prof-ruben-helouani","status":"publish","type":"page","link":"https:\/\/economicas.uba.ar\/posgrado\/prof-ruben-helouani\/","title":{"rendered":"BIO-Prof. Rub\u00e9n Helouani"},"content":{"rendered":"\t\t<div data-elementor-type=\"wp-page\" data-elementor-id=\"48\" class=\"elementor elementor-48\" data-elementor-post-type=\"page\">\n\t\t\t\t\t\t<section class=\"elementor-section elementor-top-section elementor-element elementor-element-2e915f1b elementor-section-boxed elementor-section-height-default elementor-section-height-default\" data-id=\"2e915f1b\" data-element_type=\"section\" data-e-type=\"section\">\n\t\t\t\t\t\t<div class=\"elementor-container elementor-column-gap-default\">\n\t\t\t\t\t<div class=\"elementor-column elementor-col-100 elementor-top-column elementor-element elementor-element-7f70fc0d\" data-id=\"7f70fc0d\" data-element_type=\"column\" data-e-type=\"column\">\n\t\t\t<div class=\"elementor-widget-wrap elementor-element-populated\">\n\t\t\t\t\t\t<div class=\"elementor-element elementor-element-6e775f8e elementor-widget elementor-widget-text-editor\" data-id=\"6e775f8e\" data-element_type=\"widget\" data-e-type=\"widget\" data-widget_type=\"text-editor.default\">\n\t\t\t\t<div class=\"elementor-widget-container\">\n\t\t\t\t\t\t\t\t\t\n<h2 class=\"wp-block-heading\">Prof. Rub\u00e9n Helouani<\/h2>\n\n<h4 class=\"wp-block-heading\">DIRECTOR ACAD\u00c9MICO<br \/>ESCUELA DE NEGOCIOS Y ADMINISTRACI\u00d3N P\u00daBLICA<\/h4>\n\n<p>CONTADOR P\u00daBLICO (1973) Y LICENCIADO EN ADMINISTRACI\u00d3N (1977) UBA. DOCTORANDO DE LA FCE-UBA EN CONTABILIDAD. PROFESOR TITULAR DE SISTEMAS CONTABLES. PROFESOR TITULAR DE CONTABILIDAD PATRIMONIAL. SUBDIRECTOR DEL DEPARTAMENTO PEDAG\u00d3GICO DE CONTABILIDAD DE LA FCE-UBA. EX PRESIDENTE DE LA COMISI\u00d3N DE ESTUDIOS PERMANENTES DE ADMINISTRACI\u00d3N Y FINANZAS DE LA ASOCIACI\u00d3N INTERAMERICANA DE CONTABILIDAD. EX PRESIDENTE Y ACTUAL VICEPRESIDENTE DE LA COMISI\u00d3N DE ESTUDIOS PERMANENTES DE GESTI\u00d3N INTEGRAL DE PEQUE\u00d1AS Y MEDIANAS ORGANIZACIONES. AUTOR DE ART\u00cdCULOS Y LIBROS DE FINANZAS, CONTABILIDAD Y EDUCACI\u00d3N. DIRECTOR DEL CENTRO INTERDISCIPLINARIO DE ALTOS ESTUDIOS ISRAEL \u2013 AM\u00c9RICA LATINA DE LA UBA. DISTINCI\u00d3N: PREMIO PRESIDENCIAL A LA EXCELENCIA INTERNACIONAL FRAY LUCA BARTOLOMEO PACCIOLI POR SU APORTE A LA PROFESI\u00d3N INTERAMERICANA. DIRECTOR DEL PROYECTO DE CERTIFICACI\u00d3N VIRTUAL DE NIIF PARA LAS PYMES DE LA ASOCIACI\u00d3N INTERAMERICANA DE CONTABILIDAD. DIRECTOR DEL PROYECTO GU\u00cdA DE INFORMACI\u00d3N FINANCIERA PARA LAS MICROEMPRESAS DE LA ASOCIACI\u00d3N INTERAMERICANA DE CONTABILIDAD.<\/p>\n\t\t\t\t\t\t\t\t<\/div>\n\t\t\t\t<\/div>\n\t\t\t\t\t<\/div>\n\t\t<\/div>\n\t\t\t\t\t<\/div>\n\t\t<\/section>\n\t\t\t\t<\/div>\n\t\t","protected":false},"excerpt":{"rendered":"<div class=\"slide-text-bg2\"><span>Prof. Rub\u00e9n Helouani DIRECTOR ACAD\u00c9MICOESCUELA DE NEGOCIOS Y ADMINISTRACI\u00d3N P\u00daBLICA CONTADOR P\u00daBLICO (1973) Y LICENCIADO EN ADMINISTRACI\u00d3N (1977) UBA. DOCTORANDO DE LA FCE-UBA EN CONTABILIDAD. P<\/span><\/div>\n<div class=\"slide-btn-area-sm\"><a href=\"https:\/\/economicas.uba.ar\/posgrado\/prof-ruben-helouani\/\" class=\"slide-btn-sm\">Leer M\u00e1s<\/a><\/div>\n","protected":false},"author":1,"featured_media":0,"parent":0,"menu_order":0,"comment_status":"closed","ping_status":"closed","template":"","meta":{"footnotes":""},"class_list":["post-48","page","type-page","status-publish","hentry"],"yoast_head":"<!-- This site is optimized with the Yoast SEO plugin v27.5 - https:\/\/yoast.com\/product\/yoast-seo-wordpress\/ -->\n<title>BIO-Prof. Rub\u00e9n Helouani - Escuela de Negocios y Administraci\u00f3n P\u00fablica<\/title>\n<meta name=\"robots\" content=\"index, follow, max-snippet:-1, max-image-preview:large, max-video-preview:-1\" \/>\n<link rel=\"canonical\" href=\"https:\/\/economicas.uba.ar\/posgrado\/prof-ruben-helouani\/\" \/>\n<meta property=\"og:locale\" content=\"es_ES\" \/>\n<meta property=\"og:type\" content=\"article\" \/>\n<meta property=\"og:title\" content=\"BIO-Prof. Rub\u00e9n Helouani - Escuela de Negocios y Administraci\u00f3n P\u00fablica\" \/>\n<meta property=\"og:description\" content=\"Prof. Rub\u00e9n Helouani DIRECTOR ACAD\u00c9MICOESCUELA DE NEGOCIOS Y ADMINISTRACI\u00d3N P\u00daBLICA CONTADOR P\u00daBLICO (1973) Y LICENCIADO EN ADMINISTRACI\u00d3N (1977) UBA. DOCTORANDO DE LA FCE-UBA EN CONTABILIDAD. PLeer M\u00e1s\" \/>\n<meta property=\"og:url\" content=\"https:\/\/economicas.uba.ar\/posgrado\/prof-ruben-helouani\/\" \/>\n<meta property=\"og:site_name\" content=\"Escuela de Negocios y Administraci\u00f3n P\u00fablica\" \/>\n<meta property=\"article:publisher\" content=\"https:\/\/www.facebook.com\/PosgradoFCEUBA\/\" \/>\n<meta property=\"article:modified_time\" content=\"2019-12-27T20:49:00+00:00\" \/>\n<meta name=\"twitter:card\" content=\"summary_large_image\" \/>\n<meta name=\"twitter:site\" content=\"@sposgradofceuba\" \/>\n<meta name=\"twitter:label1\" content=\"Tiempo de lectura\" \/>\n\t<meta name=\"twitter:data1\" content=\"1 minuto\" \/>\n<script type=\"application\/ld+json\" class=\"yoast-schema-graph\">{\"@context\":\"https:\\\/\\\/schema.org\",\"@graph\":[{\"@type\":\"WebPage\",\"@id\":\"https:\\\/\\\/economicas.uba.ar\\\/posgrado\\\/prof-ruben-helouani\\\/\",\"url\":\"https:\\\/\\\/economicas.uba.ar\\\/posgrado\\\/prof-ruben-helouani\\\/\",\"name\":\"BIO-Prof. Rub\u00e9n Helouani - Escuela de Negocios y Administraci\u00f3n P\u00fablica\",\"isPartOf\":{\"@id\":\"https:\\\/\\\/economicas.uba.ar\\\/posgrado\\\/#website\"},\"datePublished\":\"2019-01-24T14:44:16+00:00\",\"dateModified\":\"2019-12-27T20:49:00+00:00\",\"breadcrumb\":{\"@id\":\"https:\\\/\\\/economicas.uba.ar\\\/posgrado\\\/prof-ruben-helouani\\\/#breadcrumb\"},\"inLanguage\":\"es-AR\",\"potentialAction\":[{\"@type\":\"ReadAction\",\"target\":[\"https:\\\/\\\/economicas.uba.ar\\\/posgrado\\\/prof-ruben-helouani\\\/\"]}]},{\"@type\":\"BreadcrumbList\",\"@id\":\"https:\\\/\\\/economicas.uba.ar\\\/posgrado\\\/prof-ruben-helouani\\\/#breadcrumb\",\"itemListElement\":[{\"@type\":\"ListItem\",\"position\":1,\"name\":\"Inicio\",\"item\":\"https:\\\/\\\/economicas.uba.ar\\\/posgrado\\\/\"},{\"@type\":\"ListItem\",\"position\":2,\"name\":\"BIO-Prof. Rub\u00e9n Helouani\"}]},{\"@type\":\"WebSite\",\"@id\":\"https:\\\/\\\/economicas.uba.ar\\\/posgrado\\\/#website\",\"url\":\"https:\\\/\\\/economicas.uba.ar\\\/posgrado\\\/\",\"name\":\"Escuela de Negocios y Administraci\u00f3n P\u00fablica | Posgrado\",\"description\":\"\",\"publisher\":{\"@id\":\"https:\\\/\\\/economicas.uba.ar\\\/posgrado\\\/#organization\"},\"potentialAction\":[{\"@type\":\"SearchAction\",\"target\":{\"@type\":\"EntryPoint\",\"urlTemplate\":\"https:\\\/\\\/economicas.uba.ar\\\/posgrado\\\/?s={search_term_string}\"},\"query-input\":{\"@type\":\"PropertyValueSpecification\",\"valueRequired\":true,\"valueName\":\"search_term_string\"}}],\"inLanguage\":\"es-AR\"},{\"@type\":\"Organization\",\"@id\":\"https:\\\/\\\/economicas.uba.ar\\\/posgrado\\\/#organization\",\"name\":\"Escuela de negocios y administraci\u00f3n p\u00fablica | Posgrado\",\"url\":\"https:\\\/\\\/economicas.uba.ar\\\/posgrado\\\/\",\"logo\":{\"@type\":\"ImageObject\",\"inLanguage\":\"es-AR\",\"@id\":\"https:\\\/\\\/economicas.uba.ar\\\/posgrado\\\/#\\\/schema\\\/logo\\\/image\\\/\",\"url\":\"https:\\\/\\\/www.economicas.uba.ar\\\/posgrado\\\/wp-content\\\/uploads\\\/2019\\\/12\\\/20190315-Acto-Bienvenida-Ingresantes-2019-novedades.jpg\",\"contentUrl\":\"https:\\\/\\\/www.economicas.uba.ar\\\/posgrado\\\/wp-content\\\/uploads\\\/2019\\\/12\\\/20190315-Acto-Bienvenida-Ingresantes-2019-novedades.jpg\",\"width\":1771,\"height\":834,\"caption\":\"Escuela de negocios y administraci\u00f3n p\u00fablica | Posgrado\"},\"image\":{\"@id\":\"https:\\\/\\\/economicas.uba.ar\\\/posgrado\\\/#\\\/schema\\\/logo\\\/image\\\/\"},\"sameAs\":[\"https:\\\/\\\/www.facebook.com\\\/PosgradoFCEUBA\\\/\",\"https:\\\/\\\/x.com\\\/sposgradofceuba\",\"https:\\\/\\\/www.instagram.com\\\/posgradofceuba\\\/\"]}]}<\/script>\n<!-- \/ Yoast SEO plugin. -->","yoast_head_json":{"title":"BIO-Prof. Rub\u00e9n Helouani - Escuela de Negocios y Administraci\u00f3n P\u00fablica","robots":{"index":"index","follow":"follow","max-snippet":"max-snippet:-1","max-image-preview":"max-image-preview:large","max-video-preview":"max-video-preview:-1"},"canonical":"https:\/\/economicas.uba.ar\/posgrado\/prof-ruben-helouani\/","og_locale":"es_ES","og_type":"article","og_title":"BIO-Prof. Rub\u00e9n Helouani - Escuela de Negocios y Administraci\u00f3n P\u00fablica","og_description":"Prof. Rub\u00e9n Helouani DIRECTOR ACAD\u00c9MICOESCUELA DE NEGOCIOS Y ADMINISTRACI\u00d3N P\u00daBLICA CONTADOR P\u00daBLICO (1973) Y LICENCIADO EN ADMINISTRACI\u00d3N (1977) UBA. DOCTORANDO DE LA FCE-UBA EN CONTABILIDAD. PLeer M\u00e1s","og_url":"https:\/\/economicas.uba.ar\/posgrado\/prof-ruben-helouani\/","og_site_name":"Escuela de Negocios y Administraci\u00f3n P\u00fablica","article_publisher":"https:\/\/www.facebook.com\/PosgradoFCEUBA\/","article_modified_time":"2019-12-27T20:49:00+00:00","twitter_card":"summary_large_image","twitter_site":"@sposgradofceuba","twitter_misc":{"Tiempo de lectura":"1 minuto"},"schema":{"@context":"https:\/\/schema.org","@graph":[{"@type":"WebPage","@id":"https:\/\/economicas.uba.ar\/posgrado\/prof-ruben-helouani\/","url":"https:\/\/economicas.uba.ar\/posgrado\/prof-ruben-helouani\/","name":"BIO-Prof. Rub\u00e9n Helouani - Escuela de Negocios y Administraci\u00f3n P\u00fablica","isPartOf":{"@id":"https:\/\/economicas.uba.ar\/posgrado\/#website"},"datePublished":"2019-01-24T14:44:16+00:00","dateModified":"2019-12-27T20:49:00+00:00","breadcrumb":{"@id":"https:\/\/economicas.uba.ar\/posgrado\/prof-ruben-helouani\/#breadcrumb"},"inLanguage":"es-AR","potentialAction":[{"@type":"ReadAction","target":["https:\/\/economicas.uba.ar\/posgrado\/prof-ruben-helouani\/"]}]},{"@type":"BreadcrumbList","@id":"https:\/\/economicas.uba.ar\/posgrado\/prof-ruben-helouani\/#breadcrumb","itemListElement":[{"@type":"ListItem","position":1,"name":"Inicio","item":"https:\/\/economicas.uba.ar\/posgrado\/"},{"@type":"ListItem","position":2,"name":"BIO-Prof. Rub\u00e9n Helouani"}]},{"@type":"WebSite","@id":"https:\/\/economicas.uba.ar\/posgrado\/#website","url":"https:\/\/economicas.uba.ar\/posgrado\/","name":"Escuela de Negocios y Administraci\u00f3n P\u00fablica | Posgrado","description":"","publisher":{"@id":"https:\/\/economicas.uba.ar\/posgrado\/#organization"},"potentialAction":[{"@type":"SearchAction","target":{"@type":"EntryPoint","urlTemplate":"https:\/\/economicas.uba.ar\/posgrado\/?s={search_term_string}"},"query-input":{"@type":"PropertyValueSpecification","valueRequired":true,"valueName":"search_term_string"}}],"inLanguage":"es-AR"},{"@type":"Organization","@id":"https:\/\/economicas.uba.ar\/posgrado\/#organization","name":"Escuela de negocios y administraci\u00f3n p\u00fablica | Posgrado","url":"https:\/\/economicas.uba.ar\/posgrado\/","logo":{"@type":"ImageObject","inLanguage":"es-AR","@id":"https:\/\/economicas.uba.ar\/posgrado\/#\/schema\/logo\/image\/","url":"https:\/\/www.economicas.uba.ar\/posgrado\/wp-content\/uploads\/2019\/12\/20190315-Acto-Bienvenida-Ingresantes-2019-novedades.jpg","contentUrl":"https:\/\/www.economicas.uba.ar\/posgrado\/wp-content\/uploads\/2019\/12\/20190315-Acto-Bienvenida-Ingresantes-2019-novedades.jpg","width":1771,"height":834,"caption":"Escuela de negocios y administraci\u00f3n p\u00fablica | Posgrado"},"image":{"@id":"https:\/\/economicas.uba.ar\/posgrado\/#\/schema\/logo\/image\/"},"sameAs":["https:\/\/www.facebook.com\/PosgradoFCEUBA\/","https:\/\/x.com\/sposgradofceuba","https:\/\/www.instagram.com\/posgradofceuba\/"]}]}},"_links":{"self":[{"href":"https:\/\/economicas.uba.ar\/posgrado\/wp-json\/wp\/v2\/pages\/48","targetHints":{"allow":["GET"]}}],"collection":[{"href":"https:\/\/economicas.uba.ar\/posgrado\/wp-json\/wp\/v2\/pages"}],"about":[{"href":"https:\/\/economicas.uba.ar\/posgrado\/wp-json\/wp\/v2\/types\/page"}],"author":[{"embeddable":true,"href":"https:\/\/economicas.uba.ar\/posgrado\/wp-json\/wp\/v2\/users\/1"}],"replies":[{"embeddable":true,"href":"https:\/\/economicas.uba.ar\/posgrado\/wp-json\/wp\/v2\/comments?post=48"}],"version-history":[{"count":5,"href":"https:\/\/economicas.uba.ar\/posgrado\/wp-json\/wp\/v2\/pages\/48\/revisions"}],"predecessor-version":[{"id":3037,"href":"https:\/\/economicas.uba.ar\/posgrado\/wp-json\/wp\/v2\/pages\/48\/revisions\/3037"}],"wp:attachment":[{"href":"https:\/\/economicas.uba.ar\/posgrado\/wp-json\/wp\/v2\/media?parent=48"}],"curies":[{"name":"wp","href":"https:\/\/api.w.org\/{rel}","templated":true}]}}