{"id":500,"date":"2019-03-27T12:48:44","date_gmt":"2019-03-27T15:48:44","guid":{"rendered":"https:\/\/www.economicas.uba.ar\/posgrado\/?page_id=500"},"modified":"2020-07-27T18:05:13","modified_gmt":"2020-07-27T21:05:13","slug":"cert-alumno-regular","status":"publish","type":"page","link":"https:\/\/economicas.uba.ar\/posgrado\/alumnos\/cert-alumno-regular\/","title":{"rendered":"Cert alumno regular"},"content":{"rendered":"\t\t<div data-elementor-type=\"wp-page\" data-elementor-id=\"500\" class=\"elementor elementor-500\" data-elementor-post-type=\"page\">\n\t\t\t\t\t\t<section class=\"elementor-section elementor-top-section elementor-element elementor-element-671f65bd elementor-section-boxed elementor-section-height-default elementor-section-height-default\" data-id=\"671f65bd\" data-element_type=\"section\" data-e-type=\"section\">\n\t\t\t\t\t\t<div class=\"elementor-container elementor-column-gap-default\">\n\t\t\t\t\t<div class=\"elementor-column elementor-col-100 elementor-top-column elementor-element elementor-element-299574fd\" data-id=\"299574fd\" data-element_type=\"column\" data-e-type=\"column\">\n\t\t\t<div class=\"elementor-widget-wrap elementor-element-populated\">\n\t\t\t\t\t\t<div class=\"elementor-element elementor-element-16329e9c elementor-widget elementor-widget-text-editor\" data-id=\"16329e9c\" data-element_type=\"widget\" data-e-type=\"widget\" data-widget_type=\"text-editor.default\">\n\t\t\t\t<div class=\"elementor-widget-container\">\n\t\t\t\t\t\t\t\t\t\n<p style=\"text-align: justify;\">Una vez iniciado el Ciclo Lectivo correspondiente, podr\u00e1 solicitarlo v\u00eda mail: <span style=\"color: #ef8700;\"><a style=\"color: #ef8700;\" href=\"mailto:alumnos@posgrado.economicas.uba.ar\">alumnos@posgrado.economicas.uba.ar<\/a><\/span><\/p>\n<p style=\"text-align: justify;\">Deber\u00e1 informar su T\u00edtulo de Grado, Tipo y N\u00ba de Documento, nombre completo, posgrado e indicar ante quien ser\u00e1 dirigida.<\/p>\n\t\t\t\t\t\t\t\t<\/div>\n\t\t\t\t<\/div>\n\t\t\t\t\t<\/div>\n\t\t<\/div>\n\t\t\t\t\t<\/div>\n\t\t<\/section>\n\t\t\t\t<\/div>\n\t\t","protected":false},"excerpt":{"rendered":"<div class=\"slide-text-bg2\"><span>Una vez iniciado el Ciclo Lectivo correspondiente, podr\u00e1 solicitarlo v\u00eda mail: alumnos@posgrado.economicas.uba.ar Deber\u00e1 informar su T\u00edtulo de Grado, Tipo y N\u00ba de Documento, nombre completo, posg<\/span><\/div>\n<div class=\"slide-btn-area-sm\"><a href=\"https:\/\/economicas.uba.ar\/posgrado\/alumnos\/cert-alumno-regular\/\" class=\"slide-btn-sm\">Leer M\u00e1s<\/a><\/div>\n","protected":false},"author":1,"featured_media":0,"parent":60,"menu_order":0,"comment_status":"closed","ping_status":"closed","template":"","meta":{"footnotes":""},"class_list":["post-500","page","type-page","status-publish","hentry"],"yoast_head":"<!-- This site is optimized with the Yoast SEO plugin v27.3 - https:\/\/yoast.com\/product\/yoast-seo-wordpress\/ -->\n<title>Cert alumno regular - Escuela de Negocios y Administraci\u00f3n P\u00fablica<\/title>\n<meta name=\"robots\" content=\"index, follow, max-snippet:-1, max-image-preview:large, max-video-preview:-1\" \/>\n<link rel=\"canonical\" href=\"https:\/\/economicas.uba.ar\/posgrado\/alumnos\/cert-alumno-regular\/\" \/>\n<meta property=\"og:locale\" content=\"es_ES\" \/>\n<meta property=\"og:type\" content=\"article\" \/>\n<meta property=\"og:title\" content=\"Cert alumno regular - Escuela de Negocios y Administraci\u00f3n P\u00fablica\" \/>\n<meta property=\"og:description\" content=\"Una vez iniciado el Ciclo Lectivo correspondiente, podr\u00e1 solicitarlo v\u00eda mail: alumnos@posgrado.economicas.uba.ar Deber\u00e1 informar su T\u00edtulo de Grado, Tipo y N\u00ba de Documento, nombre completo, posgLeer M\u00e1s\" \/>\n<meta property=\"og:url\" content=\"https:\/\/economicas.uba.ar\/posgrado\/alumnos\/cert-alumno-regular\/\" \/>\n<meta property=\"og:site_name\" content=\"Escuela de Negocios y Administraci\u00f3n P\u00fablica\" \/>\n<meta property=\"article:publisher\" content=\"https:\/\/www.facebook.com\/PosgradoFCEUBA\/\" \/>\n<meta property=\"article:modified_time\" content=\"2020-07-27T21:05:13+00:00\" \/>\n<meta name=\"twitter:card\" content=\"summary_large_image\" \/>\n<meta name=\"twitter:site\" content=\"@sposgradofceuba\" \/>\n<script type=\"application\/ld+json\" class=\"yoast-schema-graph\">{\"@context\":\"https:\\\/\\\/schema.org\",\"@graph\":[{\"@type\":\"WebPage\",\"@id\":\"https:\\\/\\\/economicas.uba.ar\\\/posgrado\\\/alumnos\\\/cert-alumno-regular\\\/\",\"url\":\"https:\\\/\\\/economicas.uba.ar\\\/posgrado\\\/alumnos\\\/cert-alumno-regular\\\/\",\"name\":\"Cert alumno regular - Escuela de Negocios y Administraci\u00f3n P\u00fablica\",\"isPartOf\":{\"@id\":\"https:\\\/\\\/economicas.uba.ar\\\/posgrado\\\/#website\"},\"datePublished\":\"2019-03-27T15:48:44+00:00\",\"dateModified\":\"2020-07-27T21:05:13+00:00\",\"breadcrumb\":{\"@id\":\"https:\\\/\\\/economicas.uba.ar\\\/posgrado\\\/alumnos\\\/cert-alumno-regular\\\/#breadcrumb\"},\"inLanguage\":\"es-AR\",\"potentialAction\":[{\"@type\":\"ReadAction\",\"target\":[\"https:\\\/\\\/economicas.uba.ar\\\/posgrado\\\/alumnos\\\/cert-alumno-regular\\\/\"]}]},{\"@type\":\"BreadcrumbList\",\"@id\":\"https:\\\/\\\/economicas.uba.ar\\\/posgrado\\\/alumnos\\\/cert-alumno-regular\\\/#breadcrumb\",\"itemListElement\":[{\"@type\":\"ListItem\",\"position\":1,\"name\":\"Inicio\",\"item\":\"https:\\\/\\\/economicas.uba.ar\\\/posgrado\\\/\"},{\"@type\":\"ListItem\",\"position\":2,\"name\":\"Alumnos\",\"item\":\"https:\\\/\\\/economicas.uba.ar\\\/posgrado\\\/alumnos\\\/\"},{\"@type\":\"ListItem\",\"position\":3,\"name\":\"Cert alumno regular\"}]},{\"@type\":\"WebSite\",\"@id\":\"https:\\\/\\\/economicas.uba.ar\\\/posgrado\\\/#website\",\"url\":\"https:\\\/\\\/economicas.uba.ar\\\/posgrado\\\/\",\"name\":\"Escuela de Negocios y Administraci\u00f3n P\u00fablica | Posgrado\",\"description\":\"\",\"publisher\":{\"@id\":\"https:\\\/\\\/economicas.uba.ar\\\/posgrado\\\/#organization\"},\"potentialAction\":[{\"@type\":\"SearchAction\",\"target\":{\"@type\":\"EntryPoint\",\"urlTemplate\":\"https:\\\/\\\/economicas.uba.ar\\\/posgrado\\\/?s={search_term_string}\"},\"query-input\":{\"@type\":\"PropertyValueSpecification\",\"valueRequired\":true,\"valueName\":\"search_term_string\"}}],\"inLanguage\":\"es-AR\"},{\"@type\":\"Organization\",\"@id\":\"https:\\\/\\\/economicas.uba.ar\\\/posgrado\\\/#organization\",\"name\":\"Escuela de negocios y administraci\u00f3n p\u00fablica | Posgrado\",\"url\":\"https:\\\/\\\/economicas.uba.ar\\\/posgrado\\\/\",\"logo\":{\"@type\":\"ImageObject\",\"inLanguage\":\"es-AR\",\"@id\":\"https:\\\/\\\/economicas.uba.ar\\\/posgrado\\\/#\\\/schema\\\/logo\\\/image\\\/\",\"url\":\"https:\\\/\\\/www.economicas.uba.ar\\\/posgrado\\\/wp-content\\\/uploads\\\/2019\\\/12\\\/20190315-Acto-Bienvenida-Ingresantes-2019-novedades.jpg\",\"contentUrl\":\"https:\\\/\\\/www.economicas.uba.ar\\\/posgrado\\\/wp-content\\\/uploads\\\/2019\\\/12\\\/20190315-Acto-Bienvenida-Ingresantes-2019-novedades.jpg\",\"width\":1771,\"height\":834,\"caption\":\"Escuela de negocios y administraci\u00f3n p\u00fablica | Posgrado\"},\"image\":{\"@id\":\"https:\\\/\\\/economicas.uba.ar\\\/posgrado\\\/#\\\/schema\\\/logo\\\/image\\\/\"},\"sameAs\":[\"https:\\\/\\\/www.facebook.com\\\/PosgradoFCEUBA\\\/\",\"https:\\\/\\\/x.com\\\/sposgradofceuba\",\"https:\\\/\\\/www.instagram.com\\\/posgradofceuba\\\/\"]}]}<\/script>\n<!-- \/ Yoast SEO plugin. -->","yoast_head_json":{"title":"Cert alumno regular - Escuela de Negocios y Administraci\u00f3n P\u00fablica","robots":{"index":"index","follow":"follow","max-snippet":"max-snippet:-1","max-image-preview":"max-image-preview:large","max-video-preview":"max-video-preview:-1"},"canonical":"https:\/\/economicas.uba.ar\/posgrado\/alumnos\/cert-alumno-regular\/","og_locale":"es_ES","og_type":"article","og_title":"Cert alumno regular - Escuela de Negocios y Administraci\u00f3n P\u00fablica","og_description":"Una vez iniciado el Ciclo Lectivo correspondiente, podr\u00e1 solicitarlo v\u00eda mail: alumnos@posgrado.economicas.uba.ar Deber\u00e1 informar su T\u00edtulo de Grado, Tipo y N\u00ba de Documento, nombre completo, posgLeer M\u00e1s","og_url":"https:\/\/economicas.uba.ar\/posgrado\/alumnos\/cert-alumno-regular\/","og_site_name":"Escuela de Negocios y Administraci\u00f3n P\u00fablica","article_publisher":"https:\/\/www.facebook.com\/PosgradoFCEUBA\/","article_modified_time":"2020-07-27T21:05:13+00:00","twitter_card":"summary_large_image","twitter_site":"@sposgradofceuba","schema":{"@context":"https:\/\/schema.org","@graph":[{"@type":"WebPage","@id":"https:\/\/economicas.uba.ar\/posgrado\/alumnos\/cert-alumno-regular\/","url":"https:\/\/economicas.uba.ar\/posgrado\/alumnos\/cert-alumno-regular\/","name":"Cert alumno regular - Escuela de Negocios y Administraci\u00f3n P\u00fablica","isPartOf":{"@id":"https:\/\/economicas.uba.ar\/posgrado\/#website"},"datePublished":"2019-03-27T15:48:44+00:00","dateModified":"2020-07-27T21:05:13+00:00","breadcrumb":{"@id":"https:\/\/economicas.uba.ar\/posgrado\/alumnos\/cert-alumno-regular\/#breadcrumb"},"inLanguage":"es-AR","potentialAction":[{"@type":"ReadAction","target":["https:\/\/economicas.uba.ar\/posgrado\/alumnos\/cert-alumno-regular\/"]}]},{"@type":"BreadcrumbList","@id":"https:\/\/economicas.uba.ar\/posgrado\/alumnos\/cert-alumno-regular\/#breadcrumb","itemListElement":[{"@type":"ListItem","position":1,"name":"Inicio","item":"https:\/\/economicas.uba.ar\/posgrado\/"},{"@type":"ListItem","position":2,"name":"Alumnos","item":"https:\/\/economicas.uba.ar\/posgrado\/alumnos\/"},{"@type":"ListItem","position":3,"name":"Cert alumno regular"}]},{"@type":"WebSite","@id":"https:\/\/economicas.uba.ar\/posgrado\/#website","url":"https:\/\/economicas.uba.ar\/posgrado\/","name":"Escuela de Negocios y Administraci\u00f3n P\u00fablica | Posgrado","description":"","publisher":{"@id":"https:\/\/economicas.uba.ar\/posgrado\/#organization"},"potentialAction":[{"@type":"SearchAction","target":{"@type":"EntryPoint","urlTemplate":"https:\/\/economicas.uba.ar\/posgrado\/?s={search_term_string}"},"query-input":{"@type":"PropertyValueSpecification","valueRequired":true,"valueName":"search_term_string"}}],"inLanguage":"es-AR"},{"@type":"Organization","@id":"https:\/\/economicas.uba.ar\/posgrado\/#organization","name":"Escuela de negocios y administraci\u00f3n p\u00fablica | Posgrado","url":"https:\/\/economicas.uba.ar\/posgrado\/","logo":{"@type":"ImageObject","inLanguage":"es-AR","@id":"https:\/\/economicas.uba.ar\/posgrado\/#\/schema\/logo\/image\/","url":"https:\/\/www.economicas.uba.ar\/posgrado\/wp-content\/uploads\/2019\/12\/20190315-Acto-Bienvenida-Ingresantes-2019-novedades.jpg","contentUrl":"https:\/\/www.economicas.uba.ar\/posgrado\/wp-content\/uploads\/2019\/12\/20190315-Acto-Bienvenida-Ingresantes-2019-novedades.jpg","width":1771,"height":834,"caption":"Escuela de negocios y administraci\u00f3n p\u00fablica | Posgrado"},"image":{"@id":"https:\/\/economicas.uba.ar\/posgrado\/#\/schema\/logo\/image\/"},"sameAs":["https:\/\/www.facebook.com\/PosgradoFCEUBA\/","https:\/\/x.com\/sposgradofceuba","https:\/\/www.instagram.com\/posgradofceuba\/"]}]}},"_links":{"self":[{"href":"https:\/\/economicas.uba.ar\/posgrado\/wp-json\/wp\/v2\/pages\/500","targetHints":{"allow":["GET"]}}],"collection":[{"href":"https:\/\/economicas.uba.ar\/posgrado\/wp-json\/wp\/v2\/pages"}],"about":[{"href":"https:\/\/economicas.uba.ar\/posgrado\/wp-json\/wp\/v2\/types\/page"}],"author":[{"embeddable":true,"href":"https:\/\/economicas.uba.ar\/posgrado\/wp-json\/wp\/v2\/users\/1"}],"replies":[{"embeddable":true,"href":"https:\/\/economicas.uba.ar\/posgrado\/wp-json\/wp\/v2\/comments?post=500"}],"version-history":[{"count":4,"href":"https:\/\/economicas.uba.ar\/posgrado\/wp-json\/wp\/v2\/pages\/500\/revisions"}],"predecessor-version":[{"id":5736,"href":"https:\/\/economicas.uba.ar\/posgrado\/wp-json\/wp\/v2\/pages\/500\/revisions\/5736"}],"up":[{"embeddable":true,"href":"https:\/\/economicas.uba.ar\/posgrado\/wp-json\/wp\/v2\/pages\/60"}],"wp:attachment":[{"href":"https:\/\/economicas.uba.ar\/posgrado\/wp-json\/wp\/v2\/media?parent=500"}],"curies":[{"name":"wp","href":"https:\/\/api.w.org\/{rel}","templated":true}]}}