{"id":56,"date":"2019-01-24T12:02:09","date_gmt":"2019-01-24T15:02:09","guid":{"rendered":"https:\/\/www.economicas.uba.ar\/posgrado\/?page_id=56"},"modified":"2025-03-17T15:15:32","modified_gmt":"2025-03-17T18:15:32","slug":"areas-tematicas","status":"publish","type":"page","link":"https:\/\/economicas.uba.ar\/posgrado\/oferta-academica\/areas-tematicas\/","title":{"rendered":"\u00c1reas Tem\u00e1ticas"},"content":{"rendered":"\t\t<div data-elementor-type=\"wp-post\" data-elementor-id=\"56\" class=\"elementor elementor-56\" data-elementor-post-type=\"page\">\n\t\t\t\t\t\t<section class=\"elementor-section elementor-top-section elementor-element elementor-element-628ea67a elementor-section-boxed elementor-section-height-default elementor-section-height-default\" data-id=\"628ea67a\" data-element_type=\"section\" data-e-type=\"section\">\n\t\t\t\t\t\t<div class=\"elementor-container elementor-column-gap-default\">\n\t\t\t\t\t<div class=\"elementor-column elementor-col-100 elementor-top-column elementor-element elementor-element-2cbbbcf4\" data-id=\"2cbbbcf4\" data-element_type=\"column\" data-e-type=\"column\">\n\t\t\t<div class=\"elementor-widget-wrap elementor-element-populated\">\n\t\t\t\t\t\t<div class=\"elementor-element elementor-element-6bc9770d elementor-widget elementor-widget-text-editor\" data-id=\"6bc9770d\" data-element_type=\"widget\" data-e-type=\"widget\" data-widget_type=\"text-editor.default\">\n\t\t\t\t<div class=\"elementor-widget-container\">\n\t\t\t\t\t\t\t\t\t<div class=\"Service-section\"><div class=\"container\"><div class=\"row\"><div class=\"col-md-12\"><div class=\"section-heading-title\"><h1 style=\"margin-bottom: 10px; color: #707377; text-align: center;\">OFERTA ACAD\u00c9MICA &#8211; \u00c1REAS TEM\u00c1TICAS<\/h1><\/div><\/div><\/div><div class=\"row\"><div class=\"col-md-4\"><div class=\"service-area\"><div class=\"media\"><div class=\"service-icon\"><a class=\"btn btn-circleMM\" style=\"color: white;\" href=\"https:\/\/www.economicas.uba.ar\/posgrado\/management-marketing\/\">M&amp;M<\/a><\/div><div class=\"media-body\"><h4><a href=\"https:\/\/www.economicas.uba.ar\/posgrado\/management-marketing\/\">MANAGEMENT &amp;<\/a><br \/><a href=\"https:\/\/www.economicas.uba.ar\/posgrado\/management-marketing\/\">MARKETING<\/a><\/h4><\/div><\/div><\/div><\/div><div class=\"col-md-4\"><div class=\"service-area\"><div class=\"media\"><div class=\"service-icon\"><a class=\"btn btn-circleENI\" style=\"color: white;\" href=\"https:\/\/www.economicas.uba.ar\/posgrado\/economia-y-negocios-internacionales\/\">ENI<\/a><\/div><div class=\"media-body\"><h4><a href=\"https:\/\/www.economicas.uba.ar\/posgrado\/economia-y-negocios-internacionales\/\">ECONOM\u00cdA Y NEGOCIOS INTERNACIONALES<\/a><\/h4><\/div><\/div><\/div><\/div><div class=\"col-md-4\"><div class=\"service-area\"><div class=\"media\"><div class=\"service-icon\"><a class=\"btn btn-circleCAT\" style=\"color: white;\" href=\"https:\/\/www.economicas.uba.ar\/posgrado\/contabilidad-auditoria-y-tributacion\/\">CAT<\/a><\/div><div class=\"media-body\"><h4><a href=\"https:\/\/www.economicas.uba.ar\/posgrado\/contabilidad-auditoria-y-tributacion\/\">CONTABILIDAD, AUDITOR\u00cdA Y TRIBUTACI\u00d3N<\/a><\/h4><\/div><\/div><\/div><\/div><div class=\"clearfix\">\u00a0<\/div><div class=\"col-md-4\"><div class=\"service-area\"><div class=\"media\"><div class=\"service-icon\"><a class=\"btn btn-circleSP\" style=\"color: white;\" href=\"https:\/\/www.economicas.uba.ar\/posgrado\/sector-publico\/\">SP<\/a><\/div><div class=\"media-body\"><h4>\u00a0<a href=\"https:\/\/www.economicas.uba.ar\/posgrado\/sector-publico\/\">SECTOR P\u00daBLICO<\/a><\/h4><\/div><\/div><\/div><\/div><div class=\"col-md-4\"><div class=\"service-area\"><div class=\"media\"><div class=\"service-icon\"><a class=\"btn btn-circleFNZ\" style=\"color: white;\" href=\"https:\/\/www.economicas.uba.ar\/posgrado\/finanzas\/\">FNZ<\/a><\/div><div class=\"media-body\"><h4>\u00a0<a href=\"https:\/\/www.economicas.uba.ar\/posgrado\/finanzas\/\">FINANZAS<\/a><\/h4><\/div><\/div><\/div><\/div><div class=\"col-md-4\"><div class=\"service-area\"><div class=\"media\"><div class=\"service-icon\"><a class=\"btn btn-circleS-TIC\" style=\"color: white;\" href=\"https:\/\/www.economicas.uba.ar\/posgrado\/servicios-y-tic\/\">S-TIC<\/a><\/div><div class=\"media-body\"><h4>\u00a0<a href=\"https:\/\/www.economicas.uba.ar\/posgrado\/servicios-y-tic\/\">SERVICIOS Y TIC<\/a><\/h4><\/div><\/div><\/div><\/div><\/div><\/div><\/div>\t\t\t\t\t\t\t\t<\/div>\n\t\t\t\t<\/div>\n\t\t\t\t\t<\/div>\n\t\t<\/div>\n\t\t\t\t\t<\/div>\n\t\t<\/section>\n\t\t<div class=\"elementor-element elementor-element-eeebe96 elementor-hidden-mobile elementor-hidden-tablet e-flex e-con-boxed e-con e-parent\" data-id=\"eeebe96\" data-element_type=\"container\" data-e-type=\"container\">\n\t\t\t\t\t<div class=\"e-con-inner\">\n\t\t<div class=\"elementor-element elementor-element-4681ab5 e-con-full e-flex e-con e-child\" data-id=\"4681ab5\" data-element_type=\"container\" data-e-type=\"container\">\n\t\t\t\t<div class=\"elementor-element elementor-element-4a8d01c elementor-widget elementor-widget-html\" data-id=\"4a8d01c\" data-element_type=\"widget\" data-e-type=\"widget\" data-widget_type=\"html.default\">\n\t\t\t\t<div class=\"elementor-widget-container\">\n\t\t\t\t\t<div class=\"embed-container\"><iframe src=\"https:\/\/www.economicas.uba.ar\/posgrado\/wd_carreras\/\" width=\"100%\" height=\"300\" frameborder=\"0\" scrolling=\"yes\" allowfullscreen=\"allowfullscreen\"><\/iframe><\/div>\t\t\t\t<\/div>\n\t\t\t\t<\/div>\n\t\t\t\t<\/div>\n\t\t\t\t\t<\/div>\n\t\t\t\t<\/div>\n\t\t<div class=\"elementor-element elementor-element-60e0ced elementor-hidden-desktop e-flex e-con-boxed e-con e-parent\" data-id=\"60e0ced\" data-element_type=\"container\" data-e-type=\"container\">\n\t\t\t\t\t<div class=\"e-con-inner\">\n\t\t<div class=\"elementor-element elementor-element-bd2bbf4 elementor-hidden-desktop elementor-hidden-tablet e-con-full e-flex e-con e-child\" data-id=\"bd2bbf4\" data-element_type=\"container\" data-e-type=\"container\">\n\t\t\t\t<div class=\"elementor-element elementor-element-96947e9 elementor-widget elementor-widget-html\" data-id=\"96947e9\" data-element_type=\"widget\" data-e-type=\"widget\" data-widget_type=\"html.default\">\n\t\t\t\t<div class=\"elementor-widget-container\">\n\t\t\t\t\t<div class=\"embed-container\"><iframe src=\"https:\/\/www.economicas.uba.ar\/posgrado\/wd_carreras_movil\/\" width=\"100%\" height=\"760\" frameborder=\"0\" scrolling=\"no\" allowfullscreen=\"allowfullscreen\"><\/iframe><\/div>\t\t\t\t<\/div>\n\t\t\t\t<\/div>\n\t\t\t\t<\/div>\n\t\t\t\t\t<\/div>\n\t\t\t\t<\/div>\n\t\t\t\t<\/div>\n\t\t","protected":false},"excerpt":{"rendered":"<div class=\"slide-text-bg2\"><span>OFERTA ACAD\u00c9MICA &#8211; \u00c1REAS TEM\u00c1TICAS M&amp;M MANAGEMENT &amp;MARKETING ENI ECONOM\u00cdA Y NEGOCIOS INTERNACIONALES CAT CONTABILIDAD, AUDITOR\u00cdA Y TRIBUTACI\u00d3N \u00a0SP \u00a0SECTOR P\u00daBLICO FNZ \u00a0FINANZAS<\/span><\/div>\n<div class=\"slide-btn-area-sm\"><a href=\"https:\/\/economicas.uba.ar\/posgrado\/oferta-academica\/areas-tematicas\/\" class=\"slide-btn-sm\">Leer M\u00e1s<\/a><\/div>\n","protected":false},"author":1,"featured_media":0,"parent":5961,"menu_order":0,"comment_status":"closed","ping_status":"closed","template":"","meta":{"footnotes":""},"class_list":["post-56","page","type-page","status-publish","hentry"],"yoast_head":"<!-- This site is optimized with the Yoast SEO plugin v27.4 - https:\/\/yoast.com\/product\/yoast-seo-wordpress\/ -->\n<title>\u00c1reas Tem\u00e1ticas - Escuela de Negocios y Administraci\u00f3n P\u00fablica<\/title>\n<meta name=\"description\" content=\"Conoc\u00e9 los posgrados de la Facultad de Cs. Econ\u00f3micas: prestigio y excelencia UBA, un desaf\u00edo a tu alcance. Impuls\u00e1 tu futuro profesional.\" \/>\n<meta name=\"robots\" content=\"index, follow, max-snippet:-1, max-image-preview:large, max-video-preview:-1\" \/>\n<link rel=\"canonical\" href=\"https:\/\/economicas.uba.ar\/posgrado\/oferta-academica\/areas-tematicas\/\" \/>\n<meta property=\"og:locale\" content=\"es_ES\" \/>\n<meta property=\"og:type\" content=\"article\" \/>\n<meta property=\"og:title\" content=\"\u00c1reas Tem\u00e1ticas - Escuela de Negocios y Administraci\u00f3n P\u00fablica\" \/>\n<meta property=\"og:description\" content=\"Conoc\u00e9 los posgrados de la Facultad de Cs. Econ\u00f3micas: prestigio y excelencia UBA, un desaf\u00edo a tu alcance. Impuls\u00e1 tu futuro profesional.\" \/>\n<meta property=\"og:url\" content=\"https:\/\/economicas.uba.ar\/posgrado\/oferta-academica\/areas-tematicas\/\" \/>\n<meta property=\"og:site_name\" content=\"Escuela de Negocios y Administraci\u00f3n P\u00fablica\" \/>\n<meta property=\"article:publisher\" content=\"https:\/\/www.facebook.com\/PosgradoFCEUBA\/\" \/>\n<meta property=\"article:modified_time\" content=\"2025-03-17T18:15:32+00:00\" \/>\n<meta name=\"twitter:card\" content=\"summary_large_image\" \/>\n<meta name=\"twitter:site\" content=\"@sposgradofceuba\" \/>\n<meta name=\"twitter:label1\" content=\"Tiempo de lectura\" \/>\n\t<meta name=\"twitter:data1\" content=\"1 minuto\" \/>\n<script type=\"application\/ld+json\" class=\"yoast-schema-graph\">{\"@context\":\"https:\\\/\\\/schema.org\",\"@graph\":[{\"@type\":\"WebPage\",\"@id\":\"https:\\\/\\\/economicas.uba.ar\\\/posgrado\\\/oferta-academica\\\/areas-tematicas\\\/\",\"url\":\"https:\\\/\\\/economicas.uba.ar\\\/posgrado\\\/oferta-academica\\\/areas-tematicas\\\/\",\"name\":\"\u00c1reas Tem\u00e1ticas - Escuela de Negocios y Administraci\u00f3n P\u00fablica\",\"isPartOf\":{\"@id\":\"https:\\\/\\\/economicas.uba.ar\\\/posgrado\\\/#website\"},\"datePublished\":\"2019-01-24T15:02:09+00:00\",\"dateModified\":\"2025-03-17T18:15:32+00:00\",\"description\":\"Conoc\u00e9 los posgrados de la Facultad de Cs. Econ\u00f3micas: prestigio y excelencia UBA, un desaf\u00edo a tu alcance. Impuls\u00e1 tu futuro profesional.\",\"breadcrumb\":{\"@id\":\"https:\\\/\\\/economicas.uba.ar\\\/posgrado\\\/oferta-academica\\\/areas-tematicas\\\/#breadcrumb\"},\"inLanguage\":\"es-AR\",\"potentialAction\":[{\"@type\":\"ReadAction\",\"target\":[\"https:\\\/\\\/economicas.uba.ar\\\/posgrado\\\/oferta-academica\\\/areas-tematicas\\\/\"]}]},{\"@type\":\"BreadcrumbList\",\"@id\":\"https:\\\/\\\/economicas.uba.ar\\\/posgrado\\\/oferta-academica\\\/areas-tematicas\\\/#breadcrumb\",\"itemListElement\":[{\"@type\":\"ListItem\",\"position\":1,\"name\":\"Inicio\",\"item\":\"https:\\\/\\\/economicas.uba.ar\\\/posgrado\\\/\"},{\"@type\":\"ListItem\",\"position\":2,\"name\":\"Oferta Acad\u00e9mica\",\"item\":\"https:\\\/\\\/economicas.uba.ar\\\/posgrado\\\/oferta-academica\\\/\"},{\"@type\":\"ListItem\",\"position\":3,\"name\":\"\u00c1reas Tem\u00e1ticas\"}]},{\"@type\":\"WebSite\",\"@id\":\"https:\\\/\\\/economicas.uba.ar\\\/posgrado\\\/#website\",\"url\":\"https:\\\/\\\/economicas.uba.ar\\\/posgrado\\\/\",\"name\":\"Escuela de Negocios y Administraci\u00f3n P\u00fablica | Posgrado\",\"description\":\"\",\"publisher\":{\"@id\":\"https:\\\/\\\/economicas.uba.ar\\\/posgrado\\\/#organization\"},\"potentialAction\":[{\"@type\":\"SearchAction\",\"target\":{\"@type\":\"EntryPoint\",\"urlTemplate\":\"https:\\\/\\\/economicas.uba.ar\\\/posgrado\\\/?s={search_term_string}\"},\"query-input\":{\"@type\":\"PropertyValueSpecification\",\"valueRequired\":true,\"valueName\":\"search_term_string\"}}],\"inLanguage\":\"es-AR\"},{\"@type\":\"Organization\",\"@id\":\"https:\\\/\\\/economicas.uba.ar\\\/posgrado\\\/#organization\",\"name\":\"Escuela de negocios y administraci\u00f3n p\u00fablica | Posgrado\",\"url\":\"https:\\\/\\\/economicas.uba.ar\\\/posgrado\\\/\",\"logo\":{\"@type\":\"ImageObject\",\"inLanguage\":\"es-AR\",\"@id\":\"https:\\\/\\\/economicas.uba.ar\\\/posgrado\\\/#\\\/schema\\\/logo\\\/image\\\/\",\"url\":\"https:\\\/\\\/www.economicas.uba.ar\\\/posgrado\\\/wp-content\\\/uploads\\\/2019\\\/12\\\/20190315-Acto-Bienvenida-Ingresantes-2019-novedades.jpg\",\"contentUrl\":\"https:\\\/\\\/www.economicas.uba.ar\\\/posgrado\\\/wp-content\\\/uploads\\\/2019\\\/12\\\/20190315-Acto-Bienvenida-Ingresantes-2019-novedades.jpg\",\"width\":1771,\"height\":834,\"caption\":\"Escuela de negocios y administraci\u00f3n p\u00fablica | Posgrado\"},\"image\":{\"@id\":\"https:\\\/\\\/economicas.uba.ar\\\/posgrado\\\/#\\\/schema\\\/logo\\\/image\\\/\"},\"sameAs\":[\"https:\\\/\\\/www.facebook.com\\\/PosgradoFCEUBA\\\/\",\"https:\\\/\\\/x.com\\\/sposgradofceuba\",\"https:\\\/\\\/www.instagram.com\\\/posgradofceuba\\\/\"]}]}<\/script>\n<!-- \/ Yoast SEO plugin. -->","yoast_head_json":{"title":"\u00c1reas Tem\u00e1ticas - Escuela de Negocios y Administraci\u00f3n P\u00fablica","description":"Conoc\u00e9 los posgrados de la Facultad de Cs. Econ\u00f3micas: prestigio y excelencia UBA, un desaf\u00edo a tu alcance. Impuls\u00e1 tu futuro profesional.","robots":{"index":"index","follow":"follow","max-snippet":"max-snippet:-1","max-image-preview":"max-image-preview:large","max-video-preview":"max-video-preview:-1"},"canonical":"https:\/\/economicas.uba.ar\/posgrado\/oferta-academica\/areas-tematicas\/","og_locale":"es_ES","og_type":"article","og_title":"\u00c1reas Tem\u00e1ticas - Escuela de Negocios y Administraci\u00f3n P\u00fablica","og_description":"Conoc\u00e9 los posgrados de la Facultad de Cs. Econ\u00f3micas: prestigio y excelencia UBA, un desaf\u00edo a tu alcance. Impuls\u00e1 tu futuro profesional.","og_url":"https:\/\/economicas.uba.ar\/posgrado\/oferta-academica\/areas-tematicas\/","og_site_name":"Escuela de Negocios y Administraci\u00f3n P\u00fablica","article_publisher":"https:\/\/www.facebook.com\/PosgradoFCEUBA\/","article_modified_time":"2025-03-17T18:15:32+00:00","twitter_card":"summary_large_image","twitter_site":"@sposgradofceuba","twitter_misc":{"Tiempo de lectura":"1 minuto"},"schema":{"@context":"https:\/\/schema.org","@graph":[{"@type":"WebPage","@id":"https:\/\/economicas.uba.ar\/posgrado\/oferta-academica\/areas-tematicas\/","url":"https:\/\/economicas.uba.ar\/posgrado\/oferta-academica\/areas-tematicas\/","name":"\u00c1reas Tem\u00e1ticas - Escuela de Negocios y Administraci\u00f3n P\u00fablica","isPartOf":{"@id":"https:\/\/economicas.uba.ar\/posgrado\/#website"},"datePublished":"2019-01-24T15:02:09+00:00","dateModified":"2025-03-17T18:15:32+00:00","description":"Conoc\u00e9 los posgrados de la Facultad de Cs. Econ\u00f3micas: prestigio y excelencia UBA, un desaf\u00edo a tu alcance. Impuls\u00e1 tu futuro profesional.","breadcrumb":{"@id":"https:\/\/economicas.uba.ar\/posgrado\/oferta-academica\/areas-tematicas\/#breadcrumb"},"inLanguage":"es-AR","potentialAction":[{"@type":"ReadAction","target":["https:\/\/economicas.uba.ar\/posgrado\/oferta-academica\/areas-tematicas\/"]}]},{"@type":"BreadcrumbList","@id":"https:\/\/economicas.uba.ar\/posgrado\/oferta-academica\/areas-tematicas\/#breadcrumb","itemListElement":[{"@type":"ListItem","position":1,"name":"Inicio","item":"https:\/\/economicas.uba.ar\/posgrado\/"},{"@type":"ListItem","position":2,"name":"Oferta Acad\u00e9mica","item":"https:\/\/economicas.uba.ar\/posgrado\/oferta-academica\/"},{"@type":"ListItem","position":3,"name":"\u00c1reas Tem\u00e1ticas"}]},{"@type":"WebSite","@id":"https:\/\/economicas.uba.ar\/posgrado\/#website","url":"https:\/\/economicas.uba.ar\/posgrado\/","name":"Escuela de Negocios y Administraci\u00f3n P\u00fablica | Posgrado","description":"","publisher":{"@id":"https:\/\/economicas.uba.ar\/posgrado\/#organization"},"potentialAction":[{"@type":"SearchAction","target":{"@type":"EntryPoint","urlTemplate":"https:\/\/economicas.uba.ar\/posgrado\/?s={search_term_string}"},"query-input":{"@type":"PropertyValueSpecification","valueRequired":true,"valueName":"search_term_string"}}],"inLanguage":"es-AR"},{"@type":"Organization","@id":"https:\/\/economicas.uba.ar\/posgrado\/#organization","name":"Escuela de negocios y administraci\u00f3n p\u00fablica | Posgrado","url":"https:\/\/economicas.uba.ar\/posgrado\/","logo":{"@type":"ImageObject","inLanguage":"es-AR","@id":"https:\/\/economicas.uba.ar\/posgrado\/#\/schema\/logo\/image\/","url":"https:\/\/www.economicas.uba.ar\/posgrado\/wp-content\/uploads\/2019\/12\/20190315-Acto-Bienvenida-Ingresantes-2019-novedades.jpg","contentUrl":"https:\/\/www.economicas.uba.ar\/posgrado\/wp-content\/uploads\/2019\/12\/20190315-Acto-Bienvenida-Ingresantes-2019-novedades.jpg","width":1771,"height":834,"caption":"Escuela de negocios y administraci\u00f3n p\u00fablica | Posgrado"},"image":{"@id":"https:\/\/economicas.uba.ar\/posgrado\/#\/schema\/logo\/image\/"},"sameAs":["https:\/\/www.facebook.com\/PosgradoFCEUBA\/","https:\/\/x.com\/sposgradofceuba","https:\/\/www.instagram.com\/posgradofceuba\/"]}]}},"_links":{"self":[{"href":"https:\/\/economicas.uba.ar\/posgrado\/wp-json\/wp\/v2\/pages\/56","targetHints":{"allow":["GET"]}}],"collection":[{"href":"https:\/\/economicas.uba.ar\/posgrado\/wp-json\/wp\/v2\/pages"}],"about":[{"href":"https:\/\/economicas.uba.ar\/posgrado\/wp-json\/wp\/v2\/types\/page"}],"author":[{"embeddable":true,"href":"https:\/\/economicas.uba.ar\/posgrado\/wp-json\/wp\/v2\/users\/1"}],"replies":[{"embeddable":true,"href":"https:\/\/economicas.uba.ar\/posgrado\/wp-json\/wp\/v2\/comments?post=56"}],"version-history":[{"count":66,"href":"https:\/\/economicas.uba.ar\/posgrado\/wp-json\/wp\/v2\/pages\/56\/revisions"}],"predecessor-version":[{"id":34966,"href":"https:\/\/economicas.uba.ar\/posgrado\/wp-json\/wp\/v2\/pages\/56\/revisions\/34966"}],"up":[{"embeddable":true,"href":"https:\/\/economicas.uba.ar\/posgrado\/wp-json\/wp\/v2\/pages\/5961"}],"wp:attachment":[{"href":"https:\/\/economicas.uba.ar\/posgrado\/wp-json\/wp\/v2\/media?parent=56"}],"curies":[{"name":"wp","href":"https:\/\/api.w.org\/{rel}","templated":true}]}}