{"id":6175,"date":"2020-08-12T09:57:09","date_gmt":"2020-08-12T12:57:09","guid":{"rendered":"https:\/\/www.economicas.uba.ar\/posgrado\/?page_id=6175"},"modified":"2021-06-17T19:31:27","modified_gmt":"2021-06-17T22:31:27","slug":"requisitos-adicionales-titulo-grado-postulantes-cursos","status":"publish","type":"page","link":"https:\/\/economicas.uba.ar\/posgrado\/requisitos-adicionales-titulo-grado-postulantes-cursos\/","title":{"rendered":"Requisitos adicionales t\u00edtulo grado postulantes  cursos"},"content":{"rendered":"\t\t<div data-elementor-type=\"wp-page\" data-elementor-id=\"6175\" class=\"elementor elementor-6175\" data-elementor-post-type=\"page\">\n\t\t\t\t\t\t<section class=\"elementor-section elementor-top-section elementor-element elementor-element-7139a2c6 elementor-section-boxed elementor-section-height-default elementor-section-height-default\" data-id=\"7139a2c6\" data-element_type=\"section\" data-e-type=\"section\">\n\t\t\t\t\t\t<div class=\"elementor-container elementor-column-gap-default\">\n\t\t\t\t\t<div class=\"elementor-column elementor-col-100 elementor-top-column elementor-element elementor-element-21dd1768\" data-id=\"21dd1768\" data-element_type=\"column\" data-e-type=\"column\">\n\t\t\t<div class=\"elementor-widget-wrap\">\n\t\t\t\t\t\t\t<\/div>\n\t\t<\/div>\n\t\t\t\t\t<\/div>\n\t\t<\/section>\n\t\t\t\t<section class=\"elementor-section elementor-top-section elementor-element elementor-element-6977d2ef elementor-section-boxed elementor-section-height-default elementor-section-height-default\" data-id=\"6977d2ef\" data-element_type=\"section\" data-e-type=\"section\">\n\t\t\t\t\t\t<div class=\"elementor-container elementor-column-gap-default\">\n\t\t\t\t\t<div class=\"elementor-column elementor-col-100 elementor-top-column elementor-element elementor-element-415add44\" data-id=\"415add44\" data-element_type=\"column\" data-e-type=\"column\">\n\t\t\t<div class=\"elementor-widget-wrap elementor-element-populated\">\n\t\t\t\t\t\t<div class=\"elementor-element elementor-element-45613b82 elementor-widget elementor-widget-text-editor\" data-id=\"45613b82\" data-element_type=\"widget\" data-e-type=\"widget\" data-widget_type=\"text-editor.default\">\n\t\t\t\t<div class=\"elementor-widget-container\">\n\t\t\t\t\t\t\t\t\t<h3><span style=\"color: #808080;\"><strong>POSTULANTES A CURSOS DE POSGRADO<\/strong><\/span><\/h3>\t\t\t\t\t\t\t\t<\/div>\n\t\t\t\t<\/div>\n\t\t\t\t\t<\/div>\n\t\t<\/div>\n\t\t\t\t\t<\/div>\n\t\t<\/section>\n\t\t\t\t<section class=\"elementor-section elementor-top-section elementor-element elementor-element-1d4d5bb8 elementor-section-boxed elementor-section-height-default elementor-section-height-default\" data-id=\"1d4d5bb8\" data-element_type=\"section\" data-e-type=\"section\">\n\t\t\t\t\t\t<div class=\"elementor-container elementor-column-gap-default\">\n\t\t\t\t\t<div class=\"elementor-column elementor-col-100 elementor-top-column elementor-element elementor-element-177f9081\" data-id=\"177f9081\" data-element_type=\"column\" data-e-type=\"column\">\n\t\t\t<div class=\"elementor-widget-wrap elementor-element-populated\">\n\t\t\t\t\t\t<div class=\"elementor-element elementor-element-1dccff46 elementor-widget elementor-widget-heading\" data-id=\"1dccff46\" data-element_type=\"widget\" data-e-type=\"widget\" data-widget_type=\"heading.default\">\n\t\t\t\t<div class=\"elementor-widget-container\">\n\t\t\t\t\t<h4 class=\"elementor-heading-title elementor-size-default\">IMPORTANTE - REQUISITOS ADICIONALES DEL T\u00cdTULO DE GRADO<\/h4>\t\t\t\t<\/div>\n\t\t\t\t<\/div>\n\t\t\t\t\t<\/div>\n\t\t<\/div>\n\t\t\t\t\t<\/div>\n\t\t<\/section>\n\t\t\t\t<section class=\"elementor-section elementor-top-section elementor-element elementor-element-38467b05 elementor-section-boxed elementor-section-height-default elementor-section-height-default\" data-id=\"38467b05\" data-element_type=\"section\" data-e-type=\"section\">\n\t\t\t\t\t\t<div class=\"elementor-container elementor-column-gap-default\">\n\t\t\t\t\t<div class=\"elementor-column elementor-col-100 elementor-top-column elementor-element elementor-element-23d0cdde\" data-id=\"23d0cdde\" data-element_type=\"column\" data-e-type=\"column\">\n\t\t\t<div class=\"elementor-widget-wrap elementor-element-populated\">\n\t\t\t\t\t\t<div class=\"elementor-element elementor-element-344a0b1e elementor-widget elementor-widget-heading\" data-id=\"344a0b1e\" data-element_type=\"widget\" data-e-type=\"widget\" data-widget_type=\"heading.default\">\n\t\t\t\t<div class=\"elementor-widget-container\">\n\t\t\t\t\t<h4 class=\"elementor-heading-title elementor-size-default\">Graduados de Universidades que no sean de la UBA<\/h4>\t\t\t\t<\/div>\n\t\t\t\t<\/div>\n\t\t\t\t\t<\/div>\n\t\t<\/div>\n\t\t\t\t\t<\/div>\n\t\t<\/section>\n\t\t\t\t<section class=\"elementor-section elementor-top-section elementor-element elementor-element-467b49c elementor-section-boxed elementor-section-height-default elementor-section-height-default\" data-id=\"467b49c\" data-element_type=\"section\" data-e-type=\"section\">\n\t\t\t\t\t\t<div class=\"elementor-container elementor-column-gap-default\">\n\t\t\t\t\t<div class=\"elementor-column elementor-col-50 elementor-top-column elementor-element elementor-element-3dba6acc\" data-id=\"3dba6acc\" data-element_type=\"column\" data-e-type=\"column\">\n\t\t\t<div class=\"elementor-widget-wrap elementor-element-populated\">\n\t\t\t\t\t\t<div class=\"elementor-element elementor-element-6194563a elementor-widget elementor-widget-accordion\" data-id=\"6194563a\" data-element_type=\"widget\" data-e-type=\"widget\" data-widget_type=\"accordion.default\">\n\t\t\t\t<div class=\"elementor-widget-container\">\n\t\t\t\t\t\t\t<div class=\"elementor-accordion\">\n\t\t\t\t\t\t\t<div class=\"elementor-accordion-item\">\n\t\t\t\t\t<div id=\"elementor-tab-title-1631\" class=\"elementor-tab-title\" data-tab=\"1\" role=\"button\" aria-controls=\"elementor-tab-content-1631\" aria-expanded=\"false\">\n\t\t\t\t\t\t\t\t\t\t\t\t\t<span class=\"elementor-accordion-icon elementor-accordion-icon-left\" aria-hidden=\"true\">\n\t\t\t\t\t\t\t\t\t\t\t\t\t\t\t<span class=\"elementor-accordion-icon-closed\"><i class=\"fas fa-arrow-circle-down\"><\/i><\/span>\n\t\t\t\t\t\t\t\t<span class=\"elementor-accordion-icon-opened\"><i class=\"fas fa-arrow-circle-up\"><\/i><\/span>\n\t\t\t\t\t\t\t\t\t\t\t\t\t\t<\/span>\n\t\t\t\t\t\t\t\t\t\t\t\t<a class=\"elementor-accordion-title\" tabindex=\"0\">Universidades Nacionales - Instituciones p\u00fablicas y privadas de Argentina<\/a>\n\t\t\t\t\t<\/div>\n\t\t\t\t\t<div id=\"elementor-tab-content-1631\" class=\"elementor-tab-content elementor-clearfix\" data-tab=\"1\" role=\"region\" aria-labelledby=\"elementor-tab-title-1631\"><p style=\"text-align: justify;\">El <strong>postulante admitido<\/strong>\u00a0deber\u00e1 exhibir ante la ENAP su T\u00edtulo de Grado original.\u00a0Podr\u00e1 presentarlo durante el dictado de su posgrado, con el prop\u00f3sito de que la Universidad de Buenos Aires verifique su autenticidad.<\/p><\/div>\n\t\t\t\t<\/div>\n\t\t\t\t\t\t\t\t<\/div>\n\t\t\t\t\t\t<\/div>\n\t\t\t\t<\/div>\n\t\t\t\t\t<\/div>\n\t\t<\/div>\n\t\t\t\t<div class=\"elementor-column elementor-col-50 elementor-top-column elementor-element elementor-element-6061cda2\" data-id=\"6061cda2\" data-element_type=\"column\" data-e-type=\"column\">\n\t\t\t<div class=\"elementor-widget-wrap elementor-element-populated\">\n\t\t\t\t\t\t<div class=\"elementor-element elementor-element-3812723c elementor-widget elementor-widget-accordion\" data-id=\"3812723c\" data-element_type=\"widget\" data-e-type=\"widget\" data-widget_type=\"accordion.default\">\n\t\t\t\t<div class=\"elementor-widget-container\">\n\t\t\t\t\t\t\t<div class=\"elementor-accordion\">\n\t\t\t\t\t\t\t<div class=\"elementor-accordion-item\">\n\t\t\t\t\t<div id=\"elementor-tab-title-9401\" class=\"elementor-tab-title\" data-tab=\"1\" role=\"button\" aria-controls=\"elementor-tab-content-9401\" aria-expanded=\"false\">\n\t\t\t\t\t\t\t\t\t\t\t\t\t<span class=\"elementor-accordion-icon elementor-accordion-icon-left\" aria-hidden=\"true\">\n\t\t\t\t\t\t\t\t\t\t\t\t\t\t\t<span class=\"elementor-accordion-icon-closed\"><i class=\"fas fa-arrow-circle-down\"><\/i><\/span>\n\t\t\t\t\t\t\t\t<span class=\"elementor-accordion-icon-opened\"><i class=\"fas fa-arrow-circle-up\"><\/i><\/span>\n\t\t\t\t\t\t\t\t\t\t\t\t\t\t<\/span>\n\t\t\t\t\t\t\t\t\t\t\t\t<a class=\"elementor-accordion-title\" tabindex=\"0\">Universidades Internacionales - Instituciones p\u00fablicas y privadas del exterior<\/a>\n\t\t\t\t\t<\/div>\n\t\t\t\t\t<div id=\"elementor-tab-content-9401\" class=\"elementor-tab-content elementor-clearfix\" data-tab=\"1\" role=\"region\" aria-labelledby=\"elementor-tab-title-9401\"><ul><li style=\"text-align: justify;\"><span style=\"color: #808080;\">En el caso de corresponder, deber\u00e1 ser traducido al idioma espa\u00f1ol (mediante un<\/span><span style=\"color: #f19b2d;\"> <a style=\"color: #f19b2d;\" href=\"http:\/\/www.traductores.org.ar\/\">traductor matriculado<\/a><\/span><span style=\"color: #808080;\">).<\/span><\/li><li style=\"text-align: justify;\"><span style=\"color: #808080;\">El <strong>postulante admitido<\/strong> <\/span><span style=\"color: #808080;\">deber\u00e1 exhibir ante la ENAP su T\u00edtulo de Grado original.<\/span><span style=\"color: #808080;\"> Podr\u00e1 presentarlo durante el dictado de su posgrado, con el prop\u00f3sito de que la Universidad de Buenos Aires verifique su autenticidad.<\/span><\/li><\/ul><\/div>\n\t\t\t\t<\/div>\n\t\t\t\t\t\t\t\t<\/div>\n\t\t\t\t\t\t<\/div>\n\t\t\t\t<\/div>\n\t\t\t\t\t<\/div>\n\t\t<\/div>\n\t\t\t\t\t<\/div>\n\t\t<\/section>\n\t\t\t\t<section class=\"elementor-section elementor-top-section elementor-element elementor-element-4fdfb2f7 elementor-hidden-phone elementor-section-boxed elementor-section-height-default elementor-section-height-default\" data-id=\"4fdfb2f7\" data-element_type=\"section\" data-e-type=\"section\">\n\t\t\t\t\t\t<div class=\"elementor-container elementor-column-gap-default\">\n\t\t\t\t\t<div class=\"elementor-column elementor-col-100 elementor-top-column elementor-element elementor-element-3230e3ab\" data-id=\"3230e3ab\" data-element_type=\"column\" data-e-type=\"column\">\n\t\t\t<div class=\"elementor-widget-wrap elementor-element-populated\">\n\t\t\t\t\t\t<div class=\"elementor-element elementor-element-31f76994 elementor-widget elementor-widget-html\" data-id=\"31f76994\" data-element_type=\"widget\" data-e-type=\"widget\" data-widget_type=\"html.default\">\n\t\t\t\t<div class=\"elementor-widget-container\">\n\t\t\t\t\t<div class=\"embed-container\"><iframe src=\"https:\/\/www.economicas.uba.ar\/posgrado\/wd_carreras\/\" width=\"100%\" height=\"300\" frameborder=\"0\" scrolling=\"yes\" allowfullscreen=\"allowfullscreen\"><\/iframe><\/div>\t\t\t\t<\/div>\n\t\t\t\t<\/div>\n\t\t\t\t\t<\/div>\n\t\t<\/div>\n\t\t\t\t\t<\/div>\n\t\t<\/section>\n\t\t\t\t<section class=\"elementor-section elementor-top-section elementor-element elementor-element-2759e257 elementor-section-boxed elementor-section-height-default elementor-section-height-default\" data-id=\"2759e257\" data-element_type=\"section\" data-e-type=\"section\">\n\t\t\t\t\t\t<div class=\"elementor-container elementor-column-gap-default\">\n\t\t\t\t\t<div class=\"elementor-column elementor-col-100 elementor-top-column elementor-element elementor-element-2797be4a elementor-hidden-desktop elementor-hidden-tablet\" data-id=\"2797be4a\" data-element_type=\"column\" data-e-type=\"column\">\n\t\t\t<div class=\"elementor-widget-wrap elementor-element-populated\">\n\t\t\t\t\t\t<div class=\"elementor-element elementor-element-47f09fac elementor-widget elementor-widget-html\" data-id=\"47f09fac\" data-element_type=\"widget\" data-e-type=\"widget\" data-widget_type=\"html.default\">\n\t\t\t\t<div class=\"elementor-widget-container\">\n\t\t\t\t\t<div class=\"embed-container\"><iframe src=\"https:\/\/www.economicas.uba.ar\/posgrado\/wd_carreras_movil\/\" width=\"100%\" height=\"760\" frameborder=\"0\" scrolling=\"no\" allowfullscreen=\"allowfullscreen\"><\/iframe><\/div>\t\t\t\t<\/div>\n\t\t\t\t<\/div>\n\t\t\t\t\t<\/div>\n\t\t<\/div>\n\t\t\t\t\t<\/div>\n\t\t<\/section>\n\t\t\t\t<\/div>\n\t\t","protected":false},"excerpt":{"rendered":"<div class=\"slide-text-bg2\"><span>POSTULANTES A CURSOS DE POSGRADO IMPORTANTE &#8211; REQUISITOS ADICIONALES DEL T\u00cdTULO DE GRADO Graduados de Universidades que no sean de la UBA Universidades Nacionales &#8211; Instituciones p\u00fablica<\/span><\/div>\n<div class=\"slide-btn-area-sm\"><a href=\"https:\/\/economicas.uba.ar\/posgrado\/requisitos-adicionales-titulo-grado-postulantes-cursos\/\" class=\"slide-btn-sm\">Leer M\u00e1s<\/a><\/div>\n","protected":false},"author":3,"featured_media":0,"parent":0,"menu_order":0,"comment_status":"closed","ping_status":"closed","template":"","meta":{"footnotes":""},"class_list":["post-6175","page","type-page","status-publish","hentry"],"yoast_head":"<!-- This site is optimized with the Yoast SEO plugin v27.3 - https:\/\/yoast.com\/product\/yoast-seo-wordpress\/ -->\n<title>Requisitos adicionales t\u00edtulo grado postulantes cursos - Escuela de Negocios y Administraci\u00f3n P\u00fablica<\/title>\n<meta name=\"robots\" content=\"index, follow, max-snippet:-1, max-image-preview:large, max-video-preview:-1\" \/>\n<link rel=\"canonical\" href=\"https:\/\/economicas.uba.ar\/posgrado\/requisitos-adicionales-titulo-grado-postulantes-cursos\/\" \/>\n<meta property=\"og:locale\" content=\"es_ES\" \/>\n<meta property=\"og:type\" content=\"article\" \/>\n<meta property=\"og:title\" content=\"Requisitos adicionales t\u00edtulo grado postulantes cursos - Escuela de Negocios y Administraci\u00f3n P\u00fablica\" \/>\n<meta property=\"og:description\" content=\"POSTULANTES A CURSOS DE POSGRADO IMPORTANTE &#8211; REQUISITOS ADICIONALES DEL T\u00cdTULO DE GRADO Graduados de Universidades que no sean de la UBA Universidades Nacionales &#8211; Instituciones p\u00fablicaLeer M\u00e1s\" \/>\n<meta property=\"og:url\" content=\"https:\/\/economicas.uba.ar\/posgrado\/requisitos-adicionales-titulo-grado-postulantes-cursos\/\" \/>\n<meta property=\"og:site_name\" content=\"Escuela de Negocios y Administraci\u00f3n P\u00fablica\" \/>\n<meta property=\"article:publisher\" content=\"https:\/\/www.facebook.com\/PosgradoFCEUBA\/\" \/>\n<meta property=\"article:modified_time\" content=\"2021-06-17T22:31:27+00:00\" \/>\n<meta name=\"twitter:card\" content=\"summary_large_image\" \/>\n<meta name=\"twitter:site\" content=\"@sposgradofceuba\" \/>\n<meta name=\"twitter:label1\" content=\"Tiempo de lectura\" \/>\n\t<meta name=\"twitter:data1\" content=\"1 minuto\" \/>\n<script type=\"application\/ld+json\" class=\"yoast-schema-graph\">{\"@context\":\"https:\\\/\\\/schema.org\",\"@graph\":[{\"@type\":\"WebPage\",\"@id\":\"https:\\\/\\\/economicas.uba.ar\\\/posgrado\\\/requisitos-adicionales-titulo-grado-postulantes-cursos\\\/\",\"url\":\"https:\\\/\\\/economicas.uba.ar\\\/posgrado\\\/requisitos-adicionales-titulo-grado-postulantes-cursos\\\/\",\"name\":\"Requisitos adicionales t\u00edtulo grado postulantes cursos - Escuela de Negocios y Administraci\u00f3n P\u00fablica\",\"isPartOf\":{\"@id\":\"https:\\\/\\\/economicas.uba.ar\\\/posgrado\\\/#website\"},\"datePublished\":\"2020-08-12T12:57:09+00:00\",\"dateModified\":\"2021-06-17T22:31:27+00:00\",\"breadcrumb\":{\"@id\":\"https:\\\/\\\/economicas.uba.ar\\\/posgrado\\\/requisitos-adicionales-titulo-grado-postulantes-cursos\\\/#breadcrumb\"},\"inLanguage\":\"es-AR\",\"potentialAction\":[{\"@type\":\"ReadAction\",\"target\":[\"https:\\\/\\\/economicas.uba.ar\\\/posgrado\\\/requisitos-adicionales-titulo-grado-postulantes-cursos\\\/\"]}]},{\"@type\":\"BreadcrumbList\",\"@id\":\"https:\\\/\\\/economicas.uba.ar\\\/posgrado\\\/requisitos-adicionales-titulo-grado-postulantes-cursos\\\/#breadcrumb\",\"itemListElement\":[{\"@type\":\"ListItem\",\"position\":1,\"name\":\"Inicio\",\"item\":\"https:\\\/\\\/economicas.uba.ar\\\/posgrado\\\/\"},{\"@type\":\"ListItem\",\"position\":2,\"name\":\"Requisitos adicionales t\u00edtulo grado postulantes cursos\"}]},{\"@type\":\"WebSite\",\"@id\":\"https:\\\/\\\/economicas.uba.ar\\\/posgrado\\\/#website\",\"url\":\"https:\\\/\\\/economicas.uba.ar\\\/posgrado\\\/\",\"name\":\"Escuela de Negocios y Administraci\u00f3n P\u00fablica | Posgrado\",\"description\":\"\",\"publisher\":{\"@id\":\"https:\\\/\\\/economicas.uba.ar\\\/posgrado\\\/#organization\"},\"potentialAction\":[{\"@type\":\"SearchAction\",\"target\":{\"@type\":\"EntryPoint\",\"urlTemplate\":\"https:\\\/\\\/economicas.uba.ar\\\/posgrado\\\/?s={search_term_string}\"},\"query-input\":{\"@type\":\"PropertyValueSpecification\",\"valueRequired\":true,\"valueName\":\"search_term_string\"}}],\"inLanguage\":\"es-AR\"},{\"@type\":\"Organization\",\"@id\":\"https:\\\/\\\/economicas.uba.ar\\\/posgrado\\\/#organization\",\"name\":\"Escuela de negocios y administraci\u00f3n p\u00fablica | Posgrado\",\"url\":\"https:\\\/\\\/economicas.uba.ar\\\/posgrado\\\/\",\"logo\":{\"@type\":\"ImageObject\",\"inLanguage\":\"es-AR\",\"@id\":\"https:\\\/\\\/economicas.uba.ar\\\/posgrado\\\/#\\\/schema\\\/logo\\\/image\\\/\",\"url\":\"https:\\\/\\\/www.economicas.uba.ar\\\/posgrado\\\/wp-content\\\/uploads\\\/2019\\\/12\\\/20190315-Acto-Bienvenida-Ingresantes-2019-novedades.jpg\",\"contentUrl\":\"https:\\\/\\\/www.economicas.uba.ar\\\/posgrado\\\/wp-content\\\/uploads\\\/2019\\\/12\\\/20190315-Acto-Bienvenida-Ingresantes-2019-novedades.jpg\",\"width\":1771,\"height\":834,\"caption\":\"Escuela de negocios y administraci\u00f3n p\u00fablica | Posgrado\"},\"image\":{\"@id\":\"https:\\\/\\\/economicas.uba.ar\\\/posgrado\\\/#\\\/schema\\\/logo\\\/image\\\/\"},\"sameAs\":[\"https:\\\/\\\/www.facebook.com\\\/PosgradoFCEUBA\\\/\",\"https:\\\/\\\/x.com\\\/sposgradofceuba\",\"https:\\\/\\\/www.instagram.com\\\/posgradofceuba\\\/\"]}]}<\/script>\n<!-- \/ Yoast SEO plugin. -->","yoast_head_json":{"title":"Requisitos adicionales t\u00edtulo grado postulantes cursos - Escuela de Negocios y Administraci\u00f3n P\u00fablica","robots":{"index":"index","follow":"follow","max-snippet":"max-snippet:-1","max-image-preview":"max-image-preview:large","max-video-preview":"max-video-preview:-1"},"canonical":"https:\/\/economicas.uba.ar\/posgrado\/requisitos-adicionales-titulo-grado-postulantes-cursos\/","og_locale":"es_ES","og_type":"article","og_title":"Requisitos adicionales t\u00edtulo grado postulantes cursos - Escuela de Negocios y Administraci\u00f3n P\u00fablica","og_description":"POSTULANTES A CURSOS DE POSGRADO IMPORTANTE &#8211; REQUISITOS ADICIONALES DEL T\u00cdTULO DE GRADO Graduados de Universidades que no sean de la UBA Universidades Nacionales &#8211; Instituciones p\u00fablicaLeer M\u00e1s","og_url":"https:\/\/economicas.uba.ar\/posgrado\/requisitos-adicionales-titulo-grado-postulantes-cursos\/","og_site_name":"Escuela de Negocios y Administraci\u00f3n P\u00fablica","article_publisher":"https:\/\/www.facebook.com\/PosgradoFCEUBA\/","article_modified_time":"2021-06-17T22:31:27+00:00","twitter_card":"summary_large_image","twitter_site":"@sposgradofceuba","twitter_misc":{"Tiempo de lectura":"1 minuto"},"schema":{"@context":"https:\/\/schema.org","@graph":[{"@type":"WebPage","@id":"https:\/\/economicas.uba.ar\/posgrado\/requisitos-adicionales-titulo-grado-postulantes-cursos\/","url":"https:\/\/economicas.uba.ar\/posgrado\/requisitos-adicionales-titulo-grado-postulantes-cursos\/","name":"Requisitos adicionales t\u00edtulo grado postulantes cursos - Escuela de Negocios y Administraci\u00f3n P\u00fablica","isPartOf":{"@id":"https:\/\/economicas.uba.ar\/posgrado\/#website"},"datePublished":"2020-08-12T12:57:09+00:00","dateModified":"2021-06-17T22:31:27+00:00","breadcrumb":{"@id":"https:\/\/economicas.uba.ar\/posgrado\/requisitos-adicionales-titulo-grado-postulantes-cursos\/#breadcrumb"},"inLanguage":"es-AR","potentialAction":[{"@type":"ReadAction","target":["https:\/\/economicas.uba.ar\/posgrado\/requisitos-adicionales-titulo-grado-postulantes-cursos\/"]}]},{"@type":"BreadcrumbList","@id":"https:\/\/economicas.uba.ar\/posgrado\/requisitos-adicionales-titulo-grado-postulantes-cursos\/#breadcrumb","itemListElement":[{"@type":"ListItem","position":1,"name":"Inicio","item":"https:\/\/economicas.uba.ar\/posgrado\/"},{"@type":"ListItem","position":2,"name":"Requisitos adicionales t\u00edtulo grado postulantes cursos"}]},{"@type":"WebSite","@id":"https:\/\/economicas.uba.ar\/posgrado\/#website","url":"https:\/\/economicas.uba.ar\/posgrado\/","name":"Escuela de Negocios y Administraci\u00f3n P\u00fablica | Posgrado","description":"","publisher":{"@id":"https:\/\/economicas.uba.ar\/posgrado\/#organization"},"potentialAction":[{"@type":"SearchAction","target":{"@type":"EntryPoint","urlTemplate":"https:\/\/economicas.uba.ar\/posgrado\/?s={search_term_string}"},"query-input":{"@type":"PropertyValueSpecification","valueRequired":true,"valueName":"search_term_string"}}],"inLanguage":"es-AR"},{"@type":"Organization","@id":"https:\/\/economicas.uba.ar\/posgrado\/#organization","name":"Escuela de negocios y administraci\u00f3n p\u00fablica | Posgrado","url":"https:\/\/economicas.uba.ar\/posgrado\/","logo":{"@type":"ImageObject","inLanguage":"es-AR","@id":"https:\/\/economicas.uba.ar\/posgrado\/#\/schema\/logo\/image\/","url":"https:\/\/www.economicas.uba.ar\/posgrado\/wp-content\/uploads\/2019\/12\/20190315-Acto-Bienvenida-Ingresantes-2019-novedades.jpg","contentUrl":"https:\/\/www.economicas.uba.ar\/posgrado\/wp-content\/uploads\/2019\/12\/20190315-Acto-Bienvenida-Ingresantes-2019-novedades.jpg","width":1771,"height":834,"caption":"Escuela de negocios y administraci\u00f3n p\u00fablica | Posgrado"},"image":{"@id":"https:\/\/economicas.uba.ar\/posgrado\/#\/schema\/logo\/image\/"},"sameAs":["https:\/\/www.facebook.com\/PosgradoFCEUBA\/","https:\/\/x.com\/sposgradofceuba","https:\/\/www.instagram.com\/posgradofceuba\/"]}]}},"_links":{"self":[{"href":"https:\/\/economicas.uba.ar\/posgrado\/wp-json\/wp\/v2\/pages\/6175","targetHints":{"allow":["GET"]}}],"collection":[{"href":"https:\/\/economicas.uba.ar\/posgrado\/wp-json\/wp\/v2\/pages"}],"about":[{"href":"https:\/\/economicas.uba.ar\/posgrado\/wp-json\/wp\/v2\/types\/page"}],"author":[{"embeddable":true,"href":"https:\/\/economicas.uba.ar\/posgrado\/wp-json\/wp\/v2\/users\/3"}],"replies":[{"embeddable":true,"href":"https:\/\/economicas.uba.ar\/posgrado\/wp-json\/wp\/v2\/comments?post=6175"}],"version-history":[{"count":7,"href":"https:\/\/economicas.uba.ar\/posgrado\/wp-json\/wp\/v2\/pages\/6175\/revisions"}],"predecessor-version":[{"id":9641,"href":"https:\/\/economicas.uba.ar\/posgrado\/wp-json\/wp\/v2\/pages\/6175\/revisions\/9641"}],"wp:attachment":[{"href":"https:\/\/economicas.uba.ar\/posgrado\/wp-json\/wp\/v2\/media?parent=6175"}],"curies":[{"name":"wp","href":"https:\/\/api.w.org\/{rel}","templated":true}]}}